{"id":11940,"date":"2024-06-10T09:34:45","date_gmt":"2024-06-10T08:34:45","guid":{"rendered":"https:\/\/witocamprent.pl\/?page_id=11940"},"modified":"2024-06-10T09:36:45","modified_gmt":"2024-06-10T08:36:45","slug":"cechy-i-zalety-kamperow-komfort-i-wygoda-na-kazda-podroz","status":"publish","type":"page","link":"https:\/\/witocamprent.pl\/en\/cechy-i-zalety-kamperow-komfort-i-wygoda-na-kazda-podroz\/","title":{"rendered":"Cechy i zalety kamper\u00f3w"},"content":{"rendered":"<div class=\"vc_row wpb_row vc_row-fluid row-background-light\"><div class=\"vc_row-background-overlay\" style=\"opacity: 0.8;\"><\/div><div class=\"wpb_column vc_column_container vc_col-sm-12\"><div class=\"vc_column-inner\"><div class=\"wpb_wrapper\"><div  class=\"vc_wp_text wpb_content_element\"><div class=\"widget widget_text\"><h2 class=\"widgettitle\">Cechy i zalety kamper\u00f3w &#8211; Komfort i wygoda na ka\u017cd\u0105 podr\u00f3\u017c<\/h2>\t\t\t<div class=\"textwidget\"><p>Wynajem kampera to idealne rozwi\u0105zanie dla tych, kt\u00f3rzy ceni\u0105 sobie niezale\u017cno\u015b\u0107, komfort i mo\u017cliwo\u015b\u0107 odkrywania nowych miejsc w dowolnym momencie. Nasze kampery wyr\u00f3\u017cniaj\u0105 si\u0119 nowoczesnym wyposa\u017ceniem, przemy\u015blan\u0105 funkcjonalno\u015bci\u0105 oraz wysokim standardem, kt\u00f3ry zadowoli nawet najbardziej wymagaj\u0105cych podr\u00f3\u017cnik\u00f3w.<\/p>\n<\/div>\n\t\t<\/div><\/div><div  class=\"vc_wp_text wpb_content_element\"><div class=\"widget widget_text\"><h2 class=\"widgettitle\">Przestronno\u015b\u0107 i funkcjonalno\u015b\u0107 wn\u0119trza w kamperze<\/h2>\t\t\t<div class=\"textwidget\"><p>Nasze kampery zaprojektowane s\u0105 tak, aby maksymalnie wykorzysta\u0107 przestrze\u0144, zapewniaj\u0105c wygodne warunki do \u017cycia, spania i gotowania. Ka\u017cdy detal jest starannie przemy\u015blany, aby podr\u00f3\u017cowanie by\u0142o komfortowe i bezproblemowe. Przestronne wn\u0119trza z licznymi schowkami, nowoczesne aneksy kuchenne oraz wygodne \u0142\u00f3\u017cka to standard w naszych pojazdach.<\/p>\n<\/div>\n\t\t<\/div><\/div><div  class=\"vc_wp_text wpb_content_element\"><div class=\"widget widget_text\"><h2 class=\"widgettitle\">Nowoczesne wyposa\u017cenie kampera dla pe\u0142nego komfortu<\/h2>\t\t\t<div class=\"textwidget\"><p>Nasze kampery s\u0105 wyposa\u017cone w najnowsze technologie, kt\u00f3re u\u0142atwiaj\u0105 codzienne funkcjonowanie. W sk\u0142ad wyposa\u017cenia wchodz\u0105 mi\u0119dzy innymi: klimatyzacja, systemy grzewcze, panele s\u0142oneczne, a tak\u017ce zaawansowane systemy multimedialne. Dzi\u0119ki temu podr\u00f3\u017cowanie jest nie tylko przyjemne, ale tak\u017ce ekonomiczne i ekologiczne.<\/p>\n<\/div>\n\t\t<\/div><\/div><\/div><\/div><\/div><\/div><div class=\"vc_row wpb_row vc_row-fluid row-background-light\"><div class=\"vc_row-background-overlay\" style=\"opacity: 0.8;\"><\/div><div class=\"wpb_column vc_column_container vc_col-sm-12\"><div class=\"vc_column-inner\"><div class=\"wpb_wrapper\"><div  class=\"vc_wp_text wpb_content_element\"><div class=\"widget widget_text\"><h2 class=\"widgettitle\">Niezale\u017cno\u015b\u0107 i swoboda podr\u00f3\u017cowania kamperem<\/h2>\t\t\t<div class=\"textwidget\"><p>Kampery pozwalaj\u0105 na podr\u00f3\u017cowanie we w\u0142asnym tempie i zatrzymywanie si\u0119 w miejscach, kt\u00f3re najbardziej nas zachwycaj\u0105. Nie jeste\u015bmy ograniczeni przez godziny zameldowania czy wymeldowania z hoteli, co daje nam pe\u0142n\u0105 swobod\u0119 planowania wakacji. Mo\u017cemy dowolnie zmienia\u0107 tras\u0119 podr\u00f3\u017cy i odkrywa\u0107 mniej znane, ale r\u00f3wnie urokliwe miejsca.<\/p>\n<\/div>\n\t\t<\/div><\/div><\/div><\/div><\/div><\/div><div class=\"vc_row wpb_row vc_row-fluid row-background-light\"><div class=\"vc_row-background-overlay\" style=\"opacity: 0.8;\"><\/div><div class=\"wpb_column vc_column_container vc_col-sm-12\"><div class=\"vc_column-inner\"><div class=\"wpb_wrapper\">\n\t<div  class=\"wpb_single_image wpb_content_element vc_align_left\">\n\t\t\n\t\t<figure class=\"wpb_wrapper vc_figure\">\n\t\t\t<div class=\"vc_single_image-wrapper   vc_box_border_grey\"><img loading=\"lazy\" decoding=\"async\" width=\"1792\" height=\"1024\" src=\"https:\/\/witocamprent.pl\/wp-content\/uploads\/2024\/06\/9a8ec09f-e952-4602-a98b-dae198ed65c1.webp\" class=\"vc_single_image-img attachment-full\" alt=\"okrywanie \u015bwiata kamperem\" srcset=\"https:\/\/witocamprent.pl\/wp-content\/uploads\/2024\/06\/9a8ec09f-e952-4602-a98b-dae198ed65c1.webp 1792w, https:\/\/witocamprent.pl\/wp-content\/uploads\/2024\/06\/9a8ec09f-e952-4602-a98b-dae198ed65c1-300x171.webp 300w, https:\/\/witocamprent.pl\/wp-content\/uploads\/2024\/06\/9a8ec09f-e952-4602-a98b-dae198ed65c1-1024x585.webp 1024w, https:\/\/witocamprent.pl\/wp-content\/uploads\/2024\/06\/9a8ec09f-e952-4602-a98b-dae198ed65c1-768x439.webp 768w, https:\/\/witocamprent.pl\/wp-content\/uploads\/2024\/06\/9a8ec09f-e952-4602-a98b-dae198ed65c1-1536x878.webp 1536w, https:\/\/witocamprent.pl\/wp-content\/uploads\/2024\/06\/9a8ec09f-e952-4602-a98b-dae198ed65c1-18x10.webp 18w, https:\/\/witocamprent.pl\/wp-content\/uploads\/2024\/06\/9a8ec09f-e952-4602-a98b-dae198ed65c1-600x343.webp 600w\" sizes=\"auto, (max-width: 1792px) 100vw, 1792px\" \/><\/div>\n\t\t<\/figure>\n\t<\/div>\n<div class=\"vc_separator wpb_content_element vc_separator_align_center vc_sep_width_100 vc_sep_pos_align_center vc_separator_no_text vc_sep_color_grey\" ><span class=\"vc_sep_holder vc_sep_holder_l\"><span  class=\"vc_sep_line\"><\/span><\/span><span class=\"vc_sep_holder vc_sep_holder_r\"><span  class=\"vc_sep_line\"><\/span><\/span>\n<\/div><div  class=\"vc_wp_text wpb_content_element\"><div class=\"widget widget_text\"><h2 class=\"widgettitle\">Bezpiecze\u0144stwo i wygoda podr\u00f3\u017cowania kamperem<\/h2>\t\t\t<div class=\"textwidget\"><p>Podr\u00f3\u017cowanie kamperem to r\u00f3wnie\u017c gwarancja bezpiecze\u0144stwa. Nasze pojazdy s\u0105 regularnie serwisowane i sprawdzane pod k\u0105tem technicznym, co zapewnia bezpieczn\u0105 jazd\u0119. Dodatkowo, ka\u017cdy kamper wyposa\u017cony jest w systemy nawigacyjne oraz wsparcie drogowe, kt\u00f3re pomagaj\u0105 w razie potrzeby.<\/p>\n<\/div>\n\t\t<\/div><\/div><\/div><\/div><\/div><\/div><div class=\"vc_row wpb_row vc_row-fluid row-background-light\"><div class=\"vc_row-background-overlay\" style=\"opacity: 0.8;\"><\/div><div class=\"wpb_column vc_column_container vc_col-sm-12\"><div class=\"vc_column-inner\"><div class=\"wpb_wrapper\"><div  class=\"vc_wp_text wpb_content_element\"><div class=\"widget widget_text\"><h2 class=\"widgettitle\">Ekonomiczne rozwi\u0105zanie na rodzinne wakacje<\/h2>\t\t\t<div class=\"textwidget\"><p>Wynajem kampera to r\u00f3wnie\u017c oszcz\u0119dno\u015b\u0107. Koszty wynajmu cz\u0119sto s\u0105 ni\u017csze ni\u017c codzienne noclegi w hotelach, a dodatkowo mo\u017cemy sami przygotowywa\u0107 posi\u0142ki, co r\u00f3wnie\u017c obni\u017ca wydatki. To doskona\u0142e rozwi\u0105zanie dla rodzin, kt\u00f3re chc\u0105 sp\u0119dzi\u0107 wi\u0119cej czasu razem, ciesz\u0105c si\u0119 wsp\u00f3lnymi chwilami w podr\u00f3\u017cy.<\/p>\n<\/div>\n\t\t<\/div><\/div><\/div><\/div><\/div><\/div><div class=\"vc_row wpb_row vc_row-fluid row-background-light\"><div class=\"vc_row-background-overlay\" style=\"opacity: 0.8;\"><\/div><div class=\"wpb_column vc_column_container vc_col-sm-12\"><div class=\"vc_column-inner\"><div class=\"wpb_wrapper\"><div  class=\"vc_wp_text wpb_content_element\"><div class=\"widget widget_text\"><h2 class=\"widgettitle\">Rezerwuj kampery i odkrywaj \u015bwiat z witocamprent!<\/h2>\t\t\t<div class=\"textwidget\"><\/div>\n\t\t<\/div><\/div><\/div><\/div><\/div><\/div><div class=\"vc_row wpb_row vc_row-fluid row-background-light\"><div class=\"vc_row-background-overlay\" style=\"opacity: 0.8;\"><\/div><div class=\"wpb_column vc_column_container vc_col-sm-12\"><div class=\"vc_column-inner\"><div class=\"wpb_wrapper\"><\/div><\/div><\/div><\/div><div class=\"vc_row wpb_row vc_row-fluid row-background-light\"><div class=\"vc_row-background-overlay\" style=\"opacity: 0.8;\"><\/div><div class=\"wpb_column vc_column_container vc_col-sm-12\"><div class=\"vc_column-inner\"><div class=\"wpb_wrapper\"><div class=\"woocommerce columns-3\"><ul class=\"products products-loop columns-3\">\n<li class=\"product type-product post-11713 status-publish first instock product_cat-kampery has-post-thumbnail taxable shipping-taxable purchasable product-type-simple\">\n\t<a href=\"https:\/\/witocamprent.pl\/en\/rent\/ford-benimar\/\" class=\"woocommerce-LoopProduct-link woocommerce-loop-product__link\"><img loading=\"lazy\" decoding=\"async\" width=\"300\" height=\"300\" src=\"https:\/\/witocamprent.pl\/wp-content\/uploads\/2023\/06\/IMG_E1335-300x300.jpg\" class=\"attachment-woocommerce_thumbnail size-woocommerce_thumbnail\" alt=\"Ford Benimar Tesoro 463\" srcset=\"https:\/\/witocamprent.pl\/wp-content\/uploads\/2023\/06\/IMG_E1335-300x300.jpg 300w, https:\/\/witocamprent.pl\/wp-content\/uploads\/2023\/06\/IMG_E1335-150x150.jpg 150w, https:\/\/witocamprent.pl\/wp-content\/uploads\/2023\/06\/IMG_E1335-700x700.jpg 700w, https:\/\/witocamprent.pl\/wp-content\/uploads\/2023\/06\/IMG_E1335-50x50.jpg 50w, https:\/\/witocamprent.pl\/wp-content\/uploads\/2023\/06\/IMG_E1335-100x100.jpg 100w\" sizes=\"auto, (max-width: 300px) 100vw, 300px\" \/><h2 class=\"woocommerce-loop-product__title\">Ford Benimar Tesoro 463<\/h2>\n<\/a><a href=\"\/en\/wp-json\/wp\/v2\/pages\/11940?add-to-cart=11713\" aria-describedby=\"woocommerce_loop_add_to_cart_link_describedby_11713\" data-quantity=\"1\" class=\"button product_type_simple add_to_cart_button ajax_add_to_cart\" data-product_id=\"11713\" data-product_sku=\"\" aria-label=\"Add to cart: \u201cFord Benimar Tesoro 463\u201d\" rel=\"nofollow\" data-success_message=\"\u201cFord Benimar Tesoro 463\u201d has been added to your cart\" role=\"button\" data-no-translation=\"\" data-trp-gettext=\"\" data-no-translation-aria-label=\"\" data-no-translation-data-success_message=\"\">Add to cart<\/a>\t<span id=\"woocommerce_loop_add_to_cart_link_describedby_11713\" class=\"screen-reader-text\">\n\t\t\t<\/span>\n<\/li>\n<li class=\"product type-product post-11405 status-publish instock product_cat-kampery has-post-thumbnail taxable shipping-taxable purchasable product-type-simple\">\n\t<a href=\"https:\/\/witocamprent.pl\/en\/rent\/ford-chausson\/\" class=\"woocommerce-LoopProduct-link woocommerce-loop-product__link\"><img loading=\"lazy\" decoding=\"async\" width=\"300\" height=\"300\" src=\"https:\/\/witocamprent.pl\/wp-content\/uploads\/2022\/05\/IMG_1155-1-300x300.jpg\" class=\"attachment-woocommerce_thumbnail size-woocommerce_thumbnail\" alt=\"Ford Chausson 720 Titanium\" srcset=\"https:\/\/witocamprent.pl\/wp-content\/uploads\/2022\/05\/IMG_1155-1-300x300.jpg 300w, https:\/\/witocamprent.pl\/wp-content\/uploads\/2022\/05\/IMG_1155-1-150x150.jpg 150w, https:\/\/witocamprent.pl\/wp-content\/uploads\/2022\/05\/IMG_1155-1-700x700.jpg 700w, https:\/\/witocamprent.pl\/wp-content\/uploads\/2022\/05\/IMG_1155-1-50x50.jpg 50w, https:\/\/witocamprent.pl\/wp-content\/uploads\/2022\/05\/IMG_1155-1-100x100.jpg 100w\" sizes=\"auto, (max-width: 300px) 100vw, 300px\" \/><h2 class=\"woocommerce-loop-product__title\">Ford Chausson 720 Titanium<\/h2>\n<\/a><a href=\"\/en\/wp-json\/wp\/v2\/pages\/11940?add-to-cart=11405\" aria-describedby=\"woocommerce_loop_add_to_cart_link_describedby_11405\" data-quantity=\"1\" class=\"button product_type_simple add_to_cart_button ajax_add_to_cart\" data-product_id=\"11405\" data-product_sku=\"\" aria-label=\"Add to cart: \u201cFord Chausson 720 Titanium\u201d\" rel=\"nofollow\" data-success_message=\"\u201cFord Chausson 720 Titanium\u201d has been added to your cart\" role=\"button\" data-no-translation=\"\" data-trp-gettext=\"\" data-no-translation-aria-label=\"\" data-no-translation-data-success_message=\"\">Add to cart<\/a>\t<span id=\"woocommerce_loop_add_to_cart_link_describedby_11405\" class=\"screen-reader-text\">\n\t\t\t<\/span>\n<\/li>\n<li class=\"product type-product post-14650 status-publish last instock product_cat-kampery has-post-thumbnail taxable shipping-taxable purchasable product-type-simple\">\n\t<a href=\"https:\/\/witocamprent.pl\/en\/rent\/ford-chausson-777ga-titanium-ultimate\/\" class=\"woocommerce-LoopProduct-link woocommerce-loop-product__link\"><img loading=\"lazy\" decoding=\"async\" width=\"300\" height=\"300\" src=\"https:\/\/witocamprent.pl\/wp-content\/uploads\/2024\/11\/Zdjecie-WhatsApp-2024-11-03-o-19.34.39_4a80c532-300x300.jpg\" class=\"attachment-woocommerce_thumbnail size-woocommerce_thumbnail\" alt=\"Ford Chausson 777GA Titanium\" srcset=\"https:\/\/witocamprent.pl\/wp-content\/uploads\/2024\/11\/Zdjecie-WhatsApp-2024-11-03-o-19.34.39_4a80c532-300x300.jpg 300w, https:\/\/witocamprent.pl\/wp-content\/uploads\/2024\/11\/Zdjecie-WhatsApp-2024-11-03-o-19.34.39_4a80c532-150x150.jpg 150w, https:\/\/witocamprent.pl\/wp-content\/uploads\/2024\/11\/Zdjecie-WhatsApp-2024-11-03-o-19.34.39_4a80c532-700x700.jpg 700w, https:\/\/witocamprent.pl\/wp-content\/uploads\/2024\/11\/Zdjecie-WhatsApp-2024-11-03-o-19.34.39_4a80c532-50x50.jpg 50w, https:\/\/witocamprent.pl\/wp-content\/uploads\/2024\/11\/Zdjecie-WhatsApp-2024-11-03-o-19.34.39_4a80c532-100x100.jpg 100w\" sizes=\"auto, (max-width: 300px) 100vw, 300px\" \/><h2 class=\"woocommerce-loop-product__title\">Ford Chausson 777GA Titanium<\/h2>\n<\/a><a href=\"\/en\/wp-json\/wp\/v2\/pages\/11940?add-to-cart=14650\" aria-describedby=\"woocommerce_loop_add_to_cart_link_describedby_14650\" data-quantity=\"1\" class=\"button product_type_simple add_to_cart_button ajax_add_to_cart\" data-product_id=\"14650\" data-product_sku=\"\" aria-label=\"Add to cart: \u201cFord Chausson 777GA Titanium\u201d\" rel=\"nofollow\" data-success_message=\"\u201cFord Chausson 777GA Titanium\u201d has been added to your cart\" role=\"button\" data-no-translation=\"\" data-trp-gettext=\"\" data-no-translation-aria-label=\"\" data-no-translation-data-success_message=\"\">Add to cart<\/a>\t<span id=\"woocommerce_loop_add_to_cart_link_describedby_14650\" class=\"screen-reader-text\">\n\t\t\t<\/span>\n<\/li>\n<\/ul>\n<\/div><\/div><\/div><\/div><\/div>","protected":false},"excerpt":{"rendered":"Cechy i zalety kamper\u00f3w &#8211; Komfort i wygoda na ka\u017cd\u0105 podr\u00f3\u017c Wynajem kampera to idealne rozwi\u0105zanie dla tych, kt\u00f3rzy ceni\u0105 sobie niezale\u017cno\u015b\u0107, komfort i mo\u017cliwo\u015b\u0107 odkrywania nowych miejsc w dowolnym momencie. Nasze kampery wyr\u00f3\u017cniaj\u0105 si\u0119 nowoczesnym wyposa\u017ceniem, przemy\u015blan\u0105 funkcjonalno\u015bci\u0105 oraz wysokim standardem, kt\u00f3ry zadowoli nawet najbardziej wymagaj\u0105cych podr\u00f3\u017cnik\u00f3w. Przestronno\u015b\u0107 i funkcjonalno\u015b\u0107 wn\u0119trza w kamperze Nasze [...]","protected":false},"author":6,"featured_media":0,"parent":0,"menu_order":0,"comment_status":"closed","ping_status":"closed","template":"","meta":{"footnotes":""},"class_list":["post-11940","page","type-page","status-publish","hentry"],"yoast_head":"<!-- This site is optimized with the Yoast SEO plugin v26.8 - https:\/\/yoast.com\/product\/yoast-seo-wordpress\/ -->\n<title>Cechy i zalety kamper\u00f3w - WITO CampRent<\/title>\n<meta name=\"robots\" content=\"index, follow, max-snippet:-1, max-image-preview:large, max-video-preview:-1\" \/>\n<link rel=\"canonical\" href=\"https:\/\/witocamprent.pl\/en\/cechy-i-zalety-kamperow-komfort-i-wygoda-na-kazda-podroz\/\" \/>\n<meta property=\"og:locale\" content=\"en_US\" \/>\n<meta property=\"og:type\" content=\"article\" \/>\n<meta property=\"og:title\" content=\"Cechy i zalety kamper\u00f3w - WITO CampRent\" \/>\n<meta property=\"og:url\" content=\"https:\/\/witocamprent.pl\/en\/cechy-i-zalety-kamperow-komfort-i-wygoda-na-kazda-podroz\/\" \/>\n<meta property=\"og:site_name\" content=\"WITO CampRent\" \/>\n<meta property=\"article:modified_time\" content=\"2024-06-10T08:36:45+00:00\" \/>\n<meta name=\"twitter:card\" content=\"summary_large_image\" \/>\n<meta name=\"twitter:label1\" content=\"Est. reading time\" \/>\n\t<meta name=\"twitter:data1\" content=\"2 minutes\" \/>\n<script type=\"application\/ld+json\" class=\"yoast-schema-graph\">{\"@context\":\"https:\/\/schema.org\",\"@graph\":[{\"@type\":\"WebPage\",\"@id\":\"https:\/\/witocamprent.pl\/cechy-i-zalety-kamperow-komfort-i-wygoda-na-kazda-podroz\/\",\"url\":\"https:\/\/witocamprent.pl\/cechy-i-zalety-kamperow-komfort-i-wygoda-na-kazda-podroz\/\",\"name\":\"Cechy i zalety kamper\u00f3w - WITO CampRent\",\"isPartOf\":{\"@id\":\"https:\/\/witocamprent.pl\/#website\"},\"datePublished\":\"2024-06-10T08:34:45+00:00\",\"dateModified\":\"2024-06-10T08:36:45+00:00\",\"breadcrumb\":{\"@id\":\"https:\/\/witocamprent.pl\/cechy-i-zalety-kamperow-komfort-i-wygoda-na-kazda-podroz\/#breadcrumb\"},\"inLanguage\":\"en-US\",\"potentialAction\":[{\"@type\":\"ReadAction\",\"target\":[\"https:\/\/witocamprent.pl\/cechy-i-zalety-kamperow-komfort-i-wygoda-na-kazda-podroz\/\"]}]},{\"@type\":\"BreadcrumbList\",\"@id\":\"https:\/\/witocamprent.pl\/cechy-i-zalety-kamperow-komfort-i-wygoda-na-kazda-podroz\/#breadcrumb\",\"itemListElement\":[{\"@type\":\"ListItem\",\"position\":1,\"name\":\"Strona g\u0142\u00f3wna\",\"item\":\"https:\/\/witocamprent.pl\/\"},{\"@type\":\"ListItem\",\"position\":2,\"name\":\"Cechy i zalety kamper\u00f3w\"}]},{\"@type\":\"WebSite\",\"@id\":\"https:\/\/witocamprent.pl\/#website\",\"url\":\"https:\/\/witocamprent.pl\/\",\"name\":\"WITO CampRent\",\"description\":\"Wynajem camper&oacute;w\",\"potentialAction\":[{\"@type\":\"SearchAction\",\"target\":{\"@type\":\"EntryPoint\",\"urlTemplate\":\"https:\/\/witocamprent.pl\/?s={search_term_string}\"},\"query-input\":{\"@type\":\"PropertyValueSpecification\",\"valueRequired\":true,\"valueName\":\"search_term_string\"}}],\"inLanguage\":\"en-US\"}]}<\/script>\n<!-- \/ Yoast SEO plugin. -->","yoast_head_json":{"title":"Cechy i zalety kamper\u00f3w - WITO CampRent","robots":{"index":"index","follow":"follow","max-snippet":"max-snippet:-1","max-image-preview":"max-image-preview:large","max-video-preview":"max-video-preview:-1"},"canonical":"https:\/\/witocamprent.pl\/en\/cechy-i-zalety-kamperow-komfort-i-wygoda-na-kazda-podroz\/","og_locale":"en_US","og_type":"article","og_title":"Cechy i zalety kamper\u00f3w - WITO CampRent","og_url":"https:\/\/witocamprent.pl\/en\/cechy-i-zalety-kamperow-komfort-i-wygoda-na-kazda-podroz\/","og_site_name":"WITO CampRent","article_modified_time":"2024-06-10T08:36:45+00:00","twitter_card":"summary_large_image","twitter_misc":{"Est. reading time":"2 minutes"},"schema":{"@context":"https:\/\/schema.org","@graph":[{"@type":"WebPage","@id":"https:\/\/witocamprent.pl\/cechy-i-zalety-kamperow-komfort-i-wygoda-na-kazda-podroz\/","url":"https:\/\/witocamprent.pl\/cechy-i-zalety-kamperow-komfort-i-wygoda-na-kazda-podroz\/","name":"Cechy i zalety kamper\u00f3w - WITO CampRent","isPartOf":{"@id":"https:\/\/witocamprent.pl\/#website"},"datePublished":"2024-06-10T08:34:45+00:00","dateModified":"2024-06-10T08:36:45+00:00","breadcrumb":{"@id":"https:\/\/witocamprent.pl\/cechy-i-zalety-kamperow-komfort-i-wygoda-na-kazda-podroz\/#breadcrumb"},"inLanguage":"en-US","potentialAction":[{"@type":"ReadAction","target":["https:\/\/witocamprent.pl\/cechy-i-zalety-kamperow-komfort-i-wygoda-na-kazda-podroz\/"]}]},{"@type":"BreadcrumbList","@id":"https:\/\/witocamprent.pl\/cechy-i-zalety-kamperow-komfort-i-wygoda-na-kazda-podroz\/#breadcrumb","itemListElement":[{"@type":"ListItem","position":1,"name":"Strona g\u0142\u00f3wna","item":"https:\/\/witocamprent.pl\/"},{"@type":"ListItem","position":2,"name":"Cechy i zalety kamper\u00f3w"}]},{"@type":"WebSite","@id":"https:\/\/witocamprent.pl\/#website","url":"https:\/\/witocamprent.pl\/","name":"WITO CampRent","description":"Wynajem camper&oacute;w","potentialAction":[{"@type":"SearchAction","target":{"@type":"EntryPoint","urlTemplate":"https:\/\/witocamprent.pl\/?s={search_term_string}"},"query-input":{"@type":"PropertyValueSpecification","valueRequired":true,"valueName":"search_term_string"}}],"inLanguage":"en-US"}]}},"_links":{"self":[{"href":"https:\/\/witocamprent.pl\/en\/wp-json\/wp\/v2\/pages\/11940","targetHints":{"allow":["GET"]}}],"collection":[{"href":"https:\/\/witocamprent.pl\/en\/wp-json\/wp\/v2\/pages"}],"about":[{"href":"https:\/\/witocamprent.pl\/en\/wp-json\/wp\/v2\/types\/page"}],"author":[{"embeddable":true,"href":"https:\/\/witocamprent.pl\/en\/wp-json\/wp\/v2\/users\/6"}],"replies":[{"embeddable":true,"href":"https:\/\/witocamprent.pl\/en\/wp-json\/wp\/v2\/comments?post=11940"}],"version-history":[{"count":4,"href":"https:\/\/witocamprent.pl\/en\/wp-json\/wp\/v2\/pages\/11940\/revisions"}],"predecessor-version":[{"id":11946,"href":"https:\/\/witocamprent.pl\/en\/wp-json\/wp\/v2\/pages\/11940\/revisions\/11946"}],"wp:attachment":[{"href":"https:\/\/witocamprent.pl\/en\/wp-json\/wp\/v2\/media?parent=11940"}],"curies":[{"name":"wp","href":"https:\/\/api.w.org\/{rel}","templated":true}]}}