{"id":11971,"date":"2024-06-10T11:36:10","date_gmt":"2024-06-10T10:36:10","guid":{"rendered":"https:\/\/witocamprent.pl\/?page_id=11971"},"modified":"2024-06-10T11:40:17","modified_gmt":"2024-06-10T10:40:17","slug":"luksusowy-kamper-wynajem","status":"publish","type":"page","link":"https:\/\/witocamprent.pl\/en\/luksusowy-kamper-wynajem\/","title":{"rendered":"Luksusowy kamper wynajem"},"content":{"rendered":"<div class=\"vc_row wpb_row vc_row-fluid row-background-light\"><div class=\"vc_row-background-overlay\" style=\"opacity: 0.8;\"><\/div><div class=\"wpb_column vc_column_container vc_col-sm-12\"><div class=\"vc_column-inner\"><div class=\"wpb_wrapper\"><div  class=\"vc_wp_text wpb_content_element\"><div class=\"widget widget_text\"><h2 class=\"widgettitle\">Luksusowy kamper wynajem<\/h2>\t\t\t<div class=\"textwidget\"><p><span style=\"font-weight: 400;\">Wynajem kampera pozwala podr\u00f3\u017cowa\u0107 we w\u0142asnym tempie i odkrywa\u0107 krajobrazy oraz lokalne atrakcje w dowolnej chwili, bez ogranicze\u0144. Nasze kampery wyr\u00f3\u017cniaj\u0105 si\u0119 luksusowym wyposa\u017ceniem i s\u0105 doskona\u0142ym wyborem dla os\u00f3b chc\u0105cych odkrywa\u0107 nowe miejsca. Oferujemy nowoczesne rozwi\u0105zania, kt\u00f3re zapewniaj\u0105 komfort i wygod\u0119 na ka\u017cdym kroku.<\/span><\/p>\n<\/div>\n\t\t<\/div><\/div><\/div><\/div><\/div><\/div><div class=\"vc_row wpb_row vc_row-fluid row-background-light\"><div class=\"vc_row-background-overlay\" style=\"opacity: 0.8;\"><\/div><div class=\"wpb_column vc_column_container vc_col-sm-12\"><div class=\"vc_column-inner\"><div class=\"wpb_wrapper\"><div  class=\"vc_wp_text wpb_content_element\"><div class=\"widget widget_text\"><h2 class=\"widgettitle\">Dlaczego warto wynaj\u0105\u0107 luksusowy kamper?<\/h2>\t\t\t<div class=\"textwidget\"><p><span style=\"font-weight: 400;\">Wynajem luksusowego kampera to idealne rozwi\u0105zanie dla tych, kt\u00f3rzy ceni\u0105 sobie komfort i wygod\u0119 podczas podr\u00f3\u017cy. Nasze kampery s\u0105 wyposa\u017cone w automatyczn\u0105 skrzyni\u0119 bieg\u00f3w, co zapewnia p\u0142ynno\u015b\u0107 jazdy i \u0142atwo\u015b\u0107 prowadzenia pojazdu, szczeg\u00f3lnie na d\u0142u\u017cszych trasach. Panel fotowoltaiczny pozwala na korzystanie z ekologicznej energii s\u0142onecznej, co zwi\u0119ksza niezale\u017cno\u015b\u0107 i zasi\u0119g podr\u00f3\u017cy. Dodatkowo, system ogrzewania postojowego Webasto gwarantuje ciep\u0142o i komfort nawet w ch\u0142odniejsze dni.<\/span><\/p>\n<\/div>\n\t\t<\/div><\/div><\/div><\/div><\/div><\/div><div class=\"vc_row wpb_row vc_row-fluid row-background-light\"><div class=\"vc_row-background-overlay\" style=\"opacity: 0.8;\"><\/div><div class=\"wpb_column vc_column_container vc_col-sm-12\"><div class=\"vc_column-inner\"><div class=\"wpb_wrapper\">\n\t<div  class=\"wpb_single_image wpb_content_element vc_align_left\">\n\t\t\n\t\t<figure class=\"wpb_wrapper vc_figure\">\n\t\t\t<div class=\"vc_single_image-wrapper   vc_box_border_grey\"><img loading=\"lazy\" decoding=\"async\" width=\"800\" height=\"600\" src=\"https:\/\/witocamprent.pl\/wp-content\/uploads\/2024\/06\/Kopia-\u2013-Projekt-bez-nazwy-3.png\" class=\"vc_single_image-img attachment-large\" alt=\"Luksusowy kamper wynajem\" srcset=\"https:\/\/witocamprent.pl\/wp-content\/uploads\/2024\/06\/Kopia-\u2013-Projekt-bez-nazwy-3.png 800w, https:\/\/witocamprent.pl\/wp-content\/uploads\/2024\/06\/Kopia-\u2013-Projekt-bez-nazwy-3-300x225.png 300w, https:\/\/witocamprent.pl\/wp-content\/uploads\/2024\/06\/Kopia-\u2013-Projekt-bez-nazwy-3-768x576.png 768w, https:\/\/witocamprent.pl\/wp-content\/uploads\/2024\/06\/Kopia-\u2013-Projekt-bez-nazwy-3-16x12.png 16w, https:\/\/witocamprent.pl\/wp-content\/uploads\/2024\/06\/Kopia-\u2013-Projekt-bez-nazwy-3-600x450.png 600w\" sizes=\"auto, (max-width: 800px) 100vw, 800px\" \/><\/div>\n\t\t<\/figure>\n\t<\/div>\n<\/div><\/div><\/div><\/div><div class=\"vc_row wpb_row vc_row-fluid row-background-light\"><div class=\"vc_row-background-overlay\" style=\"opacity: 0.8;\"><\/div><div class=\"wpb_column vc_column_container vc_col-sm-12\"><div class=\"vc_column-inner\"><div class=\"wpb_wrapper\"><div  class=\"vc_wp_text wpb_content_element\"><div class=\"widget widget_text\"><h2 class=\"widgettitle\">Luksusowy kamper &#8211; Wynajem, bezpiecze\u0144stwo i wygoda<\/h2>\t\t\t<div class=\"textwidget\"><p><span style=\"font-weight: 400;\">Bezpiecze\u0144stwo i wygoda to priorytety w naszych luksusowych kamperach. Automatyczna skrzynia bieg\u00f3w u\u0142atwia prowadzenie pojazdu, co zmniejsza zm\u0119czenie kierowcy i zwi\u0119ksza bezpiecze\u0144stwo na drodze. Panele fotowoltaiczne zapewniaj\u0105 dost\u0119p do odnawialnej energii, co pozwala na d\u0142u\u017csze korzystanie z urz\u0105dze\u0144 elektrycznych bez konieczno\u015bci cz\u0119stego \u0142adowania akumulator\u00f3w. Ogrzewanie postojowe Webasto to gwarancja komfortowej temperatury wewn\u0105trz kampera, niezale\u017cnie od warunk\u00f3w zewn\u0119trznych.<\/span><\/p>\n<\/div>\n\t\t<\/div><\/div><\/div><\/div><\/div><\/div><div class=\"vc_row wpb_row vc_row-fluid row-background-light\"><div class=\"vc_row-background-overlay\" style=\"opacity: 0.8;\"><\/div><div class=\"wpb_column vc_column_container vc_col-sm-12\"><div class=\"vc_column-inner\"><div class=\"wpb_wrapper\"><div  class=\"vc_wp_text wpb_content_element\"><div class=\"widget widget_text\"><h2 class=\"widgettitle\">Dlaczego warto wybra\u0107 luksusowy kamper?<\/h2>\t\t\t<div class=\"textwidget\"><p><span style=\"font-weight: 400;\">Wybieraj\u0105c nasz\u0105 firm\u0119, zyskujesz pewno\u015b\u0107, \u017ce podr\u00f3\u017cujesz w najwy\u017cszym standardzie. Oferujemy kampery, kt\u00f3re s\u0105 regularnie serwisowane i utrzymywane w doskona\u0142ym stanie technicznym. Nasze pojazdy s\u0105 wyposa\u017cone w nowoczesne technologie, kt\u00f3re zwi\u0119kszaj\u0105 komfort i bezpiecze\u0144stwo podr\u00f3\u017cy. Dodatkowo, nasza obs\u0142uga klienta jest zawsze gotowa do pomocy i udzielania wsparcia, aby ka\u017cda podr\u00f3\u017c by\u0142a niezapomniana i bezproblemowa. Wynajmuj\u0105c kamper od nas, zyskujesz dost\u0119p do luksusowego pojazdu, kt\u00f3ry spe\u0142ni wszystkie Twoje oczekiwania.<\/span><\/p>\n<\/div>\n\t\t<\/div><\/div><\/div><\/div><\/div><\/div><div class=\"vc_row wpb_row vc_row-fluid row-background-light\"><div class=\"vc_row-background-overlay\" style=\"opacity: 0.8;\"><\/div><div class=\"wpb_column vc_column_container vc_col-sm-12\"><div class=\"vc_column-inner\"><div class=\"wpb_wrapper\"><div  class=\"vc_wp_text wpb_content_element\"><div class=\"widget widget_text\"><h2 class=\"widgettitle\">Zalety wynajmu luksusowego kampera<\/h2>\t\t\t<div class=\"textwidget\"><p><span style=\"font-weight: 400;\">Wynajmij nasz luksusowy kamper i rozpocznij niezapomnian\u0105 przygod\u0119! Ciesz si\u0119 komfortem i wygod\u0105 na najwy\u017cszym poziomie, odkrywaj\u0105c nowe miejsca i tworz\u0105c niezapomniane wspomnienia. <\/span><span style=\"font-weight: 400;\">Wynajem luksusowego kampera oferuje wiele korzy\u015bci takich jak:<\/span><\/p>\n<\/div>\n\t\t<\/div><\/div><\/div><\/div><\/div><\/div><div class=\"vc_row wpb_row vc_row-fluid row-background-light\"><div class=\"vc_row-background-overlay\" style=\"opacity: 0.8;\"><\/div><div class=\"wpb_column vc_column_container vc_col-sm-12\"><div class=\"vc_column-inner\"><div class=\"wpb_wrapper\">\t<div id=\"cd_feature_box_cd_feature_box_69f7a58535ec5\" class=\"feature-box feature-border style-5 left-icon no-image\">\n\t\t\t\t<div class=\"icon\">\n\t\t\t<i class=\"glyph-icon flaticon-car-1\"><\/i>\n\t\t<\/div>\n\t\t<div class=\"content\">\n\t\t\t<a  id=\"cd_feature_box_69f7a58535ec5\">        \t\t\n\t\t\t\t<h6>Automatyczna skrzynia bieg\u00f3w dla \u0142atwego i komfortowego prowadzenia<\/h6>\t\t\t<\/a>\n\t\t\t\t\t<\/div>\n\t<\/div>\n\t\t<div id=\"cd_feature_box_cd_feature_box_69f7a58535ee9\" class=\"feature-box feature-border style-5 left-icon no-image\">\n\t\t\t\t<div class=\"icon\">\n\t\t\t<i class=\"glyph-icon flaticon-engine\"><\/i>\n\t\t<\/div>\n\t\t<div class=\"content\">\n\t\t\t<a  id=\"cd_feature_box_69f7a58535ee9\">        \t\t\n\t\t\t\t<h6>Panele fotowoltaiczne zapewniaj\u0105ce ekologiczne i niezale\u017cne \u017ar\u00f3d\u0142o energii<\/h6>\t\t\t<\/a>\n\t\t\t\t\t<\/div>\n\t<\/div>\n\t\t<div id=\"cd_feature_box_cd_feature_box_69f7a58535f00\" class=\"feature-box feature-border style-5 left-icon no-image\">\n\t\t\t\t<div class=\"icon\">\n\t\t\t<i class=\"glyph-icon flaticon-alloy-wheel\"><\/i>\n\t\t<\/div>\n\t\t<div class=\"content\">\n\t\t\t<a  id=\"cd_feature_box_69f7a58535f00\">        \t\t\n\t\t\t\t<h6>Webasto \u2013 ogrzewanie postojowe dla komfortu w ka\u017cdej porze roku<\/h6>\t\t\t<\/a>\n\t\t\t\t\t<\/div>\n\t<\/div>\n\t\t<div id=\"cd_feature_box_cd_feature_box_69f7a58535f12\" class=\"feature-box feature-border style-5 left-icon no-image\">\n\t\t\t\t<div class=\"icon\">\n\t\t\t<i class=\"glyph-icon flaticon-badge\"><\/i>\n\t\t<\/div>\n\t\t<div class=\"content\">\n\t\t\t<a  id=\"cd_feature_box_69f7a58535f12\">        \t\t\n\t\t\t\t<h6>Nowoczesne udogodnienia i technologie podnosz\u0105ce komfort podr\u00f3\u017cowania<\/h6>\t\t\t<\/a>\n\t\t\t\t\t<\/div>\n\t<\/div>\n\t<\/div><\/div><\/div><\/div><div class=\"vc_row wpb_row vc_row-fluid row-background-light\"><div class=\"vc_row-background-overlay\" style=\"opacity: 0.8;\"><\/div><div class=\"wpb_column vc_column_container vc_col-sm-12\"><div class=\"vc_column-inner\"><div class=\"wpb_wrapper\"><div class=\"vc_empty_space\"   style=\"height: 32px\"><span class=\"vc_empty_space_inner\"><\/span><\/div><div  class=\"vc_wp_text wpb_content_element\"><div class=\"widget widget_text\"><h2 class=\"widgettitle\">WYBIERZ SW\u00d3J LUKSUSOWY KAMPER DO PODR\u00d3\u017bY!<\/h2>\t\t\t<div class=\"textwidget\"><\/div>\n\t\t<\/div><\/div><\/div><\/div><\/div><\/div><div class=\"vc_row wpb_row vc_row-fluid row-background-light\"><div class=\"vc_row-background-overlay\" style=\"opacity: 0.8;\"><\/div><div class=\"wpb_column vc_column_container vc_col-sm-12\"><div class=\"vc_column-inner\"><div class=\"wpb_wrapper\"><div class=\"woocommerce columns-3\"><ul class=\"products products-loop columns-3\">\n<li class=\"product type-product post-11713 status-publish first instock product_cat-kampery has-post-thumbnail taxable shipping-taxable purchasable product-type-simple\">\n\t<a href=\"https:\/\/witocamprent.pl\/en\/rent\/ford-benimar\/\" class=\"woocommerce-LoopProduct-link woocommerce-loop-product__link\"><img loading=\"lazy\" decoding=\"async\" width=\"300\" height=\"300\" src=\"https:\/\/witocamprent.pl\/wp-content\/uploads\/2023\/06\/IMG_E1335-300x300.jpg\" class=\"attachment-woocommerce_thumbnail size-woocommerce_thumbnail\" alt=\"Ford Benimar Tesoro 463\" srcset=\"https:\/\/witocamprent.pl\/wp-content\/uploads\/2023\/06\/IMG_E1335-300x300.jpg 300w, https:\/\/witocamprent.pl\/wp-content\/uploads\/2023\/06\/IMG_E1335-150x150.jpg 150w, https:\/\/witocamprent.pl\/wp-content\/uploads\/2023\/06\/IMG_E1335-700x700.jpg 700w, https:\/\/witocamprent.pl\/wp-content\/uploads\/2023\/06\/IMG_E1335-50x50.jpg 50w, https:\/\/witocamprent.pl\/wp-content\/uploads\/2023\/06\/IMG_E1335-100x100.jpg 100w\" sizes=\"auto, (max-width: 300px) 100vw, 300px\" \/><h2 class=\"woocommerce-loop-product__title\">Ford Benimar Tesoro 463<\/h2>\n<\/a><a href=\"\/en\/wp-json\/wp\/v2\/pages\/11971?add-to-cart=11713\" aria-describedby=\"woocommerce_loop_add_to_cart_link_describedby_11713\" data-quantity=\"1\" class=\"button product_type_simple add_to_cart_button ajax_add_to_cart\" data-product_id=\"11713\" data-product_sku=\"\" aria-label=\"Add to cart: \u201cFord Benimar Tesoro 463\u201d\" rel=\"nofollow\" data-success_message=\"\u201cFord Benimar Tesoro 463\u201d has been added to your cart\" role=\"button\" data-no-translation=\"\" data-trp-gettext=\"\" data-no-translation-aria-label=\"\" data-no-translation-data-success_message=\"\">Add to cart<\/a>\t<span id=\"woocommerce_loop_add_to_cart_link_describedby_11713\" class=\"screen-reader-text\">\n\t\t\t<\/span>\n<\/li>\n<li class=\"product type-product post-11405 status-publish instock product_cat-kampery has-post-thumbnail taxable shipping-taxable purchasable product-type-simple\">\n\t<a href=\"https:\/\/witocamprent.pl\/en\/rent\/ford-chausson\/\" class=\"woocommerce-LoopProduct-link woocommerce-loop-product__link\"><img loading=\"lazy\" decoding=\"async\" width=\"300\" height=\"300\" src=\"https:\/\/witocamprent.pl\/wp-content\/uploads\/2022\/05\/IMG_1155-1-300x300.jpg\" class=\"attachment-woocommerce_thumbnail size-woocommerce_thumbnail\" alt=\"Ford Chausson 720 Titanium\" srcset=\"https:\/\/witocamprent.pl\/wp-content\/uploads\/2022\/05\/IMG_1155-1-300x300.jpg 300w, https:\/\/witocamprent.pl\/wp-content\/uploads\/2022\/05\/IMG_1155-1-150x150.jpg 150w, https:\/\/witocamprent.pl\/wp-content\/uploads\/2022\/05\/IMG_1155-1-700x700.jpg 700w, https:\/\/witocamprent.pl\/wp-content\/uploads\/2022\/05\/IMG_1155-1-50x50.jpg 50w, https:\/\/witocamprent.pl\/wp-content\/uploads\/2022\/05\/IMG_1155-1-100x100.jpg 100w\" sizes=\"auto, (max-width: 300px) 100vw, 300px\" \/><h2 class=\"woocommerce-loop-product__title\">Ford Chausson 720 Titanium<\/h2>\n<\/a><a href=\"\/en\/wp-json\/wp\/v2\/pages\/11971?add-to-cart=11405\" aria-describedby=\"woocommerce_loop_add_to_cart_link_describedby_11405\" data-quantity=\"1\" class=\"button product_type_simple add_to_cart_button ajax_add_to_cart\" data-product_id=\"11405\" data-product_sku=\"\" aria-label=\"Add to cart: \u201cFord Chausson 720 Titanium\u201d\" rel=\"nofollow\" data-success_message=\"\u201cFord Chausson 720 Titanium\u201d has been added to your cart\" role=\"button\" data-no-translation=\"\" data-trp-gettext=\"\" data-no-translation-aria-label=\"\" data-no-translation-data-success_message=\"\">Add to cart<\/a>\t<span id=\"woocommerce_loop_add_to_cart_link_describedby_11405\" class=\"screen-reader-text\">\n\t\t\t<\/span>\n<\/li>\n<li class=\"product type-product post-14650 status-publish last instock product_cat-kampery has-post-thumbnail taxable shipping-taxable purchasable product-type-simple\">\n\t<a href=\"https:\/\/witocamprent.pl\/en\/rent\/ford-chausson-777ga-titanium-ultimate\/\" class=\"woocommerce-LoopProduct-link woocommerce-loop-product__link\"><img loading=\"lazy\" decoding=\"async\" width=\"300\" height=\"300\" src=\"https:\/\/witocamprent.pl\/wp-content\/uploads\/2024\/11\/Zdjecie-WhatsApp-2024-11-03-o-19.34.39_4a80c532-300x300.jpg\" class=\"attachment-woocommerce_thumbnail size-woocommerce_thumbnail\" alt=\"Ford Chausson 777GA Titanium\" srcset=\"https:\/\/witocamprent.pl\/wp-content\/uploads\/2024\/11\/Zdjecie-WhatsApp-2024-11-03-o-19.34.39_4a80c532-300x300.jpg 300w, https:\/\/witocamprent.pl\/wp-content\/uploads\/2024\/11\/Zdjecie-WhatsApp-2024-11-03-o-19.34.39_4a80c532-150x150.jpg 150w, https:\/\/witocamprent.pl\/wp-content\/uploads\/2024\/11\/Zdjecie-WhatsApp-2024-11-03-o-19.34.39_4a80c532-700x700.jpg 700w, https:\/\/witocamprent.pl\/wp-content\/uploads\/2024\/11\/Zdjecie-WhatsApp-2024-11-03-o-19.34.39_4a80c532-50x50.jpg 50w, https:\/\/witocamprent.pl\/wp-content\/uploads\/2024\/11\/Zdjecie-WhatsApp-2024-11-03-o-19.34.39_4a80c532-100x100.jpg 100w\" sizes=\"auto, (max-width: 300px) 100vw, 300px\" \/><h2 class=\"woocommerce-loop-product__title\">Ford Chausson 777GA Titanium<\/h2>\n<\/a><a href=\"\/en\/wp-json\/wp\/v2\/pages\/11971?add-to-cart=14650\" aria-describedby=\"woocommerce_loop_add_to_cart_link_describedby_14650\" data-quantity=\"1\" class=\"button product_type_simple add_to_cart_button ajax_add_to_cart\" data-product_id=\"14650\" data-product_sku=\"\" aria-label=\"Add to cart: \u201cFord Chausson 777GA Titanium\u201d\" rel=\"nofollow\" data-success_message=\"\u201cFord Chausson 777GA Titanium\u201d has been added to your cart\" role=\"button\" data-no-translation=\"\" data-trp-gettext=\"\" data-no-translation-aria-label=\"\" data-no-translation-data-success_message=\"\">Add to cart<\/a>\t<span id=\"woocommerce_loop_add_to_cart_link_describedby_14650\" class=\"screen-reader-text\">\n\t\t\t<\/span>\n<\/li>\n<\/ul>\n<\/div><\/div><\/div><\/div><\/div>","protected":false},"excerpt":{"rendered":"Luksusowy kamper wynajem Wynajem kampera pozwala podr\u00f3\u017cowa\u0107 we w\u0142asnym tempie i odkrywa\u0107 krajobrazy oraz lokalne atrakcje w dowolnej chwili, bez ogranicze\u0144. Nasze kampery wyr\u00f3\u017cniaj\u0105 si\u0119 luksusowym wyposa\u017ceniem i s\u0105 doskona\u0142ym wyborem dla os\u00f3b chc\u0105cych odkrywa\u0107 nowe miejsca. Oferujemy nowoczesne rozwi\u0105zania, kt\u00f3re zapewniaj\u0105 komfort i wygod\u0119 na ka\u017cdym kroku. Dlaczego warto wynaj\u0105\u0107 luksusowy kamper? Wynajem luksusowego [...]","protected":false},"author":6,"featured_media":0,"parent":0,"menu_order":0,"comment_status":"closed","ping_status":"closed","template":"","meta":{"footnotes":""},"class_list":["post-11971","page","type-page","status-publish","hentry"],"yoast_head":"<!-- This site is optimized with the Yoast SEO plugin v26.8 - https:\/\/yoast.com\/product\/yoast-seo-wordpress\/ -->\n<title>Luksusowy kamper wynajem - WITO CampRent<\/title>\n<meta name=\"robots\" content=\"index, follow, max-snippet:-1, max-image-preview:large, max-video-preview:-1\" \/>\n<link rel=\"canonical\" href=\"https:\/\/witocamprent.pl\/en\/luksusowy-kamper-wynajem\/\" \/>\n<meta property=\"og:locale\" content=\"en_US\" \/>\n<meta property=\"og:type\" content=\"article\" \/>\n<meta property=\"og:title\" content=\"Luksusowy kamper wynajem - WITO CampRent\" \/>\n<meta property=\"og:url\" content=\"https:\/\/witocamprent.pl\/en\/luksusowy-kamper-wynajem\/\" \/>\n<meta property=\"og:site_name\" content=\"WITO CampRent\" \/>\n<meta property=\"article:modified_time\" content=\"2024-06-10T10:40:17+00:00\" \/>\n<meta name=\"twitter:card\" content=\"summary_large_image\" \/>\n<script type=\"application\/ld+json\" class=\"yoast-schema-graph\">{\"@context\":\"https:\/\/schema.org\",\"@graph\":[{\"@type\":\"WebPage\",\"@id\":\"https:\/\/witocamprent.pl\/luksusowy-kamper-wynajem\/\",\"url\":\"https:\/\/witocamprent.pl\/luksusowy-kamper-wynajem\/\",\"name\":\"Luksusowy kamper wynajem - WITO CampRent\",\"isPartOf\":{\"@id\":\"https:\/\/witocamprent.pl\/#website\"},\"datePublished\":\"2024-06-10T10:36:10+00:00\",\"dateModified\":\"2024-06-10T10:40:17+00:00\",\"breadcrumb\":{\"@id\":\"https:\/\/witocamprent.pl\/luksusowy-kamper-wynajem\/#breadcrumb\"},\"inLanguage\":\"en-US\",\"potentialAction\":[{\"@type\":\"ReadAction\",\"target\":[\"https:\/\/witocamprent.pl\/luksusowy-kamper-wynajem\/\"]}]},{\"@type\":\"BreadcrumbList\",\"@id\":\"https:\/\/witocamprent.pl\/luksusowy-kamper-wynajem\/#breadcrumb\",\"itemListElement\":[{\"@type\":\"ListItem\",\"position\":1,\"name\":\"Strona g\u0142\u00f3wna\",\"item\":\"https:\/\/witocamprent.pl\/\"},{\"@type\":\"ListItem\",\"position\":2,\"name\":\"Luksusowy kamper wynajem\"}]},{\"@type\":\"WebSite\",\"@id\":\"https:\/\/witocamprent.pl\/#website\",\"url\":\"https:\/\/witocamprent.pl\/\",\"name\":\"WITO CampRent\",\"description\":\"Wynajem camper&oacute;w\",\"potentialAction\":[{\"@type\":\"SearchAction\",\"target\":{\"@type\":\"EntryPoint\",\"urlTemplate\":\"https:\/\/witocamprent.pl\/?s={search_term_string}\"},\"query-input\":{\"@type\":\"PropertyValueSpecification\",\"valueRequired\":true,\"valueName\":\"search_term_string\"}}],\"inLanguage\":\"en-US\"}]}<\/script>\n<!-- \/ Yoast SEO plugin. -->","yoast_head_json":{"title":"Luksusowy kamper wynajem - WITO CampRent","robots":{"index":"index","follow":"follow","max-snippet":"max-snippet:-1","max-image-preview":"max-image-preview:large","max-video-preview":"max-video-preview:-1"},"canonical":"https:\/\/witocamprent.pl\/en\/luksusowy-kamper-wynajem\/","og_locale":"en_US","og_type":"article","og_title":"Luksusowy kamper wynajem - WITO CampRent","og_url":"https:\/\/witocamprent.pl\/en\/luksusowy-kamper-wynajem\/","og_site_name":"WITO CampRent","article_modified_time":"2024-06-10T10:40:17+00:00","twitter_card":"summary_large_image","schema":{"@context":"https:\/\/schema.org","@graph":[{"@type":"WebPage","@id":"https:\/\/witocamprent.pl\/luksusowy-kamper-wynajem\/","url":"https:\/\/witocamprent.pl\/luksusowy-kamper-wynajem\/","name":"Luksusowy kamper wynajem - WITO CampRent","isPartOf":{"@id":"https:\/\/witocamprent.pl\/#website"},"datePublished":"2024-06-10T10:36:10+00:00","dateModified":"2024-06-10T10:40:17+00:00","breadcrumb":{"@id":"https:\/\/witocamprent.pl\/luksusowy-kamper-wynajem\/#breadcrumb"},"inLanguage":"en-US","potentialAction":[{"@type":"ReadAction","target":["https:\/\/witocamprent.pl\/luksusowy-kamper-wynajem\/"]}]},{"@type":"BreadcrumbList","@id":"https:\/\/witocamprent.pl\/luksusowy-kamper-wynajem\/#breadcrumb","itemListElement":[{"@type":"ListItem","position":1,"name":"Strona g\u0142\u00f3wna","item":"https:\/\/witocamprent.pl\/"},{"@type":"ListItem","position":2,"name":"Luksusowy kamper wynajem"}]},{"@type":"WebSite","@id":"https:\/\/witocamprent.pl\/#website","url":"https:\/\/witocamprent.pl\/","name":"WITO CampRent","description":"Wynajem camper&oacute;w","potentialAction":[{"@type":"SearchAction","target":{"@type":"EntryPoint","urlTemplate":"https:\/\/witocamprent.pl\/?s={search_term_string}"},"query-input":{"@type":"PropertyValueSpecification","valueRequired":true,"valueName":"search_term_string"}}],"inLanguage":"en-US"}]}},"_links":{"self":[{"href":"https:\/\/witocamprent.pl\/en\/wp-json\/wp\/v2\/pages\/11971","targetHints":{"allow":["GET"]}}],"collection":[{"href":"https:\/\/witocamprent.pl\/en\/wp-json\/wp\/v2\/pages"}],"about":[{"href":"https:\/\/witocamprent.pl\/en\/wp-json\/wp\/v2\/types\/page"}],"author":[{"embeddable":true,"href":"https:\/\/witocamprent.pl\/en\/wp-json\/wp\/v2\/users\/6"}],"replies":[{"embeddable":true,"href":"https:\/\/witocamprent.pl\/en\/wp-json\/wp\/v2\/comments?post=11971"}],"version-history":[{"count":4,"href":"https:\/\/witocamprent.pl\/en\/wp-json\/wp\/v2\/pages\/11971\/revisions"}],"predecessor-version":[{"id":11978,"href":"https:\/\/witocamprent.pl\/en\/wp-json\/wp\/v2\/pages\/11971\/revisions\/11978"}],"wp:attachment":[{"href":"https:\/\/witocamprent.pl\/en\/wp-json\/wp\/v2\/media?parent=11971"}],"curies":[{"name":"wp","href":"https:\/\/api.w.org\/{rel}","templated":true}]}}