{"id":11995,"date":"2024-06-10T12:22:05","date_gmt":"2024-06-10T11:22:05","guid":{"rendered":"https:\/\/witocamprent.pl\/?page_id=11995"},"modified":"2024-06-10T12:22:05","modified_gmt":"2024-06-10T11:22:05","slug":"tanie-kampery-wynajem","status":"publish","type":"page","link":"https:\/\/witocamprent.pl\/en\/tanie-kampery-wynajem\/","title":{"rendered":"Tanie kampery wynajem"},"content":{"rendered":"<div class=\"vc_row wpb_row vc_row-fluid row-background-light\"><div class=\"vc_row-background-overlay\" style=\"opacity: 0.8;\"><\/div><div class=\"wpb_column vc_column_container vc_col-sm-12\"><div class=\"vc_column-inner\"><div class=\"wpb_wrapper\"><div  class=\"vc_wp_text wpb_content_element\"><div class=\"widget widget_text\"><h2 class=\"widgettitle\">Tanie kampery wynajem<\/h2>\t\t\t<div class=\"textwidget\"><p><span style=\"font-weight: 400;\">Wynajem kampera pozwala podr\u00f3\u017cowa\u0107 we w\u0142asnym tempie i odkrywa\u0107 krajobrazy oraz lokalne atrakcje w dowolnej chwili, bez ogranicze\u0144. Nasze tanie kampery oferuj\u0105 doskona\u0142e wyposa\u017cenie i komfort za przyst\u0119pn\u0105 cen\u0119, wyr\u00f3\u017cniaj\u0105c si\u0119 na rynku atrakcyjnymi warunkami wynajmu.<\/span><\/p>\n<\/div>\n\t\t<\/div><\/div><\/div><\/div><\/div><\/div><div class=\"vc_row wpb_row vc_row-fluid row-background-light\"><div class=\"vc_row-background-overlay\" style=\"opacity: 0.8;\"><\/div><div class=\"wpb_column vc_column_container vc_col-sm-12\"><div class=\"vc_column-inner\"><div class=\"wpb_wrapper\"><div  class=\"vc_wp_text wpb_content_element\"><div class=\"widget widget_text\"><h2 class=\"widgettitle\">Dlaczego warto wynaj\u0105\u0107 tanie kampery?<\/h2>\t\t\t<div class=\"textwidget\"><p><span style=\"font-weight: 400;\">Wynajem taniego kampera to idealne rozwi\u0105zanie dla os\u00f3b, kt\u00f3re chc\u0105 cieszy\u0107 si\u0119 swobod\u0105 podr\u00f3\u017cowania bez konieczno\u015bci du\u017cych inwestycji. Nasze kampery s\u0105 wyposa\u017cone we wszystko, czego potrzebujesz do komfortowej podr\u00f3\u017cy, a przy tym oferujemy konkurencyjne ceny. Niezale\u017cnie od tego, czy planujesz kr\u00f3tki wypad za miasto, czy d\u0142u\u017csz\u0105 podr\u00f3\u017c po kraju, nasze tanie kampery zapewni\u0105 Ci wygod\u0119 i niezale\u017cno\u015b\u0107, jakiej oczekujesz.<\/span><\/p>\n<\/div>\n\t\t<\/div><\/div><\/div><\/div><\/div><\/div><div class=\"vc_row wpb_row vc_row-fluid row-background-light\"><div class=\"vc_row-background-overlay\" style=\"opacity: 0.8;\"><\/div><div class=\"wpb_column vc_column_container vc_col-sm-12\"><div class=\"vc_column-inner\"><div class=\"wpb_wrapper\">\n\t<div  class=\"wpb_single_image wpb_content_element vc_align_left\">\n\t\t\n\t\t<figure class=\"wpb_wrapper vc_figure\">\n\t\t\t<div class=\"vc_single_image-wrapper   vc_box_border_grey\"><img loading=\"lazy\" decoding=\"async\" width=\"800\" height=\"600\" src=\"https:\/\/witocamprent.pl\/wp-content\/uploads\/2024\/06\/Kopia-\u2013-Projekt-bez-nazwy-4.png\" class=\"vc_single_image-img attachment-large\" alt=\"Tanie kampery wynajem\" srcset=\"https:\/\/witocamprent.pl\/wp-content\/uploads\/2024\/06\/Kopia-\u2013-Projekt-bez-nazwy-4.png 800w, https:\/\/witocamprent.pl\/wp-content\/uploads\/2024\/06\/Kopia-\u2013-Projekt-bez-nazwy-4-300x225.png 300w, https:\/\/witocamprent.pl\/wp-content\/uploads\/2024\/06\/Kopia-\u2013-Projekt-bez-nazwy-4-768x576.png 768w, https:\/\/witocamprent.pl\/wp-content\/uploads\/2024\/06\/Kopia-\u2013-Projekt-bez-nazwy-4-16x12.png 16w, https:\/\/witocamprent.pl\/wp-content\/uploads\/2024\/06\/Kopia-\u2013-Projekt-bez-nazwy-4-600x450.png 600w\" sizes=\"auto, (max-width: 800px) 100vw, 800px\" \/><\/div>\n\t\t<\/figure>\n\t<\/div>\n<\/div><\/div><\/div><\/div><div class=\"vc_row wpb_row vc_row-fluid row-background-light\"><div class=\"vc_row-background-overlay\" style=\"opacity: 0.8;\"><\/div><div class=\"wpb_column vc_column_container vc_col-sm-12\"><div class=\"vc_column-inner\"><div class=\"wpb_wrapper\"><div  class=\"vc_wp_text wpb_content_element\"><div class=\"widget widget_text\"><h2 class=\"widgettitle\">Tanie kampery &#8211; prywatno\u015b\u0107 i wygoda<\/h2>\t\t\t<div class=\"textwidget\"><p><span style=\"font-weight: 400;\">Podr\u00f3\u017cowanie tanim kamperem nie oznacza rezygnacji z komfortu i wygody. Nasze pojazdy s\u0105 zaprojektowane tak, aby zapewni\u0107 pe\u0142n\u0105 prywatno\u015b\u0107 i komfortowe warunki podr\u00f3\u017cy. Ka\u017cdy kamper jest wyposa\u017cony w przestronn\u0105 \u0142azienk\u0119, wygodne miejsca do spania oraz funkcjonaln\u0105 kuchni\u0119. Dzi\u0119ki temu mo\u017cesz cieszy\u0107 si\u0119 wszystkimi udogodnieniami, jakie oferuje kamper, bez konieczno\u015bci korzystania z drogich hoteli.<\/span><\/p>\n<\/div>\n\t\t<\/div><\/div><\/div><\/div><\/div><\/div><div class=\"vc_row wpb_row vc_row-fluid row-background-light\"><div class=\"vc_row-background-overlay\" style=\"opacity: 0.8;\"><\/div><div class=\"wpb_column vc_column_container vc_col-sm-12\"><div class=\"vc_column-inner\"><div class=\"wpb_wrapper\"><div  class=\"vc_wp_text wpb_content_element\"><div class=\"widget widget_text\"><h2 class=\"widgettitle\">Tanie kampery na wynajem &#8211; dlaczego warto wybra\u0107 nasz\u0105 firm\u0119? <\/h2>\t\t\t<div class=\"textwidget\"><p><span style=\"font-weight: 400;\">Wybieraj\u0105c nasz\u0105 firm\u0119, zyskujesz pewno\u015b\u0107, \u017ce podr\u00f3\u017cujesz pojazdem sprawdzonym i w pe\u0142ni wyposa\u017conym. Nasze kampery przechodz\u0105 regularne przegl\u0105dy techniczne i s\u0105 utrzymywane w doskona\u0142ym stanie, co gwarantuje bezpiecze\u0144stwo i niezawodno\u015b\u0107 na trasie. Oferujemy atrakcyjne ceny wynajmu oraz elastyczne warunki umowy, dzi\u0119ki czemu ka\u017cdy mo\u017ce znale\u017a\u0107 co\u015b dla siebie. Nasza profesjonalna obs\u0142uga klienta zawsze s\u0142u\u017cy pomoc\u0105 i wsparciem, aby Twoja podr\u00f3\u017c by\u0142a bezproblemowa i przyjemna.<\/span><\/p>\n<\/div>\n\t\t<\/div><\/div><\/div><\/div><\/div><\/div><div class=\"vc_row wpb_row vc_row-fluid row-background-light\"><div class=\"vc_row-background-overlay\" style=\"opacity: 0.8;\"><\/div><div class=\"wpb_column vc_column_container vc_col-sm-12\"><div class=\"vc_column-inner\"><div class=\"wpb_wrapper\"><div  class=\"vc_wp_text wpb_content_element\"><div class=\"widget widget_text\"><h2 class=\"widgettitle\">Zalety wynajmu tanich kamper\u00f3w z naszej firmy <\/h2>\t\t\t<div class=\"textwidget\"><p><span style=\"font-weight: 400;\">Wynajmij nasz tani kamper i rozpocznij swoj\u0105 przygod\u0119 ju\u017c dzi\u015b! Ciesz si\u0119 komfortem i wygod\u0105, odkrywaj\u0105c nowe miejsca i tworz\u0105c niezapomniane wspomnienia. Nasze kampery s\u0105 idealnym rozwi\u0105zaniem dla ka\u017cdego, kto chce podr\u00f3\u017cowa\u0107 oszcz\u0119dnie, nie rezygnuj\u0105c z jako\u015bci i komfortu. <\/span><span style=\"font-weight: 400;\">Wynajem tanich kamper\u00f3w z naszej firmy oferuje wiele korzy\u015bci:<\/span><\/p>\n<\/div>\n\t\t<\/div><\/div><\/div><\/div><\/div><\/div><div class=\"vc_row wpb_row vc_row-fluid row-background-light\"><div class=\"vc_row-background-overlay\" style=\"opacity: 0.8;\"><\/div><div class=\"wpb_column vc_column_container vc_col-sm-12\"><div class=\"vc_column-inner\"><div class=\"wpb_wrapper\">\t<div id=\"cd_feature_box_cd_feature_box_69f7a5c171924\" class=\"feature-box feature-border style-4 default-feature no-image\">\n\t\t\t\t<div class=\"icon\">\n\t\t\t<i class=\"glyph-icon flaticon-wallet\"><\/i>\n\t\t<\/div>\n\t\t<div class=\"content\">\n\t\t\t<a  id=\"cd_feature_box_69f7a5c171924\">        \t\t\n\t\t\t\t<h6>Konkurencyjne ceny wynajmu<\/h6>\t\t\t<\/a>\n\t\t\t\t\t<\/div>\n\t<\/div>\n\t<\/div><\/div><\/div><\/div><div class=\"vc_row wpb_row vc_row-fluid row-background-light\"><div class=\"vc_row-background-overlay\" style=\"opacity: 0.8;\"><\/div><div class=\"wpb_column vc_column_container vc_col-sm-12\"><div class=\"vc_column-inner\"><div class=\"wpb_wrapper\">\t<div id=\"cd_feature_box_cd_feature_box_69f7a5c171a6e\" class=\"feature-box feature-border style-4 default-feature no-image\">\n\t\t\t\t<div class=\"icon\">\n\t\t\t<i class=\"glyph-icon flaticon-car-1\"><\/i>\n\t\t<\/div>\n\t\t<div class=\"content\">\n\t\t\t<a  id=\"cd_feature_box_69f7a5c171a6e\">        \t\t\n\t\t\t\t<h6>Elastyczne warunki umowy i atrakcyjne pakiety wynajmu<\/h6>\t\t\t<\/a>\n\t\t\t\t\t<\/div>\n\t<\/div>\n\t<\/div><\/div><\/div><\/div><div class=\"vc_row wpb_row vc_row-fluid row-background-light\"><div class=\"vc_row-background-overlay\" style=\"opacity: 0.8;\"><\/div><div class=\"wpb_column vc_column_container vc_col-sm-12\"><div class=\"vc_column-inner\"><div class=\"wpb_wrapper\">\t<div id=\"cd_feature_box_cd_feature_box_69f7a5c171bc6\" class=\"feature-box feature-border style-4 default-feature no-image\">\n\t\t\t\t<div class=\"icon\">\n\t\t\t<i class=\"glyph-icon flaticon-gas-station\"><\/i>\n\t\t<\/div>\n\t\t<div class=\"content\">\n\t\t\t<a  id=\"cd_feature_box_69f7a5c171bc6\">        \t\t\n\t\t\t\t<h6>Regularne przegl\u0105dy techniczne i utrzymanie pojazd\u00f3w w doskona\u0142ym stanie<\/h6>\t\t\t<\/a>\n\t\t\t\t\t<\/div>\n\t<\/div>\n\t<\/div><\/div><\/div><\/div><div class=\"vc_row wpb_row vc_row-fluid row-background-light\"><div class=\"vc_row-background-overlay\" style=\"opacity: 0.8;\"><\/div><div class=\"wpb_column vc_column_container vc_col-sm-12\"><div class=\"vc_column-inner\"><div class=\"wpb_wrapper\">\t<div id=\"cd_feature_box_cd_feature_box_69f7a5c171cf9\" class=\"feature-box feature-border style-4 default-feature no-image\">\n\t\t\t\t<div class=\"icon\">\n\t\t\t<i class=\"glyph-icon flaticon-inspection\"><\/i>\n\t\t<\/div>\n\t\t<div class=\"content\">\n\t\t\t<a  id=\"cd_feature_box_69f7a5c171cf9\">        \t\t\n\t\t\t\t<h6>Pe\u0142ne wyposa\u017cenie kampera, w tym przestronna \u0142azienka i funkcjonalna kuchnia<\/h6>\t\t\t<\/a>\n\t\t\t\t\t<\/div>\n\t<\/div>\n\t<\/div><\/div><\/div><\/div><div class=\"vc_row wpb_row vc_row-fluid row-background-light\"><div class=\"vc_row-background-overlay\" style=\"opacity: 0.8;\"><\/div><div class=\"wpb_column vc_column_container vc_col-sm-12\"><div class=\"vc_column-inner\"><div class=\"wpb_wrapper\"><div class=\"vc_empty_space\"   style=\"height: 32px\"><span class=\"vc_empty_space_inner\"><\/span><\/div><\/div><\/div><\/div><\/div><div class=\"vc_row wpb_row vc_row-fluid row-background-light\"><div class=\"vc_row-background-overlay\" style=\"opacity: 0.8;\"><\/div><div class=\"wpb_column vc_column_container vc_col-sm-12\"><div class=\"vc_column-inner\"><div class=\"wpb_wrapper\"><div  class=\"vc_wp_text wpb_content_element\"><div class=\"widget widget_text\"><h2 class=\"widgettitle\">WYBIERZ SW\u00d3J TANI KAMPER!<\/h2>\t\t\t<div class=\"textwidget\"><\/div>\n\t\t<\/div><\/div><\/div><\/div><\/div><\/div><div class=\"vc_row wpb_row vc_row-fluid row-background-light\"><div class=\"vc_row-background-overlay\" style=\"opacity: 0.8;\"><\/div><div class=\"wpb_column vc_column_container vc_col-sm-12\"><div class=\"vc_column-inner\"><div class=\"wpb_wrapper\"><div class=\"woocommerce columns-3\"><ul class=\"products products-loop columns-3\">\n<li class=\"product type-product post-11713 status-publish first instock product_cat-kampery has-post-thumbnail taxable shipping-taxable purchasable product-type-simple\">\n\t<a href=\"https:\/\/witocamprent.pl\/en\/rent\/ford-benimar\/\" class=\"woocommerce-LoopProduct-link woocommerce-loop-product__link\"><img loading=\"lazy\" decoding=\"async\" width=\"300\" height=\"300\" src=\"https:\/\/witocamprent.pl\/wp-content\/uploads\/2023\/06\/IMG_E1335-300x300.jpg\" class=\"attachment-woocommerce_thumbnail size-woocommerce_thumbnail\" alt=\"Ford Benimar Tesoro 463\" srcset=\"https:\/\/witocamprent.pl\/wp-content\/uploads\/2023\/06\/IMG_E1335-300x300.jpg 300w, https:\/\/witocamprent.pl\/wp-content\/uploads\/2023\/06\/IMG_E1335-150x150.jpg 150w, https:\/\/witocamprent.pl\/wp-content\/uploads\/2023\/06\/IMG_E1335-700x700.jpg 700w, https:\/\/witocamprent.pl\/wp-content\/uploads\/2023\/06\/IMG_E1335-50x50.jpg 50w, https:\/\/witocamprent.pl\/wp-content\/uploads\/2023\/06\/IMG_E1335-100x100.jpg 100w\" sizes=\"auto, (max-width: 300px) 100vw, 300px\" \/><h2 class=\"woocommerce-loop-product__title\">Ford Benimar Tesoro 463<\/h2>\n<\/a><a href=\"\/en\/wp-json\/wp\/v2\/pages\/11995?add-to-cart=11713\" aria-describedby=\"woocommerce_loop_add_to_cart_link_describedby_11713\" data-quantity=\"1\" class=\"button product_type_simple add_to_cart_button ajax_add_to_cart\" data-product_id=\"11713\" data-product_sku=\"\" aria-label=\"Add to cart: \u201cFord Benimar Tesoro 463\u201d\" rel=\"nofollow\" data-success_message=\"\u201cFord Benimar Tesoro 463\u201d has been added to your cart\" role=\"button\" data-no-translation=\"\" data-trp-gettext=\"\" data-no-translation-aria-label=\"\" data-no-translation-data-success_message=\"\">Add to cart<\/a>\t<span id=\"woocommerce_loop_add_to_cart_link_describedby_11713\" class=\"screen-reader-text\">\n\t\t\t<\/span>\n<\/li>\n<li class=\"product type-product post-11405 status-publish instock product_cat-kampery has-post-thumbnail taxable shipping-taxable purchasable product-type-simple\">\n\t<a href=\"https:\/\/witocamprent.pl\/en\/rent\/ford-chausson\/\" class=\"woocommerce-LoopProduct-link woocommerce-loop-product__link\"><img loading=\"lazy\" decoding=\"async\" width=\"300\" height=\"300\" src=\"https:\/\/witocamprent.pl\/wp-content\/uploads\/2022\/05\/IMG_1155-1-300x300.jpg\" class=\"attachment-woocommerce_thumbnail size-woocommerce_thumbnail\" alt=\"Ford Chausson 720 Titanium\" srcset=\"https:\/\/witocamprent.pl\/wp-content\/uploads\/2022\/05\/IMG_1155-1-300x300.jpg 300w, https:\/\/witocamprent.pl\/wp-content\/uploads\/2022\/05\/IMG_1155-1-150x150.jpg 150w, https:\/\/witocamprent.pl\/wp-content\/uploads\/2022\/05\/IMG_1155-1-700x700.jpg 700w, https:\/\/witocamprent.pl\/wp-content\/uploads\/2022\/05\/IMG_1155-1-50x50.jpg 50w, https:\/\/witocamprent.pl\/wp-content\/uploads\/2022\/05\/IMG_1155-1-100x100.jpg 100w\" sizes=\"auto, (max-width: 300px) 100vw, 300px\" \/><h2 class=\"woocommerce-loop-product__title\">Ford Chausson 720 Titanium<\/h2>\n<\/a><a href=\"\/en\/wp-json\/wp\/v2\/pages\/11995?add-to-cart=11405\" aria-describedby=\"woocommerce_loop_add_to_cart_link_describedby_11405\" data-quantity=\"1\" class=\"button product_type_simple add_to_cart_button ajax_add_to_cart\" data-product_id=\"11405\" data-product_sku=\"\" aria-label=\"Add to cart: \u201cFord Chausson 720 Titanium\u201d\" rel=\"nofollow\" data-success_message=\"\u201cFord Chausson 720 Titanium\u201d has been added to your cart\" role=\"button\" data-no-translation=\"\" data-trp-gettext=\"\" data-no-translation-aria-label=\"\" data-no-translation-data-success_message=\"\">Add to cart<\/a>\t<span id=\"woocommerce_loop_add_to_cart_link_describedby_11405\" class=\"screen-reader-text\">\n\t\t\t<\/span>\n<\/li>\n<li class=\"product type-product post-14650 status-publish last instock product_cat-kampery has-post-thumbnail taxable shipping-taxable purchasable product-type-simple\">\n\t<a href=\"https:\/\/witocamprent.pl\/en\/rent\/ford-chausson-777ga-titanium-ultimate\/\" class=\"woocommerce-LoopProduct-link woocommerce-loop-product__link\"><img loading=\"lazy\" decoding=\"async\" width=\"300\" height=\"300\" src=\"https:\/\/witocamprent.pl\/wp-content\/uploads\/2024\/11\/Zdjecie-WhatsApp-2024-11-03-o-19.34.39_4a80c532-300x300.jpg\" class=\"attachment-woocommerce_thumbnail size-woocommerce_thumbnail\" alt=\"Ford Chausson 777GA Titanium\" srcset=\"https:\/\/witocamprent.pl\/wp-content\/uploads\/2024\/11\/Zdjecie-WhatsApp-2024-11-03-o-19.34.39_4a80c532-300x300.jpg 300w, https:\/\/witocamprent.pl\/wp-content\/uploads\/2024\/11\/Zdjecie-WhatsApp-2024-11-03-o-19.34.39_4a80c532-150x150.jpg 150w, https:\/\/witocamprent.pl\/wp-content\/uploads\/2024\/11\/Zdjecie-WhatsApp-2024-11-03-o-19.34.39_4a80c532-700x700.jpg 700w, https:\/\/witocamprent.pl\/wp-content\/uploads\/2024\/11\/Zdjecie-WhatsApp-2024-11-03-o-19.34.39_4a80c532-50x50.jpg 50w, https:\/\/witocamprent.pl\/wp-content\/uploads\/2024\/11\/Zdjecie-WhatsApp-2024-11-03-o-19.34.39_4a80c532-100x100.jpg 100w\" sizes=\"auto, (max-width: 300px) 100vw, 300px\" \/><h2 class=\"woocommerce-loop-product__title\">Ford Chausson 777GA Titanium<\/h2>\n<\/a><a href=\"\/en\/wp-json\/wp\/v2\/pages\/11995?add-to-cart=14650\" aria-describedby=\"woocommerce_loop_add_to_cart_link_describedby_14650\" data-quantity=\"1\" class=\"button product_type_simple add_to_cart_button ajax_add_to_cart\" data-product_id=\"14650\" data-product_sku=\"\" aria-label=\"Add to cart: \u201cFord Chausson 777GA Titanium\u201d\" rel=\"nofollow\" data-success_message=\"\u201cFord Chausson 777GA Titanium\u201d has been added to your cart\" role=\"button\" data-no-translation=\"\" data-trp-gettext=\"\" data-no-translation-aria-label=\"\" data-no-translation-data-success_message=\"\">Add to cart<\/a>\t<span id=\"woocommerce_loop_add_to_cart_link_describedby_14650\" class=\"screen-reader-text\">\n\t\t\t<\/span>\n<\/li>\n<\/ul>\n<\/div><\/div><\/div><\/div><\/div>","protected":false},"excerpt":{"rendered":"Tanie kampery wynajem Wynajem kampera pozwala podr\u00f3\u017cowa\u0107 we w\u0142asnym tempie i odkrywa\u0107 krajobrazy oraz lokalne atrakcje w dowolnej chwili, bez ogranicze\u0144. Nasze tanie kampery oferuj\u0105 doskona\u0142e wyposa\u017cenie i komfort za przyst\u0119pn\u0105 cen\u0119, wyr\u00f3\u017cniaj\u0105c si\u0119 na rynku atrakcyjnymi warunkami wynajmu. Dlaczego warto wynaj\u0105\u0107 tanie kampery? Wynajem taniego kampera to idealne rozwi\u0105zanie dla os\u00f3b, kt\u00f3re chc\u0105 cieszy\u0107 [...]","protected":false},"author":6,"featured_media":0,"parent":0,"menu_order":0,"comment_status":"closed","ping_status":"closed","template":"","meta":{"footnotes":""},"class_list":["post-11995","page","type-page","status-publish","hentry"],"yoast_head":"<!-- This site is optimized with the Yoast SEO plugin v26.8 - https:\/\/yoast.com\/product\/yoast-seo-wordpress\/ -->\n<title>Tanie kampery wynajem - WITO CampRent<\/title>\n<meta name=\"robots\" content=\"index, follow, max-snippet:-1, max-image-preview:large, max-video-preview:-1\" \/>\n<link rel=\"canonical\" href=\"https:\/\/witocamprent.pl\/en\/tanie-kampery-wynajem\/\" \/>\n<meta property=\"og:locale\" content=\"en_US\" \/>\n<meta property=\"og:type\" content=\"article\" \/>\n<meta property=\"og:title\" content=\"Tanie kampery wynajem - WITO CampRent\" \/>\n<meta property=\"og:url\" content=\"https:\/\/witocamprent.pl\/en\/tanie-kampery-wynajem\/\" \/>\n<meta property=\"og:site_name\" content=\"WITO CampRent\" \/>\n<meta name=\"twitter:card\" content=\"summary_large_image\" \/>\n<script type=\"application\/ld+json\" class=\"yoast-schema-graph\">{\"@context\":\"https:\/\/schema.org\",\"@graph\":[{\"@type\":\"WebPage\",\"@id\":\"https:\/\/witocamprent.pl\/tanie-kampery-wynajem\/\",\"url\":\"https:\/\/witocamprent.pl\/tanie-kampery-wynajem\/\",\"name\":\"Tanie kampery wynajem - WITO CampRent\",\"isPartOf\":{\"@id\":\"https:\/\/witocamprent.pl\/#website\"},\"datePublished\":\"2024-06-10T11:22:05+00:00\",\"breadcrumb\":{\"@id\":\"https:\/\/witocamprent.pl\/tanie-kampery-wynajem\/#breadcrumb\"},\"inLanguage\":\"en-US\",\"potentialAction\":[{\"@type\":\"ReadAction\",\"target\":[\"https:\/\/witocamprent.pl\/tanie-kampery-wynajem\/\"]}]},{\"@type\":\"BreadcrumbList\",\"@id\":\"https:\/\/witocamprent.pl\/tanie-kampery-wynajem\/#breadcrumb\",\"itemListElement\":[{\"@type\":\"ListItem\",\"position\":1,\"name\":\"Strona g\u0142\u00f3wna\",\"item\":\"https:\/\/witocamprent.pl\/\"},{\"@type\":\"ListItem\",\"position\":2,\"name\":\"Tanie kampery wynajem\"}]},{\"@type\":\"WebSite\",\"@id\":\"https:\/\/witocamprent.pl\/#website\",\"url\":\"https:\/\/witocamprent.pl\/\",\"name\":\"WITO CampRent\",\"description\":\"Wynajem camper&oacute;w\",\"potentialAction\":[{\"@type\":\"SearchAction\",\"target\":{\"@type\":\"EntryPoint\",\"urlTemplate\":\"https:\/\/witocamprent.pl\/?s={search_term_string}\"},\"query-input\":{\"@type\":\"PropertyValueSpecification\",\"valueRequired\":true,\"valueName\":\"search_term_string\"}}],\"inLanguage\":\"en-US\"}]}<\/script>\n<!-- \/ Yoast SEO plugin. -->","yoast_head_json":{"title":"Tanie kampery wynajem - WITO CampRent","robots":{"index":"index","follow":"follow","max-snippet":"max-snippet:-1","max-image-preview":"max-image-preview:large","max-video-preview":"max-video-preview:-1"},"canonical":"https:\/\/witocamprent.pl\/en\/tanie-kampery-wynajem\/","og_locale":"en_US","og_type":"article","og_title":"Tanie kampery wynajem - WITO CampRent","og_url":"https:\/\/witocamprent.pl\/en\/tanie-kampery-wynajem\/","og_site_name":"WITO CampRent","twitter_card":"summary_large_image","schema":{"@context":"https:\/\/schema.org","@graph":[{"@type":"WebPage","@id":"https:\/\/witocamprent.pl\/tanie-kampery-wynajem\/","url":"https:\/\/witocamprent.pl\/tanie-kampery-wynajem\/","name":"Tanie kampery wynajem - WITO CampRent","isPartOf":{"@id":"https:\/\/witocamprent.pl\/#website"},"datePublished":"2024-06-10T11:22:05+00:00","breadcrumb":{"@id":"https:\/\/witocamprent.pl\/tanie-kampery-wynajem\/#breadcrumb"},"inLanguage":"en-US","potentialAction":[{"@type":"ReadAction","target":["https:\/\/witocamprent.pl\/tanie-kampery-wynajem\/"]}]},{"@type":"BreadcrumbList","@id":"https:\/\/witocamprent.pl\/tanie-kampery-wynajem\/#breadcrumb","itemListElement":[{"@type":"ListItem","position":1,"name":"Strona g\u0142\u00f3wna","item":"https:\/\/witocamprent.pl\/"},{"@type":"ListItem","position":2,"name":"Tanie kampery wynajem"}]},{"@type":"WebSite","@id":"https:\/\/witocamprent.pl\/#website","url":"https:\/\/witocamprent.pl\/","name":"WITO CampRent","description":"Wynajem camper&oacute;w","potentialAction":[{"@type":"SearchAction","target":{"@type":"EntryPoint","urlTemplate":"https:\/\/witocamprent.pl\/?s={search_term_string}"},"query-input":{"@type":"PropertyValueSpecification","valueRequired":true,"valueName":"search_term_string"}}],"inLanguage":"en-US"}]}},"_links":{"self":[{"href":"https:\/\/witocamprent.pl\/en\/wp-json\/wp\/v2\/pages\/11995","targetHints":{"allow":["GET"]}}],"collection":[{"href":"https:\/\/witocamprent.pl\/en\/wp-json\/wp\/v2\/pages"}],"about":[{"href":"https:\/\/witocamprent.pl\/en\/wp-json\/wp\/v2\/types\/page"}],"author":[{"embeddable":true,"href":"https:\/\/witocamprent.pl\/en\/wp-json\/wp\/v2\/users\/6"}],"replies":[{"embeddable":true,"href":"https:\/\/witocamprent.pl\/en\/wp-json\/wp\/v2\/comments?post=11995"}],"version-history":[{"count":2,"href":"https:\/\/witocamprent.pl\/en\/wp-json\/wp\/v2\/pages\/11995\/revisions"}],"predecessor-version":[{"id":11998,"href":"https:\/\/witocamprent.pl\/en\/wp-json\/wp\/v2\/pages\/11995\/revisions\/11998"}],"wp:attachment":[{"href":"https:\/\/witocamprent.pl\/en\/wp-json\/wp\/v2\/media?parent=11995"}],"curies":[{"name":"wp","href":"https:\/\/api.w.org\/{rel}","templated":true}]}}