{"id":14363,"date":"2024-07-24T09:47:25","date_gmt":"2024-07-24T08:47:25","guid":{"rendered":"https:\/\/witocamprent.pl\/?page_id=14363"},"modified":"2024-07-24T13:52:51","modified_gmt":"2024-07-24T12:52:51","slug":"kempingi-w-polsce","status":"publish","type":"page","link":"https:\/\/witocamprent.pl\/en\/kempingi-w-polsce\/","title":{"rendered":"Kempingi w Polsce"},"content":{"rendered":"<div class=\"vc_row wpb_row vc_row-fluid row-background-light\"><div class=\"vc_row-background-overlay\" style=\"opacity: 0.8;\"><\/div><div class=\"wpb_column vc_column_container vc_col-sm-4\"><div class=\"vc_column-inner\"><div class=\"wpb_wrapper\">\t<div id=\"cd_feature_box_cd_feature_box_69f7a68db04ec\" class=\"feature-box feature-border style-10 left-align\">\n\t\t\t\t\t\t<img decoding=\"async\" class=\"img-responsive center-block\" src=\"https:\/\/witocamprent.pl\/wp-content\/uploads\/2024\/07\/oboty-uslugowe-51.jpg\" alt=\"\">\n\t\t\t\t\t<div class=\"icon\">\n\t\t\t<i class=\"typcn typcn-info-large\"><\/i>\n\t\t<\/div>\n\t\t<div class=\"content\">\n\t\t\t<a href=\"https:\/\/witocamprent.pl\/en\/wojewodztwa\/wielkopolskie\/\" id=\"cd_feature_box_69f7a68db04ec\">        \t\t\n\t\t\t\t<h6>Kempingi w Wielkopolsce<\/h6>\t\t\t<\/a>\n\t\t\t\t\t<\/div>\n\t<\/div>\n\t<\/div><\/div><\/div><div class=\"wpb_column vc_column_container vc_col-sm-4\"><div class=\"vc_column-inner\"><div class=\"wpb_wrapper\">\t<div id=\"cd_feature_box_cd_feature_box_69f7a68db0b5b\" class=\"feature-box feature-border style-10 left-align\">\n\t\t\t\t\t\t<img decoding=\"async\" class=\"img-responsive center-block\" src=\"https:\/\/witocamprent.pl\/wp-content\/uploads\/2024\/07\/oboty-uslugowe-56.jpg\" alt=\"\">\n\t\t\t\t\t<div class=\"icon\">\n\t\t\t<i class=\"typcn typcn-info-large\"><\/i>\n\t\t<\/div>\n\t\t<div class=\"content\">\n\t\t\t<a href=\"https:\/\/witocamprent.pl\/en\/wojewodztwa\/lodzkie\/\" id=\"cd_feature_box_69f7a68db0b5b\">        \t\t\n\t\t\t\t<h6>Kemping w \u0141\u00f3dzkim<\/h6>\t\t\t<\/a>\n\t\t\t\t\t<\/div>\n\t<\/div>\n\t<\/div><\/div><\/div><div class=\"wpb_column vc_column_container vc_col-sm-4\"><div class=\"vc_column-inner\"><div class=\"wpb_wrapper\">\t<div id=\"cd_feature_box_cd_feature_box_69f7a68db112e\" class=\"feature-box feature-border style-10 left-align\">\n\t\t\t\t\t\t<img decoding=\"async\" class=\"img-responsive center-block\" src=\"https:\/\/witocamprent.pl\/wp-content\/uploads\/2024\/07\/oboty-uslugowe-57.jpg\" alt=\"\">\n\t\t\t\t\t<div class=\"icon\">\n\t\t\t<i class=\"typcn typcn-info-large\"><\/i>\n\t\t<\/div>\n\t\t<div class=\"content\">\n\t\t\t<a href=\"https:\/\/witocamprent.pl\/en\/wojewodztwa\/lubelskie\/\" id=\"cd_feature_box_69f7a68db112e\">        \t\t\n\t\t\t\t<h6>Kempingi w Lubelskim<\/h6>\t\t\t<\/a>\n\t\t\t\t\t<\/div>\n\t<\/div>\n\t<\/div><\/div><\/div><\/div><div class=\"vc_row wpb_row vc_row-fluid row-background-light\"><div class=\"vc_row-background-overlay\" style=\"opacity: 0.8;\"><\/div><div class=\"wpb_column vc_column_container vc_col-sm-4\"><div class=\"vc_column-inner\"><div class=\"wpb_wrapper\">\t<div id=\"cd_feature_box_cd_feature_box_69f7a68db15d4\" class=\"feature-box feature-border style-10 left-align\">\n\t\t\t\t\t\t<img decoding=\"async\" class=\"img-responsive center-block\" src=\"https:\/\/witocamprent.pl\/wp-content\/uploads\/2024\/07\/oboty-uslugowe-52.jpg\" alt=\"\">\n\t\t\t\t\t<div class=\"icon\">\n\t\t\t<i class=\"typcn typcn-info-large\"><\/i>\n\t\t<\/div>\n\t\t<div class=\"content\">\n\t\t\t<a href=\"https:\/\/witocamprent.pl\/en\/wojewodztwa\/dolnoslaskie\/\" id=\"cd_feature_box_69f7a68db15d4\">        \t\t\n\t\t\t\t<h6>Kemping w Dolno\u015bl\u0105skim<\/h6>\t\t\t<\/a>\n\t\t\t\t\t<\/div>\n\t<\/div>\n\t<\/div><\/div><\/div><div class=\"wpb_column vc_column_container vc_col-sm-4\"><div class=\"vc_column-inner\"><div class=\"wpb_wrapper\">\t<div id=\"cd_feature_box_cd_feature_box_69f7a68db1be1\" class=\"feature-box feature-border style-10 left-align\">\n\t\t\t\t\t\t<img decoding=\"async\" class=\"img-responsive center-block\" src=\"https:\/\/witocamprent.pl\/wp-content\/uploads\/2024\/07\/oboty-uslugowe-58.jpg\" alt=\"\">\n\t\t\t\t\t<div class=\"icon\">\n\t\t\t<i class=\"typcn typcn-info-large\"><\/i>\n\t\t<\/div>\n\t\t<div class=\"content\">\n\t\t\t<a href=\"https:\/\/witocamprent.pl\/en\/wojewodztwa\/lubuskie\/\" id=\"cd_feature_box_69f7a68db1be1\">        \t\t\n\t\t\t\t<h6>Kemping w Lubuskim<\/h6>\t\t\t<\/a>\n\t\t\t\t\t<\/div>\n\t<\/div>\n\t<\/div><\/div><\/div><div class=\"wpb_column vc_column_container vc_col-sm-4\"><div class=\"vc_column-inner\"><div class=\"wpb_wrapper\">\t<div id=\"cd_feature_box_cd_feature_box_69f7a68db2130\" class=\"feature-box feature-border style-10 left-align\">\n\t\t\t\t\t\t<img decoding=\"async\" class=\"img-responsive center-block\" src=\"https:\/\/witocamprent.pl\/wp-content\/uploads\/2024\/07\/oboty-uslugowe-60.jpg\" alt=\"\">\n\t\t\t\t\t<div class=\"icon\">\n\t\t\t<i class=\"typcn typcn-info-large\"><\/i>\n\t\t<\/div>\n\t\t<div class=\"content\">\n\t\t\t<a href=\"https:\/\/witocamprent.pl\/en\/wojewodztwa\/malopolskie\/\" id=\"cd_feature_box_69f7a68db2130\">        \t\t\n\t\t\t\t<h6>Kemping w Ma\u0142opolskim<\/h6>\t\t\t<\/a>\n\t\t\t\t\t<\/div>\n\t<\/div>\n\t<\/div><\/div><\/div><\/div><div class=\"vc_row wpb_row vc_row-fluid row-background-light\"><div class=\"vc_row-background-overlay\" style=\"opacity: 0.8;\"><\/div><div class=\"wpb_column vc_column_container vc_col-sm-4\"><div class=\"vc_column-inner\"><div class=\"wpb_wrapper\">\t<div id=\"cd_feature_box_cd_feature_box_69f7a68db26fe\" class=\"feature-box feature-border style-10 left-align\">\n\t\t\t\t\t\t<img decoding=\"async\" class=\"img-responsive center-block\" src=\"https:\/\/witocamprent.pl\/wp-content\/uploads\/2024\/07\/oboty-uslugowe-53.jpg\" alt=\"\">\n\t\t\t\t\t<div class=\"icon\">\n\t\t\t<i class=\"typcn typcn-info-large\"><\/i>\n\t\t<\/div>\n\t\t<div class=\"content\">\n\t\t\t<a href=\"https:\/\/witocamprent.pl\/en\/wojewodztwa\/kujawsko-pomorskie\/\" id=\"cd_feature_box_69f7a68db26fe\">        \t\t\n\t\t\t\t<h6>Kemping w Kujawsko-Pomorskim<\/h6>\t\t\t<\/a>\n\t\t\t\t\t<\/div>\n\t<\/div>\n\t<\/div><\/div><\/div><div class=\"wpb_column vc_column_container vc_col-sm-4\"><div class=\"vc_column-inner\"><div class=\"wpb_wrapper\">\t<div id=\"cd_feature_box_cd_feature_box_69f7a68db2b87\" class=\"feature-box feature-border style-10 left-align\">\n\t\t\t\t\t\t<img decoding=\"async\" class=\"img-responsive center-block\" src=\"https:\/\/witocamprent.pl\/wp-content\/uploads\/2024\/07\/oboty-uslugowe-62.jpg\" alt=\"\">\n\t\t\t\t\t<div class=\"icon\">\n\t\t\t<i class=\"typcn typcn-info-large\"><\/i>\n\t\t<\/div>\n\t\t<div class=\"content\">\n\t\t\t<a href=\"https:\/\/witocamprent.pl\/en\/wojewodztwa\/opolskie\/\" id=\"cd_feature_box_69f7a68db2b87\">        \t\t\n\t\t\t\t<h6>Kemping w Opolskim<\/h6>\t\t\t<\/a>\n\t\t\t\t\t<\/div>\n\t<\/div>\n\t<\/div><\/div><\/div><div class=\"wpb_column vc_column_container vc_col-sm-4\"><div class=\"vc_column-inner\"><div class=\"wpb_wrapper\">\t<div id=\"cd_feature_box_cd_feature_box_69f7a68db2f16\" class=\"feature-box feature-border style-10 left-align\">\n\t\t\t\t\t\t<img decoding=\"async\" class=\"img-responsive center-block\" src=\"https:\/\/witocamprent.pl\/wp-content\/uploads\/2024\/07\/oboty-uslugowe-63.jpg\" alt=\"\">\n\t\t\t\t\t<div class=\"icon\">\n\t\t\t<i class=\"typcn typcn-info-large\"><\/i>\n\t\t<\/div>\n\t\t<div class=\"content\">\n\t\t\t<a href=\"https:\/\/witocamprent.pl\/en\/wojewodztwa\/podkarpackie\/\" id=\"cd_feature_box_69f7a68db2f16\">        \t\t\n\t\t\t\t<h6>Kemping w Podkarpackim<\/h6>\t\t\t<\/a>\n\t\t\t\t\t<\/div>\n\t<\/div>\n\t<\/div><\/div><\/div><\/div><div class=\"vc_row wpb_row vc_row-fluid row-background-light\"><div class=\"vc_row-background-overlay\" style=\"opacity: 0.8;\"><\/div><div class=\"wpb_column vc_column_container vc_col-sm-4\"><div class=\"vc_column-inner\"><div class=\"wpb_wrapper\">\t<div id=\"cd_feature_box_cd_feature_box_69f7a68db3378\" class=\"feature-box feature-border style-10 left-align\">\n\t\t\t\t\t\t<img decoding=\"async\" class=\"img-responsive center-block\" src=\"https:\/\/witocamprent.pl\/wp-content\/uploads\/2024\/07\/oboty-uslugowe-64.jpg\" alt=\"\">\n\t\t\t\t\t<div class=\"icon\">\n\t\t\t<i class=\"typcn typcn-info-large\"><\/i>\n\t\t<\/div>\n\t\t<div class=\"content\">\n\t\t\t<a href=\"https:\/\/witocamprent.pl\/en\/wojewodztwa\/podlaskie\/\" id=\"cd_feature_box_69f7a68db3378\">        \t\t\n\t\t\t\t<h6>Kemping w Podlaskim<\/h6>\t\t\t<\/a>\n\t\t\t\t\t<\/div>\n\t<\/div>\n\t<\/div><\/div><\/div><div class=\"wpb_column vc_column_container vc_col-sm-4\"><div class=\"vc_column-inner\"><div class=\"wpb_wrapper\">\t<div id=\"cd_feature_box_cd_feature_box_69f7a68db3768\" class=\"feature-box feature-border style-10 left-align\">\n\t\t\t\t\t\t<img decoding=\"async\" class=\"img-responsive center-block\" src=\"https:\/\/witocamprent.pl\/wp-content\/uploads\/2024\/07\/oboty-uslugowe-65.jpg\" alt=\"\">\n\t\t\t\t\t<div class=\"icon\">\n\t\t\t<i class=\"typcn typcn-info-large\"><\/i>\n\t\t<\/div>\n\t\t<div class=\"content\">\n\t\t\t<a href=\"https:\/\/witocamprent.pl\/en\/wojewodztwa\/pomorskie\/\" id=\"cd_feature_box_69f7a68db3768\">        \t\t\n\t\t\t\t<h6>Kemping w Pomorskim<\/h6>\t\t\t<\/a>\n\t\t\t\t\t<\/div>\n\t<\/div>\n\t<\/div><\/div><\/div><div class=\"wpb_column vc_column_container vc_col-sm-4\"><div class=\"vc_column-inner\"><div class=\"wpb_wrapper\">\t<div id=\"cd_feature_box_cd_feature_box_69f7a68db3be7\" class=\"feature-box feature-border style-10 left-align\">\n\t\t\t\t\t\t<img decoding=\"async\" class=\"img-responsive center-block\" src=\"https:\/\/witocamprent.pl\/wp-content\/uploads\/2024\/07\/oboty-uslugowe-66.jpg\" alt=\"\">\n\t\t\t\t\t<div class=\"icon\">\n\t\t\t<i class=\"typcn typcn-info-large\"><\/i>\n\t\t<\/div>\n\t\t<div class=\"content\">\n\t\t\t<a href=\"https:\/\/witocamprent.pl\/en\/wojewodztwa\/slaskie\/\" id=\"cd_feature_box_69f7a68db3be7\">        \t\t\n\t\t\t\t<h6>Kemping w \u015al\u0105skim<\/h6>\t\t\t<\/a>\n\t\t\t\t\t<\/div>\n\t<\/div>\n\t<\/div><\/div><\/div><\/div><div class=\"vc_row wpb_row vc_row-fluid row-background-light\"><div class=\"vc_row-background-overlay\" style=\"opacity: 0.8;\"><\/div><div class=\"wpb_column vc_column_container vc_col-sm-4\"><div class=\"vc_column-inner\"><div class=\"wpb_wrapper\">\t<div id=\"cd_feature_box_cd_feature_box_69f7a68db4207\" class=\"feature-box feature-border style-10 left-align\">\n\t\t\t\t\t\t<img decoding=\"async\" class=\"img-responsive center-block\" src=\"https:\/\/witocamprent.pl\/wp-content\/uploads\/2024\/07\/oboty-uslugowe-67.jpg\" alt=\"\">\n\t\t\t\t\t<div class=\"icon\">\n\t\t\t<i class=\"typcn typcn-info-large\"><\/i>\n\t\t<\/div>\n\t\t<div class=\"content\">\n\t\t\t<a href=\"https:\/\/witocamprent.pl\/en\/wojewodztwa\/warminsko-mazurskie\/\" id=\"cd_feature_box_69f7a68db4207\">        \t\t\n\t\t\t\t<h6>Kemping w Warmi\u0144sko-Mazurskim<\/h6>\t\t\t<\/a>\n\t\t\t\t\t<\/div>\n\t<\/div>\n\t<\/div><\/div><\/div><div class=\"wpb_column vc_column_container vc_col-sm-4\"><div class=\"vc_column-inner\"><div class=\"wpb_wrapper\">\t<div id=\"cd_feature_box_cd_feature_box_69f7a68db4756\" class=\"feature-box feature-border style-10 left-align\">\n\t\t\t\t\t\t<img decoding=\"async\" class=\"img-responsive center-block\" src=\"https:\/\/witocamprent.pl\/wp-content\/uploads\/2024\/07\/oboty-uslugowe-68.jpg\" alt=\"\">\n\t\t\t\t\t<div class=\"icon\">\n\t\t\t<i class=\"typcn typcn-info-large\"><\/i>\n\t\t<\/div>\n\t\t<div class=\"content\">\n\t\t\t<a href=\"https:\/\/witocamprent.pl\/en\/wojewodztwa\/zachodniopomorskie\/\" id=\"cd_feature_box_69f7a68db4756\">        \t\t\n\t\t\t\t<h6>Kemping w Zachodniopomorskim<\/h6>\t\t\t<\/a>\n\t\t\t\t\t<\/div>\n\t<\/div>\n\t<\/div><\/div><\/div><div class=\"wpb_column vc_column_container vc_col-sm-4\"><div class=\"vc_column-inner\"><div class=\"wpb_wrapper\">\t<div id=\"cd_feature_box_cd_feature_box_69f7a68db4dbc\" class=\"feature-box feature-border style-10 left-align\">\n\t\t\t\t\t\t<img decoding=\"async\" class=\"img-responsive center-block\" src=\"https:\/\/witocamprent.pl\/wp-content\/uploads\/2024\/07\/oboty-uslugowe-59.jpg\" alt=\"\">\n\t\t\t\t\t<div class=\"icon\">\n\t\t\t<i class=\"typcn typcn-info-large\"><\/i>\n\t\t<\/div>\n\t\t<div class=\"content\">\n\t\t\t<a href=\"https:\/\/witocamprent.pl\/en\/wojewodztwa\/mazowieckie\/\" id=\"cd_feature_box_69f7a68db4dbc\">        \t\t\n\t\t\t\t<h6>Kemping w Mazowieckim<\/h6>\t\t\t<\/a>\n\t\t\t\t\t<\/div>\n\t<\/div>\n\t<\/div><\/div><\/div><\/div>","protected":false},"excerpt":{"rendered":"Kempingi w Wielkopolsce Kemping w \u0141\u00f3dzkim Kempingi w Lubelskim Kemping w Dolno\u015bl\u0105skim Kemping w Lubuskim Kemping w Ma\u0142opolskim Kemping w Kujawsko-Pomorskim Kemping w Opolskim Kemping w Podkarpackim Kemping w Podlaskim Kemping w Pomorskim Kemping w \u015al\u0105skim Kemping w Warmi\u0144sko-Mazurskim Kemping w Zachodniopomorskim Kemping w Mazowieckim","protected":false},"author":6,"featured_media":0,"parent":0,"menu_order":0,"comment_status":"closed","ping_status":"closed","template":"","meta":{"footnotes":""},"class_list":["post-14363","page","type-page","status-publish","hentry"],"yoast_head":"<!-- This site is optimized with the Yoast SEO plugin v26.8 - https:\/\/yoast.com\/product\/yoast-seo-wordpress\/ -->\n<title>Kempingi w Polsce - WITO CampRent<\/title>\n<meta name=\"robots\" content=\"index, follow, max-snippet:-1, max-image-preview:large, max-video-preview:-1\" \/>\n<link rel=\"canonical\" href=\"https:\/\/witocamprent.pl\/en\/kempingi-w-polsce\/\" \/>\n<meta property=\"og:locale\" content=\"en_US\" \/>\n<meta property=\"og:type\" content=\"article\" \/>\n<meta property=\"og:title\" content=\"Kempingi w Polsce - WITO CampRent\" \/>\n<meta property=\"og:url\" content=\"https:\/\/witocamprent.pl\/en\/kempingi-w-polsce\/\" \/>\n<meta property=\"og:site_name\" content=\"WITO CampRent\" \/>\n<meta property=\"article:modified_time\" content=\"2024-07-24T12:52:51+00:00\" \/>\n<meta name=\"twitter:card\" content=\"summary_large_image\" \/>\n<meta name=\"twitter:label1\" content=\"Est. reading time\" \/>\n\t<meta name=\"twitter:data1\" content=\"2 minutes\" \/>\n<script type=\"application\/ld+json\" class=\"yoast-schema-graph\">{\"@context\":\"https:\/\/schema.org\",\"@graph\":[{\"@type\":\"WebPage\",\"@id\":\"https:\/\/witocamprent.pl\/kempingi-w-polsce\/\",\"url\":\"https:\/\/witocamprent.pl\/kempingi-w-polsce\/\",\"name\":\"Kempingi w Polsce - WITO CampRent\",\"isPartOf\":{\"@id\":\"https:\/\/witocamprent.pl\/#website\"},\"datePublished\":\"2024-07-24T08:47:25+00:00\",\"dateModified\":\"2024-07-24T12:52:51+00:00\",\"breadcrumb\":{\"@id\":\"https:\/\/witocamprent.pl\/kempingi-w-polsce\/#breadcrumb\"},\"inLanguage\":\"en-US\",\"potentialAction\":[{\"@type\":\"ReadAction\",\"target\":[\"https:\/\/witocamprent.pl\/kempingi-w-polsce\/\"]}]},{\"@type\":\"BreadcrumbList\",\"@id\":\"https:\/\/witocamprent.pl\/kempingi-w-polsce\/#breadcrumb\",\"itemListElement\":[{\"@type\":\"ListItem\",\"position\":1,\"name\":\"Strona g\u0142\u00f3wna\",\"item\":\"https:\/\/witocamprent.pl\/\"},{\"@type\":\"ListItem\",\"position\":2,\"name\":\"Kempingi w Polsce\"}]},{\"@type\":\"WebSite\",\"@id\":\"https:\/\/witocamprent.pl\/#website\",\"url\":\"https:\/\/witocamprent.pl\/\",\"name\":\"WITO CampRent\",\"description\":\"Wynajem camper&oacute;w\",\"potentialAction\":[{\"@type\":\"SearchAction\",\"target\":{\"@type\":\"EntryPoint\",\"urlTemplate\":\"https:\/\/witocamprent.pl\/?s={search_term_string}\"},\"query-input\":{\"@type\":\"PropertyValueSpecification\",\"valueRequired\":true,\"valueName\":\"search_term_string\"}}],\"inLanguage\":\"en-US\"}]}<\/script>\n<!-- \/ Yoast SEO plugin. -->","yoast_head_json":{"title":"Kempingi w Polsce - WITO CampRent","robots":{"index":"index","follow":"follow","max-snippet":"max-snippet:-1","max-image-preview":"max-image-preview:large","max-video-preview":"max-video-preview:-1"},"canonical":"https:\/\/witocamprent.pl\/en\/kempingi-w-polsce\/","og_locale":"en_US","og_type":"article","og_title":"Kempingi w Polsce - WITO CampRent","og_url":"https:\/\/witocamprent.pl\/en\/kempingi-w-polsce\/","og_site_name":"WITO CampRent","article_modified_time":"2024-07-24T12:52:51+00:00","twitter_card":"summary_large_image","twitter_misc":{"Est. reading time":"2 minutes"},"schema":{"@context":"https:\/\/schema.org","@graph":[{"@type":"WebPage","@id":"https:\/\/witocamprent.pl\/kempingi-w-polsce\/","url":"https:\/\/witocamprent.pl\/kempingi-w-polsce\/","name":"Kempingi w Polsce - WITO CampRent","isPartOf":{"@id":"https:\/\/witocamprent.pl\/#website"},"datePublished":"2024-07-24T08:47:25+00:00","dateModified":"2024-07-24T12:52:51+00:00","breadcrumb":{"@id":"https:\/\/witocamprent.pl\/kempingi-w-polsce\/#breadcrumb"},"inLanguage":"en-US","potentialAction":[{"@type":"ReadAction","target":["https:\/\/witocamprent.pl\/kempingi-w-polsce\/"]}]},{"@type":"BreadcrumbList","@id":"https:\/\/witocamprent.pl\/kempingi-w-polsce\/#breadcrumb","itemListElement":[{"@type":"ListItem","position":1,"name":"Strona g\u0142\u00f3wna","item":"https:\/\/witocamprent.pl\/"},{"@type":"ListItem","position":2,"name":"Kempingi w Polsce"}]},{"@type":"WebSite","@id":"https:\/\/witocamprent.pl\/#website","url":"https:\/\/witocamprent.pl\/","name":"WITO CampRent","description":"Wynajem camper&oacute;w","potentialAction":[{"@type":"SearchAction","target":{"@type":"EntryPoint","urlTemplate":"https:\/\/witocamprent.pl\/?s={search_term_string}"},"query-input":{"@type":"PropertyValueSpecification","valueRequired":true,"valueName":"search_term_string"}}],"inLanguage":"en-US"}]}},"_links":{"self":[{"href":"https:\/\/witocamprent.pl\/en\/wp-json\/wp\/v2\/pages\/14363","targetHints":{"allow":["GET"]}}],"collection":[{"href":"https:\/\/witocamprent.pl\/en\/wp-json\/wp\/v2\/pages"}],"about":[{"href":"https:\/\/witocamprent.pl\/en\/wp-json\/wp\/v2\/types\/page"}],"author":[{"embeddable":true,"href":"https:\/\/witocamprent.pl\/en\/wp-json\/wp\/v2\/users\/6"}],"replies":[{"embeddable":true,"href":"https:\/\/witocamprent.pl\/en\/wp-json\/wp\/v2\/comments?post=14363"}],"version-history":[{"count":25,"href":"https:\/\/witocamprent.pl\/en\/wp-json\/wp\/v2\/pages\/14363\/revisions"}],"predecessor-version":[{"id":14408,"href":"https:\/\/witocamprent.pl\/en\/wp-json\/wp\/v2\/pages\/14363\/revisions\/14408"}],"wp:attachment":[{"href":"https:\/\/witocamprent.pl\/en\/wp-json\/wp\/v2\/media?parent=14363"}],"curies":[{"name":"wp","href":"https:\/\/api.w.org\/{rel}","templated":true}]}}