{"id":14878,"date":"2024-08-31T14:51:43","date_gmt":"2024-08-31T13:51:43","guid":{"rendered":"https:\/\/witocamprent.pl\/camper-park-aris-camping\/"},"modified":"2024-11-09T16:29:44","modified_gmt":"2024-11-09T15:29:44","slug":"camper-park-aris-camping","status":"publish","type":"page","link":"https:\/\/witocamprent.pl\/en\/camper-park-aris-camping\/","title":{"rendered":"Camper Park Aris &#8211; Camping"},"content":{"rendered":"<p>&nbsp;<\/p>\n<table>\n<tbody>\n<tr>\n<td>Kamping<\/td>\n<td>Camper Park Aris<\/td>\n<\/tr>\n<tr>\n<td>Miejscowo\u015b\u0107<\/td>\n<td>Orzysz<\/td>\n<\/tr>\n<tr>\n<td>Wojew\u00f3dztwo<\/td>\n<td>Warmi\u0144sko-Mazurskie<\/td>\n<\/tr>\n<tr>\n<td>Pa\u0144stwo<\/td>\n<td>Polska<\/td>\n<\/tr>\n<tr>\n<td>GPS<\/td>\n<td>53\u00b048&#8217;17&#8221;N,21\u00b057&#8217;48&#8221;E<\/td>\n<\/tr>\n<\/tbody>\n<\/table>\n<p>&nbsp;<\/p>\n<h2>Opis obiektu &#8211; Camper Park Aris<\/h2>\n<p>Polska Camper Park Aris w Warmi\u0144sko-Mazurskim w Orzyszu to o\u015brodek przystosowany dla niepe\u0142nosprawnych, gdzie mo\u017cna przyje\u017cd\u017ca\u0107 z psami. Po\u0142o\u017cony nad jeziorem lub rzek\u0105 na Mazurach, oferuje pole namiotowe, wypo\u017cyczalni\u0119 rower\u00f3w, plac zabaw i wiele innych atrakcji.<\/p>\n<p>&nbsp;<\/p>\n<h2>Opis miejscowo\u015bci &#8211; Orzysz<\/h2>\n<p>Malownicza miejscowo\u015b\u0107 po\u0142o\u017cona nad jeziorem, oferuj\u0105ca liczne atrakcje wodne, pla\u017ce i mo\u017cliwo\u015bci rekreacyjne.<\/p>\n<p>&nbsp;<\/p>\n<p>Twoim celem podr\u00f3\u017cy jest Orzysz? &#8211; Sprawd\u017a nasz\u0105 ofert\u0119 na <strong><a href=\"\/en\/\">wynajem kamper\u00f3w<\/a><\/strong>!<\/p>","protected":false},"excerpt":{"rendered":"<p>&nbsp; Kamping Camper Park Aris Miejscowo\u015b\u0107 Orzysz Wojew\u00f3dztwo Warmi\u0144sko-Mazurskie Pa\u0144stwo Polska GPS 53\u00b048&#8217;17&#8221;N,21\u00b057&#8217;48&#8221;E &nbsp; Opis obiektu &#8211; Camper Park Aris Polska Camper Park Aris w Warmi\u0144sko-Mazurskim w Orzyszu to o\u015brodek przystosowany dla niepe\u0142nosprawnych, gdzie mo\u017cna przyje\u017cd\u017ca\u0107 z psami. Po\u0142o\u017cony nad jeziorem lub rzek\u0105 na Mazurach, oferuje pole namiotowe, wypo\u017cyczalni\u0119 rower\u00f3w, plac zabaw i wiele innych [&hellip;]<\/p>","protected":false},"author":6,"featured_media":11738,"parent":0,"menu_order":0,"comment_status":"open","ping_status":"open","template":"","meta":{"footnotes":""},"class_list":["post-14878","page","type-page","status-publish","has-post-thumbnail","hentry","miasto-orzysz","wojewodztwa-warminsko-mazurskie"],"yoast_head":"<!-- This site is optimized with the Yoast SEO plugin v26.8 - https:\/\/yoast.com\/product\/yoast-seo-wordpress\/ -->\n<title>Camper Park Aris - Camping - WITO CampRent<\/title>\n<meta name=\"robots\" content=\"index, follow, max-snippet:-1, max-image-preview:large, max-video-preview:-1\" \/>\n<link rel=\"canonical\" href=\"https:\/\/witocamprent.pl\/en\/camper-park-aris-camping\/\" \/>\n<meta property=\"og:locale\" content=\"en_US\" \/>\n<meta property=\"og:type\" content=\"article\" \/>\n<meta property=\"og:title\" content=\"Camper Park Aris - Camping - WITO CampRent\" \/>\n<meta property=\"og:description\" content=\"&nbsp; Kamping Camper Park Aris Miejscowo\u015b\u0107 Orzysz Wojew\u00f3dztwo Warmi\u0144sko-Mazurskie Pa\u0144stwo Polska GPS 53\u00b048&#8217;17&#8221;N,21\u00b057&#8217;48&#8221;E &nbsp; Opis obiektu &#8211; Camper Park Aris Polska Camper Park Aris w Warmi\u0144sko-Mazurskim w Orzyszu to o\u015brodek przystosowany dla niepe\u0142nosprawnych, gdzie mo\u017cna przyje\u017cd\u017ca\u0107 z psami. Po\u0142o\u017cony nad jeziorem lub rzek\u0105 na Mazurach, oferuje pole namiotowe, wypo\u017cyczalni\u0119 rower\u00f3w, plac zabaw i wiele innych [&hellip;]\" \/>\n<meta property=\"og:url\" content=\"https:\/\/witocamprent.pl\/en\/camper-park-aris-camping\/\" \/>\n<meta property=\"og:site_name\" content=\"WITO CampRent\" \/>\n<meta property=\"article:modified_time\" content=\"2024-11-09T15:29:44+00:00\" \/>\n<meta property=\"og:image\" content=\"https:\/\/witocamprent.pl\/wp-content\/uploads\/2023\/06\/5.jpg\" \/>\n\t<meta property=\"og:image:width\" content=\"640\" \/>\n\t<meta property=\"og:image:height\" content=\"428\" \/>\n\t<meta property=\"og:image:type\" content=\"image\/jpeg\" \/>\n<meta name=\"twitter:card\" content=\"summary_large_image\" \/>\n<meta name=\"twitter:label1\" content=\"Est. reading time\" \/>\n\t<meta name=\"twitter:data1\" content=\"1 minute\" \/>\n<script type=\"application\/ld+json\" class=\"yoast-schema-graph\">{\"@context\":\"https:\/\/schema.org\",\"@graph\":[{\"@type\":\"WebPage\",\"@id\":\"https:\/\/witocamprent.pl\/camper-park-aris-camping\/\",\"url\":\"https:\/\/witocamprent.pl\/camper-park-aris-camping\/\",\"name\":\"Camper Park Aris - Camping - WITO CampRent\",\"isPartOf\":{\"@id\":\"https:\/\/witocamprent.pl\/#website\"},\"primaryImageOfPage\":{\"@id\":\"https:\/\/witocamprent.pl\/camper-park-aris-camping\/#primaryimage\"},\"image\":{\"@id\":\"https:\/\/witocamprent.pl\/camper-park-aris-camping\/#primaryimage\"},\"thumbnailUrl\":\"https:\/\/witocamprent.pl\/wp-content\/uploads\/2023\/06\/5.jpg\",\"datePublished\":\"2024-08-31T13:51:43+00:00\",\"dateModified\":\"2024-11-09T15:29:44+00:00\",\"breadcrumb\":{\"@id\":\"https:\/\/witocamprent.pl\/camper-park-aris-camping\/#breadcrumb\"},\"inLanguage\":\"en-US\",\"potentialAction\":[{\"@type\":\"ReadAction\",\"target\":[\"https:\/\/witocamprent.pl\/camper-park-aris-camping\/\"]}]},{\"@type\":\"ImageObject\",\"inLanguage\":\"en-US\",\"@id\":\"https:\/\/witocamprent.pl\/camper-park-aris-camping\/#primaryimage\",\"url\":\"https:\/\/witocamprent.pl\/wp-content\/uploads\/2023\/06\/5.jpg\",\"contentUrl\":\"https:\/\/witocamprent.pl\/wp-content\/uploads\/2023\/06\/5.jpg\",\"width\":640,\"height\":428},{\"@type\":\"BreadcrumbList\",\"@id\":\"https:\/\/witocamprent.pl\/camper-park-aris-camping\/#breadcrumb\",\"itemListElement\":[{\"@type\":\"ListItem\",\"position\":1,\"name\":\"Strona g\u0142\u00f3wna\",\"item\":\"https:\/\/witocamprent.pl\/\"},{\"@type\":\"ListItem\",\"position\":2,\"name\":\"Camper Park Aris &#8211; Camping\"}]},{\"@type\":\"WebSite\",\"@id\":\"https:\/\/witocamprent.pl\/#website\",\"url\":\"https:\/\/witocamprent.pl\/\",\"name\":\"WITO CampRent\",\"description\":\"Wynajem camper&oacute;w\",\"potentialAction\":[{\"@type\":\"SearchAction\",\"target\":{\"@type\":\"EntryPoint\",\"urlTemplate\":\"https:\/\/witocamprent.pl\/?s={search_term_string}\"},\"query-input\":{\"@type\":\"PropertyValueSpecification\",\"valueRequired\":true,\"valueName\":\"search_term_string\"}}],\"inLanguage\":\"en-US\"}]}<\/script>\n<!-- \/ Yoast SEO plugin. -->","yoast_head_json":{"title":"Camper Park Aris - Camping - WITO CampRent","robots":{"index":"index","follow":"follow","max-snippet":"max-snippet:-1","max-image-preview":"max-image-preview:large","max-video-preview":"max-video-preview:-1"},"canonical":"https:\/\/witocamprent.pl\/en\/camper-park-aris-camping\/","og_locale":"en_US","og_type":"article","og_title":"Camper Park Aris - Camping - WITO CampRent","og_description":"&nbsp; Kamping Camper Park Aris Miejscowo\u015b\u0107 Orzysz Wojew\u00f3dztwo Warmi\u0144sko-Mazurskie Pa\u0144stwo Polska GPS 53\u00b048&#8217;17&#8221;N,21\u00b057&#8217;48&#8221;E &nbsp; Opis obiektu &#8211; Camper Park Aris Polska Camper Park Aris w Warmi\u0144sko-Mazurskim w Orzyszu to o\u015brodek przystosowany dla niepe\u0142nosprawnych, gdzie mo\u017cna przyje\u017cd\u017ca\u0107 z psami. Po\u0142o\u017cony nad jeziorem lub rzek\u0105 na Mazurach, oferuje pole namiotowe, wypo\u017cyczalni\u0119 rower\u00f3w, plac zabaw i wiele innych [&hellip;]","og_url":"https:\/\/witocamprent.pl\/en\/camper-park-aris-camping\/","og_site_name":"WITO CampRent","article_modified_time":"2024-11-09T15:29:44+00:00","og_image":[{"width":640,"height":428,"url":"https:\/\/witocamprent.pl\/wp-content\/uploads\/2023\/06\/5.jpg","type":"image\/jpeg"}],"twitter_card":"summary_large_image","twitter_misc":{"Est. reading time":"1 minute"},"schema":{"@context":"https:\/\/schema.org","@graph":[{"@type":"WebPage","@id":"https:\/\/witocamprent.pl\/camper-park-aris-camping\/","url":"https:\/\/witocamprent.pl\/camper-park-aris-camping\/","name":"Camper Park Aris - Camping - WITO CampRent","isPartOf":{"@id":"https:\/\/witocamprent.pl\/#website"},"primaryImageOfPage":{"@id":"https:\/\/witocamprent.pl\/camper-park-aris-camping\/#primaryimage"},"image":{"@id":"https:\/\/witocamprent.pl\/camper-park-aris-camping\/#primaryimage"},"thumbnailUrl":"https:\/\/witocamprent.pl\/wp-content\/uploads\/2023\/06\/5.jpg","datePublished":"2024-08-31T13:51:43+00:00","dateModified":"2024-11-09T15:29:44+00:00","breadcrumb":{"@id":"https:\/\/witocamprent.pl\/camper-park-aris-camping\/#breadcrumb"},"inLanguage":"en-US","potentialAction":[{"@type":"ReadAction","target":["https:\/\/witocamprent.pl\/camper-park-aris-camping\/"]}]},{"@type":"ImageObject","inLanguage":"en-US","@id":"https:\/\/witocamprent.pl\/camper-park-aris-camping\/#primaryimage","url":"https:\/\/witocamprent.pl\/wp-content\/uploads\/2023\/06\/5.jpg","contentUrl":"https:\/\/witocamprent.pl\/wp-content\/uploads\/2023\/06\/5.jpg","width":640,"height":428},{"@type":"BreadcrumbList","@id":"https:\/\/witocamprent.pl\/camper-park-aris-camping\/#breadcrumb","itemListElement":[{"@type":"ListItem","position":1,"name":"Strona g\u0142\u00f3wna","item":"https:\/\/witocamprent.pl\/"},{"@type":"ListItem","position":2,"name":"Camper Park Aris &#8211; Camping"}]},{"@type":"WebSite","@id":"https:\/\/witocamprent.pl\/#website","url":"https:\/\/witocamprent.pl\/","name":"WITO CampRent","description":"Wynajem camper&oacute;w","potentialAction":[{"@type":"SearchAction","target":{"@type":"EntryPoint","urlTemplate":"https:\/\/witocamprent.pl\/?s={search_term_string}"},"query-input":{"@type":"PropertyValueSpecification","valueRequired":true,"valueName":"search_term_string"}}],"inLanguage":"en-US"}]}},"_links":{"self":[{"href":"https:\/\/witocamprent.pl\/en\/wp-json\/wp\/v2\/pages\/14878","targetHints":{"allow":["GET"]}}],"collection":[{"href":"https:\/\/witocamprent.pl\/en\/wp-json\/wp\/v2\/pages"}],"about":[{"href":"https:\/\/witocamprent.pl\/en\/wp-json\/wp\/v2\/types\/page"}],"author":[{"embeddable":true,"href":"https:\/\/witocamprent.pl\/en\/wp-json\/wp\/v2\/users\/6"}],"replies":[{"embeddable":true,"href":"https:\/\/witocamprent.pl\/en\/wp-json\/wp\/v2\/comments?post=14878"}],"version-history":[{"count":1,"href":"https:\/\/witocamprent.pl\/en\/wp-json\/wp\/v2\/pages\/14878\/revisions"}],"predecessor-version":[{"id":15087,"href":"https:\/\/witocamprent.pl\/en\/wp-json\/wp\/v2\/pages\/14878\/revisions\/15087"}],"wp:featuredmedia":[{"embeddable":true,"href":"https:\/\/witocamprent.pl\/en\/wp-json\/wp\/v2\/media\/11738"}],"wp:attachment":[{"href":"https:\/\/witocamprent.pl\/en\/wp-json\/wp\/v2\/media?parent=14878"}],"curies":[{"name":"wp","href":"https:\/\/api.w.org\/{rel}","templated":true}]}}