{"id":14880,"date":"2024-10-17T21:56:07","date_gmt":"2024-10-17T20:56:07","guid":{"rendered":"https:\/\/witocamprent.pl\/camperpark-pit-stop-nr-110-camping\/"},"modified":"2024-11-09T16:29:45","modified_gmt":"2024-11-09T15:29:45","slug":"camperpark-pit-stop-nr-110-camping","status":"publish","type":"page","link":"https:\/\/witocamprent.pl\/en\/camperpark-pit-stop-nr-110-camping\/","title":{"rendered":"CamperPark PIT STOP nr. 110 &#8211; Camping"},"content":{"rendered":"<p>&nbsp;<\/p>\n<table>\n<tbody>\n<tr>\n<td>Kamping<\/td>\n<td>CamperPark PIT STOP nr. 110<\/td>\n<\/tr>\n<tr>\n<td>Miejscowo\u015b\u0107<\/td>\n<td>St\u0119\u017cyca<\/td>\n<\/tr>\n<tr>\n<td>Wojew\u00f3dztwo<\/td>\n<td>Pomorskie<\/td>\n<\/tr>\n<tr>\n<td>Pa\u0144stwo<\/td>\n<td>Polska<\/td>\n<\/tr>\n<tr>\n<td>GPS<\/td>\n<td>54\u00b012&#8217;41.5&#8243;N 17\u00b057&#8217;06.3&#8243;E<\/td>\n<\/tr>\n<\/tbody>\n<\/table>\n<p>&nbsp;<\/p>\n<h2>Opis obiektu &#8211; CamperPark PIT STOP nr. 110<\/h2>\n<p>CamperPark PIT STOP nr. 110 w Pomorskim w St\u0119\u017cycy to o\u015brodek czynny w sezonie, przyjazny zwierz\u0119tom, zlokalizowany nad jeziorem lub rzek\u0105. Oferuje bogate zaplecze rekreacyjne i mo\u017cliwo\u015b\u0107 wypo\u017cyczenia sprz\u0119tu wodnego.<\/p>\n<p>&nbsp;<\/p>\n<h2>Opis miejscowo\u015bci &#8211; St\u0119\u017cyca<\/h2>\n<p>Malownicza miejscowo\u015b\u0107 po\u0142o\u017cona w sercu Kaszubskiego Parku Krajobrazowego, oferuj\u0105ca liczne szlaki turystyczne, jeziora i mo\u017cliwo\u015bci aktywnego wypoczynku na \u0142onie natury.<\/p>\n<p>&nbsp;<\/p>\n<p>Twoim celem podr\u00f3\u017cy jest St\u0119\u017cyca? &#8211; Sprawd\u017a nasz\u0105 ofert\u0119 na <strong><a href=\"\/en\/\">wynajem kamper\u00f3w<\/a><\/strong>!<\/p>","protected":false},"excerpt":{"rendered":"<p>&nbsp; Kamping CamperPark PIT STOP nr. 110 Miejscowo\u015b\u0107 St\u0119\u017cyca Wojew\u00f3dztwo Pomorskie Pa\u0144stwo Polska GPS 54\u00b012&#8217;41.5&#8243;N 17\u00b057&#8217;06.3&#8243;E &nbsp; Opis obiektu &#8211; CamperPark PIT STOP nr. 110 CamperPark PIT STOP nr. 110 w Pomorskim w St\u0119\u017cycy to o\u015brodek czynny w sezonie, przyjazny zwierz\u0119tom, zlokalizowany nad jeziorem lub rzek\u0105. Oferuje bogate zaplecze rekreacyjne i mo\u017cliwo\u015b\u0107 wypo\u017cyczenia sprz\u0119tu wodnego. [&hellip;]<\/p>","protected":false},"author":6,"featured_media":11740,"parent":0,"menu_order":0,"comment_status":"open","ping_status":"open","template":"","meta":{"footnotes":""},"class_list":["post-14880","page","type-page","status-publish","has-post-thumbnail","hentry","miasto-stezyca","wojewodztwa-pomorskie"],"yoast_head":"<!-- This site is optimized with the Yoast SEO plugin v26.8 - https:\/\/yoast.com\/product\/yoast-seo-wordpress\/ -->\n<title>CamperPark PIT STOP nr. 110 - Camping - WITO CampRent<\/title>\n<meta name=\"robots\" content=\"index, follow, max-snippet:-1, max-image-preview:large, max-video-preview:-1\" \/>\n<link rel=\"canonical\" href=\"https:\/\/witocamprent.pl\/en\/camperpark-pit-stop-nr-110-camping\/\" \/>\n<meta property=\"og:locale\" content=\"en_US\" \/>\n<meta property=\"og:type\" content=\"article\" \/>\n<meta property=\"og:title\" content=\"CamperPark PIT STOP nr. 110 - Camping - WITO CampRent\" \/>\n<meta property=\"og:description\" content=\"&nbsp; Kamping CamperPark PIT STOP nr. 110 Miejscowo\u015b\u0107 St\u0119\u017cyca Wojew\u00f3dztwo Pomorskie Pa\u0144stwo Polska GPS 54\u00b012&#8217;41.5&#8243;N 17\u00b057&#8217;06.3&#8243;E &nbsp; Opis obiektu &#8211; CamperPark PIT STOP nr. 110 CamperPark PIT STOP nr. 110 w Pomorskim w St\u0119\u017cycy to o\u015brodek czynny w sezonie, przyjazny zwierz\u0119tom, zlokalizowany nad jeziorem lub rzek\u0105. Oferuje bogate zaplecze rekreacyjne i mo\u017cliwo\u015b\u0107 wypo\u017cyczenia sprz\u0119tu wodnego. [&hellip;]\" \/>\n<meta property=\"og:url\" content=\"https:\/\/witocamprent.pl\/en\/camperpark-pit-stop-nr-110-camping\/\" \/>\n<meta property=\"og:site_name\" content=\"WITO CampRent\" \/>\n<meta property=\"article:modified_time\" content=\"2024-11-09T15:29:45+00:00\" \/>\n<meta property=\"og:image\" content=\"https:\/\/witocamprent.pl\/wp-content\/uploads\/2023\/06\/7.jpg\" \/>\n\t<meta property=\"og:image:width\" content=\"640\" \/>\n\t<meta property=\"og:image:height\" content=\"428\" \/>\n\t<meta property=\"og:image:type\" content=\"image\/jpeg\" \/>\n<meta name=\"twitter:card\" content=\"summary_large_image\" \/>\n<meta name=\"twitter:label1\" content=\"Est. reading time\" \/>\n\t<meta name=\"twitter:data1\" content=\"1 minute\" \/>\n<script type=\"application\/ld+json\" class=\"yoast-schema-graph\">{\"@context\":\"https:\/\/schema.org\",\"@graph\":[{\"@type\":\"WebPage\",\"@id\":\"https:\/\/witocamprent.pl\/camperpark-pit-stop-nr-110-camping\/\",\"url\":\"https:\/\/witocamprent.pl\/camperpark-pit-stop-nr-110-camping\/\",\"name\":\"CamperPark PIT STOP nr. 110 - Camping - WITO CampRent\",\"isPartOf\":{\"@id\":\"https:\/\/witocamprent.pl\/#website\"},\"primaryImageOfPage\":{\"@id\":\"https:\/\/witocamprent.pl\/camperpark-pit-stop-nr-110-camping\/#primaryimage\"},\"image\":{\"@id\":\"https:\/\/witocamprent.pl\/camperpark-pit-stop-nr-110-camping\/#primaryimage\"},\"thumbnailUrl\":\"https:\/\/witocamprent.pl\/wp-content\/uploads\/2023\/06\/7.jpg\",\"datePublished\":\"2024-10-17T20:56:07+00:00\",\"dateModified\":\"2024-11-09T15:29:45+00:00\",\"breadcrumb\":{\"@id\":\"https:\/\/witocamprent.pl\/camperpark-pit-stop-nr-110-camping\/#breadcrumb\"},\"inLanguage\":\"en-US\",\"potentialAction\":[{\"@type\":\"ReadAction\",\"target\":[\"https:\/\/witocamprent.pl\/camperpark-pit-stop-nr-110-camping\/\"]}]},{\"@type\":\"ImageObject\",\"inLanguage\":\"en-US\",\"@id\":\"https:\/\/witocamprent.pl\/camperpark-pit-stop-nr-110-camping\/#primaryimage\",\"url\":\"https:\/\/witocamprent.pl\/wp-content\/uploads\/2023\/06\/7.jpg\",\"contentUrl\":\"https:\/\/witocamprent.pl\/wp-content\/uploads\/2023\/06\/7.jpg\",\"width\":640,\"height\":428},{\"@type\":\"BreadcrumbList\",\"@id\":\"https:\/\/witocamprent.pl\/camperpark-pit-stop-nr-110-camping\/#breadcrumb\",\"itemListElement\":[{\"@type\":\"ListItem\",\"position\":1,\"name\":\"Strona g\u0142\u00f3wna\",\"item\":\"https:\/\/witocamprent.pl\/\"},{\"@type\":\"ListItem\",\"position\":2,\"name\":\"CamperPark PIT STOP nr. 110 &#8211; Camping\"}]},{\"@type\":\"WebSite\",\"@id\":\"https:\/\/witocamprent.pl\/#website\",\"url\":\"https:\/\/witocamprent.pl\/\",\"name\":\"WITO CampRent\",\"description\":\"Wynajem camper&oacute;w\",\"potentialAction\":[{\"@type\":\"SearchAction\",\"target\":{\"@type\":\"EntryPoint\",\"urlTemplate\":\"https:\/\/witocamprent.pl\/?s={search_term_string}\"},\"query-input\":{\"@type\":\"PropertyValueSpecification\",\"valueRequired\":true,\"valueName\":\"search_term_string\"}}],\"inLanguage\":\"en-US\"}]}<\/script>\n<!-- \/ Yoast SEO plugin. -->","yoast_head_json":{"title":"CamperPark PIT STOP nr. 110 - Camping - WITO CampRent","robots":{"index":"index","follow":"follow","max-snippet":"max-snippet:-1","max-image-preview":"max-image-preview:large","max-video-preview":"max-video-preview:-1"},"canonical":"https:\/\/witocamprent.pl\/en\/camperpark-pit-stop-nr-110-camping\/","og_locale":"en_US","og_type":"article","og_title":"CamperPark PIT STOP nr. 110 - Camping - WITO CampRent","og_description":"&nbsp; Kamping CamperPark PIT STOP nr. 110 Miejscowo\u015b\u0107 St\u0119\u017cyca Wojew\u00f3dztwo Pomorskie Pa\u0144stwo Polska GPS 54\u00b012&#8217;41.5&#8243;N 17\u00b057&#8217;06.3&#8243;E &nbsp; Opis obiektu &#8211; CamperPark PIT STOP nr. 110 CamperPark PIT STOP nr. 110 w Pomorskim w St\u0119\u017cycy to o\u015brodek czynny w sezonie, przyjazny zwierz\u0119tom, zlokalizowany nad jeziorem lub rzek\u0105. Oferuje bogate zaplecze rekreacyjne i mo\u017cliwo\u015b\u0107 wypo\u017cyczenia sprz\u0119tu wodnego. [&hellip;]","og_url":"https:\/\/witocamprent.pl\/en\/camperpark-pit-stop-nr-110-camping\/","og_site_name":"WITO CampRent","article_modified_time":"2024-11-09T15:29:45+00:00","og_image":[{"width":640,"height":428,"url":"https:\/\/witocamprent.pl\/wp-content\/uploads\/2023\/06\/7.jpg","type":"image\/jpeg"}],"twitter_card":"summary_large_image","twitter_misc":{"Est. reading time":"1 minute"},"schema":{"@context":"https:\/\/schema.org","@graph":[{"@type":"WebPage","@id":"https:\/\/witocamprent.pl\/camperpark-pit-stop-nr-110-camping\/","url":"https:\/\/witocamprent.pl\/camperpark-pit-stop-nr-110-camping\/","name":"CamperPark PIT STOP nr. 110 - Camping - WITO CampRent","isPartOf":{"@id":"https:\/\/witocamprent.pl\/#website"},"primaryImageOfPage":{"@id":"https:\/\/witocamprent.pl\/camperpark-pit-stop-nr-110-camping\/#primaryimage"},"image":{"@id":"https:\/\/witocamprent.pl\/camperpark-pit-stop-nr-110-camping\/#primaryimage"},"thumbnailUrl":"https:\/\/witocamprent.pl\/wp-content\/uploads\/2023\/06\/7.jpg","datePublished":"2024-10-17T20:56:07+00:00","dateModified":"2024-11-09T15:29:45+00:00","breadcrumb":{"@id":"https:\/\/witocamprent.pl\/camperpark-pit-stop-nr-110-camping\/#breadcrumb"},"inLanguage":"en-US","potentialAction":[{"@type":"ReadAction","target":["https:\/\/witocamprent.pl\/camperpark-pit-stop-nr-110-camping\/"]}]},{"@type":"ImageObject","inLanguage":"en-US","@id":"https:\/\/witocamprent.pl\/camperpark-pit-stop-nr-110-camping\/#primaryimage","url":"https:\/\/witocamprent.pl\/wp-content\/uploads\/2023\/06\/7.jpg","contentUrl":"https:\/\/witocamprent.pl\/wp-content\/uploads\/2023\/06\/7.jpg","width":640,"height":428},{"@type":"BreadcrumbList","@id":"https:\/\/witocamprent.pl\/camperpark-pit-stop-nr-110-camping\/#breadcrumb","itemListElement":[{"@type":"ListItem","position":1,"name":"Strona g\u0142\u00f3wna","item":"https:\/\/witocamprent.pl\/"},{"@type":"ListItem","position":2,"name":"CamperPark PIT STOP nr. 110 &#8211; Camping"}]},{"@type":"WebSite","@id":"https:\/\/witocamprent.pl\/#website","url":"https:\/\/witocamprent.pl\/","name":"WITO CampRent","description":"Wynajem camper&oacute;w","potentialAction":[{"@type":"SearchAction","target":{"@type":"EntryPoint","urlTemplate":"https:\/\/witocamprent.pl\/?s={search_term_string}"},"query-input":{"@type":"PropertyValueSpecification","valueRequired":true,"valueName":"search_term_string"}}],"inLanguage":"en-US"}]}},"_links":{"self":[{"href":"https:\/\/witocamprent.pl\/en\/wp-json\/wp\/v2\/pages\/14880","targetHints":{"allow":["GET"]}}],"collection":[{"href":"https:\/\/witocamprent.pl\/en\/wp-json\/wp\/v2\/pages"}],"about":[{"href":"https:\/\/witocamprent.pl\/en\/wp-json\/wp\/v2\/types\/page"}],"author":[{"embeddable":true,"href":"https:\/\/witocamprent.pl\/en\/wp-json\/wp\/v2\/users\/6"}],"replies":[{"embeddable":true,"href":"https:\/\/witocamprent.pl\/en\/wp-json\/wp\/v2\/comments?post=14880"}],"version-history":[{"count":1,"href":"https:\/\/witocamprent.pl\/en\/wp-json\/wp\/v2\/pages\/14880\/revisions"}],"predecessor-version":[{"id":15095,"href":"https:\/\/witocamprent.pl\/en\/wp-json\/wp\/v2\/pages\/14880\/revisions\/15095"}],"wp:featuredmedia":[{"embeddable":true,"href":"https:\/\/witocamprent.pl\/en\/wp-json\/wp\/v2\/media\/11740"}],"wp:attachment":[{"href":"https:\/\/witocamprent.pl\/en\/wp-json\/wp\/v2\/media?parent=14880"}],"curies":[{"name":"wp","href":"https:\/\/api.w.org\/{rel}","templated":true}]}}