{"id":14884,"date":"2024-08-27T07:17:20","date_gmt":"2024-08-27T06:17:20","guid":{"rendered":"https:\/\/witocamprent.pl\/camping-222-kaputy-camping\/"},"modified":"2024-11-09T16:29:46","modified_gmt":"2024-11-09T15:29:46","slug":"camping-222-kaputy-camping","status":"publish","type":"page","link":"https:\/\/witocamprent.pl\/en\/camping-222-kaputy-camping\/","title":{"rendered":"Camping 222 KAPUTY &#8211; Camping"},"content":{"rendered":"<p>&nbsp;<\/p>\n<table>\n<tbody>\n<tr>\n<td>Kamping<\/td>\n<td>Camping 222 KAPUTY<\/td>\n<\/tr>\n<tr>\n<td>Miejscowo\u015b\u0107<\/td>\n<td>Kaputy<\/td>\n<\/tr>\n<tr>\n<td>Wojew\u00f3dztwo<\/td>\n<td>Mazowieckie<\/td>\n<\/tr>\n<tr>\n<td>Pa\u0144stwo<\/td>\n<td>Polska<\/td>\n<\/tr>\n<tr>\n<td>GPS<\/td>\n<td>52\u00b013&#8217;50&#8221;N,20\u00b046&#8217;56&#8221;E<\/td>\n<\/tr>\n<\/tbody>\n<\/table>\n<p>&nbsp;<\/p>\n<h2>Opis obiektu &#8211; Camping 222 KAPUTY<\/h2>\n<p>Polska Camping 222 Kaputy w Mazowieckim w Kaputach to o\u015brodek po\u0142o\u017cony nad jeziorem, zapewniaj\u0105cy mo\u017cliwo\u015b\u0107 w\u0119dkowania, wygodny sklep spo\u017cywczy, pralk\u0119, umywalki, bezp\u0142atny prysznic, toalety, dost\u0119p do internetu oraz urokliw\u0105 wiat\u0119 grilow\u0105. Dodatkowo oferuje miejsce na ognisko, idealne na mi\u0142e wieczorne spotkania.<\/p>\n<p>&nbsp;<\/p>\n<h2>Opis miejscowo\u015bci &#8211; Kaputy<\/h2>\n<p>Miejscowo\u015b\u0107 Kaputy po\u0142o\u017cona w\u015br\u00f3d malowniczych las\u00f3w i jezior jest idealna dla mi\u0142o\u015bnik\u00f3w spokoju i aktywnego wypoczynku na \u0142onie natury.<\/p>\n<p>&nbsp;<\/p>\n<p>Twoim celem podr\u00f3\u017cy jest Kaputy? &#8211; Sprawd\u017a nasz\u0105 ofert\u0119 na <strong><a href=\"\/en\/\">wynajem kamper\u00f3w<\/a><\/strong>!<\/p>","protected":false},"excerpt":{"rendered":"<p>&nbsp; Kamping Camping 222 KAPUTY Miejscowo\u015b\u0107 Kaputy Wojew\u00f3dztwo Mazowieckie Pa\u0144stwo Polska GPS 52\u00b013&#8217;50&#8221;N,20\u00b046&#8217;56&#8221;E &nbsp; Opis obiektu &#8211; Camping 222 KAPUTY Polska Camping 222 Kaputy w Mazowieckim w Kaputach to o\u015brodek po\u0142o\u017cony nad jeziorem, zapewniaj\u0105cy mo\u017cliwo\u015b\u0107 w\u0119dkowania, wygodny sklep spo\u017cywczy, pralk\u0119, umywalki, bezp\u0142atny prysznic, toalety, dost\u0119p do internetu oraz urokliw\u0105 wiat\u0119 grilow\u0105. Dodatkowo oferuje miejsce na [&hellip;]<\/p>","protected":false},"author":6,"featured_media":11744,"parent":0,"menu_order":0,"comment_status":"open","ping_status":"open","template":"","meta":{"footnotes":""},"class_list":["post-14884","page","type-page","status-publish","has-post-thumbnail","hentry","miasto-kaputy","wojewodztwa-mazowieckie"],"yoast_head":"<!-- This site is optimized with the Yoast SEO plugin v26.8 - https:\/\/yoast.com\/product\/yoast-seo-wordpress\/ -->\n<title>Camping 222 KAPUTY - Camping - WITO CampRent<\/title>\n<meta name=\"robots\" content=\"index, follow, max-snippet:-1, max-image-preview:large, max-video-preview:-1\" \/>\n<link rel=\"canonical\" href=\"https:\/\/witocamprent.pl\/en\/camping-222-kaputy-camping\/\" \/>\n<meta property=\"og:locale\" content=\"en_US\" \/>\n<meta property=\"og:type\" content=\"article\" \/>\n<meta property=\"og:title\" content=\"Camping 222 KAPUTY - Camping - WITO CampRent\" \/>\n<meta property=\"og:description\" content=\"&nbsp; Kamping Camping 222 KAPUTY Miejscowo\u015b\u0107 Kaputy Wojew\u00f3dztwo Mazowieckie Pa\u0144stwo Polska GPS 52\u00b013&#8217;50&#8221;N,20\u00b046&#8217;56&#8221;E &nbsp; Opis obiektu &#8211; Camping 222 KAPUTY Polska Camping 222 Kaputy w Mazowieckim w Kaputach to o\u015brodek po\u0142o\u017cony nad jeziorem, zapewniaj\u0105cy mo\u017cliwo\u015b\u0107 w\u0119dkowania, wygodny sklep spo\u017cywczy, pralk\u0119, umywalki, bezp\u0142atny prysznic, toalety, dost\u0119p do internetu oraz urokliw\u0105 wiat\u0119 grilow\u0105. Dodatkowo oferuje miejsce na [&hellip;]\" \/>\n<meta property=\"og:url\" content=\"https:\/\/witocamprent.pl\/en\/camping-222-kaputy-camping\/\" \/>\n<meta property=\"og:site_name\" content=\"WITO CampRent\" \/>\n<meta property=\"article:modified_time\" content=\"2024-11-09T15:29:46+00:00\" \/>\n<meta property=\"og:image\" content=\"https:\/\/witocamprent.pl\/wp-content\/uploads\/2023\/06\/11.jpg\" \/>\n\t<meta property=\"og:image:width\" content=\"640\" \/>\n\t<meta property=\"og:image:height\" content=\"428\" \/>\n\t<meta property=\"og:image:type\" content=\"image\/jpeg\" \/>\n<meta name=\"twitter:card\" content=\"summary_large_image\" \/>\n<meta name=\"twitter:label1\" content=\"Est. reading time\" \/>\n\t<meta name=\"twitter:data1\" content=\"1 minute\" \/>\n<script type=\"application\/ld+json\" class=\"yoast-schema-graph\">{\"@context\":\"https:\/\/schema.org\",\"@graph\":[{\"@type\":\"WebPage\",\"@id\":\"https:\/\/witocamprent.pl\/camping-222-kaputy-camping\/\",\"url\":\"https:\/\/witocamprent.pl\/camping-222-kaputy-camping\/\",\"name\":\"Camping 222 KAPUTY - Camping - WITO CampRent\",\"isPartOf\":{\"@id\":\"https:\/\/witocamprent.pl\/#website\"},\"primaryImageOfPage\":{\"@id\":\"https:\/\/witocamprent.pl\/camping-222-kaputy-camping\/#primaryimage\"},\"image\":{\"@id\":\"https:\/\/witocamprent.pl\/camping-222-kaputy-camping\/#primaryimage\"},\"thumbnailUrl\":\"https:\/\/witocamprent.pl\/wp-content\/uploads\/2023\/06\/11.jpg\",\"datePublished\":\"2024-08-27T06:17:20+00:00\",\"dateModified\":\"2024-11-09T15:29:46+00:00\",\"breadcrumb\":{\"@id\":\"https:\/\/witocamprent.pl\/camping-222-kaputy-camping\/#breadcrumb\"},\"inLanguage\":\"en-US\",\"potentialAction\":[{\"@type\":\"ReadAction\",\"target\":[\"https:\/\/witocamprent.pl\/camping-222-kaputy-camping\/\"]}]},{\"@type\":\"ImageObject\",\"inLanguage\":\"en-US\",\"@id\":\"https:\/\/witocamprent.pl\/camping-222-kaputy-camping\/#primaryimage\",\"url\":\"https:\/\/witocamprent.pl\/wp-content\/uploads\/2023\/06\/11.jpg\",\"contentUrl\":\"https:\/\/witocamprent.pl\/wp-content\/uploads\/2023\/06\/11.jpg\",\"width\":640,\"height\":428},{\"@type\":\"BreadcrumbList\",\"@id\":\"https:\/\/witocamprent.pl\/camping-222-kaputy-camping\/#breadcrumb\",\"itemListElement\":[{\"@type\":\"ListItem\",\"position\":1,\"name\":\"Strona g\u0142\u00f3wna\",\"item\":\"https:\/\/witocamprent.pl\/\"},{\"@type\":\"ListItem\",\"position\":2,\"name\":\"Camping 222 KAPUTY &#8211; Camping\"}]},{\"@type\":\"WebSite\",\"@id\":\"https:\/\/witocamprent.pl\/#website\",\"url\":\"https:\/\/witocamprent.pl\/\",\"name\":\"WITO CampRent\",\"description\":\"Wynajem camper&oacute;w\",\"potentialAction\":[{\"@type\":\"SearchAction\",\"target\":{\"@type\":\"EntryPoint\",\"urlTemplate\":\"https:\/\/witocamprent.pl\/?s={search_term_string}\"},\"query-input\":{\"@type\":\"PropertyValueSpecification\",\"valueRequired\":true,\"valueName\":\"search_term_string\"}}],\"inLanguage\":\"en-US\"}]}<\/script>\n<!-- \/ Yoast SEO plugin. -->","yoast_head_json":{"title":"Camping 222 KAPUTY - Camping - WITO CampRent","robots":{"index":"index","follow":"follow","max-snippet":"max-snippet:-1","max-image-preview":"max-image-preview:large","max-video-preview":"max-video-preview:-1"},"canonical":"https:\/\/witocamprent.pl\/en\/camping-222-kaputy-camping\/","og_locale":"en_US","og_type":"article","og_title":"Camping 222 KAPUTY - Camping - WITO CampRent","og_description":"&nbsp; Kamping Camping 222 KAPUTY Miejscowo\u015b\u0107 Kaputy Wojew\u00f3dztwo Mazowieckie Pa\u0144stwo Polska GPS 52\u00b013&#8217;50&#8221;N,20\u00b046&#8217;56&#8221;E &nbsp; Opis obiektu &#8211; Camping 222 KAPUTY Polska Camping 222 Kaputy w Mazowieckim w Kaputach to o\u015brodek po\u0142o\u017cony nad jeziorem, zapewniaj\u0105cy mo\u017cliwo\u015b\u0107 w\u0119dkowania, wygodny sklep spo\u017cywczy, pralk\u0119, umywalki, bezp\u0142atny prysznic, toalety, dost\u0119p do internetu oraz urokliw\u0105 wiat\u0119 grilow\u0105. Dodatkowo oferuje miejsce na [&hellip;]","og_url":"https:\/\/witocamprent.pl\/en\/camping-222-kaputy-camping\/","og_site_name":"WITO CampRent","article_modified_time":"2024-11-09T15:29:46+00:00","og_image":[{"width":640,"height":428,"url":"https:\/\/witocamprent.pl\/wp-content\/uploads\/2023\/06\/11.jpg","type":"image\/jpeg"}],"twitter_card":"summary_large_image","twitter_misc":{"Est. reading time":"1 minute"},"schema":{"@context":"https:\/\/schema.org","@graph":[{"@type":"WebPage","@id":"https:\/\/witocamprent.pl\/camping-222-kaputy-camping\/","url":"https:\/\/witocamprent.pl\/camping-222-kaputy-camping\/","name":"Camping 222 KAPUTY - Camping - WITO CampRent","isPartOf":{"@id":"https:\/\/witocamprent.pl\/#website"},"primaryImageOfPage":{"@id":"https:\/\/witocamprent.pl\/camping-222-kaputy-camping\/#primaryimage"},"image":{"@id":"https:\/\/witocamprent.pl\/camping-222-kaputy-camping\/#primaryimage"},"thumbnailUrl":"https:\/\/witocamprent.pl\/wp-content\/uploads\/2023\/06\/11.jpg","datePublished":"2024-08-27T06:17:20+00:00","dateModified":"2024-11-09T15:29:46+00:00","breadcrumb":{"@id":"https:\/\/witocamprent.pl\/camping-222-kaputy-camping\/#breadcrumb"},"inLanguage":"en-US","potentialAction":[{"@type":"ReadAction","target":["https:\/\/witocamprent.pl\/camping-222-kaputy-camping\/"]}]},{"@type":"ImageObject","inLanguage":"en-US","@id":"https:\/\/witocamprent.pl\/camping-222-kaputy-camping\/#primaryimage","url":"https:\/\/witocamprent.pl\/wp-content\/uploads\/2023\/06\/11.jpg","contentUrl":"https:\/\/witocamprent.pl\/wp-content\/uploads\/2023\/06\/11.jpg","width":640,"height":428},{"@type":"BreadcrumbList","@id":"https:\/\/witocamprent.pl\/camping-222-kaputy-camping\/#breadcrumb","itemListElement":[{"@type":"ListItem","position":1,"name":"Strona g\u0142\u00f3wna","item":"https:\/\/witocamprent.pl\/"},{"@type":"ListItem","position":2,"name":"Camping 222 KAPUTY &#8211; Camping"}]},{"@type":"WebSite","@id":"https:\/\/witocamprent.pl\/#website","url":"https:\/\/witocamprent.pl\/","name":"WITO CampRent","description":"Wynajem camper&oacute;w","potentialAction":[{"@type":"SearchAction","target":{"@type":"EntryPoint","urlTemplate":"https:\/\/witocamprent.pl\/?s={search_term_string}"},"query-input":{"@type":"PropertyValueSpecification","valueRequired":true,"valueName":"search_term_string"}}],"inLanguage":"en-US"}]}},"_links":{"self":[{"href":"https:\/\/witocamprent.pl\/en\/wp-json\/wp\/v2\/pages\/14884","targetHints":{"allow":["GET"]}}],"collection":[{"href":"https:\/\/witocamprent.pl\/en\/wp-json\/wp\/v2\/pages"}],"about":[{"href":"https:\/\/witocamprent.pl\/en\/wp-json\/wp\/v2\/types\/page"}],"author":[{"embeddable":true,"href":"https:\/\/witocamprent.pl\/en\/wp-json\/wp\/v2\/users\/6"}],"replies":[{"embeddable":true,"href":"https:\/\/witocamprent.pl\/en\/wp-json\/wp\/v2\/comments?post=14884"}],"version-history":[{"count":1,"href":"https:\/\/witocamprent.pl\/en\/wp-json\/wp\/v2\/pages\/14884\/revisions"}],"predecessor-version":[{"id":15086,"href":"https:\/\/witocamprent.pl\/en\/wp-json\/wp\/v2\/pages\/14884\/revisions\/15086"}],"wp:featuredmedia":[{"embeddable":true,"href":"https:\/\/witocamprent.pl\/en\/wp-json\/wp\/v2\/media\/11744"}],"wp:attachment":[{"href":"https:\/\/witocamprent.pl\/en\/wp-json\/wp\/v2\/media?parent=14884"}],"curies":[{"name":"wp","href":"https:\/\/api.w.org\/{rel}","templated":true}]}}