{"id":14886,"date":"2024-09-04T14:59:22","date_gmt":"2024-09-04T13:59:22","guid":{"rendered":"https:\/\/witocamprent.pl\/camping-70-camping\/"},"modified":"2024-11-09T16:29:47","modified_gmt":"2024-11-09T15:29:47","slug":"camping-70-camping","status":"publish","type":"page","link":"https:\/\/witocamprent.pl\/en\/camping-70-camping\/","title":{"rendered":"Camping 70 &#8211; Camping"},"content":{"rendered":"<p>&nbsp;<\/p>\n<table>\n<tbody>\n<tr>\n<td>Kamping<\/td>\n<td>Camping 70<\/td>\n<\/tr>\n<tr>\n<td>Miejscowo\u015b\u0107<\/td>\n<td>W\u0119growo<\/td>\n<\/tr>\n<tr>\n<td>Wojew\u00f3dztwo<\/td>\n<td>Mazowieckie<\/td>\n<\/tr>\n<tr>\n<td>Pa\u0144stwo<\/td>\n<td>Polska<\/td>\n<\/tr>\n<tr>\n<td>GPS<\/td>\n<td>52\u00b025&#8217;45&#8221;N,22\u00b018&#8217;21&#8221;E<\/td>\n<\/tr>\n<\/tbody>\n<\/table>\n<p>&nbsp;<\/p>\n<h2>Opis obiektu &#8211; Camping 70<\/h2>\n<p>Camping 70 w W\u0119growie: To miejsce dla mi\u0142o\u015bnik\u00f3w kempingu z dost\u0119pem do jeziora, lasu i wielu atrakcji w okolicy. Go\u015bcie mog\u0105 cieszy\u0107 si\u0119 aktywnym wypoczynkiem na \u0142onie natury.<\/p>\n<p>&nbsp;<\/p>\n<h2>Opis miejscowo\u015bci &#8211; W\u0119growo<\/h2>\n<p>W\u0119growo to urokliwa miejscowo\u015b\u0107 nad jeziorem, oferuj\u0105ca doskona\u0142e warunki do aktywnego wypoczynku nad wod\u0105. To tak\u017ce miejsce, gdzie mo\u017cna korzysta\u0107 z licznych atrakcji rekreacyjnych i sportowych.<\/p>\n<p>&nbsp;<\/p>\n<p>Twoim celem podr\u00f3\u017cy jest W\u0119growo? &#8211; Sprawd\u017a nasz\u0105 ofert\u0119 na <strong><a href=\"\/en\/\">wynajem kamper\u00f3w<\/a><\/strong>!<\/p>","protected":false},"excerpt":{"rendered":"<p>&nbsp; Kamping Camping 70 Miejscowo\u015b\u0107 W\u0119growo Wojew\u00f3dztwo Mazowieckie Pa\u0144stwo Polska GPS 52\u00b025&#8217;45&#8221;N,22\u00b018&#8217;21&#8221;E &nbsp; Opis obiektu &#8211; Camping 70 Camping 70 w W\u0119growie: To miejsce dla mi\u0142o\u015bnik\u00f3w kempingu z dost\u0119pem do jeziora, lasu i wielu atrakcji w okolicy. Go\u015bcie mog\u0105 cieszy\u0107 si\u0119 aktywnym wypoczynkiem na \u0142onie natury. &nbsp; Opis miejscowo\u015bci &#8211; W\u0119growo W\u0119growo to urokliwa miejscowo\u015b\u0107 [&hellip;]<\/p>","protected":false},"author":6,"featured_media":11746,"parent":0,"menu_order":0,"comment_status":"open","ping_status":"open","template":"","meta":{"footnotes":""},"class_list":["post-14886","page","type-page","status-publish","has-post-thumbnail","hentry","miasto-wegrowo","wojewodztwa-mazowieckie"],"yoast_head":"<!-- This site is optimized with the Yoast SEO plugin v26.8 - https:\/\/yoast.com\/product\/yoast-seo-wordpress\/ -->\n<title>Camping 70 - Camping - WITO CampRent<\/title>\n<meta name=\"robots\" content=\"index, follow, max-snippet:-1, max-image-preview:large, max-video-preview:-1\" \/>\n<link rel=\"canonical\" href=\"https:\/\/witocamprent.pl\/en\/camping-70-camping\/\" \/>\n<meta property=\"og:locale\" content=\"en_US\" \/>\n<meta property=\"og:type\" content=\"article\" \/>\n<meta property=\"og:title\" content=\"Camping 70 - Camping - WITO CampRent\" \/>\n<meta property=\"og:description\" content=\"&nbsp; Kamping Camping 70 Miejscowo\u015b\u0107 W\u0119growo Wojew\u00f3dztwo Mazowieckie Pa\u0144stwo Polska GPS 52\u00b025&#8217;45&#8221;N,22\u00b018&#8217;21&#8221;E &nbsp; Opis obiektu &#8211; Camping 70 Camping 70 w W\u0119growie: To miejsce dla mi\u0142o\u015bnik\u00f3w kempingu z dost\u0119pem do jeziora, lasu i wielu atrakcji w okolicy. Go\u015bcie mog\u0105 cieszy\u0107 si\u0119 aktywnym wypoczynkiem na \u0142onie natury. &nbsp; Opis miejscowo\u015bci &#8211; W\u0119growo W\u0119growo to urokliwa miejscowo\u015b\u0107 [&hellip;]\" \/>\n<meta property=\"og:url\" content=\"https:\/\/witocamprent.pl\/en\/camping-70-camping\/\" \/>\n<meta property=\"og:site_name\" content=\"WITO CampRent\" \/>\n<meta property=\"article:modified_time\" content=\"2024-11-09T15:29:47+00:00\" \/>\n<meta property=\"og:image\" content=\"https:\/\/witocamprent.pl\/wp-content\/uploads\/2023\/06\/13.jpg\" \/>\n\t<meta property=\"og:image:width\" content=\"800\" \/>\n\t<meta property=\"og:image:height\" content=\"1200\" \/>\n\t<meta property=\"og:image:type\" content=\"image\/jpeg\" \/>\n<meta name=\"twitter:card\" content=\"summary_large_image\" \/>\n<meta name=\"twitter:label1\" content=\"Est. reading time\" \/>\n\t<meta name=\"twitter:data1\" content=\"1 minute\" \/>\n<script type=\"application\/ld+json\" class=\"yoast-schema-graph\">{\"@context\":\"https:\/\/schema.org\",\"@graph\":[{\"@type\":\"WebPage\",\"@id\":\"https:\/\/witocamprent.pl\/camping-70-camping\/\",\"url\":\"https:\/\/witocamprent.pl\/camping-70-camping\/\",\"name\":\"Camping 70 - Camping - WITO CampRent\",\"isPartOf\":{\"@id\":\"https:\/\/witocamprent.pl\/#website\"},\"primaryImageOfPage\":{\"@id\":\"https:\/\/witocamprent.pl\/camping-70-camping\/#primaryimage\"},\"image\":{\"@id\":\"https:\/\/witocamprent.pl\/camping-70-camping\/#primaryimage\"},\"thumbnailUrl\":\"https:\/\/witocamprent.pl\/wp-content\/uploads\/2023\/06\/13.jpg\",\"datePublished\":\"2024-09-04T13:59:22+00:00\",\"dateModified\":\"2024-11-09T15:29:47+00:00\",\"breadcrumb\":{\"@id\":\"https:\/\/witocamprent.pl\/camping-70-camping\/#breadcrumb\"},\"inLanguage\":\"en-US\",\"potentialAction\":[{\"@type\":\"ReadAction\",\"target\":[\"https:\/\/witocamprent.pl\/camping-70-camping\/\"]}]},{\"@type\":\"ImageObject\",\"inLanguage\":\"en-US\",\"@id\":\"https:\/\/witocamprent.pl\/camping-70-camping\/#primaryimage\",\"url\":\"https:\/\/witocamprent.pl\/wp-content\/uploads\/2023\/06\/13.jpg\",\"contentUrl\":\"https:\/\/witocamprent.pl\/wp-content\/uploads\/2023\/06\/13.jpg\",\"width\":800,\"height\":1200},{\"@type\":\"BreadcrumbList\",\"@id\":\"https:\/\/witocamprent.pl\/camping-70-camping\/#breadcrumb\",\"itemListElement\":[{\"@type\":\"ListItem\",\"position\":1,\"name\":\"Strona g\u0142\u00f3wna\",\"item\":\"https:\/\/witocamprent.pl\/\"},{\"@type\":\"ListItem\",\"position\":2,\"name\":\"Camping 70 &#8211; Camping\"}]},{\"@type\":\"WebSite\",\"@id\":\"https:\/\/witocamprent.pl\/#website\",\"url\":\"https:\/\/witocamprent.pl\/\",\"name\":\"WITO CampRent\",\"description\":\"Wynajem camper&oacute;w\",\"potentialAction\":[{\"@type\":\"SearchAction\",\"target\":{\"@type\":\"EntryPoint\",\"urlTemplate\":\"https:\/\/witocamprent.pl\/?s={search_term_string}\"},\"query-input\":{\"@type\":\"PropertyValueSpecification\",\"valueRequired\":true,\"valueName\":\"search_term_string\"}}],\"inLanguage\":\"en-US\"}]}<\/script>\n<!-- \/ Yoast SEO plugin. -->","yoast_head_json":{"title":"Camping 70 - Camping - WITO CampRent","robots":{"index":"index","follow":"follow","max-snippet":"max-snippet:-1","max-image-preview":"max-image-preview:large","max-video-preview":"max-video-preview:-1"},"canonical":"https:\/\/witocamprent.pl\/en\/camping-70-camping\/","og_locale":"en_US","og_type":"article","og_title":"Camping 70 - Camping - WITO CampRent","og_description":"&nbsp; Kamping Camping 70 Miejscowo\u015b\u0107 W\u0119growo Wojew\u00f3dztwo Mazowieckie Pa\u0144stwo Polska GPS 52\u00b025&#8217;45&#8221;N,22\u00b018&#8217;21&#8221;E &nbsp; Opis obiektu &#8211; Camping 70 Camping 70 w W\u0119growie: To miejsce dla mi\u0142o\u015bnik\u00f3w kempingu z dost\u0119pem do jeziora, lasu i wielu atrakcji w okolicy. Go\u015bcie mog\u0105 cieszy\u0107 si\u0119 aktywnym wypoczynkiem na \u0142onie natury. &nbsp; Opis miejscowo\u015bci &#8211; W\u0119growo W\u0119growo to urokliwa miejscowo\u015b\u0107 [&hellip;]","og_url":"https:\/\/witocamprent.pl\/en\/camping-70-camping\/","og_site_name":"WITO CampRent","article_modified_time":"2024-11-09T15:29:47+00:00","og_image":[{"width":800,"height":1200,"url":"https:\/\/witocamprent.pl\/wp-content\/uploads\/2023\/06\/13.jpg","type":"image\/jpeg"}],"twitter_card":"summary_large_image","twitter_misc":{"Est. reading time":"1 minute"},"schema":{"@context":"https:\/\/schema.org","@graph":[{"@type":"WebPage","@id":"https:\/\/witocamprent.pl\/camping-70-camping\/","url":"https:\/\/witocamprent.pl\/camping-70-camping\/","name":"Camping 70 - Camping - WITO CampRent","isPartOf":{"@id":"https:\/\/witocamprent.pl\/#website"},"primaryImageOfPage":{"@id":"https:\/\/witocamprent.pl\/camping-70-camping\/#primaryimage"},"image":{"@id":"https:\/\/witocamprent.pl\/camping-70-camping\/#primaryimage"},"thumbnailUrl":"https:\/\/witocamprent.pl\/wp-content\/uploads\/2023\/06\/13.jpg","datePublished":"2024-09-04T13:59:22+00:00","dateModified":"2024-11-09T15:29:47+00:00","breadcrumb":{"@id":"https:\/\/witocamprent.pl\/camping-70-camping\/#breadcrumb"},"inLanguage":"en-US","potentialAction":[{"@type":"ReadAction","target":["https:\/\/witocamprent.pl\/camping-70-camping\/"]}]},{"@type":"ImageObject","inLanguage":"en-US","@id":"https:\/\/witocamprent.pl\/camping-70-camping\/#primaryimage","url":"https:\/\/witocamprent.pl\/wp-content\/uploads\/2023\/06\/13.jpg","contentUrl":"https:\/\/witocamprent.pl\/wp-content\/uploads\/2023\/06\/13.jpg","width":800,"height":1200},{"@type":"BreadcrumbList","@id":"https:\/\/witocamprent.pl\/camping-70-camping\/#breadcrumb","itemListElement":[{"@type":"ListItem","position":1,"name":"Strona g\u0142\u00f3wna","item":"https:\/\/witocamprent.pl\/"},{"@type":"ListItem","position":2,"name":"Camping 70 &#8211; Camping"}]},{"@type":"WebSite","@id":"https:\/\/witocamprent.pl\/#website","url":"https:\/\/witocamprent.pl\/","name":"WITO CampRent","description":"Wynajem camper&oacute;w","potentialAction":[{"@type":"SearchAction","target":{"@type":"EntryPoint","urlTemplate":"https:\/\/witocamprent.pl\/?s={search_term_string}"},"query-input":{"@type":"PropertyValueSpecification","valueRequired":true,"valueName":"search_term_string"}}],"inLanguage":"en-US"}]}},"_links":{"self":[{"href":"https:\/\/witocamprent.pl\/en\/wp-json\/wp\/v2\/pages\/14886","targetHints":{"allow":["GET"]}}],"collection":[{"href":"https:\/\/witocamprent.pl\/en\/wp-json\/wp\/v2\/pages"}],"about":[{"href":"https:\/\/witocamprent.pl\/en\/wp-json\/wp\/v2\/types\/page"}],"author":[{"embeddable":true,"href":"https:\/\/witocamprent.pl\/en\/wp-json\/wp\/v2\/users\/6"}],"replies":[{"embeddable":true,"href":"https:\/\/witocamprent.pl\/en\/wp-json\/wp\/v2\/comments?post=14886"}],"version-history":[{"count":1,"href":"https:\/\/witocamprent.pl\/en\/wp-json\/wp\/v2\/pages\/14886\/revisions"}],"predecessor-version":[{"id":15104,"href":"https:\/\/witocamprent.pl\/en\/wp-json\/wp\/v2\/pages\/14886\/revisions\/15104"}],"wp:featuredmedia":[{"embeddable":true,"href":"https:\/\/witocamprent.pl\/en\/wp-json\/wp\/v2\/media\/11746"}],"wp:attachment":[{"href":"https:\/\/witocamprent.pl\/en\/wp-json\/wp\/v2\/media?parent=14886"}],"curies":[{"name":"wp","href":"https:\/\/api.w.org\/{rel}","templated":true}]}}