{"id":14892,"date":"2024-11-01T03:05:54","date_gmt":"2024-11-01T02:05:54","guid":{"rendered":"https:\/\/witocamprent.pl\/camping-clepardia-camping\/"},"modified":"2024-11-09T16:29:49","modified_gmt":"2024-11-09T15:29:49","slug":"camping-clepardia-camping","status":"publish","type":"page","link":"https:\/\/witocamprent.pl\/en\/camping-clepardia-camping\/","title":{"rendered":"Camping Clepardia &#8211; Camping"},"content":{"rendered":"<p>&nbsp;<\/p>\n<table>\n<tbody>\n<tr>\n<td>Kamping<\/td>\n<td>Camping Clepardia<\/td>\n<\/tr>\n<tr>\n<td>Miejscowo\u015b\u0107<\/td>\n<td>Krak\u00f3w<\/td>\n<\/tr>\n<tr>\n<td>Wojew\u00f3dztwo<\/td>\n<td>Ma\u0142opolskie<\/td>\n<\/tr>\n<tr>\n<td>Pa\u0144stwo<\/td>\n<td>Polska<\/td>\n<\/tr>\n<tr>\n<td>GPS<\/td>\n<td>50\u00b05&#8217;46&#8221;N,19\u00b056&#8217;29&#8221;E<\/td>\n<\/tr>\n<\/tbody>\n<\/table>\n<p>&nbsp;<\/p>\n<h2>Opis obiektu &#8211; Camping Clepardia<\/h2>\n<p>Camping Clepardia to camping w sezonie po\u0142o\u017cony w Krakowie oferuje mo\u017cliwo\u015b\u0107 opr\u00f3\u017cnienia toalety chemicznej, plac zabaw, restauracj\u0119 oraz bezp\u0142atny prysznic i toalety. Doskona\u0142e miejsce na zwiedzanie Krakowa i okolicznych atrakcji.<\/p>\n<p>&nbsp;<\/p>\n<h2>Opis miejscowo\u015bci &#8211; Krak\u00f3w<\/h2>\n<p>Krak\u00f3w to jedno z najpi\u0119kniejszych miast w Polsce, pe\u0142ne zabytk\u00f3w, muze\u00f3w i kawiarni. Mo\u017cna tu zwiedza\u0107 Wawel, Stare Miasto oraz dzielnic\u0119 Kazimierz.<\/p>\n<p>&nbsp;<\/p>\n<p>Twoim celem podr\u00f3\u017cy jest Krak\u00f3w? &#8211; Sprawd\u017a nasz\u0105 ofert\u0119 na <strong><a href=\"\/en\/\">wynajem kamper\u00f3w<\/a><\/strong>!<\/p>","protected":false},"excerpt":{"rendered":"<p>&nbsp; Kamping Camping Clepardia Miejscowo\u015b\u0107 Krak\u00f3w Wojew\u00f3dztwo Ma\u0142opolskie Pa\u0144stwo Polska GPS 50\u00b05&#8217;46&#8221;N,19\u00b056&#8217;29&#8221;E &nbsp; Opis obiektu &#8211; Camping Clepardia Camping Clepardia to camping w sezonie po\u0142o\u017cony w Krakowie oferuje mo\u017cliwo\u015b\u0107 opr\u00f3\u017cnienia toalety chemicznej, plac zabaw, restauracj\u0119 oraz bezp\u0142atny prysznic i toalety. Doskona\u0142e miejsce na zwiedzanie Krakowa i okolicznych atrakcji. &nbsp; Opis miejscowo\u015bci &#8211; Krak\u00f3w Krak\u00f3w to [&hellip;]<\/p>","protected":false},"author":6,"featured_media":13977,"parent":0,"menu_order":0,"comment_status":"open","ping_status":"open","template":"","meta":{"footnotes":""},"class_list":["post-14892","page","type-page","status-publish","has-post-thumbnail","hentry","miasto-krakow","wojewodztwa-malopolskie"],"yoast_head":"<!-- This site is optimized with the Yoast SEO plugin v26.8 - https:\/\/yoast.com\/product\/yoast-seo-wordpress\/ -->\n<title>Camping Clepardia - Camping - WITO CampRent<\/title>\n<meta name=\"robots\" content=\"index, follow, max-snippet:-1, max-image-preview:large, max-video-preview:-1\" \/>\n<link rel=\"canonical\" href=\"https:\/\/witocamprent.pl\/en\/camping-clepardia-camping\/\" \/>\n<meta property=\"og:locale\" content=\"en_US\" \/>\n<meta property=\"og:type\" content=\"article\" \/>\n<meta property=\"og:title\" content=\"Camping Clepardia - Camping - WITO CampRent\" \/>\n<meta property=\"og:description\" content=\"&nbsp; Kamping Camping Clepardia Miejscowo\u015b\u0107 Krak\u00f3w Wojew\u00f3dztwo Ma\u0142opolskie Pa\u0144stwo Polska GPS 50\u00b05&#8217;46&#8221;N,19\u00b056&#8217;29&#8221;E &nbsp; Opis obiektu &#8211; Camping Clepardia Camping Clepardia to camping w sezonie po\u0142o\u017cony w Krakowie oferuje mo\u017cliwo\u015b\u0107 opr\u00f3\u017cnienia toalety chemicznej, plac zabaw, restauracj\u0119 oraz bezp\u0142atny prysznic i toalety. Doskona\u0142e miejsce na zwiedzanie Krakowa i okolicznych atrakcji. &nbsp; Opis miejscowo\u015bci &#8211; Krak\u00f3w Krak\u00f3w to [&hellip;]\" \/>\n<meta property=\"og:url\" content=\"https:\/\/witocamprent.pl\/en\/camping-clepardia-camping\/\" \/>\n<meta property=\"og:site_name\" content=\"WITO CampRent\" \/>\n<meta property=\"article:modified_time\" content=\"2024-11-09T15:29:49+00:00\" \/>\n<meta property=\"og:image\" content=\"https:\/\/witocamprent.pl\/wp-content\/uploads\/2024\/07\/19.jpg\" \/>\n\t<meta property=\"og:image:width\" content=\"800\" \/>\n\t<meta property=\"og:image:height\" content=\"600\" \/>\n\t<meta property=\"og:image:type\" content=\"image\/jpeg\" \/>\n<meta name=\"twitter:card\" content=\"summary_large_image\" \/>\n<meta name=\"twitter:label1\" content=\"Est. reading time\" \/>\n\t<meta name=\"twitter:data1\" content=\"1 minute\" \/>\n<script type=\"application\/ld+json\" class=\"yoast-schema-graph\">{\"@context\":\"https:\/\/schema.org\",\"@graph\":[{\"@type\":\"WebPage\",\"@id\":\"https:\/\/witocamprent.pl\/camping-clepardia-camping\/\",\"url\":\"https:\/\/witocamprent.pl\/camping-clepardia-camping\/\",\"name\":\"Camping Clepardia - Camping - WITO CampRent\",\"isPartOf\":{\"@id\":\"https:\/\/witocamprent.pl\/#website\"},\"primaryImageOfPage\":{\"@id\":\"https:\/\/witocamprent.pl\/camping-clepardia-camping\/#primaryimage\"},\"image\":{\"@id\":\"https:\/\/witocamprent.pl\/camping-clepardia-camping\/#primaryimage\"},\"thumbnailUrl\":\"https:\/\/witocamprent.pl\/wp-content\/uploads\/2024\/07\/19.jpg\",\"datePublished\":\"2024-11-01T02:05:54+00:00\",\"dateModified\":\"2024-11-09T15:29:49+00:00\",\"breadcrumb\":{\"@id\":\"https:\/\/witocamprent.pl\/camping-clepardia-camping\/#breadcrumb\"},\"inLanguage\":\"en-US\",\"potentialAction\":[{\"@type\":\"ReadAction\",\"target\":[\"https:\/\/witocamprent.pl\/camping-clepardia-camping\/\"]}]},{\"@type\":\"ImageObject\",\"inLanguage\":\"en-US\",\"@id\":\"https:\/\/witocamprent.pl\/camping-clepardia-camping\/#primaryimage\",\"url\":\"https:\/\/witocamprent.pl\/wp-content\/uploads\/2024\/07\/19.jpg\",\"contentUrl\":\"https:\/\/witocamprent.pl\/wp-content\/uploads\/2024\/07\/19.jpg\",\"width\":800,\"height\":600},{\"@type\":\"BreadcrumbList\",\"@id\":\"https:\/\/witocamprent.pl\/camping-clepardia-camping\/#breadcrumb\",\"itemListElement\":[{\"@type\":\"ListItem\",\"position\":1,\"name\":\"Strona g\u0142\u00f3wna\",\"item\":\"https:\/\/witocamprent.pl\/\"},{\"@type\":\"ListItem\",\"position\":2,\"name\":\"Camping Clepardia &#8211; Camping\"}]},{\"@type\":\"WebSite\",\"@id\":\"https:\/\/witocamprent.pl\/#website\",\"url\":\"https:\/\/witocamprent.pl\/\",\"name\":\"WITO CampRent\",\"description\":\"Wynajem camper&oacute;w\",\"potentialAction\":[{\"@type\":\"SearchAction\",\"target\":{\"@type\":\"EntryPoint\",\"urlTemplate\":\"https:\/\/witocamprent.pl\/?s={search_term_string}\"},\"query-input\":{\"@type\":\"PropertyValueSpecification\",\"valueRequired\":true,\"valueName\":\"search_term_string\"}}],\"inLanguage\":\"en-US\"}]}<\/script>\n<!-- \/ Yoast SEO plugin. -->","yoast_head_json":{"title":"Camping Clepardia - Camping - WITO CampRent","robots":{"index":"index","follow":"follow","max-snippet":"max-snippet:-1","max-image-preview":"max-image-preview:large","max-video-preview":"max-video-preview:-1"},"canonical":"https:\/\/witocamprent.pl\/en\/camping-clepardia-camping\/","og_locale":"en_US","og_type":"article","og_title":"Camping Clepardia - Camping - WITO CampRent","og_description":"&nbsp; Kamping Camping Clepardia Miejscowo\u015b\u0107 Krak\u00f3w Wojew\u00f3dztwo Ma\u0142opolskie Pa\u0144stwo Polska GPS 50\u00b05&#8217;46&#8221;N,19\u00b056&#8217;29&#8221;E &nbsp; Opis obiektu &#8211; Camping Clepardia Camping Clepardia to camping w sezonie po\u0142o\u017cony w Krakowie oferuje mo\u017cliwo\u015b\u0107 opr\u00f3\u017cnienia toalety chemicznej, plac zabaw, restauracj\u0119 oraz bezp\u0142atny prysznic i toalety. Doskona\u0142e miejsce na zwiedzanie Krakowa i okolicznych atrakcji. &nbsp; Opis miejscowo\u015bci &#8211; Krak\u00f3w Krak\u00f3w to [&hellip;]","og_url":"https:\/\/witocamprent.pl\/en\/camping-clepardia-camping\/","og_site_name":"WITO CampRent","article_modified_time":"2024-11-09T15:29:49+00:00","og_image":[{"width":800,"height":600,"url":"https:\/\/witocamprent.pl\/wp-content\/uploads\/2024\/07\/19.jpg","type":"image\/jpeg"}],"twitter_card":"summary_large_image","twitter_misc":{"Est. reading time":"1 minute"},"schema":{"@context":"https:\/\/schema.org","@graph":[{"@type":"WebPage","@id":"https:\/\/witocamprent.pl\/camping-clepardia-camping\/","url":"https:\/\/witocamprent.pl\/camping-clepardia-camping\/","name":"Camping Clepardia - Camping - WITO CampRent","isPartOf":{"@id":"https:\/\/witocamprent.pl\/#website"},"primaryImageOfPage":{"@id":"https:\/\/witocamprent.pl\/camping-clepardia-camping\/#primaryimage"},"image":{"@id":"https:\/\/witocamprent.pl\/camping-clepardia-camping\/#primaryimage"},"thumbnailUrl":"https:\/\/witocamprent.pl\/wp-content\/uploads\/2024\/07\/19.jpg","datePublished":"2024-11-01T02:05:54+00:00","dateModified":"2024-11-09T15:29:49+00:00","breadcrumb":{"@id":"https:\/\/witocamprent.pl\/camping-clepardia-camping\/#breadcrumb"},"inLanguage":"en-US","potentialAction":[{"@type":"ReadAction","target":["https:\/\/witocamprent.pl\/camping-clepardia-camping\/"]}]},{"@type":"ImageObject","inLanguage":"en-US","@id":"https:\/\/witocamprent.pl\/camping-clepardia-camping\/#primaryimage","url":"https:\/\/witocamprent.pl\/wp-content\/uploads\/2024\/07\/19.jpg","contentUrl":"https:\/\/witocamprent.pl\/wp-content\/uploads\/2024\/07\/19.jpg","width":800,"height":600},{"@type":"BreadcrumbList","@id":"https:\/\/witocamprent.pl\/camping-clepardia-camping\/#breadcrumb","itemListElement":[{"@type":"ListItem","position":1,"name":"Strona g\u0142\u00f3wna","item":"https:\/\/witocamprent.pl\/"},{"@type":"ListItem","position":2,"name":"Camping Clepardia &#8211; Camping"}]},{"@type":"WebSite","@id":"https:\/\/witocamprent.pl\/#website","url":"https:\/\/witocamprent.pl\/","name":"WITO CampRent","description":"Wynajem camper&oacute;w","potentialAction":[{"@type":"SearchAction","target":{"@type":"EntryPoint","urlTemplate":"https:\/\/witocamprent.pl\/?s={search_term_string}"},"query-input":{"@type":"PropertyValueSpecification","valueRequired":true,"valueName":"search_term_string"}}],"inLanguage":"en-US"}]}},"_links":{"self":[{"href":"https:\/\/witocamprent.pl\/en\/wp-json\/wp\/v2\/pages\/14892","targetHints":{"allow":["GET"]}}],"collection":[{"href":"https:\/\/witocamprent.pl\/en\/wp-json\/wp\/v2\/pages"}],"about":[{"href":"https:\/\/witocamprent.pl\/en\/wp-json\/wp\/v2\/types\/page"}],"author":[{"embeddable":true,"href":"https:\/\/witocamprent.pl\/en\/wp-json\/wp\/v2\/users\/6"}],"replies":[{"embeddable":true,"href":"https:\/\/witocamprent.pl\/en\/wp-json\/wp\/v2\/comments?post=14892"}],"version-history":[{"count":1,"href":"https:\/\/witocamprent.pl\/en\/wp-json\/wp\/v2\/pages\/14892\/revisions"}],"predecessor-version":[{"id":15108,"href":"https:\/\/witocamprent.pl\/en\/wp-json\/wp\/v2\/pages\/14892\/revisions\/15108"}],"wp:featuredmedia":[{"embeddable":true,"href":"https:\/\/witocamprent.pl\/en\/wp-json\/wp\/v2\/media\/13977"}],"wp:attachment":[{"href":"https:\/\/witocamprent.pl\/en\/wp-json\/wp\/v2\/media?parent=14892"}],"curies":[{"name":"wp","href":"https:\/\/api.w.org\/{rel}","templated":true}]}}