{"id":14898,"date":"2024-10-12T18:38:59","date_gmt":"2024-10-12T17:38:59","guid":{"rendered":"https:\/\/witocamprent.pl\/camping-lesne-ustronie-camping\/"},"modified":"2024-11-09T16:29:51","modified_gmt":"2024-11-09T15:29:51","slug":"camping-lesne-ustronie-camping","status":"publish","type":"page","link":"https:\/\/witocamprent.pl\/en\/camping-lesne-ustronie-camping\/","title":{"rendered":"Camping Lesne Ustronie &#8211; Camping"},"content":{"rendered":"<p>&nbsp;<\/p>\n<table>\n<tbody>\n<tr>\n<td>Kamping<\/td>\n<td>Camping Lesne Ustronie<\/td>\n<\/tr>\n<tr>\n<td>Miejscowo\u015b\u0107<\/td>\n<td>Witnica<\/td>\n<\/tr>\n<tr>\n<td>Wojew\u00f3dztwo<\/td>\n<td>Lubuskie<\/td>\n<\/tr>\n<tr>\n<td>Pa\u0144stwo<\/td>\n<td>Polska<\/td>\n<\/tr>\n<tr>\n<td>GPS<\/td>\n<td>54\u00b02&#8217;26&#8221;N,17\u00b056&#8217;6&#8221;E<\/td>\n<\/tr>\n<\/tbody>\n<\/table>\n<p>&nbsp;<\/p>\n<h2>Opis obiektu &#8211; Camping Lesne Ustronie<\/h2>\n<p>Camping Le\u015bne Ustronie: Oferuje wyj\u0105tkowy wypoczynek nad jeziorem, otoczony licznie atrakcjami i udogodnieniami dla rodzin oraz mi\u0142o\u015bnik\u00f3w natury. Obiekt zosta\u0142 stworzony z my\u015bl\u0105 o spokojnym i relaksuj\u0105cym odpoczynku w harmonii z przyrod\u0105.<\/p>\n<p>&nbsp;<\/p>\n<h2>Opis miejscowo\u015bci &#8211; Witnica<\/h2>\n<p>Witnica to urokliwa miejscowo\u015b\u0107 po\u0142o\u017cona w\u015br\u00f3d las\u00f3w i \u0142\u0105k, idealna dla mi\u0142o\u015bnik\u00f3w pieszych w\u0119dr\u00f3wek i obserwacji przyrody. Mo\u017cna tu r\u00f3wnie\u017c odwiedzi\u0107 lokalne sklepiki z pami\u0105tkami i wyrobami regionalnymi.<\/p>\n<p>&nbsp;<\/p>\n<p>Twoim celem podr\u00f3\u017cy jest Witnica? &#8211; Sprawd\u017a nasz\u0105 ofert\u0119 na <strong><a href=\"\/en\/\">wynajem kamper\u00f3w<\/a><\/strong>!<\/p>","protected":false},"excerpt":{"rendered":"<p>&nbsp; Kamping Camping Lesne Ustronie Miejscowo\u015b\u0107 Witnica Wojew\u00f3dztwo Lubuskie Pa\u0144stwo Polska GPS 54\u00b02&#8217;26&#8221;N,17\u00b056&#8217;6&#8221;E &nbsp; Opis obiektu &#8211; Camping Lesne Ustronie Camping Le\u015bne Ustronie: Oferuje wyj\u0105tkowy wypoczynek nad jeziorem, otoczony licznie atrakcjami i udogodnieniami dla rodzin oraz mi\u0142o\u015bnik\u00f3w natury. Obiekt zosta\u0142 stworzony z my\u015bl\u0105 o spokojnym i relaksuj\u0105cym odpoczynku w harmonii z przyrod\u0105. &nbsp; Opis miejscowo\u015bci [&hellip;]<\/p>","protected":false},"author":6,"featured_media":13989,"parent":0,"menu_order":0,"comment_status":"open","ping_status":"open","template":"","meta":{"footnotes":""},"class_list":["post-14898","page","type-page","status-publish","has-post-thumbnail","hentry","miasto-witnica","wojewodztwa-lubuskie"],"yoast_head":"<!-- This site is optimized with the Yoast SEO plugin v26.8 - https:\/\/yoast.com\/product\/yoast-seo-wordpress\/ -->\n<title>Camping Lesne Ustronie - Camping - WITO CampRent<\/title>\n<meta name=\"robots\" content=\"index, follow, max-snippet:-1, max-image-preview:large, max-video-preview:-1\" \/>\n<link rel=\"canonical\" href=\"https:\/\/witocamprent.pl\/en\/camping-lesne-ustronie-camping\/\" \/>\n<meta property=\"og:locale\" content=\"en_US\" \/>\n<meta property=\"og:type\" content=\"article\" \/>\n<meta property=\"og:title\" content=\"Camping Lesne Ustronie - Camping - WITO CampRent\" \/>\n<meta property=\"og:description\" content=\"&nbsp; Kamping Camping Lesne Ustronie Miejscowo\u015b\u0107 Witnica Wojew\u00f3dztwo Lubuskie Pa\u0144stwo Polska GPS 54\u00b02&#8217;26&#8221;N,17\u00b056&#8217;6&#8221;E &nbsp; Opis obiektu &#8211; Camping Lesne Ustronie Camping Le\u015bne Ustronie: Oferuje wyj\u0105tkowy wypoczynek nad jeziorem, otoczony licznie atrakcjami i udogodnieniami dla rodzin oraz mi\u0142o\u015bnik\u00f3w natury. Obiekt zosta\u0142 stworzony z my\u015bl\u0105 o spokojnym i relaksuj\u0105cym odpoczynku w harmonii z przyrod\u0105. &nbsp; Opis miejscowo\u015bci [&hellip;]\" \/>\n<meta property=\"og:url\" content=\"https:\/\/witocamprent.pl\/en\/camping-lesne-ustronie-camping\/\" \/>\n<meta property=\"og:site_name\" content=\"WITO CampRent\" \/>\n<meta property=\"article:modified_time\" content=\"2024-11-09T15:29:51+00:00\" \/>\n<meta property=\"og:image\" content=\"https:\/\/witocamprent.pl\/wp-content\/uploads\/2024\/07\/25.jpg\" \/>\n\t<meta property=\"og:image:width\" content=\"800\" \/>\n\t<meta property=\"og:image:height\" content=\"600\" \/>\n\t<meta property=\"og:image:type\" content=\"image\/jpeg\" \/>\n<meta name=\"twitter:card\" content=\"summary_large_image\" \/>\n<meta name=\"twitter:label1\" content=\"Est. reading time\" \/>\n\t<meta name=\"twitter:data1\" content=\"1 minute\" \/>\n<script type=\"application\/ld+json\" class=\"yoast-schema-graph\">{\"@context\":\"https:\/\/schema.org\",\"@graph\":[{\"@type\":\"WebPage\",\"@id\":\"https:\/\/witocamprent.pl\/camping-lesne-ustronie-camping\/\",\"url\":\"https:\/\/witocamprent.pl\/camping-lesne-ustronie-camping\/\",\"name\":\"Camping Lesne Ustronie - Camping - WITO CampRent\",\"isPartOf\":{\"@id\":\"https:\/\/witocamprent.pl\/#website\"},\"primaryImageOfPage\":{\"@id\":\"https:\/\/witocamprent.pl\/camping-lesne-ustronie-camping\/#primaryimage\"},\"image\":{\"@id\":\"https:\/\/witocamprent.pl\/camping-lesne-ustronie-camping\/#primaryimage\"},\"thumbnailUrl\":\"https:\/\/witocamprent.pl\/wp-content\/uploads\/2024\/07\/25.jpg\",\"datePublished\":\"2024-10-12T17:38:59+00:00\",\"dateModified\":\"2024-11-09T15:29:51+00:00\",\"breadcrumb\":{\"@id\":\"https:\/\/witocamprent.pl\/camping-lesne-ustronie-camping\/#breadcrumb\"},\"inLanguage\":\"en-US\",\"potentialAction\":[{\"@type\":\"ReadAction\",\"target\":[\"https:\/\/witocamprent.pl\/camping-lesne-ustronie-camping\/\"]}]},{\"@type\":\"ImageObject\",\"inLanguage\":\"en-US\",\"@id\":\"https:\/\/witocamprent.pl\/camping-lesne-ustronie-camping\/#primaryimage\",\"url\":\"https:\/\/witocamprent.pl\/wp-content\/uploads\/2024\/07\/25.jpg\",\"contentUrl\":\"https:\/\/witocamprent.pl\/wp-content\/uploads\/2024\/07\/25.jpg\",\"width\":800,\"height\":600},{\"@type\":\"BreadcrumbList\",\"@id\":\"https:\/\/witocamprent.pl\/camping-lesne-ustronie-camping\/#breadcrumb\",\"itemListElement\":[{\"@type\":\"ListItem\",\"position\":1,\"name\":\"Strona g\u0142\u00f3wna\",\"item\":\"https:\/\/witocamprent.pl\/\"},{\"@type\":\"ListItem\",\"position\":2,\"name\":\"Camping Lesne Ustronie &#8211; Camping\"}]},{\"@type\":\"WebSite\",\"@id\":\"https:\/\/witocamprent.pl\/#website\",\"url\":\"https:\/\/witocamprent.pl\/\",\"name\":\"WITO CampRent\",\"description\":\"Wynajem camper&oacute;w\",\"potentialAction\":[{\"@type\":\"SearchAction\",\"target\":{\"@type\":\"EntryPoint\",\"urlTemplate\":\"https:\/\/witocamprent.pl\/?s={search_term_string}\"},\"query-input\":{\"@type\":\"PropertyValueSpecification\",\"valueRequired\":true,\"valueName\":\"search_term_string\"}}],\"inLanguage\":\"en-US\"}]}<\/script>\n<!-- \/ Yoast SEO plugin. -->","yoast_head_json":{"title":"Camping Lesne Ustronie - Camping - WITO CampRent","robots":{"index":"index","follow":"follow","max-snippet":"max-snippet:-1","max-image-preview":"max-image-preview:large","max-video-preview":"max-video-preview:-1"},"canonical":"https:\/\/witocamprent.pl\/en\/camping-lesne-ustronie-camping\/","og_locale":"en_US","og_type":"article","og_title":"Camping Lesne Ustronie - Camping - WITO CampRent","og_description":"&nbsp; Kamping Camping Lesne Ustronie Miejscowo\u015b\u0107 Witnica Wojew\u00f3dztwo Lubuskie Pa\u0144stwo Polska GPS 54\u00b02&#8217;26&#8221;N,17\u00b056&#8217;6&#8221;E &nbsp; Opis obiektu &#8211; Camping Lesne Ustronie Camping Le\u015bne Ustronie: Oferuje wyj\u0105tkowy wypoczynek nad jeziorem, otoczony licznie atrakcjami i udogodnieniami dla rodzin oraz mi\u0142o\u015bnik\u00f3w natury. Obiekt zosta\u0142 stworzony z my\u015bl\u0105 o spokojnym i relaksuj\u0105cym odpoczynku w harmonii z przyrod\u0105. &nbsp; Opis miejscowo\u015bci [&hellip;]","og_url":"https:\/\/witocamprent.pl\/en\/camping-lesne-ustronie-camping\/","og_site_name":"WITO CampRent","article_modified_time":"2024-11-09T15:29:51+00:00","og_image":[{"width":800,"height":600,"url":"https:\/\/witocamprent.pl\/wp-content\/uploads\/2024\/07\/25.jpg","type":"image\/jpeg"}],"twitter_card":"summary_large_image","twitter_misc":{"Est. reading time":"1 minute"},"schema":{"@context":"https:\/\/schema.org","@graph":[{"@type":"WebPage","@id":"https:\/\/witocamprent.pl\/camping-lesne-ustronie-camping\/","url":"https:\/\/witocamprent.pl\/camping-lesne-ustronie-camping\/","name":"Camping Lesne Ustronie - Camping - WITO CampRent","isPartOf":{"@id":"https:\/\/witocamprent.pl\/#website"},"primaryImageOfPage":{"@id":"https:\/\/witocamprent.pl\/camping-lesne-ustronie-camping\/#primaryimage"},"image":{"@id":"https:\/\/witocamprent.pl\/camping-lesne-ustronie-camping\/#primaryimage"},"thumbnailUrl":"https:\/\/witocamprent.pl\/wp-content\/uploads\/2024\/07\/25.jpg","datePublished":"2024-10-12T17:38:59+00:00","dateModified":"2024-11-09T15:29:51+00:00","breadcrumb":{"@id":"https:\/\/witocamprent.pl\/camping-lesne-ustronie-camping\/#breadcrumb"},"inLanguage":"en-US","potentialAction":[{"@type":"ReadAction","target":["https:\/\/witocamprent.pl\/camping-lesne-ustronie-camping\/"]}]},{"@type":"ImageObject","inLanguage":"en-US","@id":"https:\/\/witocamprent.pl\/camping-lesne-ustronie-camping\/#primaryimage","url":"https:\/\/witocamprent.pl\/wp-content\/uploads\/2024\/07\/25.jpg","contentUrl":"https:\/\/witocamprent.pl\/wp-content\/uploads\/2024\/07\/25.jpg","width":800,"height":600},{"@type":"BreadcrumbList","@id":"https:\/\/witocamprent.pl\/camping-lesne-ustronie-camping\/#breadcrumb","itemListElement":[{"@type":"ListItem","position":1,"name":"Strona g\u0142\u00f3wna","item":"https:\/\/witocamprent.pl\/"},{"@type":"ListItem","position":2,"name":"Camping Lesne Ustronie &#8211; Camping"}]},{"@type":"WebSite","@id":"https:\/\/witocamprent.pl\/#website","url":"https:\/\/witocamprent.pl\/","name":"WITO CampRent","description":"Wynajem camper&oacute;w","potentialAction":[{"@type":"SearchAction","target":{"@type":"EntryPoint","urlTemplate":"https:\/\/witocamprent.pl\/?s={search_term_string}"},"query-input":{"@type":"PropertyValueSpecification","valueRequired":true,"valueName":"search_term_string"}}],"inLanguage":"en-US"}]}},"_links":{"self":[{"href":"https:\/\/witocamprent.pl\/en\/wp-json\/wp\/v2\/pages\/14898","targetHints":{"allow":["GET"]}}],"collection":[{"href":"https:\/\/witocamprent.pl\/en\/wp-json\/wp\/v2\/pages"}],"about":[{"href":"https:\/\/witocamprent.pl\/en\/wp-json\/wp\/v2\/types\/page"}],"author":[{"embeddable":true,"href":"https:\/\/witocamprent.pl\/en\/wp-json\/wp\/v2\/users\/6"}],"replies":[{"embeddable":true,"href":"https:\/\/witocamprent.pl\/en\/wp-json\/wp\/v2\/comments?post=14898"}],"version-history":[{"count":1,"href":"https:\/\/witocamprent.pl\/en\/wp-json\/wp\/v2\/pages\/14898\/revisions"}],"predecessor-version":[{"id":15114,"href":"https:\/\/witocamprent.pl\/en\/wp-json\/wp\/v2\/pages\/14898\/revisions\/15114"}],"wp:featuredmedia":[{"embeddable":true,"href":"https:\/\/witocamprent.pl\/en\/wp-json\/wp\/v2\/media\/13989"}],"wp:attachment":[{"href":"https:\/\/witocamprent.pl\/en\/wp-json\/wp\/v2\/media?parent=14898"}],"curies":[{"name":"wp","href":"https:\/\/api.w.org\/{rel}","templated":true}]}}