{"id":14900,"date":"2024-09-28T13:03:47","date_gmt":"2024-09-28T12:03:47","guid":{"rendered":"https:\/\/witocamprent.pl\/camping-male-miasto-camping\/"},"modified":"2024-11-09T16:29:52","modified_gmt":"2024-11-09T15:29:52","slug":"camping-male-miasto-camping","status":"publish","type":"page","link":"https:\/\/witocamprent.pl\/en\/camping-male-miasto-camping\/","title":{"rendered":"Camping Ma\u0142e Miasto &#8211; Camping"},"content":{"rendered":"<p>&nbsp;<\/p>\n<table>\n<tbody>\n<tr>\n<td>Kamping<\/td>\n<td>Camping Ma\u0142e Miasto<\/td>\n<\/tr>\n<tr>\n<td>Miejscowo\u015b\u0107<\/td>\n<td>Boguszyn<\/td>\n<\/tr>\n<tr>\n<td>Wojew\u00f3dztwo<\/td>\n<td>Wielkopolskie<\/td>\n<\/tr>\n<tr>\n<td>Pa\u0144stwo<\/td>\n<td>Polska<\/td>\n<\/tr>\n<tr>\n<td>GPS<\/td>\n<td>52\u00b004&#8217;06.9&#8243;N 17\u00b020&#8217;33.7&#8243;E<\/td>\n<\/tr>\n<\/tbody>\n<\/table>\n<p>&nbsp;<\/p>\n<h2>Opis obiektu &#8211; Camping Ma\u0142e Miasto<\/h2>\n<p>Camping czynny w sezonie Przystosowany dla niepe\u0142nosprawnych: Z my\u015bl\u0105 o komforcie go\u015bci zapewniono: mo\u017cliwo\u015b\u0107 przyjazdu z psami, opr\u00f3\u017cnianie toalety chemicznej, tankowanie czystej wody, wypo\u017cyczalni\u0119 rower\u00f3w, plac zabaw, sklep spo\u017cywczy, restauracj\u0119, umywalki, bezp\u0142atny prysznic oraz toalety.<\/p>\n<p>&nbsp;<\/p>\n<h2>Opis miejscowo\u015bci &#8211; Boguszyn<\/h2>\n<p>Boguszyn to malownicza miejscowo\u015b\u0107 po\u0142o\u017cona w\u015br\u00f3d las\u00f3w i p\u00f3l, idealna dla mi\u0142o\u015bnik\u00f3w ciszy i kontaktu z natur\u0105. Mo\u017cna tu tak\u017ce spacerowa\u0107 po urokliwych \u015bcie\u017ckach i obserwowa\u0107 lokaln\u0105 faun\u0119 i flor\u0119.<\/p>\n<p>&nbsp;<\/p>\n<p>Twoim celem podr\u00f3\u017cy jest Boguszyn? &#8211; Sprawd\u017a nasz\u0105 ofert\u0119 na <strong><a href=\"\/en\/\">wynajem kamper\u00f3w<\/a><\/strong>!<\/p>","protected":false},"excerpt":{"rendered":"<p>&nbsp; Kamping Camping Ma\u0142e Miasto Miejscowo\u015b\u0107 Boguszyn Wojew\u00f3dztwo Wielkopolskie Pa\u0144stwo Polska GPS 52\u00b004&#8217;06.9&#8243;N 17\u00b020&#8217;33.7&#8243;E &nbsp; Opis obiektu &#8211; Camping Ma\u0142e Miasto Camping czynny w sezonie Przystosowany dla niepe\u0142nosprawnych: Z my\u015bl\u0105 o komforcie go\u015bci zapewniono: mo\u017cliwo\u015b\u0107 przyjazdu z psami, opr\u00f3\u017cnianie toalety chemicznej, tankowanie czystej wody, wypo\u017cyczalni\u0119 rower\u00f3w, plac zabaw, sklep spo\u017cywczy, restauracj\u0119, umywalki, bezp\u0142atny prysznic oraz [&hellip;]<\/p>","protected":false},"author":6,"featured_media":13993,"parent":0,"menu_order":0,"comment_status":"open","ping_status":"open","template":"","meta":{"footnotes":""},"class_list":["post-14900","page","type-page","status-publish","has-post-thumbnail","hentry","miasto-boguszyn","wojewodztwa-wielkopolskie"],"yoast_head":"<!-- This site is optimized with the Yoast SEO plugin v26.8 - https:\/\/yoast.com\/product\/yoast-seo-wordpress\/ -->\n<title>Camping Ma\u0142e Miasto - Camping - WITO CampRent<\/title>\n<meta name=\"robots\" content=\"index, follow, max-snippet:-1, max-image-preview:large, max-video-preview:-1\" \/>\n<link rel=\"canonical\" href=\"https:\/\/witocamprent.pl\/en\/camping-male-miasto-camping\/\" \/>\n<meta property=\"og:locale\" content=\"en_US\" \/>\n<meta property=\"og:type\" content=\"article\" \/>\n<meta property=\"og:title\" content=\"Camping Ma\u0142e Miasto - Camping - WITO CampRent\" \/>\n<meta property=\"og:description\" content=\"&nbsp; Kamping Camping Ma\u0142e Miasto Miejscowo\u015b\u0107 Boguszyn Wojew\u00f3dztwo Wielkopolskie Pa\u0144stwo Polska GPS 52\u00b004&#8217;06.9&#8243;N 17\u00b020&#8217;33.7&#8243;E &nbsp; Opis obiektu &#8211; Camping Ma\u0142e Miasto Camping czynny w sezonie Przystosowany dla niepe\u0142nosprawnych: Z my\u015bl\u0105 o komforcie go\u015bci zapewniono: mo\u017cliwo\u015b\u0107 przyjazdu z psami, opr\u00f3\u017cnianie toalety chemicznej, tankowanie czystej wody, wypo\u017cyczalni\u0119 rower\u00f3w, plac zabaw, sklep spo\u017cywczy, restauracj\u0119, umywalki, bezp\u0142atny prysznic oraz [&hellip;]\" \/>\n<meta property=\"og:url\" content=\"https:\/\/witocamprent.pl\/en\/camping-male-miasto-camping\/\" \/>\n<meta property=\"og:site_name\" content=\"WITO CampRent\" \/>\n<meta property=\"article:modified_time\" content=\"2024-11-09T15:29:52+00:00\" \/>\n<meta property=\"og:image\" content=\"https:\/\/witocamprent.pl\/wp-content\/uploads\/2024\/07\/27.jpg\" \/>\n\t<meta property=\"og:image:width\" content=\"800\" \/>\n\t<meta property=\"og:image:height\" content=\"600\" \/>\n\t<meta property=\"og:image:type\" content=\"image\/jpeg\" \/>\n<meta name=\"twitter:card\" content=\"summary_large_image\" \/>\n<meta name=\"twitter:label1\" content=\"Est. reading time\" \/>\n\t<meta name=\"twitter:data1\" content=\"1 minute\" \/>\n<script type=\"application\/ld+json\" class=\"yoast-schema-graph\">{\"@context\":\"https:\/\/schema.org\",\"@graph\":[{\"@type\":\"WebPage\",\"@id\":\"https:\/\/witocamprent.pl\/camping-male-miasto-camping\/\",\"url\":\"https:\/\/witocamprent.pl\/camping-male-miasto-camping\/\",\"name\":\"Camping Ma\u0142e Miasto - Camping - WITO CampRent\",\"isPartOf\":{\"@id\":\"https:\/\/witocamprent.pl\/#website\"},\"primaryImageOfPage\":{\"@id\":\"https:\/\/witocamprent.pl\/camping-male-miasto-camping\/#primaryimage\"},\"image\":{\"@id\":\"https:\/\/witocamprent.pl\/camping-male-miasto-camping\/#primaryimage\"},\"thumbnailUrl\":\"https:\/\/witocamprent.pl\/wp-content\/uploads\/2024\/07\/27.jpg\",\"datePublished\":\"2024-09-28T12:03:47+00:00\",\"dateModified\":\"2024-11-09T15:29:52+00:00\",\"breadcrumb\":{\"@id\":\"https:\/\/witocamprent.pl\/camping-male-miasto-camping\/#breadcrumb\"},\"inLanguage\":\"en-US\",\"potentialAction\":[{\"@type\":\"ReadAction\",\"target\":[\"https:\/\/witocamprent.pl\/camping-male-miasto-camping\/\"]}]},{\"@type\":\"ImageObject\",\"inLanguage\":\"en-US\",\"@id\":\"https:\/\/witocamprent.pl\/camping-male-miasto-camping\/#primaryimage\",\"url\":\"https:\/\/witocamprent.pl\/wp-content\/uploads\/2024\/07\/27.jpg\",\"contentUrl\":\"https:\/\/witocamprent.pl\/wp-content\/uploads\/2024\/07\/27.jpg\",\"width\":800,\"height\":600},{\"@type\":\"BreadcrumbList\",\"@id\":\"https:\/\/witocamprent.pl\/camping-male-miasto-camping\/#breadcrumb\",\"itemListElement\":[{\"@type\":\"ListItem\",\"position\":1,\"name\":\"Strona g\u0142\u00f3wna\",\"item\":\"https:\/\/witocamprent.pl\/\"},{\"@type\":\"ListItem\",\"position\":2,\"name\":\"Camping Ma\u0142e Miasto &#8211; Camping\"}]},{\"@type\":\"WebSite\",\"@id\":\"https:\/\/witocamprent.pl\/#website\",\"url\":\"https:\/\/witocamprent.pl\/\",\"name\":\"WITO CampRent\",\"description\":\"Wynajem camper&oacute;w\",\"potentialAction\":[{\"@type\":\"SearchAction\",\"target\":{\"@type\":\"EntryPoint\",\"urlTemplate\":\"https:\/\/witocamprent.pl\/?s={search_term_string}\"},\"query-input\":{\"@type\":\"PropertyValueSpecification\",\"valueRequired\":true,\"valueName\":\"search_term_string\"}}],\"inLanguage\":\"en-US\"}]}<\/script>\n<!-- \/ Yoast SEO plugin. -->","yoast_head_json":{"title":"Camping Ma\u0142e Miasto - Camping - WITO CampRent","robots":{"index":"index","follow":"follow","max-snippet":"max-snippet:-1","max-image-preview":"max-image-preview:large","max-video-preview":"max-video-preview:-1"},"canonical":"https:\/\/witocamprent.pl\/en\/camping-male-miasto-camping\/","og_locale":"en_US","og_type":"article","og_title":"Camping Ma\u0142e Miasto - Camping - WITO CampRent","og_description":"&nbsp; Kamping Camping Ma\u0142e Miasto Miejscowo\u015b\u0107 Boguszyn Wojew\u00f3dztwo Wielkopolskie Pa\u0144stwo Polska GPS 52\u00b004&#8217;06.9&#8243;N 17\u00b020&#8217;33.7&#8243;E &nbsp; Opis obiektu &#8211; Camping Ma\u0142e Miasto Camping czynny w sezonie Przystosowany dla niepe\u0142nosprawnych: Z my\u015bl\u0105 o komforcie go\u015bci zapewniono: mo\u017cliwo\u015b\u0107 przyjazdu z psami, opr\u00f3\u017cnianie toalety chemicznej, tankowanie czystej wody, wypo\u017cyczalni\u0119 rower\u00f3w, plac zabaw, sklep spo\u017cywczy, restauracj\u0119, umywalki, bezp\u0142atny prysznic oraz [&hellip;]","og_url":"https:\/\/witocamprent.pl\/en\/camping-male-miasto-camping\/","og_site_name":"WITO CampRent","article_modified_time":"2024-11-09T15:29:52+00:00","og_image":[{"width":800,"height":600,"url":"https:\/\/witocamprent.pl\/wp-content\/uploads\/2024\/07\/27.jpg","type":"image\/jpeg"}],"twitter_card":"summary_large_image","twitter_misc":{"Est. reading time":"1 minute"},"schema":{"@context":"https:\/\/schema.org","@graph":[{"@type":"WebPage","@id":"https:\/\/witocamprent.pl\/camping-male-miasto-camping\/","url":"https:\/\/witocamprent.pl\/camping-male-miasto-camping\/","name":"Camping Ma\u0142e Miasto - Camping - WITO CampRent","isPartOf":{"@id":"https:\/\/witocamprent.pl\/#website"},"primaryImageOfPage":{"@id":"https:\/\/witocamprent.pl\/camping-male-miasto-camping\/#primaryimage"},"image":{"@id":"https:\/\/witocamprent.pl\/camping-male-miasto-camping\/#primaryimage"},"thumbnailUrl":"https:\/\/witocamprent.pl\/wp-content\/uploads\/2024\/07\/27.jpg","datePublished":"2024-09-28T12:03:47+00:00","dateModified":"2024-11-09T15:29:52+00:00","breadcrumb":{"@id":"https:\/\/witocamprent.pl\/camping-male-miasto-camping\/#breadcrumb"},"inLanguage":"en-US","potentialAction":[{"@type":"ReadAction","target":["https:\/\/witocamprent.pl\/camping-male-miasto-camping\/"]}]},{"@type":"ImageObject","inLanguage":"en-US","@id":"https:\/\/witocamprent.pl\/camping-male-miasto-camping\/#primaryimage","url":"https:\/\/witocamprent.pl\/wp-content\/uploads\/2024\/07\/27.jpg","contentUrl":"https:\/\/witocamprent.pl\/wp-content\/uploads\/2024\/07\/27.jpg","width":800,"height":600},{"@type":"BreadcrumbList","@id":"https:\/\/witocamprent.pl\/camping-male-miasto-camping\/#breadcrumb","itemListElement":[{"@type":"ListItem","position":1,"name":"Strona g\u0142\u00f3wna","item":"https:\/\/witocamprent.pl\/"},{"@type":"ListItem","position":2,"name":"Camping Ma\u0142e Miasto &#8211; Camping"}]},{"@type":"WebSite","@id":"https:\/\/witocamprent.pl\/#website","url":"https:\/\/witocamprent.pl\/","name":"WITO CampRent","description":"Wynajem camper&oacute;w","potentialAction":[{"@type":"SearchAction","target":{"@type":"EntryPoint","urlTemplate":"https:\/\/witocamprent.pl\/?s={search_term_string}"},"query-input":{"@type":"PropertyValueSpecification","valueRequired":true,"valueName":"search_term_string"}}],"inLanguage":"en-US"}]}},"_links":{"self":[{"href":"https:\/\/witocamprent.pl\/en\/wp-json\/wp\/v2\/pages\/14900","targetHints":{"allow":["GET"]}}],"collection":[{"href":"https:\/\/witocamprent.pl\/en\/wp-json\/wp\/v2\/pages"}],"about":[{"href":"https:\/\/witocamprent.pl\/en\/wp-json\/wp\/v2\/types\/page"}],"author":[{"embeddable":true,"href":"https:\/\/witocamprent.pl\/en\/wp-json\/wp\/v2\/users\/6"}],"replies":[{"embeddable":true,"href":"https:\/\/witocamprent.pl\/en\/wp-json\/wp\/v2\/comments?post=14900"}],"version-history":[{"count":1,"href":"https:\/\/witocamprent.pl\/en\/wp-json\/wp\/v2\/pages\/14900\/revisions"}],"predecessor-version":[{"id":15116,"href":"https:\/\/witocamprent.pl\/en\/wp-json\/wp\/v2\/pages\/14900\/revisions\/15116"}],"wp:featuredmedia":[{"embeddable":true,"href":"https:\/\/witocamprent.pl\/en\/wp-json\/wp\/v2\/media\/13993"}],"wp:attachment":[{"href":"https:\/\/witocamprent.pl\/en\/wp-json\/wp\/v2\/media?parent=14900"}],"curies":[{"name":"wp","href":"https:\/\/api.w.org\/{rel}","templated":true}]}}