{"id":14903,"date":"2024-08-31T14:06:52","date_gmt":"2024-08-31T13:06:52","guid":{"rendered":"https:\/\/witocamprent.pl\/camping-na-granicy-nr-125-camping\/"},"modified":"2024-11-09T16:29:53","modified_gmt":"2024-11-09T15:29:53","slug":"camping-na-granicy-nr-125-camping","status":"publish","type":"page","link":"https:\/\/witocamprent.pl\/en\/camping-na-granicy-nr-125-camping\/","title":{"rendered":"CAMPING NA GRANICY nr 125 &#8211; Camping"},"content":{"rendered":"<p>&nbsp;<\/p>\n<table>\n<tbody>\n<tr>\n<td>Kamping<\/td>\n<td>CAMPING NA GRANICY nr 125<\/td>\n<\/tr>\n<tr>\n<td>Miejscowo\u015b\u0107<\/td>\n<td>Mielno<\/td>\n<\/tr>\n<tr>\n<td>Wojew\u00f3dztwo<\/td>\n<td>Zachodniopomorskie<\/td>\n<\/tr>\n<tr>\n<td>Pa\u0144stwo<\/td>\n<td>Polska<\/td>\n<\/tr>\n<tr>\n<td>GPS<\/td>\n<td>P 54\u00b0 15&#8242; 46&#8243; N 16\u00b0 04&#8242; 26&#8243;<\/td>\n<\/tr>\n<\/tbody>\n<\/table>\n<p>&nbsp;<\/p>\n<h2>Opis obiektu &#8211; CAMPING NA GRANICY nr 125<\/h2>\n<p>Polska Camping Na Granicy nr 125 w Mielnie-Unie\u015bcie to o\u015brodek czynny w sezonie, nad jeziorem lub rzek\u0105, oferuj\u0105cy k\u0105pielisko, \u017ceglowanie, kitesurfing\/windsurfing, plac zabaw, restauracj\u0119, sklep spo\u017cywczy, umywalki, dost\u0119p do internetu i wiele innych atrakcji.<\/p>\n<p>&nbsp;<\/p>\n<h2>Opis miejscowo\u015bci &#8211; Mielno<\/h2>\n<p>Kap\u0142onki Polska, bogata w histori\u0119, zabytki, pi\u0119kne krajobrazy i r\u00f3\u017cnorodne atrakcje turystyczne, od g\u00f3r po morze.<\/p>\n<p>&nbsp;<\/p>\n<p>Twoim celem podr\u00f3\u017cy jest Mielno? &#8211; Sprawd\u017a nasz\u0105 ofert\u0119 na <strong><a href=\"\/en\/\">wynajem kamper\u00f3w<\/a><\/strong>!<\/p>","protected":false},"excerpt":{"rendered":"<p>&nbsp; Kamping CAMPING NA GRANICY nr 125 Miejscowo\u015b\u0107 Mielno Wojew\u00f3dztwo Zachodniopomorskie Pa\u0144stwo Polska GPS P 54\u00b0 15&#8242; 46&#8243; N 16\u00b0 04&#8242; 26&#8243; &nbsp; Opis obiektu &#8211; CAMPING NA GRANICY nr 125 Polska Camping Na Granicy nr 125 w Mielnie-Unie\u015bcie to o\u015brodek czynny w sezonie, nad jeziorem lub rzek\u0105, oferuj\u0105cy k\u0105pielisko, \u017ceglowanie, kitesurfing\/windsurfing, plac zabaw, restauracj\u0119, [&hellip;]<\/p>","protected":false},"author":6,"featured_media":13999,"parent":0,"menu_order":0,"comment_status":"open","ping_status":"open","template":"","meta":{"footnotes":""},"class_list":["post-14903","page","type-page","status-publish","has-post-thumbnail","hentry","miasto-mielno","wojewodztwa-zachodniopomorskie"],"yoast_head":"<!-- This site is optimized with the Yoast SEO plugin v26.8 - https:\/\/yoast.com\/product\/yoast-seo-wordpress\/ -->\n<title>CAMPING NA GRANICY nr 125 - Camping - WITO CampRent<\/title>\n<meta name=\"robots\" content=\"index, follow, max-snippet:-1, max-image-preview:large, max-video-preview:-1\" \/>\n<link rel=\"canonical\" href=\"https:\/\/witocamprent.pl\/en\/camping-na-granicy-nr-125-camping\/\" \/>\n<meta property=\"og:locale\" content=\"en_US\" \/>\n<meta property=\"og:type\" content=\"article\" \/>\n<meta property=\"og:title\" content=\"CAMPING NA GRANICY nr 125 - Camping - WITO CampRent\" \/>\n<meta property=\"og:description\" content=\"&nbsp; Kamping CAMPING NA GRANICY nr 125 Miejscowo\u015b\u0107 Mielno Wojew\u00f3dztwo Zachodniopomorskie Pa\u0144stwo Polska GPS P 54\u00b0 15&#8242; 46&#8243; N 16\u00b0 04&#8242; 26&#8243; &nbsp; Opis obiektu &#8211; CAMPING NA GRANICY nr 125 Polska Camping Na Granicy nr 125 w Mielnie-Unie\u015bcie to o\u015brodek czynny w sezonie, nad jeziorem lub rzek\u0105, oferuj\u0105cy k\u0105pielisko, \u017ceglowanie, kitesurfing\/windsurfing, plac zabaw, restauracj\u0119, [&hellip;]\" \/>\n<meta property=\"og:url\" content=\"https:\/\/witocamprent.pl\/en\/camping-na-granicy-nr-125-camping\/\" \/>\n<meta property=\"og:site_name\" content=\"WITO CampRent\" \/>\n<meta property=\"article:modified_time\" content=\"2024-11-09T15:29:53+00:00\" \/>\n<meta property=\"og:image\" content=\"https:\/\/witocamprent.pl\/wp-content\/uploads\/2024\/07\/30.jpg\" \/>\n\t<meta property=\"og:image:width\" content=\"800\" \/>\n\t<meta property=\"og:image:height\" content=\"600\" \/>\n\t<meta property=\"og:image:type\" content=\"image\/jpeg\" \/>\n<meta name=\"twitter:card\" content=\"summary_large_image\" \/>\n<meta name=\"twitter:label1\" content=\"Est. reading time\" \/>\n\t<meta name=\"twitter:data1\" content=\"1 minute\" \/>\n<script type=\"application\/ld+json\" class=\"yoast-schema-graph\">{\"@context\":\"https:\/\/schema.org\",\"@graph\":[{\"@type\":\"WebPage\",\"@id\":\"https:\/\/witocamprent.pl\/camping-na-granicy-nr-125-camping\/\",\"url\":\"https:\/\/witocamprent.pl\/camping-na-granicy-nr-125-camping\/\",\"name\":\"CAMPING NA GRANICY nr 125 - Camping - WITO CampRent\",\"isPartOf\":{\"@id\":\"https:\/\/witocamprent.pl\/#website\"},\"primaryImageOfPage\":{\"@id\":\"https:\/\/witocamprent.pl\/camping-na-granicy-nr-125-camping\/#primaryimage\"},\"image\":{\"@id\":\"https:\/\/witocamprent.pl\/camping-na-granicy-nr-125-camping\/#primaryimage\"},\"thumbnailUrl\":\"https:\/\/witocamprent.pl\/wp-content\/uploads\/2024\/07\/30.jpg\",\"datePublished\":\"2024-08-31T13:06:52+00:00\",\"dateModified\":\"2024-11-09T15:29:53+00:00\",\"breadcrumb\":{\"@id\":\"https:\/\/witocamprent.pl\/camping-na-granicy-nr-125-camping\/#breadcrumb\"},\"inLanguage\":\"en-US\",\"potentialAction\":[{\"@type\":\"ReadAction\",\"target\":[\"https:\/\/witocamprent.pl\/camping-na-granicy-nr-125-camping\/\"]}]},{\"@type\":\"ImageObject\",\"inLanguage\":\"en-US\",\"@id\":\"https:\/\/witocamprent.pl\/camping-na-granicy-nr-125-camping\/#primaryimage\",\"url\":\"https:\/\/witocamprent.pl\/wp-content\/uploads\/2024\/07\/30.jpg\",\"contentUrl\":\"https:\/\/witocamprent.pl\/wp-content\/uploads\/2024\/07\/30.jpg\",\"width\":800,\"height\":600},{\"@type\":\"BreadcrumbList\",\"@id\":\"https:\/\/witocamprent.pl\/camping-na-granicy-nr-125-camping\/#breadcrumb\",\"itemListElement\":[{\"@type\":\"ListItem\",\"position\":1,\"name\":\"Strona g\u0142\u00f3wna\",\"item\":\"https:\/\/witocamprent.pl\/\"},{\"@type\":\"ListItem\",\"position\":2,\"name\":\"CAMPING NA GRANICY nr 125 &#8211; Camping\"}]},{\"@type\":\"WebSite\",\"@id\":\"https:\/\/witocamprent.pl\/#website\",\"url\":\"https:\/\/witocamprent.pl\/\",\"name\":\"WITO CampRent\",\"description\":\"Wynajem camper&oacute;w\",\"potentialAction\":[{\"@type\":\"SearchAction\",\"target\":{\"@type\":\"EntryPoint\",\"urlTemplate\":\"https:\/\/witocamprent.pl\/?s={search_term_string}\"},\"query-input\":{\"@type\":\"PropertyValueSpecification\",\"valueRequired\":true,\"valueName\":\"search_term_string\"}}],\"inLanguage\":\"en-US\"}]}<\/script>\n<!-- \/ Yoast SEO plugin. -->","yoast_head_json":{"title":"CAMPING NA GRANICY nr 125 - Camping - WITO CampRent","robots":{"index":"index","follow":"follow","max-snippet":"max-snippet:-1","max-image-preview":"max-image-preview:large","max-video-preview":"max-video-preview:-1"},"canonical":"https:\/\/witocamprent.pl\/en\/camping-na-granicy-nr-125-camping\/","og_locale":"en_US","og_type":"article","og_title":"CAMPING NA GRANICY nr 125 - Camping - WITO CampRent","og_description":"&nbsp; Kamping CAMPING NA GRANICY nr 125 Miejscowo\u015b\u0107 Mielno Wojew\u00f3dztwo Zachodniopomorskie Pa\u0144stwo Polska GPS P 54\u00b0 15&#8242; 46&#8243; N 16\u00b0 04&#8242; 26&#8243; &nbsp; Opis obiektu &#8211; CAMPING NA GRANICY nr 125 Polska Camping Na Granicy nr 125 w Mielnie-Unie\u015bcie to o\u015brodek czynny w sezonie, nad jeziorem lub rzek\u0105, oferuj\u0105cy k\u0105pielisko, \u017ceglowanie, kitesurfing\/windsurfing, plac zabaw, restauracj\u0119, [&hellip;]","og_url":"https:\/\/witocamprent.pl\/en\/camping-na-granicy-nr-125-camping\/","og_site_name":"WITO CampRent","article_modified_time":"2024-11-09T15:29:53+00:00","og_image":[{"width":800,"height":600,"url":"https:\/\/witocamprent.pl\/wp-content\/uploads\/2024\/07\/30.jpg","type":"image\/jpeg"}],"twitter_card":"summary_large_image","twitter_misc":{"Est. reading time":"1 minute"},"schema":{"@context":"https:\/\/schema.org","@graph":[{"@type":"WebPage","@id":"https:\/\/witocamprent.pl\/camping-na-granicy-nr-125-camping\/","url":"https:\/\/witocamprent.pl\/camping-na-granicy-nr-125-camping\/","name":"CAMPING NA GRANICY nr 125 - Camping - WITO CampRent","isPartOf":{"@id":"https:\/\/witocamprent.pl\/#website"},"primaryImageOfPage":{"@id":"https:\/\/witocamprent.pl\/camping-na-granicy-nr-125-camping\/#primaryimage"},"image":{"@id":"https:\/\/witocamprent.pl\/camping-na-granicy-nr-125-camping\/#primaryimage"},"thumbnailUrl":"https:\/\/witocamprent.pl\/wp-content\/uploads\/2024\/07\/30.jpg","datePublished":"2024-08-31T13:06:52+00:00","dateModified":"2024-11-09T15:29:53+00:00","breadcrumb":{"@id":"https:\/\/witocamprent.pl\/camping-na-granicy-nr-125-camping\/#breadcrumb"},"inLanguage":"en-US","potentialAction":[{"@type":"ReadAction","target":["https:\/\/witocamprent.pl\/camping-na-granicy-nr-125-camping\/"]}]},{"@type":"ImageObject","inLanguage":"en-US","@id":"https:\/\/witocamprent.pl\/camping-na-granicy-nr-125-camping\/#primaryimage","url":"https:\/\/witocamprent.pl\/wp-content\/uploads\/2024\/07\/30.jpg","contentUrl":"https:\/\/witocamprent.pl\/wp-content\/uploads\/2024\/07\/30.jpg","width":800,"height":600},{"@type":"BreadcrumbList","@id":"https:\/\/witocamprent.pl\/camping-na-granicy-nr-125-camping\/#breadcrumb","itemListElement":[{"@type":"ListItem","position":1,"name":"Strona g\u0142\u00f3wna","item":"https:\/\/witocamprent.pl\/"},{"@type":"ListItem","position":2,"name":"CAMPING NA GRANICY nr 125 &#8211; Camping"}]},{"@type":"WebSite","@id":"https:\/\/witocamprent.pl\/#website","url":"https:\/\/witocamprent.pl\/","name":"WITO CampRent","description":"Wynajem camper&oacute;w","potentialAction":[{"@type":"SearchAction","target":{"@type":"EntryPoint","urlTemplate":"https:\/\/witocamprent.pl\/?s={search_term_string}"},"query-input":{"@type":"PropertyValueSpecification","valueRequired":true,"valueName":"search_term_string"}}],"inLanguage":"en-US"}]}},"_links":{"self":[{"href":"https:\/\/witocamprent.pl\/en\/wp-json\/wp\/v2\/pages\/14903","targetHints":{"allow":["GET"]}}],"collection":[{"href":"https:\/\/witocamprent.pl\/en\/wp-json\/wp\/v2\/pages"}],"about":[{"href":"https:\/\/witocamprent.pl\/en\/wp-json\/wp\/v2\/types\/page"}],"author":[{"embeddable":true,"href":"https:\/\/witocamprent.pl\/en\/wp-json\/wp\/v2\/users\/6"}],"replies":[{"embeddable":true,"href":"https:\/\/witocamprent.pl\/en\/wp-json\/wp\/v2\/comments?post=14903"}],"version-history":[{"count":1,"href":"https:\/\/witocamprent.pl\/en\/wp-json\/wp\/v2\/pages\/14903\/revisions"}],"predecessor-version":[{"id":15119,"href":"https:\/\/witocamprent.pl\/en\/wp-json\/wp\/v2\/pages\/14903\/revisions\/15119"}],"wp:featuredmedia":[{"embeddable":true,"href":"https:\/\/witocamprent.pl\/en\/wp-json\/wp\/v2\/media\/13999"}],"wp:attachment":[{"href":"https:\/\/witocamprent.pl\/en\/wp-json\/wp\/v2\/media?parent=14903"}],"curies":[{"name":"wp","href":"https:\/\/api.w.org\/{rel}","templated":true}]}}