{"id":14918,"date":"2024-10-29T02:10:10","date_gmt":"2024-10-29T01:10:10","guid":{"rendered":"https:\/\/witocamprent.pl\/camping-nr-221-w-radolinie-camping\/"},"modified":"2024-11-09T16:29:58","modified_gmt":"2024-11-09T15:29:58","slug":"camping-nr-221-w-radolinie-camping","status":"publish","type":"page","link":"https:\/\/witocamprent.pl\/en\/camping-nr-221-w-radolinie-camping\/","title":{"rendered":"Camping nr 221 w Radolinie &#8211; Camping"},"content":{"rendered":"<p>&nbsp;<\/p>\n<table>\n<tbody>\n<tr>\n<td>Kamping<\/td>\n<td>Camping nr 221 w Radolinie<\/td>\n<\/tr>\n<tr>\n<td>Miejscowo\u015b\u0107<\/td>\n<td>Radolin<\/td>\n<\/tr>\n<tr>\n<td>Wojew\u00f3dztwo<\/td>\n<td>Kujawsko-Pomorskie<\/td>\n<\/tr>\n<tr>\n<td>Pa\u0144stwo<\/td>\n<td>Polska<\/td>\n<\/tr>\n<tr>\n<td>GPS<\/td>\n<td>53\u00b016&#8217;22&#8221;N,17\u00b026&#8217;57&#8221;E<\/td>\n<\/tr>\n<\/tbody>\n<\/table>\n<p>&nbsp;<\/p>\n<h2>Opis obiektu &#8211; Camping nr 221 w Radolinie<\/h2>\n<p>Camping nr 221 w Radolinie: Ten uroczy kemping po\u0142o\u017cony jest nad malowniczym, czystym jeziorem, zaledwie 50 metr\u00f3w od lasu. Jego lokalizacja zapewnia idealne warunki do relaksu w otoczeniu natury. Na terenie kempingu znajduje si\u0119 strefa k\u0105pieliska, co sprawia, \u017ce jest to doskona\u0142e miejsce dla mi\u0142o\u015bnik\u00f3w wodnych atrakcji. Dla dzieci przygotowano tak\u017ce plac zabaw. Dodatkowo, dla aktywnych go\u015bci dost\u0119pne s\u0105 boiska do siatk\u00f3wki i inne udogodnienia sportowe, kt\u00f3re gwarantuj\u0105 udany pobyt dla ca\u0142ej rodziny.<\/p>\n<p>&nbsp;<\/p>\n<h2>Opis miejscowo\u015bci &#8211; Radolin<\/h2>\n<p>Radolin to urocza miejscowo\u015b\u0107 po\u0142o\u017cona w\u015br\u00f3d zieleni i p\u00f3l. Zapewnia doskona\u0142e warunki do relaksu i wypoczynku na \u0142onie natury.<\/p>\n<p>&nbsp;<\/p>\n<p>Twoim celem podr\u00f3\u017cy jest Radolin? &#8211; Sprawd\u017a nasz\u0105 ofert\u0119 na <strong><a href=\"\/en\/\">wynajem kamper\u00f3w<\/a><\/strong>!<\/p>","protected":false},"excerpt":{"rendered":"<p>&nbsp; Kamping Camping nr 221 w Radolinie Miejscowo\u015b\u0107 Radolin Wojew\u00f3dztwo Kujawsko-Pomorskie Pa\u0144stwo Polska GPS 53\u00b016&#8217;22&#8221;N,17\u00b026&#8217;57&#8221;E &nbsp; Opis obiektu &#8211; Camping nr 221 w Radolinie Camping nr 221 w Radolinie: Ten uroczy kemping po\u0142o\u017cony jest nad malowniczym, czystym jeziorem, zaledwie 50 metr\u00f3w od lasu. Jego lokalizacja zapewnia idealne warunki do relaksu w otoczeniu natury. Na terenie [&hellip;]<\/p>","protected":false},"author":6,"featured_media":14029,"parent":0,"menu_order":0,"comment_status":"open","ping_status":"open","template":"","meta":{"footnotes":""},"class_list":["post-14918","page","type-page","status-publish","has-post-thumbnail","hentry","miasto-radolin","wojewodztwa-kujawsko-pomorskie"],"yoast_head":"<!-- This site is optimized with the Yoast SEO plugin v26.8 - https:\/\/yoast.com\/product\/yoast-seo-wordpress\/ -->\n<title>Camping nr 221 w Radolinie - Camping - WITO CampRent<\/title>\n<meta name=\"robots\" content=\"index, follow, max-snippet:-1, max-image-preview:large, max-video-preview:-1\" \/>\n<link rel=\"canonical\" href=\"https:\/\/witocamprent.pl\/en\/camping-nr-221-w-radolinie-camping\/\" \/>\n<meta property=\"og:locale\" content=\"en_US\" \/>\n<meta property=\"og:type\" content=\"article\" \/>\n<meta property=\"og:title\" content=\"Camping nr 221 w Radolinie - Camping - WITO CampRent\" \/>\n<meta property=\"og:description\" content=\"&nbsp; Kamping Camping nr 221 w Radolinie Miejscowo\u015b\u0107 Radolin Wojew\u00f3dztwo Kujawsko-Pomorskie Pa\u0144stwo Polska GPS 53\u00b016&#8217;22&#8221;N,17\u00b026&#8217;57&#8221;E &nbsp; Opis obiektu &#8211; Camping nr 221 w Radolinie Camping nr 221 w Radolinie: Ten uroczy kemping po\u0142o\u017cony jest nad malowniczym, czystym jeziorem, zaledwie 50 metr\u00f3w od lasu. Jego lokalizacja zapewnia idealne warunki do relaksu w otoczeniu natury. Na terenie [&hellip;]\" \/>\n<meta property=\"og:url\" content=\"https:\/\/witocamprent.pl\/en\/camping-nr-221-w-radolinie-camping\/\" \/>\n<meta property=\"og:site_name\" content=\"WITO CampRent\" \/>\n<meta property=\"article:modified_time\" content=\"2024-11-09T15:29:58+00:00\" \/>\n<meta property=\"og:image\" content=\"https:\/\/witocamprent.pl\/wp-content\/uploads\/2024\/07\/45.jpg\" \/>\n\t<meta property=\"og:image:width\" content=\"800\" \/>\n\t<meta property=\"og:image:height\" content=\"600\" \/>\n\t<meta property=\"og:image:type\" content=\"image\/jpeg\" \/>\n<meta name=\"twitter:card\" content=\"summary_large_image\" \/>\n<meta name=\"twitter:label1\" content=\"Est. reading time\" \/>\n\t<meta name=\"twitter:data1\" content=\"1 minute\" \/>\n<script type=\"application\/ld+json\" class=\"yoast-schema-graph\">{\"@context\":\"https:\/\/schema.org\",\"@graph\":[{\"@type\":\"WebPage\",\"@id\":\"https:\/\/witocamprent.pl\/camping-nr-221-w-radolinie-camping\/\",\"url\":\"https:\/\/witocamprent.pl\/camping-nr-221-w-radolinie-camping\/\",\"name\":\"Camping nr 221 w Radolinie - Camping - WITO CampRent\",\"isPartOf\":{\"@id\":\"https:\/\/witocamprent.pl\/#website\"},\"primaryImageOfPage\":{\"@id\":\"https:\/\/witocamprent.pl\/camping-nr-221-w-radolinie-camping\/#primaryimage\"},\"image\":{\"@id\":\"https:\/\/witocamprent.pl\/camping-nr-221-w-radolinie-camping\/#primaryimage\"},\"thumbnailUrl\":\"https:\/\/witocamprent.pl\/wp-content\/uploads\/2024\/07\/45.jpg\",\"datePublished\":\"2024-10-29T01:10:10+00:00\",\"dateModified\":\"2024-11-09T15:29:58+00:00\",\"breadcrumb\":{\"@id\":\"https:\/\/witocamprent.pl\/camping-nr-221-w-radolinie-camping\/#breadcrumb\"},\"inLanguage\":\"en-US\",\"potentialAction\":[{\"@type\":\"ReadAction\",\"target\":[\"https:\/\/witocamprent.pl\/camping-nr-221-w-radolinie-camping\/\"]}]},{\"@type\":\"ImageObject\",\"inLanguage\":\"en-US\",\"@id\":\"https:\/\/witocamprent.pl\/camping-nr-221-w-radolinie-camping\/#primaryimage\",\"url\":\"https:\/\/witocamprent.pl\/wp-content\/uploads\/2024\/07\/45.jpg\",\"contentUrl\":\"https:\/\/witocamprent.pl\/wp-content\/uploads\/2024\/07\/45.jpg\",\"width\":800,\"height\":600},{\"@type\":\"BreadcrumbList\",\"@id\":\"https:\/\/witocamprent.pl\/camping-nr-221-w-radolinie-camping\/#breadcrumb\",\"itemListElement\":[{\"@type\":\"ListItem\",\"position\":1,\"name\":\"Strona g\u0142\u00f3wna\",\"item\":\"https:\/\/witocamprent.pl\/\"},{\"@type\":\"ListItem\",\"position\":2,\"name\":\"Camping nr 221 w Radolinie &#8211; Camping\"}]},{\"@type\":\"WebSite\",\"@id\":\"https:\/\/witocamprent.pl\/#website\",\"url\":\"https:\/\/witocamprent.pl\/\",\"name\":\"WITO CampRent\",\"description\":\"Wynajem camper&oacute;w\",\"potentialAction\":[{\"@type\":\"SearchAction\",\"target\":{\"@type\":\"EntryPoint\",\"urlTemplate\":\"https:\/\/witocamprent.pl\/?s={search_term_string}\"},\"query-input\":{\"@type\":\"PropertyValueSpecification\",\"valueRequired\":true,\"valueName\":\"search_term_string\"}}],\"inLanguage\":\"en-US\"}]}<\/script>\n<!-- \/ Yoast SEO plugin. -->","yoast_head_json":{"title":"Camping nr 221 w Radolinie - Camping - WITO CampRent","robots":{"index":"index","follow":"follow","max-snippet":"max-snippet:-1","max-image-preview":"max-image-preview:large","max-video-preview":"max-video-preview:-1"},"canonical":"https:\/\/witocamprent.pl\/en\/camping-nr-221-w-radolinie-camping\/","og_locale":"en_US","og_type":"article","og_title":"Camping nr 221 w Radolinie - Camping - WITO CampRent","og_description":"&nbsp; Kamping Camping nr 221 w Radolinie Miejscowo\u015b\u0107 Radolin Wojew\u00f3dztwo Kujawsko-Pomorskie Pa\u0144stwo Polska GPS 53\u00b016&#8217;22&#8221;N,17\u00b026&#8217;57&#8221;E &nbsp; Opis obiektu &#8211; Camping nr 221 w Radolinie Camping nr 221 w Radolinie: Ten uroczy kemping po\u0142o\u017cony jest nad malowniczym, czystym jeziorem, zaledwie 50 metr\u00f3w od lasu. Jego lokalizacja zapewnia idealne warunki do relaksu w otoczeniu natury. Na terenie [&hellip;]","og_url":"https:\/\/witocamprent.pl\/en\/camping-nr-221-w-radolinie-camping\/","og_site_name":"WITO CampRent","article_modified_time":"2024-11-09T15:29:58+00:00","og_image":[{"width":800,"height":600,"url":"https:\/\/witocamprent.pl\/wp-content\/uploads\/2024\/07\/45.jpg","type":"image\/jpeg"}],"twitter_card":"summary_large_image","twitter_misc":{"Est. reading time":"1 minute"},"schema":{"@context":"https:\/\/schema.org","@graph":[{"@type":"WebPage","@id":"https:\/\/witocamprent.pl\/camping-nr-221-w-radolinie-camping\/","url":"https:\/\/witocamprent.pl\/camping-nr-221-w-radolinie-camping\/","name":"Camping nr 221 w Radolinie - Camping - WITO CampRent","isPartOf":{"@id":"https:\/\/witocamprent.pl\/#website"},"primaryImageOfPage":{"@id":"https:\/\/witocamprent.pl\/camping-nr-221-w-radolinie-camping\/#primaryimage"},"image":{"@id":"https:\/\/witocamprent.pl\/camping-nr-221-w-radolinie-camping\/#primaryimage"},"thumbnailUrl":"https:\/\/witocamprent.pl\/wp-content\/uploads\/2024\/07\/45.jpg","datePublished":"2024-10-29T01:10:10+00:00","dateModified":"2024-11-09T15:29:58+00:00","breadcrumb":{"@id":"https:\/\/witocamprent.pl\/camping-nr-221-w-radolinie-camping\/#breadcrumb"},"inLanguage":"en-US","potentialAction":[{"@type":"ReadAction","target":["https:\/\/witocamprent.pl\/camping-nr-221-w-radolinie-camping\/"]}]},{"@type":"ImageObject","inLanguage":"en-US","@id":"https:\/\/witocamprent.pl\/camping-nr-221-w-radolinie-camping\/#primaryimage","url":"https:\/\/witocamprent.pl\/wp-content\/uploads\/2024\/07\/45.jpg","contentUrl":"https:\/\/witocamprent.pl\/wp-content\/uploads\/2024\/07\/45.jpg","width":800,"height":600},{"@type":"BreadcrumbList","@id":"https:\/\/witocamprent.pl\/camping-nr-221-w-radolinie-camping\/#breadcrumb","itemListElement":[{"@type":"ListItem","position":1,"name":"Strona g\u0142\u00f3wna","item":"https:\/\/witocamprent.pl\/"},{"@type":"ListItem","position":2,"name":"Camping nr 221 w Radolinie &#8211; Camping"}]},{"@type":"WebSite","@id":"https:\/\/witocamprent.pl\/#website","url":"https:\/\/witocamprent.pl\/","name":"WITO CampRent","description":"Wynajem camper&oacute;w","potentialAction":[{"@type":"SearchAction","target":{"@type":"EntryPoint","urlTemplate":"https:\/\/witocamprent.pl\/?s={search_term_string}"},"query-input":{"@type":"PropertyValueSpecification","valueRequired":true,"valueName":"search_term_string"}}],"inLanguage":"en-US"}]}},"_links":{"self":[{"href":"https:\/\/witocamprent.pl\/en\/wp-json\/wp\/v2\/pages\/14918","targetHints":{"allow":["GET"]}}],"collection":[{"href":"https:\/\/witocamprent.pl\/en\/wp-json\/wp\/v2\/pages"}],"about":[{"href":"https:\/\/witocamprent.pl\/en\/wp-json\/wp\/v2\/types\/page"}],"author":[{"embeddable":true,"href":"https:\/\/witocamprent.pl\/en\/wp-json\/wp\/v2\/users\/6"}],"replies":[{"embeddable":true,"href":"https:\/\/witocamprent.pl\/en\/wp-json\/wp\/v2\/comments?post=14918"}],"version-history":[{"count":1,"href":"https:\/\/witocamprent.pl\/en\/wp-json\/wp\/v2\/pages\/14918\/revisions"}],"predecessor-version":[{"id":15134,"href":"https:\/\/witocamprent.pl\/en\/wp-json\/wp\/v2\/pages\/14918\/revisions\/15134"}],"wp:featuredmedia":[{"embeddable":true,"href":"https:\/\/witocamprent.pl\/en\/wp-json\/wp\/v2\/media\/14029"}],"wp:attachment":[{"href":"https:\/\/witocamprent.pl\/en\/wp-json\/wp\/v2\/media?parent=14918"}],"curies":[{"name":"wp","href":"https:\/\/api.w.org\/{rel}","templated":true}]}}