{"id":14927,"date":"2024-11-07T00:35:33","date_gmt":"2024-11-06T23:35:33","guid":{"rendered":"https:\/\/witocamprent.pl\/camping-przy-baszcie-camping\/"},"modified":"2024-11-09T16:30:01","modified_gmt":"2024-11-09T15:30:01","slug":"camping-przy-baszcie-camping","status":"publish","type":"page","link":"https:\/\/witocamprent.pl\/en\/camping-przy-baszcie-camping\/","title":{"rendered":"Camping przy Baszcie &#8211; Camping"},"content":{"rendered":"<p>&nbsp;<\/p>\n<table>\n<tbody>\n<tr>\n<td>Kamping<\/td>\n<td>Camping przy Baszcie<\/td>\n<\/tr>\n<tr>\n<td>Miejscowo\u015b\u0107<\/td>\n<td>Zb\u0105szy\u0144<\/td>\n<\/tr>\n<tr>\n<td>Wojew\u00f3dztwo<\/td>\n<td>Wielkopolskie<\/td>\n<\/tr>\n<tr>\n<td>Pa\u0144stwo<\/td>\n<td>Polska<\/td>\n<\/tr>\n<tr>\n<td>GPS<\/td>\n<td>52\u00b014&#8217;46&#8221;N,15\u00b054&#8217;53&#8221;E<\/td>\n<\/tr>\n<\/tbody>\n<\/table>\n<p>&nbsp;<\/p>\n<h2>Opis obiektu &#8211; Camping przy Baszcie<\/h2>\n<p>Polska Camping przy Baszcie w Wielkopolskim w Zb\u0105szyniu zach\u0119ca do wypoczynku w malowniczym otoczeniu. Cisza i spok\u00f3j s\u0105 tu najwi\u0119kszymi atutami, a atrakcyjne po\u0142o\u017cenie nad jeziorem &#8220;B\u0142\u0119dno&#8221; umo\u017cliwia uprawianie sport\u00f3w wodnych, takich jak windsurfing, \u017ceglarstwo i kajakarstwo. O\u015brodek usytuowany jest niedaleko centrum miasta, przez kt\u00f3re przep\u0142ywa rzeka &#8220;Obra&#8221;.<\/p>\n<p>&nbsp;<\/p>\n<h2>Opis miejscowo\u015bci &#8211; Zb\u0105szy\u0144<\/h2>\n<p>Urokliwe miasteczko Zb\u0105szy\u0144, po\u0142o\u017cone nad rzek\u0105, znane jest z pi\u0119knych park\u00f3w i zabytkowych budynk\u00f3w, idealne na spokojny spacer i obserwacj\u0119 przyrody.<\/p>\n<p>&nbsp;<\/p>\n<p>Twoim celem podr\u00f3\u017cy jest Zb\u0105szy\u0144? &#8211; Sprawd\u017a nasz\u0105 ofert\u0119 na <strong><a href=\"\/en\/\">wynajem kamper\u00f3w<\/a><\/strong>!<\/p>","protected":false},"excerpt":{"rendered":"<p>&nbsp; Kamping Camping przy Baszcie Miejscowo\u015b\u0107 Zb\u0105szy\u0144 Wojew\u00f3dztwo Wielkopolskie Pa\u0144stwo Polska GPS 52\u00b014&#8217;46&#8221;N,15\u00b054&#8217;53&#8221;E &nbsp; Opis obiektu &#8211; Camping przy Baszcie Polska Camping przy Baszcie w Wielkopolskim w Zb\u0105szyniu zach\u0119ca do wypoczynku w malowniczym otoczeniu. Cisza i spok\u00f3j s\u0105 tu najwi\u0119kszymi atutami, a atrakcyjne po\u0142o\u017cenie nad jeziorem &#8220;B\u0142\u0119dno&#8221; umo\u017cliwia uprawianie sport\u00f3w wodnych, takich jak windsurfing, \u017ceglarstwo [&hellip;]<\/p>","protected":false},"author":6,"featured_media":14047,"parent":0,"menu_order":0,"comment_status":"open","ping_status":"open","template":"","meta":{"footnotes":""},"class_list":["post-14927","page","type-page","status-publish","has-post-thumbnail","hentry","miasto-zbaszyn","wojewodztwa-wielkopolskie"],"yoast_head":"<!-- This site is optimized with the Yoast SEO plugin v26.8 - https:\/\/yoast.com\/product\/yoast-seo-wordpress\/ -->\n<title>Camping przy Baszcie - Camping - WITO CampRent<\/title>\n<meta name=\"robots\" content=\"index, follow, max-snippet:-1, max-image-preview:large, max-video-preview:-1\" \/>\n<link rel=\"canonical\" href=\"https:\/\/witocamprent.pl\/en\/camping-przy-baszcie-camping\/\" \/>\n<meta property=\"og:locale\" content=\"en_US\" \/>\n<meta property=\"og:type\" content=\"article\" \/>\n<meta property=\"og:title\" content=\"Camping przy Baszcie - Camping - WITO CampRent\" \/>\n<meta property=\"og:description\" content=\"&nbsp; Kamping Camping przy Baszcie Miejscowo\u015b\u0107 Zb\u0105szy\u0144 Wojew\u00f3dztwo Wielkopolskie Pa\u0144stwo Polska GPS 52\u00b014&#8217;46&#8221;N,15\u00b054&#8217;53&#8221;E &nbsp; Opis obiektu &#8211; Camping przy Baszcie Polska Camping przy Baszcie w Wielkopolskim w Zb\u0105szyniu zach\u0119ca do wypoczynku w malowniczym otoczeniu. Cisza i spok\u00f3j s\u0105 tu najwi\u0119kszymi atutami, a atrakcyjne po\u0142o\u017cenie nad jeziorem &#8220;B\u0142\u0119dno&#8221; umo\u017cliwia uprawianie sport\u00f3w wodnych, takich jak windsurfing, \u017ceglarstwo [&hellip;]\" \/>\n<meta property=\"og:url\" content=\"https:\/\/witocamprent.pl\/en\/camping-przy-baszcie-camping\/\" \/>\n<meta property=\"og:site_name\" content=\"WITO CampRent\" \/>\n<meta property=\"article:modified_time\" content=\"2024-11-09T15:30:01+00:00\" \/>\n<meta property=\"og:image\" content=\"https:\/\/witocamprent.pl\/wp-content\/uploads\/2024\/07\/54.jpg\" \/>\n\t<meta property=\"og:image:width\" content=\"800\" \/>\n\t<meta property=\"og:image:height\" content=\"600\" \/>\n\t<meta property=\"og:image:type\" content=\"image\/jpeg\" \/>\n<meta name=\"twitter:card\" content=\"summary_large_image\" \/>\n<meta name=\"twitter:label1\" content=\"Est. reading time\" \/>\n\t<meta name=\"twitter:data1\" content=\"1 minute\" \/>\n<script type=\"application\/ld+json\" class=\"yoast-schema-graph\">{\"@context\":\"https:\/\/schema.org\",\"@graph\":[{\"@type\":\"WebPage\",\"@id\":\"https:\/\/witocamprent.pl\/camping-przy-baszcie-camping\/\",\"url\":\"https:\/\/witocamprent.pl\/camping-przy-baszcie-camping\/\",\"name\":\"Camping przy Baszcie - Camping - WITO CampRent\",\"isPartOf\":{\"@id\":\"https:\/\/witocamprent.pl\/#website\"},\"primaryImageOfPage\":{\"@id\":\"https:\/\/witocamprent.pl\/camping-przy-baszcie-camping\/#primaryimage\"},\"image\":{\"@id\":\"https:\/\/witocamprent.pl\/camping-przy-baszcie-camping\/#primaryimage\"},\"thumbnailUrl\":\"https:\/\/witocamprent.pl\/wp-content\/uploads\/2024\/07\/54.jpg\",\"datePublished\":\"2024-11-06T23:35:33+00:00\",\"dateModified\":\"2024-11-09T15:30:01+00:00\",\"breadcrumb\":{\"@id\":\"https:\/\/witocamprent.pl\/camping-przy-baszcie-camping\/#breadcrumb\"},\"inLanguage\":\"en-US\",\"potentialAction\":[{\"@type\":\"ReadAction\",\"target\":[\"https:\/\/witocamprent.pl\/camping-przy-baszcie-camping\/\"]}]},{\"@type\":\"ImageObject\",\"inLanguage\":\"en-US\",\"@id\":\"https:\/\/witocamprent.pl\/camping-przy-baszcie-camping\/#primaryimage\",\"url\":\"https:\/\/witocamprent.pl\/wp-content\/uploads\/2024\/07\/54.jpg\",\"contentUrl\":\"https:\/\/witocamprent.pl\/wp-content\/uploads\/2024\/07\/54.jpg\",\"width\":800,\"height\":600},{\"@type\":\"BreadcrumbList\",\"@id\":\"https:\/\/witocamprent.pl\/camping-przy-baszcie-camping\/#breadcrumb\",\"itemListElement\":[{\"@type\":\"ListItem\",\"position\":1,\"name\":\"Strona g\u0142\u00f3wna\",\"item\":\"https:\/\/witocamprent.pl\/\"},{\"@type\":\"ListItem\",\"position\":2,\"name\":\"Camping przy Baszcie &#8211; Camping\"}]},{\"@type\":\"WebSite\",\"@id\":\"https:\/\/witocamprent.pl\/#website\",\"url\":\"https:\/\/witocamprent.pl\/\",\"name\":\"WITO CampRent\",\"description\":\"Wynajem camper&oacute;w\",\"potentialAction\":[{\"@type\":\"SearchAction\",\"target\":{\"@type\":\"EntryPoint\",\"urlTemplate\":\"https:\/\/witocamprent.pl\/?s={search_term_string}\"},\"query-input\":{\"@type\":\"PropertyValueSpecification\",\"valueRequired\":true,\"valueName\":\"search_term_string\"}}],\"inLanguage\":\"en-US\"}]}<\/script>\n<!-- \/ Yoast SEO plugin. -->","yoast_head_json":{"title":"Camping przy Baszcie - Camping - WITO CampRent","robots":{"index":"index","follow":"follow","max-snippet":"max-snippet:-1","max-image-preview":"max-image-preview:large","max-video-preview":"max-video-preview:-1"},"canonical":"https:\/\/witocamprent.pl\/en\/camping-przy-baszcie-camping\/","og_locale":"en_US","og_type":"article","og_title":"Camping przy Baszcie - Camping - WITO CampRent","og_description":"&nbsp; Kamping Camping przy Baszcie Miejscowo\u015b\u0107 Zb\u0105szy\u0144 Wojew\u00f3dztwo Wielkopolskie Pa\u0144stwo Polska GPS 52\u00b014&#8217;46&#8221;N,15\u00b054&#8217;53&#8221;E &nbsp; Opis obiektu &#8211; Camping przy Baszcie Polska Camping przy Baszcie w Wielkopolskim w Zb\u0105szyniu zach\u0119ca do wypoczynku w malowniczym otoczeniu. Cisza i spok\u00f3j s\u0105 tu najwi\u0119kszymi atutami, a atrakcyjne po\u0142o\u017cenie nad jeziorem &#8220;B\u0142\u0119dno&#8221; umo\u017cliwia uprawianie sport\u00f3w wodnych, takich jak windsurfing, \u017ceglarstwo [&hellip;]","og_url":"https:\/\/witocamprent.pl\/en\/camping-przy-baszcie-camping\/","og_site_name":"WITO CampRent","article_modified_time":"2024-11-09T15:30:01+00:00","og_image":[{"width":800,"height":600,"url":"https:\/\/witocamprent.pl\/wp-content\/uploads\/2024\/07\/54.jpg","type":"image\/jpeg"}],"twitter_card":"summary_large_image","twitter_misc":{"Est. reading time":"1 minute"},"schema":{"@context":"https:\/\/schema.org","@graph":[{"@type":"WebPage","@id":"https:\/\/witocamprent.pl\/camping-przy-baszcie-camping\/","url":"https:\/\/witocamprent.pl\/camping-przy-baszcie-camping\/","name":"Camping przy Baszcie - Camping - WITO CampRent","isPartOf":{"@id":"https:\/\/witocamprent.pl\/#website"},"primaryImageOfPage":{"@id":"https:\/\/witocamprent.pl\/camping-przy-baszcie-camping\/#primaryimage"},"image":{"@id":"https:\/\/witocamprent.pl\/camping-przy-baszcie-camping\/#primaryimage"},"thumbnailUrl":"https:\/\/witocamprent.pl\/wp-content\/uploads\/2024\/07\/54.jpg","datePublished":"2024-11-06T23:35:33+00:00","dateModified":"2024-11-09T15:30:01+00:00","breadcrumb":{"@id":"https:\/\/witocamprent.pl\/camping-przy-baszcie-camping\/#breadcrumb"},"inLanguage":"en-US","potentialAction":[{"@type":"ReadAction","target":["https:\/\/witocamprent.pl\/camping-przy-baszcie-camping\/"]}]},{"@type":"ImageObject","inLanguage":"en-US","@id":"https:\/\/witocamprent.pl\/camping-przy-baszcie-camping\/#primaryimage","url":"https:\/\/witocamprent.pl\/wp-content\/uploads\/2024\/07\/54.jpg","contentUrl":"https:\/\/witocamprent.pl\/wp-content\/uploads\/2024\/07\/54.jpg","width":800,"height":600},{"@type":"BreadcrumbList","@id":"https:\/\/witocamprent.pl\/camping-przy-baszcie-camping\/#breadcrumb","itemListElement":[{"@type":"ListItem","position":1,"name":"Strona g\u0142\u00f3wna","item":"https:\/\/witocamprent.pl\/"},{"@type":"ListItem","position":2,"name":"Camping przy Baszcie &#8211; Camping"}]},{"@type":"WebSite","@id":"https:\/\/witocamprent.pl\/#website","url":"https:\/\/witocamprent.pl\/","name":"WITO CampRent","description":"Wynajem camper&oacute;w","potentialAction":[{"@type":"SearchAction","target":{"@type":"EntryPoint","urlTemplate":"https:\/\/witocamprent.pl\/?s={search_term_string}"},"query-input":{"@type":"PropertyValueSpecification","valueRequired":true,"valueName":"search_term_string"}}],"inLanguage":"en-US"}]}},"_links":{"self":[{"href":"https:\/\/witocamprent.pl\/en\/wp-json\/wp\/v2\/pages\/14927","targetHints":{"allow":["GET"]}}],"collection":[{"href":"https:\/\/witocamprent.pl\/en\/wp-json\/wp\/v2\/pages"}],"about":[{"href":"https:\/\/witocamprent.pl\/en\/wp-json\/wp\/v2\/types\/page"}],"author":[{"embeddable":true,"href":"https:\/\/witocamprent.pl\/en\/wp-json\/wp\/v2\/users\/6"}],"replies":[{"embeddable":true,"href":"https:\/\/witocamprent.pl\/en\/wp-json\/wp\/v2\/comments?post=14927"}],"version-history":[{"count":1,"href":"https:\/\/witocamprent.pl\/en\/wp-json\/wp\/v2\/pages\/14927\/revisions"}],"predecessor-version":[{"id":15143,"href":"https:\/\/witocamprent.pl\/en\/wp-json\/wp\/v2\/pages\/14927\/revisions\/15143"}],"wp:featuredmedia":[{"embeddable":true,"href":"https:\/\/witocamprent.pl\/en\/wp-json\/wp\/v2\/media\/14047"}],"wp:attachment":[{"href":"https:\/\/witocamprent.pl\/en\/wp-json\/wp\/v2\/media?parent=14927"}],"curies":[{"name":"wp","href":"https:\/\/api.w.org\/{rel}","templated":true}]}}