{"id":14931,"date":"2024-09-07T15:39:24","date_gmt":"2024-09-07T14:39:24","guid":{"rendered":"https:\/\/witocamprent.pl\/camping-w-krajobrazie-camping\/"},"modified":"2024-11-09T16:30:02","modified_gmt":"2024-11-09T15:30:02","slug":"camping-w-krajobrazie-camping","status":"publish","type":"page","link":"https:\/\/witocamprent.pl\/en\/camping-w-krajobrazie-camping\/","title":{"rendered":"Camping w Krajobrazie &#8211; Camping"},"content":{"rendered":"<p>&nbsp;<\/p>\n<table>\n<tbody>\n<tr>\n<td>Kamping<\/td>\n<td>Camping w Krajobrazie<\/td>\n<\/tr>\n<tr>\n<td>Miejscowo\u015b\u0107<\/td>\n<td>Dzierzg\u00f3w<\/td>\n<\/tr>\n<tr>\n<td>Wojew\u00f3dztwo<\/td>\n<td>Mazowieckie<\/td>\n<\/tr>\n<tr>\n<td>Pa\u0144stwo<\/td>\n<td>Polska<\/td>\n<\/tr>\n<tr>\n<td>GPS<\/td>\n<td>52\u00b011&#8217;34&#8221;N,21\u00b035&#8217;11&#8221;E<\/td>\n<\/tr>\n<\/tbody>\n<\/table>\n<p>&nbsp;<\/p>\n<h2>Opis obiektu &#8211; Camping w Krajobrazie<\/h2>\n<p>Ten o\u015brodek oferuje zar\u00f3wno przyczepy campingowe, jak i namioty do wynaj\u0119cia, tworz\u0105c wyj\u0105tkowy klimat glampingu. Na terenie znajduje si\u0119 pole namiotowe, punkt opr\u00f3\u017cniania toalet chemicznych, k\u0105pielisko, restauracja, wygodne umywalki, bezp\u0142atny prysznic, toalety oraz dost\u0119p do internetu. Dodatkowo, go\u015bcie mog\u0105 korzysta\u0107 z wygodnej wiaty grilowej.<\/p>\n<p>&nbsp;<\/p>\n<h2>Opis miejscowo\u015bci &#8211; Dzierzg\u00f3w<\/h2>\n<p>Wie\u015b Dzierzg\u00f3w po\u0142o\u017cona jest w malowniczej okolicy, idealna dla mi\u0142o\u015bnik\u00f3w pieszych w\u0119dr\u00f3wek i wypoczynku na \u0142onie natury.<\/p>\n<p>&nbsp;<\/p>\n<p>Twoim celem podr\u00f3\u017cy jest Dzierzg\u00f3w? &#8211; Sprawd\u017a nasz\u0105 ofert\u0119 na <strong><a href=\"\/en\/\">wynajem kamper\u00f3w<\/a><\/strong>!<\/p>","protected":false},"excerpt":{"rendered":"<p>&nbsp; Kamping Camping w Krajobrazie Miejscowo\u015b\u0107 Dzierzg\u00f3w Wojew\u00f3dztwo Mazowieckie Pa\u0144stwo Polska GPS 52\u00b011&#8217;34&#8221;N,21\u00b035&#8217;11&#8221;E &nbsp; Opis obiektu &#8211; Camping w Krajobrazie Ten o\u015brodek oferuje zar\u00f3wno przyczepy campingowe, jak i namioty do wynaj\u0119cia, tworz\u0105c wyj\u0105tkowy klimat glampingu. Na terenie znajduje si\u0119 pole namiotowe, punkt opr\u00f3\u017cniania toalet chemicznych, k\u0105pielisko, restauracja, wygodne umywalki, bezp\u0142atny prysznic, toalety oraz dost\u0119p do [&hellip;]<\/p>","protected":false},"author":6,"featured_media":14055,"parent":0,"menu_order":0,"comment_status":"open","ping_status":"open","template":"","meta":{"footnotes":""},"class_list":["post-14931","page","type-page","status-publish","has-post-thumbnail","hentry","miasto-dzierzgow","wojewodztwa-mazowieckie"],"yoast_head":"<!-- This site is optimized with the Yoast SEO plugin v26.8 - https:\/\/yoast.com\/product\/yoast-seo-wordpress\/ -->\n<title>Camping w Krajobrazie - Camping - WITO CampRent<\/title>\n<meta name=\"robots\" content=\"index, follow, max-snippet:-1, max-image-preview:large, max-video-preview:-1\" \/>\n<link rel=\"canonical\" href=\"https:\/\/witocamprent.pl\/en\/camping-w-krajobrazie-camping\/\" \/>\n<meta property=\"og:locale\" content=\"en_US\" \/>\n<meta property=\"og:type\" content=\"article\" \/>\n<meta property=\"og:title\" content=\"Camping w Krajobrazie - Camping - WITO CampRent\" \/>\n<meta property=\"og:description\" content=\"&nbsp; Kamping Camping w Krajobrazie Miejscowo\u015b\u0107 Dzierzg\u00f3w Wojew\u00f3dztwo Mazowieckie Pa\u0144stwo Polska GPS 52\u00b011&#8217;34&#8221;N,21\u00b035&#8217;11&#8221;E &nbsp; Opis obiektu &#8211; Camping w Krajobrazie Ten o\u015brodek oferuje zar\u00f3wno przyczepy campingowe, jak i namioty do wynaj\u0119cia, tworz\u0105c wyj\u0105tkowy klimat glampingu. Na terenie znajduje si\u0119 pole namiotowe, punkt opr\u00f3\u017cniania toalet chemicznych, k\u0105pielisko, restauracja, wygodne umywalki, bezp\u0142atny prysznic, toalety oraz dost\u0119p do [&hellip;]\" \/>\n<meta property=\"og:url\" content=\"https:\/\/witocamprent.pl\/en\/camping-w-krajobrazie-camping\/\" \/>\n<meta property=\"og:site_name\" content=\"WITO CampRent\" \/>\n<meta property=\"article:modified_time\" content=\"2024-11-09T15:30:02+00:00\" \/>\n<meta property=\"og:image\" content=\"https:\/\/witocamprent.pl\/wp-content\/uploads\/2024\/07\/58.jpg\" \/>\n\t<meta property=\"og:image:width\" content=\"800\" \/>\n\t<meta property=\"og:image:height\" content=\"600\" \/>\n\t<meta property=\"og:image:type\" content=\"image\/jpeg\" \/>\n<meta name=\"twitter:card\" content=\"summary_large_image\" \/>\n<meta name=\"twitter:label1\" content=\"Est. reading time\" \/>\n\t<meta name=\"twitter:data1\" content=\"1 minute\" \/>\n<script type=\"application\/ld+json\" class=\"yoast-schema-graph\">{\"@context\":\"https:\/\/schema.org\",\"@graph\":[{\"@type\":\"WebPage\",\"@id\":\"https:\/\/witocamprent.pl\/camping-w-krajobrazie-camping\/\",\"url\":\"https:\/\/witocamprent.pl\/camping-w-krajobrazie-camping\/\",\"name\":\"Camping w Krajobrazie - Camping - WITO CampRent\",\"isPartOf\":{\"@id\":\"https:\/\/witocamprent.pl\/#website\"},\"primaryImageOfPage\":{\"@id\":\"https:\/\/witocamprent.pl\/camping-w-krajobrazie-camping\/#primaryimage\"},\"image\":{\"@id\":\"https:\/\/witocamprent.pl\/camping-w-krajobrazie-camping\/#primaryimage\"},\"thumbnailUrl\":\"https:\/\/witocamprent.pl\/wp-content\/uploads\/2024\/07\/58.jpg\",\"datePublished\":\"2024-09-07T14:39:24+00:00\",\"dateModified\":\"2024-11-09T15:30:02+00:00\",\"breadcrumb\":{\"@id\":\"https:\/\/witocamprent.pl\/camping-w-krajobrazie-camping\/#breadcrumb\"},\"inLanguage\":\"en-US\",\"potentialAction\":[{\"@type\":\"ReadAction\",\"target\":[\"https:\/\/witocamprent.pl\/camping-w-krajobrazie-camping\/\"]}]},{\"@type\":\"ImageObject\",\"inLanguage\":\"en-US\",\"@id\":\"https:\/\/witocamprent.pl\/camping-w-krajobrazie-camping\/#primaryimage\",\"url\":\"https:\/\/witocamprent.pl\/wp-content\/uploads\/2024\/07\/58.jpg\",\"contentUrl\":\"https:\/\/witocamprent.pl\/wp-content\/uploads\/2024\/07\/58.jpg\",\"width\":800,\"height\":600},{\"@type\":\"BreadcrumbList\",\"@id\":\"https:\/\/witocamprent.pl\/camping-w-krajobrazie-camping\/#breadcrumb\",\"itemListElement\":[{\"@type\":\"ListItem\",\"position\":1,\"name\":\"Strona g\u0142\u00f3wna\",\"item\":\"https:\/\/witocamprent.pl\/\"},{\"@type\":\"ListItem\",\"position\":2,\"name\":\"Camping w Krajobrazie &#8211; Camping\"}]},{\"@type\":\"WebSite\",\"@id\":\"https:\/\/witocamprent.pl\/#website\",\"url\":\"https:\/\/witocamprent.pl\/\",\"name\":\"WITO CampRent\",\"description\":\"Wynajem camper&oacute;w\",\"potentialAction\":[{\"@type\":\"SearchAction\",\"target\":{\"@type\":\"EntryPoint\",\"urlTemplate\":\"https:\/\/witocamprent.pl\/?s={search_term_string}\"},\"query-input\":{\"@type\":\"PropertyValueSpecification\",\"valueRequired\":true,\"valueName\":\"search_term_string\"}}],\"inLanguage\":\"en-US\"}]}<\/script>\n<!-- \/ Yoast SEO plugin. -->","yoast_head_json":{"title":"Camping w Krajobrazie - Camping - WITO CampRent","robots":{"index":"index","follow":"follow","max-snippet":"max-snippet:-1","max-image-preview":"max-image-preview:large","max-video-preview":"max-video-preview:-1"},"canonical":"https:\/\/witocamprent.pl\/en\/camping-w-krajobrazie-camping\/","og_locale":"en_US","og_type":"article","og_title":"Camping w Krajobrazie - Camping - WITO CampRent","og_description":"&nbsp; Kamping Camping w Krajobrazie Miejscowo\u015b\u0107 Dzierzg\u00f3w Wojew\u00f3dztwo Mazowieckie Pa\u0144stwo Polska GPS 52\u00b011&#8217;34&#8221;N,21\u00b035&#8217;11&#8221;E &nbsp; Opis obiektu &#8211; Camping w Krajobrazie Ten o\u015brodek oferuje zar\u00f3wno przyczepy campingowe, jak i namioty do wynaj\u0119cia, tworz\u0105c wyj\u0105tkowy klimat glampingu. Na terenie znajduje si\u0119 pole namiotowe, punkt opr\u00f3\u017cniania toalet chemicznych, k\u0105pielisko, restauracja, wygodne umywalki, bezp\u0142atny prysznic, toalety oraz dost\u0119p do [&hellip;]","og_url":"https:\/\/witocamprent.pl\/en\/camping-w-krajobrazie-camping\/","og_site_name":"WITO CampRent","article_modified_time":"2024-11-09T15:30:02+00:00","og_image":[{"width":800,"height":600,"url":"https:\/\/witocamprent.pl\/wp-content\/uploads\/2024\/07\/58.jpg","type":"image\/jpeg"}],"twitter_card":"summary_large_image","twitter_misc":{"Est. reading time":"1 minute"},"schema":{"@context":"https:\/\/schema.org","@graph":[{"@type":"WebPage","@id":"https:\/\/witocamprent.pl\/camping-w-krajobrazie-camping\/","url":"https:\/\/witocamprent.pl\/camping-w-krajobrazie-camping\/","name":"Camping w Krajobrazie - Camping - WITO CampRent","isPartOf":{"@id":"https:\/\/witocamprent.pl\/#website"},"primaryImageOfPage":{"@id":"https:\/\/witocamprent.pl\/camping-w-krajobrazie-camping\/#primaryimage"},"image":{"@id":"https:\/\/witocamprent.pl\/camping-w-krajobrazie-camping\/#primaryimage"},"thumbnailUrl":"https:\/\/witocamprent.pl\/wp-content\/uploads\/2024\/07\/58.jpg","datePublished":"2024-09-07T14:39:24+00:00","dateModified":"2024-11-09T15:30:02+00:00","breadcrumb":{"@id":"https:\/\/witocamprent.pl\/camping-w-krajobrazie-camping\/#breadcrumb"},"inLanguage":"en-US","potentialAction":[{"@type":"ReadAction","target":["https:\/\/witocamprent.pl\/camping-w-krajobrazie-camping\/"]}]},{"@type":"ImageObject","inLanguage":"en-US","@id":"https:\/\/witocamprent.pl\/camping-w-krajobrazie-camping\/#primaryimage","url":"https:\/\/witocamprent.pl\/wp-content\/uploads\/2024\/07\/58.jpg","contentUrl":"https:\/\/witocamprent.pl\/wp-content\/uploads\/2024\/07\/58.jpg","width":800,"height":600},{"@type":"BreadcrumbList","@id":"https:\/\/witocamprent.pl\/camping-w-krajobrazie-camping\/#breadcrumb","itemListElement":[{"@type":"ListItem","position":1,"name":"Strona g\u0142\u00f3wna","item":"https:\/\/witocamprent.pl\/"},{"@type":"ListItem","position":2,"name":"Camping w Krajobrazie &#8211; Camping"}]},{"@type":"WebSite","@id":"https:\/\/witocamprent.pl\/#website","url":"https:\/\/witocamprent.pl\/","name":"WITO CampRent","description":"Wynajem camper&oacute;w","potentialAction":[{"@type":"SearchAction","target":{"@type":"EntryPoint","urlTemplate":"https:\/\/witocamprent.pl\/?s={search_term_string}"},"query-input":{"@type":"PropertyValueSpecification","valueRequired":true,"valueName":"search_term_string"}}],"inLanguage":"en-US"}]}},"_links":{"self":[{"href":"https:\/\/witocamprent.pl\/en\/wp-json\/wp\/v2\/pages\/14931","targetHints":{"allow":["GET"]}}],"collection":[{"href":"https:\/\/witocamprent.pl\/en\/wp-json\/wp\/v2\/pages"}],"about":[{"href":"https:\/\/witocamprent.pl\/en\/wp-json\/wp\/v2\/types\/page"}],"author":[{"embeddable":true,"href":"https:\/\/witocamprent.pl\/en\/wp-json\/wp\/v2\/users\/6"}],"replies":[{"embeddable":true,"href":"https:\/\/witocamprent.pl\/en\/wp-json\/wp\/v2\/comments?post=14931"}],"version-history":[{"count":1,"href":"https:\/\/witocamprent.pl\/en\/wp-json\/wp\/v2\/pages\/14931\/revisions"}],"predecessor-version":[{"id":15147,"href":"https:\/\/witocamprent.pl\/en\/wp-json\/wp\/v2\/pages\/14931\/revisions\/15147"}],"wp:featuredmedia":[{"embeddable":true,"href":"https:\/\/witocamprent.pl\/en\/wp-json\/wp\/v2\/media\/14055"}],"wp:attachment":[{"href":"https:\/\/witocamprent.pl\/en\/wp-json\/wp\/v2\/media?parent=14931"}],"curies":[{"name":"wp","href":"https:\/\/api.w.org\/{rel}","templated":true}]}}