{"id":14934,"date":"2024-09-05T10:41:13","date_gmt":"2024-09-05T09:41:13","guid":{"rendered":"https:\/\/witocamprent.pl\/camping-zatoka-bajka-camping\/"},"modified":"2024-11-09T16:30:04","modified_gmt":"2024-11-09T15:30:04","slug":"camping-zatoka-bajka-camping","status":"publish","type":"page","link":"https:\/\/witocamprent.pl\/en\/camping-zatoka-bajka-camping\/","title":{"rendered":"Camping Zatoka Bajka &#8211; Camping"},"content":{"rendered":"<p>&nbsp;<\/p>\n<table>\n<tbody>\n<tr>\n<td>Kamping<\/td>\n<td>Camping Zatoka Bajka<\/td>\n<\/tr>\n<tr>\n<td>Miejscowo\u015b\u0107<\/td>\n<td>Grodziec<\/td>\n<\/tr>\n<tr>\n<td>Wojew\u00f3dztwo<\/td>\n<td>Opolskie<\/td>\n<\/tr>\n<tr>\n<td>Pa\u0144stwo<\/td>\n<td>Polska<\/td>\n<\/tr>\n<tr>\n<td>GPS<\/td>\n<td>50\u00b041&#8217;41&#8221;N,18\u00b017&#8217;9&#8221;E<\/td>\n<\/tr>\n<\/tbody>\n<\/table>\n<p>&nbsp;<\/p>\n<h2>Opis obiektu &#8211; Camping Zatoka Bajka<\/h2>\n<p>Bajkowy wypoczynek nad Zatok\u0105: Kemping Zatoka Bajka stworzy\u0142 rajsk\u0105 odskoczni\u0119 od codzienno\u015bci w Bajka Hotel &#038; Resort, zach\u0119caj\u0105c do wypoczynku w\u015br\u00f3d przyrody.<\/p>\n<p>&nbsp;<\/p>\n<h2>Opis miejscowo\u015bci &#8211; Grodziec<\/h2>\n<p>Grodziec to miejscowo\u015b\u0107 z bogat\u0105 histori\u0105 i licznie zachowanymi zabytkami, takimi jak zamki i ko\u015bcio\u0142y. W okolicy mo\u017cna r\u00f3wnie\u017c podziwia\u0107 pi\u0119kne krajobrazy i spacerowa\u0107 po urokliwych parkach.<\/p>\n<p>&nbsp;<\/p>\n<p>Twoim celem podr\u00f3\u017cy jest Grodziec? &#8211; Sprawd\u017a nasz\u0105 ofert\u0119 na <strong><a href=\"\/en\/\">wynajem kamper\u00f3w<\/a><\/strong>!<\/p>","protected":false},"excerpt":{"rendered":"<p>&nbsp; Kamping Camping Zatoka Bajka Miejscowo\u015b\u0107 Grodziec Wojew\u00f3dztwo Opolskie Pa\u0144stwo Polska GPS 50\u00b041&#8217;41&#8221;N,18\u00b017&#8217;9&#8221;E &nbsp; Opis obiektu &#8211; Camping Zatoka Bajka Bajkowy wypoczynek nad Zatok\u0105: Kemping Zatoka Bajka stworzy\u0142 rajsk\u0105 odskoczni\u0119 od codzienno\u015bci w Bajka Hotel &#038; Resort, zach\u0119caj\u0105c do wypoczynku w\u015br\u00f3d przyrody. &nbsp; Opis miejscowo\u015bci &#8211; Grodziec Grodziec to miejscowo\u015b\u0107 z bogat\u0105 histori\u0105 i licznie [&hellip;]<\/p>","protected":false},"author":6,"featured_media":14061,"parent":0,"menu_order":0,"comment_status":"open","ping_status":"open","template":"","meta":{"footnotes":""},"class_list":["post-14934","page","type-page","status-publish","has-post-thumbnail","hentry","miasto-grodziec","wojewodztwa-opolskie"],"yoast_head":"<!-- This site is optimized with the Yoast SEO plugin v26.8 - https:\/\/yoast.com\/product\/yoast-seo-wordpress\/ -->\n<title>Camping Zatoka Bajka - Camping - WITO CampRent<\/title>\n<meta name=\"robots\" content=\"index, follow, max-snippet:-1, max-image-preview:large, max-video-preview:-1\" \/>\n<link rel=\"canonical\" href=\"https:\/\/witocamprent.pl\/en\/camping-zatoka-bajka-camping\/\" \/>\n<meta property=\"og:locale\" content=\"en_US\" \/>\n<meta property=\"og:type\" content=\"article\" \/>\n<meta property=\"og:title\" content=\"Camping Zatoka Bajka - Camping - WITO CampRent\" \/>\n<meta property=\"og:description\" content=\"&nbsp; Kamping Camping Zatoka Bajka Miejscowo\u015b\u0107 Grodziec Wojew\u00f3dztwo Opolskie Pa\u0144stwo Polska GPS 50\u00b041&#8217;41&#8221;N,18\u00b017&#8217;9&#8221;E &nbsp; Opis obiektu &#8211; Camping Zatoka Bajka Bajkowy wypoczynek nad Zatok\u0105: Kemping Zatoka Bajka stworzy\u0142 rajsk\u0105 odskoczni\u0119 od codzienno\u015bci w Bajka Hotel &#038; Resort, zach\u0119caj\u0105c do wypoczynku w\u015br\u00f3d przyrody. &nbsp; Opis miejscowo\u015bci &#8211; Grodziec Grodziec to miejscowo\u015b\u0107 z bogat\u0105 histori\u0105 i licznie [&hellip;]\" \/>\n<meta property=\"og:url\" content=\"https:\/\/witocamprent.pl\/en\/camping-zatoka-bajka-camping\/\" \/>\n<meta property=\"og:site_name\" content=\"WITO CampRent\" \/>\n<meta property=\"article:modified_time\" content=\"2024-11-09T15:30:04+00:00\" \/>\n<meta property=\"og:image\" content=\"https:\/\/witocamprent.pl\/wp-content\/uploads\/2024\/07\/61.jpg\" \/>\n\t<meta property=\"og:image:width\" content=\"800\" \/>\n\t<meta property=\"og:image:height\" content=\"600\" \/>\n\t<meta property=\"og:image:type\" content=\"image\/jpeg\" \/>\n<meta name=\"twitter:card\" content=\"summary_large_image\" \/>\n<meta name=\"twitter:label1\" content=\"Est. reading time\" \/>\n\t<meta name=\"twitter:data1\" content=\"1 minute\" \/>\n<script type=\"application\/ld+json\" class=\"yoast-schema-graph\">{\"@context\":\"https:\/\/schema.org\",\"@graph\":[{\"@type\":\"WebPage\",\"@id\":\"https:\/\/witocamprent.pl\/camping-zatoka-bajka-camping\/\",\"url\":\"https:\/\/witocamprent.pl\/camping-zatoka-bajka-camping\/\",\"name\":\"Camping Zatoka Bajka - Camping - WITO CampRent\",\"isPartOf\":{\"@id\":\"https:\/\/witocamprent.pl\/#website\"},\"primaryImageOfPage\":{\"@id\":\"https:\/\/witocamprent.pl\/camping-zatoka-bajka-camping\/#primaryimage\"},\"image\":{\"@id\":\"https:\/\/witocamprent.pl\/camping-zatoka-bajka-camping\/#primaryimage\"},\"thumbnailUrl\":\"https:\/\/witocamprent.pl\/wp-content\/uploads\/2024\/07\/61.jpg\",\"datePublished\":\"2024-09-05T09:41:13+00:00\",\"dateModified\":\"2024-11-09T15:30:04+00:00\",\"breadcrumb\":{\"@id\":\"https:\/\/witocamprent.pl\/camping-zatoka-bajka-camping\/#breadcrumb\"},\"inLanguage\":\"en-US\",\"potentialAction\":[{\"@type\":\"ReadAction\",\"target\":[\"https:\/\/witocamprent.pl\/camping-zatoka-bajka-camping\/\"]}]},{\"@type\":\"ImageObject\",\"inLanguage\":\"en-US\",\"@id\":\"https:\/\/witocamprent.pl\/camping-zatoka-bajka-camping\/#primaryimage\",\"url\":\"https:\/\/witocamprent.pl\/wp-content\/uploads\/2024\/07\/61.jpg\",\"contentUrl\":\"https:\/\/witocamprent.pl\/wp-content\/uploads\/2024\/07\/61.jpg\",\"width\":800,\"height\":600},{\"@type\":\"BreadcrumbList\",\"@id\":\"https:\/\/witocamprent.pl\/camping-zatoka-bajka-camping\/#breadcrumb\",\"itemListElement\":[{\"@type\":\"ListItem\",\"position\":1,\"name\":\"Strona g\u0142\u00f3wna\",\"item\":\"https:\/\/witocamprent.pl\/\"},{\"@type\":\"ListItem\",\"position\":2,\"name\":\"Camping Zatoka Bajka &#8211; Camping\"}]},{\"@type\":\"WebSite\",\"@id\":\"https:\/\/witocamprent.pl\/#website\",\"url\":\"https:\/\/witocamprent.pl\/\",\"name\":\"WITO CampRent\",\"description\":\"Wynajem camper&oacute;w\",\"potentialAction\":[{\"@type\":\"SearchAction\",\"target\":{\"@type\":\"EntryPoint\",\"urlTemplate\":\"https:\/\/witocamprent.pl\/?s={search_term_string}\"},\"query-input\":{\"@type\":\"PropertyValueSpecification\",\"valueRequired\":true,\"valueName\":\"search_term_string\"}}],\"inLanguage\":\"en-US\"}]}<\/script>\n<!-- \/ Yoast SEO plugin. -->","yoast_head_json":{"title":"Camping Zatoka Bajka - Camping - WITO CampRent","robots":{"index":"index","follow":"follow","max-snippet":"max-snippet:-1","max-image-preview":"max-image-preview:large","max-video-preview":"max-video-preview:-1"},"canonical":"https:\/\/witocamprent.pl\/en\/camping-zatoka-bajka-camping\/","og_locale":"en_US","og_type":"article","og_title":"Camping Zatoka Bajka - Camping - WITO CampRent","og_description":"&nbsp; Kamping Camping Zatoka Bajka Miejscowo\u015b\u0107 Grodziec Wojew\u00f3dztwo Opolskie Pa\u0144stwo Polska GPS 50\u00b041&#8217;41&#8221;N,18\u00b017&#8217;9&#8221;E &nbsp; Opis obiektu &#8211; Camping Zatoka Bajka Bajkowy wypoczynek nad Zatok\u0105: Kemping Zatoka Bajka stworzy\u0142 rajsk\u0105 odskoczni\u0119 od codzienno\u015bci w Bajka Hotel &#038; Resort, zach\u0119caj\u0105c do wypoczynku w\u015br\u00f3d przyrody. &nbsp; Opis miejscowo\u015bci &#8211; Grodziec Grodziec to miejscowo\u015b\u0107 z bogat\u0105 histori\u0105 i licznie [&hellip;]","og_url":"https:\/\/witocamprent.pl\/en\/camping-zatoka-bajka-camping\/","og_site_name":"WITO CampRent","article_modified_time":"2024-11-09T15:30:04+00:00","og_image":[{"width":800,"height":600,"url":"https:\/\/witocamprent.pl\/wp-content\/uploads\/2024\/07\/61.jpg","type":"image\/jpeg"}],"twitter_card":"summary_large_image","twitter_misc":{"Est. reading time":"1 minute"},"schema":{"@context":"https:\/\/schema.org","@graph":[{"@type":"WebPage","@id":"https:\/\/witocamprent.pl\/camping-zatoka-bajka-camping\/","url":"https:\/\/witocamprent.pl\/camping-zatoka-bajka-camping\/","name":"Camping Zatoka Bajka - Camping - WITO CampRent","isPartOf":{"@id":"https:\/\/witocamprent.pl\/#website"},"primaryImageOfPage":{"@id":"https:\/\/witocamprent.pl\/camping-zatoka-bajka-camping\/#primaryimage"},"image":{"@id":"https:\/\/witocamprent.pl\/camping-zatoka-bajka-camping\/#primaryimage"},"thumbnailUrl":"https:\/\/witocamprent.pl\/wp-content\/uploads\/2024\/07\/61.jpg","datePublished":"2024-09-05T09:41:13+00:00","dateModified":"2024-11-09T15:30:04+00:00","breadcrumb":{"@id":"https:\/\/witocamprent.pl\/camping-zatoka-bajka-camping\/#breadcrumb"},"inLanguage":"en-US","potentialAction":[{"@type":"ReadAction","target":["https:\/\/witocamprent.pl\/camping-zatoka-bajka-camping\/"]}]},{"@type":"ImageObject","inLanguage":"en-US","@id":"https:\/\/witocamprent.pl\/camping-zatoka-bajka-camping\/#primaryimage","url":"https:\/\/witocamprent.pl\/wp-content\/uploads\/2024\/07\/61.jpg","contentUrl":"https:\/\/witocamprent.pl\/wp-content\/uploads\/2024\/07\/61.jpg","width":800,"height":600},{"@type":"BreadcrumbList","@id":"https:\/\/witocamprent.pl\/camping-zatoka-bajka-camping\/#breadcrumb","itemListElement":[{"@type":"ListItem","position":1,"name":"Strona g\u0142\u00f3wna","item":"https:\/\/witocamprent.pl\/"},{"@type":"ListItem","position":2,"name":"Camping Zatoka Bajka &#8211; Camping"}]},{"@type":"WebSite","@id":"https:\/\/witocamprent.pl\/#website","url":"https:\/\/witocamprent.pl\/","name":"WITO CampRent","description":"Wynajem camper&oacute;w","potentialAction":[{"@type":"SearchAction","target":{"@type":"EntryPoint","urlTemplate":"https:\/\/witocamprent.pl\/?s={search_term_string}"},"query-input":{"@type":"PropertyValueSpecification","valueRequired":true,"valueName":"search_term_string"}}],"inLanguage":"en-US"}]}},"_links":{"self":[{"href":"https:\/\/witocamprent.pl\/en\/wp-json\/wp\/v2\/pages\/14934","targetHints":{"allow":["GET"]}}],"collection":[{"href":"https:\/\/witocamprent.pl\/en\/wp-json\/wp\/v2\/pages"}],"about":[{"href":"https:\/\/witocamprent.pl\/en\/wp-json\/wp\/v2\/types\/page"}],"author":[{"embeddable":true,"href":"https:\/\/witocamprent.pl\/en\/wp-json\/wp\/v2\/users\/6"}],"replies":[{"embeddable":true,"href":"https:\/\/witocamprent.pl\/en\/wp-json\/wp\/v2\/comments?post=14934"}],"version-history":[{"count":1,"href":"https:\/\/witocamprent.pl\/en\/wp-json\/wp\/v2\/pages\/14934\/revisions"}],"predecessor-version":[{"id":15150,"href":"https:\/\/witocamprent.pl\/en\/wp-json\/wp\/v2\/pages\/14934\/revisions\/15150"}],"wp:featuredmedia":[{"embeddable":true,"href":"https:\/\/witocamprent.pl\/en\/wp-json\/wp\/v2\/media\/14061"}],"wp:attachment":[{"href":"https:\/\/witocamprent.pl\/en\/wp-json\/wp\/v2\/media?parent=14934"}],"curies":[{"name":"wp","href":"https:\/\/api.w.org\/{rel}","templated":true}]}}