{"id":14936,"date":"2024-10-25T19:54:36","date_gmt":"2024-10-25T18:54:36","guid":{"rendered":"https:\/\/witocamprent.pl\/drzonkow-camping-nr-121-camping\/"},"modified":"2024-11-09T16:30:04","modified_gmt":"2024-11-09T15:30:04","slug":"drzonkow-camping-nr-121-camping","status":"publish","type":"page","link":"https:\/\/witocamprent.pl\/en\/drzonkow-camping-nr-121-camping\/","title":{"rendered":"DRZONK\u00d3W Camping nr 121 &#8211; Camping"},"content":{"rendered":"<p>&nbsp;<\/p>\n<table>\n<tbody>\n<tr>\n<td>Kamping<\/td>\n<td>DRZONK\u00d3W Camping nr 121<\/td>\n<\/tr>\n<tr>\n<td>Miejscowo\u015b\u0107<\/td>\n<td>Zielona G\u00f3ra<\/td>\n<\/tr>\n<tr>\n<td>Wojew\u00f3dztwo<\/td>\n<td>Lubuskie<\/td>\n<\/tr>\n<tr>\n<td>Pa\u0144stwo<\/td>\n<td>Polska<\/td>\n<\/tr>\n<tr>\n<td>GPS<\/td>\n<td>51\u00b053&#8217;51&#8221;N,15\u00b034&#8217;13&#8221;E<\/td>\n<\/tr>\n<\/tbody>\n<\/table>\n<p>&nbsp;<\/p>\n<h2>Opis obiektu &#8211; DRZONK\u00d3W Camping nr 121<\/h2>\n<p>Camping otwarty w sezonie, gdzie zwierz\u0119ta s\u0105 mile widziane! Go\u015bcie mog\u0105 wynaj\u0105\u0107 wygodne domki mobilne oraz bungalowy. Na terenie znajduj\u0105 si\u0119 korty tenisowe, boiska do pi\u0142ki siatkowej lub pla\u017cowej, bilard, boiska do koszyk\u00f3wki, plac zabaw oraz restauracja.<\/p>\n<p>&nbsp;<\/p>\n<h2>Opis miejscowo\u015bci &#8211; Zielona G\u00f3ra<\/h2>\n<p>Zielona G\u00f3ra otoczona jest przez morenowe, glacitektoniczne wzg\u00f3rza, tworz\u0105ce tzw. Wa\u0142 Zielonog\u00f3rsk. Cz\u0119\u015b\u0107 tego pasma, znajduj\u0105ca si\u0119 przy granicy miasta, nosi nazw\u0119 Wzg\u00f3rz Piastowskich. Opr\u00f3cz tego, do tych wzniesie\u0144 zalicza si\u0119 r\u00f3wnie\u017c Wzg\u00f3rze Braniborskie wraz z jego charakterystyczn\u0105 wie\u017c\u0105 oraz pasmo ni\u017cszych wzniesie\u0144.<\/p>\n<p>&nbsp;<\/p>\n<p>Twoim celem podr\u00f3\u017cy jest Zielona G\u00f3ra? &#8211; Sprawd\u017a nasz\u0105 ofert\u0119 na <strong><a href=\"\/en\/\">wynajem kamper\u00f3w<\/a><\/strong>!<\/p>","protected":false},"excerpt":{"rendered":"<p>&nbsp; Kamping DRZONK\u00d3W Camping nr 121 Miejscowo\u015b\u0107 Zielona G\u00f3ra Wojew\u00f3dztwo Lubuskie Pa\u0144stwo Polska GPS 51\u00b053&#8217;51&#8221;N,15\u00b034&#8217;13&#8221;E &nbsp; Opis obiektu &#8211; DRZONK\u00d3W Camping nr 121 Camping otwarty w sezonie, gdzie zwierz\u0119ta s\u0105 mile widziane! Go\u015bcie mog\u0105 wynaj\u0105\u0107 wygodne domki mobilne oraz bungalowy. Na terenie znajduj\u0105 si\u0119 korty tenisowe, boiska do pi\u0142ki siatkowej lub pla\u017cowej, bilard, boiska do [&hellip;]<\/p>","protected":false},"author":6,"featured_media":14065,"parent":0,"menu_order":0,"comment_status":"open","ping_status":"open","template":"","meta":{"footnotes":""},"class_list":["post-14936","page","type-page","status-publish","has-post-thumbnail","hentry","miasto-zielona-gora","wojewodztwa-lubuskie"],"yoast_head":"<!-- This site is optimized with the Yoast SEO plugin v26.8 - https:\/\/yoast.com\/product\/yoast-seo-wordpress\/ -->\n<title>DRZONK\u00d3W Camping nr 121 - Camping - WITO CampRent<\/title>\n<meta name=\"robots\" content=\"index, follow, max-snippet:-1, max-image-preview:large, max-video-preview:-1\" \/>\n<link rel=\"canonical\" href=\"https:\/\/witocamprent.pl\/en\/drzonkow-camping-nr-121-camping\/\" \/>\n<meta property=\"og:locale\" content=\"en_US\" \/>\n<meta property=\"og:type\" content=\"article\" \/>\n<meta property=\"og:title\" content=\"DRZONK\u00d3W Camping nr 121 - Camping - WITO CampRent\" \/>\n<meta property=\"og:description\" content=\"&nbsp; Kamping DRZONK\u00d3W Camping nr 121 Miejscowo\u015b\u0107 Zielona G\u00f3ra Wojew\u00f3dztwo Lubuskie Pa\u0144stwo Polska GPS 51\u00b053&#8217;51&#8221;N,15\u00b034&#8217;13&#8221;E &nbsp; Opis obiektu &#8211; DRZONK\u00d3W Camping nr 121 Camping otwarty w sezonie, gdzie zwierz\u0119ta s\u0105 mile widziane! Go\u015bcie mog\u0105 wynaj\u0105\u0107 wygodne domki mobilne oraz bungalowy. Na terenie znajduj\u0105 si\u0119 korty tenisowe, boiska do pi\u0142ki siatkowej lub pla\u017cowej, bilard, boiska do [&hellip;]\" \/>\n<meta property=\"og:url\" content=\"https:\/\/witocamprent.pl\/en\/drzonkow-camping-nr-121-camping\/\" \/>\n<meta property=\"og:site_name\" content=\"WITO CampRent\" \/>\n<meta property=\"article:modified_time\" content=\"2024-11-09T15:30:04+00:00\" \/>\n<meta property=\"og:image\" content=\"https:\/\/witocamprent.pl\/wp-content\/uploads\/2024\/07\/63.jpg\" \/>\n\t<meta property=\"og:image:width\" content=\"800\" \/>\n\t<meta property=\"og:image:height\" content=\"600\" \/>\n\t<meta property=\"og:image:type\" content=\"image\/jpeg\" \/>\n<meta name=\"twitter:card\" content=\"summary_large_image\" \/>\n<meta name=\"twitter:label1\" content=\"Est. reading time\" \/>\n\t<meta name=\"twitter:data1\" content=\"1 minute\" \/>\n<script type=\"application\/ld+json\" class=\"yoast-schema-graph\">{\"@context\":\"https:\/\/schema.org\",\"@graph\":[{\"@type\":\"WebPage\",\"@id\":\"https:\/\/witocamprent.pl\/drzonkow-camping-nr-121-camping\/\",\"url\":\"https:\/\/witocamprent.pl\/drzonkow-camping-nr-121-camping\/\",\"name\":\"DRZONK\u00d3W Camping nr 121 - Camping - WITO CampRent\",\"isPartOf\":{\"@id\":\"https:\/\/witocamprent.pl\/#website\"},\"primaryImageOfPage\":{\"@id\":\"https:\/\/witocamprent.pl\/drzonkow-camping-nr-121-camping\/#primaryimage\"},\"image\":{\"@id\":\"https:\/\/witocamprent.pl\/drzonkow-camping-nr-121-camping\/#primaryimage\"},\"thumbnailUrl\":\"https:\/\/witocamprent.pl\/wp-content\/uploads\/2024\/07\/63.jpg\",\"datePublished\":\"2024-10-25T18:54:36+00:00\",\"dateModified\":\"2024-11-09T15:30:04+00:00\",\"breadcrumb\":{\"@id\":\"https:\/\/witocamprent.pl\/drzonkow-camping-nr-121-camping\/#breadcrumb\"},\"inLanguage\":\"en-US\",\"potentialAction\":[{\"@type\":\"ReadAction\",\"target\":[\"https:\/\/witocamprent.pl\/drzonkow-camping-nr-121-camping\/\"]}]},{\"@type\":\"ImageObject\",\"inLanguage\":\"en-US\",\"@id\":\"https:\/\/witocamprent.pl\/drzonkow-camping-nr-121-camping\/#primaryimage\",\"url\":\"https:\/\/witocamprent.pl\/wp-content\/uploads\/2024\/07\/63.jpg\",\"contentUrl\":\"https:\/\/witocamprent.pl\/wp-content\/uploads\/2024\/07\/63.jpg\",\"width\":800,\"height\":600},{\"@type\":\"BreadcrumbList\",\"@id\":\"https:\/\/witocamprent.pl\/drzonkow-camping-nr-121-camping\/#breadcrumb\",\"itemListElement\":[{\"@type\":\"ListItem\",\"position\":1,\"name\":\"Strona g\u0142\u00f3wna\",\"item\":\"https:\/\/witocamprent.pl\/\"},{\"@type\":\"ListItem\",\"position\":2,\"name\":\"DRZONK\u00d3W Camping nr 121 &#8211; Camping\"}]},{\"@type\":\"WebSite\",\"@id\":\"https:\/\/witocamprent.pl\/#website\",\"url\":\"https:\/\/witocamprent.pl\/\",\"name\":\"WITO CampRent\",\"description\":\"Wynajem camper&oacute;w\",\"potentialAction\":[{\"@type\":\"SearchAction\",\"target\":{\"@type\":\"EntryPoint\",\"urlTemplate\":\"https:\/\/witocamprent.pl\/?s={search_term_string}\"},\"query-input\":{\"@type\":\"PropertyValueSpecification\",\"valueRequired\":true,\"valueName\":\"search_term_string\"}}],\"inLanguage\":\"en-US\"}]}<\/script>\n<!-- \/ Yoast SEO plugin. -->","yoast_head_json":{"title":"DRZONK\u00d3W Camping nr 121 - Camping - WITO CampRent","robots":{"index":"index","follow":"follow","max-snippet":"max-snippet:-1","max-image-preview":"max-image-preview:large","max-video-preview":"max-video-preview:-1"},"canonical":"https:\/\/witocamprent.pl\/en\/drzonkow-camping-nr-121-camping\/","og_locale":"en_US","og_type":"article","og_title":"DRZONK\u00d3W Camping nr 121 - Camping - WITO CampRent","og_description":"&nbsp; Kamping DRZONK\u00d3W Camping nr 121 Miejscowo\u015b\u0107 Zielona G\u00f3ra Wojew\u00f3dztwo Lubuskie Pa\u0144stwo Polska GPS 51\u00b053&#8217;51&#8221;N,15\u00b034&#8217;13&#8221;E &nbsp; Opis obiektu &#8211; DRZONK\u00d3W Camping nr 121 Camping otwarty w sezonie, gdzie zwierz\u0119ta s\u0105 mile widziane! Go\u015bcie mog\u0105 wynaj\u0105\u0107 wygodne domki mobilne oraz bungalowy. Na terenie znajduj\u0105 si\u0119 korty tenisowe, boiska do pi\u0142ki siatkowej lub pla\u017cowej, bilard, boiska do [&hellip;]","og_url":"https:\/\/witocamprent.pl\/en\/drzonkow-camping-nr-121-camping\/","og_site_name":"WITO CampRent","article_modified_time":"2024-11-09T15:30:04+00:00","og_image":[{"width":800,"height":600,"url":"https:\/\/witocamprent.pl\/wp-content\/uploads\/2024\/07\/63.jpg","type":"image\/jpeg"}],"twitter_card":"summary_large_image","twitter_misc":{"Est. reading time":"1 minute"},"schema":{"@context":"https:\/\/schema.org","@graph":[{"@type":"WebPage","@id":"https:\/\/witocamprent.pl\/drzonkow-camping-nr-121-camping\/","url":"https:\/\/witocamprent.pl\/drzonkow-camping-nr-121-camping\/","name":"DRZONK\u00d3W Camping nr 121 - Camping - WITO CampRent","isPartOf":{"@id":"https:\/\/witocamprent.pl\/#website"},"primaryImageOfPage":{"@id":"https:\/\/witocamprent.pl\/drzonkow-camping-nr-121-camping\/#primaryimage"},"image":{"@id":"https:\/\/witocamprent.pl\/drzonkow-camping-nr-121-camping\/#primaryimage"},"thumbnailUrl":"https:\/\/witocamprent.pl\/wp-content\/uploads\/2024\/07\/63.jpg","datePublished":"2024-10-25T18:54:36+00:00","dateModified":"2024-11-09T15:30:04+00:00","breadcrumb":{"@id":"https:\/\/witocamprent.pl\/drzonkow-camping-nr-121-camping\/#breadcrumb"},"inLanguage":"en-US","potentialAction":[{"@type":"ReadAction","target":["https:\/\/witocamprent.pl\/drzonkow-camping-nr-121-camping\/"]}]},{"@type":"ImageObject","inLanguage":"en-US","@id":"https:\/\/witocamprent.pl\/drzonkow-camping-nr-121-camping\/#primaryimage","url":"https:\/\/witocamprent.pl\/wp-content\/uploads\/2024\/07\/63.jpg","contentUrl":"https:\/\/witocamprent.pl\/wp-content\/uploads\/2024\/07\/63.jpg","width":800,"height":600},{"@type":"BreadcrumbList","@id":"https:\/\/witocamprent.pl\/drzonkow-camping-nr-121-camping\/#breadcrumb","itemListElement":[{"@type":"ListItem","position":1,"name":"Strona g\u0142\u00f3wna","item":"https:\/\/witocamprent.pl\/"},{"@type":"ListItem","position":2,"name":"DRZONK\u00d3W Camping nr 121 &#8211; Camping"}]},{"@type":"WebSite","@id":"https:\/\/witocamprent.pl\/#website","url":"https:\/\/witocamprent.pl\/","name":"WITO CampRent","description":"Wynajem camper&oacute;w","potentialAction":[{"@type":"SearchAction","target":{"@type":"EntryPoint","urlTemplate":"https:\/\/witocamprent.pl\/?s={search_term_string}"},"query-input":{"@type":"PropertyValueSpecification","valueRequired":true,"valueName":"search_term_string"}}],"inLanguage":"en-US"}]}},"_links":{"self":[{"href":"https:\/\/witocamprent.pl\/en\/wp-json\/wp\/v2\/pages\/14936","targetHints":{"allow":["GET"]}}],"collection":[{"href":"https:\/\/witocamprent.pl\/en\/wp-json\/wp\/v2\/pages"}],"about":[{"href":"https:\/\/witocamprent.pl\/en\/wp-json\/wp\/v2\/types\/page"}],"author":[{"embeddable":true,"href":"https:\/\/witocamprent.pl\/en\/wp-json\/wp\/v2\/users\/6"}],"replies":[{"embeddable":true,"href":"https:\/\/witocamprent.pl\/en\/wp-json\/wp\/v2\/comments?post=14936"}],"version-history":[{"count":1,"href":"https:\/\/witocamprent.pl\/en\/wp-json\/wp\/v2\/pages\/14936\/revisions"}],"predecessor-version":[{"id":15152,"href":"https:\/\/witocamprent.pl\/en\/wp-json\/wp\/v2\/pages\/14936\/revisions\/15152"}],"wp:featuredmedia":[{"embeddable":true,"href":"https:\/\/witocamprent.pl\/en\/wp-json\/wp\/v2\/media\/14065"}],"wp:attachment":[{"href":"https:\/\/witocamprent.pl\/en\/wp-json\/wp\/v2\/media?parent=14936"}],"curies":[{"name":"wp","href":"https:\/\/api.w.org\/{rel}","templated":true}]}}