{"id":14943,"date":"2024-08-07T17:53:46","date_gmt":"2024-08-07T16:53:46","guid":{"rendered":"https:\/\/witocamprent.pl\/gospodarstwo-agroturystyczne-nad-jeziorem-camping\/"},"modified":"2024-11-09T16:30:08","modified_gmt":"2024-11-09T15:30:08","slug":"gospodarstwo-agroturystyczne-nad-jeziorem-camping","status":"publish","type":"page","link":"https:\/\/witocamprent.pl\/en\/gospodarstwo-agroturystyczne-nad-jeziorem-camping\/","title":{"rendered":"Gospodarstwo Agroturystyczne Nad Jeziorem &#8211; Camping"},"content":{"rendered":"<p>&nbsp;<\/p>\n<table>\n<tbody>\n<tr>\n<td>Kamping<\/td>\n<td>Gospodarstwo Agroturystyczne Nad Jeziorem<\/td>\n<\/tr>\n<tr>\n<td>Miejscowo\u015b\u0107<\/td>\n<td>Mrowiny<\/td>\n<\/tr>\n<tr>\n<td>Wojew\u00f3dztwo<\/td>\n<td>Dolno\u015bl\u0105skie<\/td>\n<\/tr>\n<tr>\n<td>Pa\u0144stwo<\/td>\n<td>Polska<\/td>\n<\/tr>\n<tr>\n<td>GPS<\/td>\n<td>53\u00b015&#8217;57.5&#8243;N 17\u00b007&#8217;32.4&#8243;E<\/td>\n<\/tr>\n<\/tbody>\n<\/table>\n<p>&nbsp;<\/p>\n<h2>Opis obiektu &#8211; Gospodarstwo Agroturystyczne Nad Jeziorem<\/h2>\n<p>Gospodarstwo Agroturystyczne Nad Jeziorem to miejsce w okolicach Lubuskiego, gdzie mo\u017cna cieszy\u0107 si\u0119 przyrod\u0105, aktywnie sp\u0119dzaj\u0105c czas na k\u0105pielisku, wypo\u017cyczaj\u0105c rowery lub w\u0119dkuj\u0105c. Oferuje r\u00f3wnie\u017c udogodnienia takie jak sklep spo\u017cywczy, plac zabaw i bezp\u0142atny prysznic.<\/p>\n<p>&nbsp;<\/p>\n<h2>Opis miejscowo\u015bci &#8211; Mrowiny<\/h2>\n<p>Mrowiny to spokojna miejscowo\u015b\u0107 po\u0142o\u017cona nad brzegiem jeziora, gdzie mo\u017cna wypocz\u0105\u0107 na pla\u017cy, k\u0105pa\u0107 si\u0119 w jeziorze oraz korzysta\u0107 z atrakcji wodnych, takich jak kajaki i rowery wodne.<\/p>\n<p>&nbsp;<\/p>\n<p>Twoim celem podr\u00f3\u017cy jest Mrowiny? &#8211; Sprawd\u017a nasz\u0105 ofert\u0119 na <strong><a href=\"\/en\/\">wynajem kamper\u00f3w<\/a><\/strong>!<\/p>","protected":false},"excerpt":{"rendered":"<p>&nbsp; Kamping Gospodarstwo Agroturystyczne Nad Jeziorem Miejscowo\u015b\u0107 Mrowiny Wojew\u00f3dztwo Dolno\u015bl\u0105skie Pa\u0144stwo Polska GPS 53\u00b015&#8217;57.5&#8243;N 17\u00b007&#8217;32.4&#8243;E &nbsp; Opis obiektu &#8211; Gospodarstwo Agroturystyczne Nad Jeziorem Gospodarstwo Agroturystyczne Nad Jeziorem to miejsce w okolicach Lubuskiego, gdzie mo\u017cna cieszy\u0107 si\u0119 przyrod\u0105, aktywnie sp\u0119dzaj\u0105c czas na k\u0105pielisku, wypo\u017cyczaj\u0105c rowery lub w\u0119dkuj\u0105c. Oferuje r\u00f3wnie\u017c udogodnienia takie jak sklep spo\u017cywczy, plac zabaw [&hellip;]<\/p>","protected":false},"author":6,"featured_media":14079,"parent":0,"menu_order":0,"comment_status":"open","ping_status":"open","template":"","meta":{"footnotes":""},"class_list":["post-14943","page","type-page","status-publish","has-post-thumbnail","hentry","miasto-mrowiny","wojewodztwa-dolnoslaskie"],"yoast_head":"<!-- This site is optimized with the Yoast SEO plugin v26.8 - https:\/\/yoast.com\/product\/yoast-seo-wordpress\/ -->\n<title>Gospodarstwo Agroturystyczne Nad Jeziorem - Camping - WITO CampRent<\/title>\n<meta name=\"robots\" content=\"index, follow, max-snippet:-1, max-image-preview:large, max-video-preview:-1\" \/>\n<link rel=\"canonical\" href=\"https:\/\/witocamprent.pl\/en\/gospodarstwo-agroturystyczne-nad-jeziorem-camping\/\" \/>\n<meta property=\"og:locale\" content=\"en_US\" \/>\n<meta property=\"og:type\" content=\"article\" \/>\n<meta property=\"og:title\" content=\"Gospodarstwo Agroturystyczne Nad Jeziorem - Camping - WITO CampRent\" \/>\n<meta property=\"og:description\" content=\"&nbsp; Kamping Gospodarstwo Agroturystyczne Nad Jeziorem Miejscowo\u015b\u0107 Mrowiny Wojew\u00f3dztwo Dolno\u015bl\u0105skie Pa\u0144stwo Polska GPS 53\u00b015&#8217;57.5&#8243;N 17\u00b007&#8217;32.4&#8243;E &nbsp; Opis obiektu &#8211; Gospodarstwo Agroturystyczne Nad Jeziorem Gospodarstwo Agroturystyczne Nad Jeziorem to miejsce w okolicach Lubuskiego, gdzie mo\u017cna cieszy\u0107 si\u0119 przyrod\u0105, aktywnie sp\u0119dzaj\u0105c czas na k\u0105pielisku, wypo\u017cyczaj\u0105c rowery lub w\u0119dkuj\u0105c. Oferuje r\u00f3wnie\u017c udogodnienia takie jak sklep spo\u017cywczy, plac zabaw [&hellip;]\" \/>\n<meta property=\"og:url\" content=\"https:\/\/witocamprent.pl\/en\/gospodarstwo-agroturystyczne-nad-jeziorem-camping\/\" \/>\n<meta property=\"og:site_name\" content=\"WITO CampRent\" \/>\n<meta property=\"article:modified_time\" content=\"2024-11-09T15:30:08+00:00\" \/>\n<meta property=\"og:image\" content=\"https:\/\/witocamprent.pl\/wp-content\/uploads\/2024\/07\/70.jpg\" \/>\n\t<meta property=\"og:image:width\" content=\"800\" \/>\n\t<meta property=\"og:image:height\" content=\"600\" \/>\n\t<meta property=\"og:image:type\" content=\"image\/jpeg\" \/>\n<meta name=\"twitter:card\" content=\"summary_large_image\" \/>\n<meta name=\"twitter:label1\" content=\"Est. reading time\" \/>\n\t<meta name=\"twitter:data1\" content=\"1 minute\" \/>\n<script type=\"application\/ld+json\" class=\"yoast-schema-graph\">{\"@context\":\"https:\/\/schema.org\",\"@graph\":[{\"@type\":\"WebPage\",\"@id\":\"https:\/\/witocamprent.pl\/gospodarstwo-agroturystyczne-nad-jeziorem-camping\/\",\"url\":\"https:\/\/witocamprent.pl\/gospodarstwo-agroturystyczne-nad-jeziorem-camping\/\",\"name\":\"Gospodarstwo Agroturystyczne Nad Jeziorem - Camping - WITO CampRent\",\"isPartOf\":{\"@id\":\"https:\/\/witocamprent.pl\/#website\"},\"primaryImageOfPage\":{\"@id\":\"https:\/\/witocamprent.pl\/gospodarstwo-agroturystyczne-nad-jeziorem-camping\/#primaryimage\"},\"image\":{\"@id\":\"https:\/\/witocamprent.pl\/gospodarstwo-agroturystyczne-nad-jeziorem-camping\/#primaryimage\"},\"thumbnailUrl\":\"https:\/\/witocamprent.pl\/wp-content\/uploads\/2024\/07\/70.jpg\",\"datePublished\":\"2024-08-07T16:53:46+00:00\",\"dateModified\":\"2024-11-09T15:30:08+00:00\",\"breadcrumb\":{\"@id\":\"https:\/\/witocamprent.pl\/gospodarstwo-agroturystyczne-nad-jeziorem-camping\/#breadcrumb\"},\"inLanguage\":\"en-US\",\"potentialAction\":[{\"@type\":\"ReadAction\",\"target\":[\"https:\/\/witocamprent.pl\/gospodarstwo-agroturystyczne-nad-jeziorem-camping\/\"]}]},{\"@type\":\"ImageObject\",\"inLanguage\":\"en-US\",\"@id\":\"https:\/\/witocamprent.pl\/gospodarstwo-agroturystyczne-nad-jeziorem-camping\/#primaryimage\",\"url\":\"https:\/\/witocamprent.pl\/wp-content\/uploads\/2024\/07\/70.jpg\",\"contentUrl\":\"https:\/\/witocamprent.pl\/wp-content\/uploads\/2024\/07\/70.jpg\",\"width\":800,\"height\":600},{\"@type\":\"BreadcrumbList\",\"@id\":\"https:\/\/witocamprent.pl\/gospodarstwo-agroturystyczne-nad-jeziorem-camping\/#breadcrumb\",\"itemListElement\":[{\"@type\":\"ListItem\",\"position\":1,\"name\":\"Strona g\u0142\u00f3wna\",\"item\":\"https:\/\/witocamprent.pl\/\"},{\"@type\":\"ListItem\",\"position\":2,\"name\":\"Gospodarstwo Agroturystyczne Nad Jeziorem &#8211; Camping\"}]},{\"@type\":\"WebSite\",\"@id\":\"https:\/\/witocamprent.pl\/#website\",\"url\":\"https:\/\/witocamprent.pl\/\",\"name\":\"WITO CampRent\",\"description\":\"Wynajem camper&oacute;w\",\"potentialAction\":[{\"@type\":\"SearchAction\",\"target\":{\"@type\":\"EntryPoint\",\"urlTemplate\":\"https:\/\/witocamprent.pl\/?s={search_term_string}\"},\"query-input\":{\"@type\":\"PropertyValueSpecification\",\"valueRequired\":true,\"valueName\":\"search_term_string\"}}],\"inLanguage\":\"en-US\"}]}<\/script>\n<!-- \/ Yoast SEO plugin. -->","yoast_head_json":{"title":"Gospodarstwo Agroturystyczne Nad Jeziorem - Camping - WITO CampRent","robots":{"index":"index","follow":"follow","max-snippet":"max-snippet:-1","max-image-preview":"max-image-preview:large","max-video-preview":"max-video-preview:-1"},"canonical":"https:\/\/witocamprent.pl\/en\/gospodarstwo-agroturystyczne-nad-jeziorem-camping\/","og_locale":"en_US","og_type":"article","og_title":"Gospodarstwo Agroturystyczne Nad Jeziorem - Camping - WITO CampRent","og_description":"&nbsp; Kamping Gospodarstwo Agroturystyczne Nad Jeziorem Miejscowo\u015b\u0107 Mrowiny Wojew\u00f3dztwo Dolno\u015bl\u0105skie Pa\u0144stwo Polska GPS 53\u00b015&#8217;57.5&#8243;N 17\u00b007&#8217;32.4&#8243;E &nbsp; Opis obiektu &#8211; Gospodarstwo Agroturystyczne Nad Jeziorem Gospodarstwo Agroturystyczne Nad Jeziorem to miejsce w okolicach Lubuskiego, gdzie mo\u017cna cieszy\u0107 si\u0119 przyrod\u0105, aktywnie sp\u0119dzaj\u0105c czas na k\u0105pielisku, wypo\u017cyczaj\u0105c rowery lub w\u0119dkuj\u0105c. Oferuje r\u00f3wnie\u017c udogodnienia takie jak sklep spo\u017cywczy, plac zabaw [&hellip;]","og_url":"https:\/\/witocamprent.pl\/en\/gospodarstwo-agroturystyczne-nad-jeziorem-camping\/","og_site_name":"WITO CampRent","article_modified_time":"2024-11-09T15:30:08+00:00","og_image":[{"width":800,"height":600,"url":"https:\/\/witocamprent.pl\/wp-content\/uploads\/2024\/07\/70.jpg","type":"image\/jpeg"}],"twitter_card":"summary_large_image","twitter_misc":{"Est. reading time":"1 minute"},"schema":{"@context":"https:\/\/schema.org","@graph":[{"@type":"WebPage","@id":"https:\/\/witocamprent.pl\/gospodarstwo-agroturystyczne-nad-jeziorem-camping\/","url":"https:\/\/witocamprent.pl\/gospodarstwo-agroturystyczne-nad-jeziorem-camping\/","name":"Gospodarstwo Agroturystyczne Nad Jeziorem - Camping - WITO CampRent","isPartOf":{"@id":"https:\/\/witocamprent.pl\/#website"},"primaryImageOfPage":{"@id":"https:\/\/witocamprent.pl\/gospodarstwo-agroturystyczne-nad-jeziorem-camping\/#primaryimage"},"image":{"@id":"https:\/\/witocamprent.pl\/gospodarstwo-agroturystyczne-nad-jeziorem-camping\/#primaryimage"},"thumbnailUrl":"https:\/\/witocamprent.pl\/wp-content\/uploads\/2024\/07\/70.jpg","datePublished":"2024-08-07T16:53:46+00:00","dateModified":"2024-11-09T15:30:08+00:00","breadcrumb":{"@id":"https:\/\/witocamprent.pl\/gospodarstwo-agroturystyczne-nad-jeziorem-camping\/#breadcrumb"},"inLanguage":"en-US","potentialAction":[{"@type":"ReadAction","target":["https:\/\/witocamprent.pl\/gospodarstwo-agroturystyczne-nad-jeziorem-camping\/"]}]},{"@type":"ImageObject","inLanguage":"en-US","@id":"https:\/\/witocamprent.pl\/gospodarstwo-agroturystyczne-nad-jeziorem-camping\/#primaryimage","url":"https:\/\/witocamprent.pl\/wp-content\/uploads\/2024\/07\/70.jpg","contentUrl":"https:\/\/witocamprent.pl\/wp-content\/uploads\/2024\/07\/70.jpg","width":800,"height":600},{"@type":"BreadcrumbList","@id":"https:\/\/witocamprent.pl\/gospodarstwo-agroturystyczne-nad-jeziorem-camping\/#breadcrumb","itemListElement":[{"@type":"ListItem","position":1,"name":"Strona g\u0142\u00f3wna","item":"https:\/\/witocamprent.pl\/"},{"@type":"ListItem","position":2,"name":"Gospodarstwo Agroturystyczne Nad Jeziorem &#8211; Camping"}]},{"@type":"WebSite","@id":"https:\/\/witocamprent.pl\/#website","url":"https:\/\/witocamprent.pl\/","name":"WITO CampRent","description":"Wynajem camper&oacute;w","potentialAction":[{"@type":"SearchAction","target":{"@type":"EntryPoint","urlTemplate":"https:\/\/witocamprent.pl\/?s={search_term_string}"},"query-input":{"@type":"PropertyValueSpecification","valueRequired":true,"valueName":"search_term_string"}}],"inLanguage":"en-US"}]}},"_links":{"self":[{"href":"https:\/\/witocamprent.pl\/en\/wp-json\/wp\/v2\/pages\/14943","targetHints":{"allow":["GET"]}}],"collection":[{"href":"https:\/\/witocamprent.pl\/en\/wp-json\/wp\/v2\/pages"}],"about":[{"href":"https:\/\/witocamprent.pl\/en\/wp-json\/wp\/v2\/types\/page"}],"author":[{"embeddable":true,"href":"https:\/\/witocamprent.pl\/en\/wp-json\/wp\/v2\/users\/6"}],"replies":[{"embeddable":true,"href":"https:\/\/witocamprent.pl\/en\/wp-json\/wp\/v2\/comments?post=14943"}],"version-history":[{"count":1,"href":"https:\/\/witocamprent.pl\/en\/wp-json\/wp\/v2\/pages\/14943\/revisions"}],"predecessor-version":[{"id":15159,"href":"https:\/\/witocamprent.pl\/en\/wp-json\/wp\/v2\/pages\/14943\/revisions\/15159"}],"wp:featuredmedia":[{"embeddable":true,"href":"https:\/\/witocamprent.pl\/en\/wp-json\/wp\/v2\/media\/14079"}],"wp:attachment":[{"href":"https:\/\/witocamprent.pl\/en\/wp-json\/wp\/v2\/media?parent=14943"}],"curies":[{"name":"wp","href":"https:\/\/api.w.org\/{rel}","templated":true}]}}