{"id":14968,"date":"2024-09-20T08:32:57","date_gmt":"2024-09-20T07:32:57","guid":{"rendered":"https:\/\/witocamprent.pl\/kemping-24h-camping\/"},"modified":"2024-11-09T16:30:20","modified_gmt":"2024-11-09T15:30:20","slug":"kemping-24h-camping","status":"publish","type":"page","link":"https:\/\/witocamprent.pl\/en\/kemping-24h-camping\/","title":{"rendered":"Kemping 24h &#8211; Camping"},"content":{"rendered":"<p>&nbsp;<\/p>\n<table>\n<tbody>\n<tr>\n<td>Kamping<\/td>\n<td>Kemping 24h<\/td>\n<\/tr>\n<tr>\n<td>Miejscowo\u015b\u0107<\/td>\n<td>Piecki<\/td>\n<\/tr>\n<tr>\n<td>Wojew\u00f3dztwo<\/td>\n<td>Warmi\u0144sko-Mazurskie<\/td>\n<\/tr>\n<tr>\n<td>Pa\u0144stwo<\/td>\n<td>Polska<\/td>\n<\/tr>\n<tr>\n<td>GPS<\/td>\n<td>53\u00b049&#8217;46&#8221;N,20\u00b036&#8217;22&#8221;E<\/td>\n<\/tr>\n<\/tbody>\n<\/table>\n<p>&nbsp;<\/p>\n<h2>Opis obiektu &#8211; Kemping 24h<\/h2>\n<p>Kemping 24h w Pieckach: To miejsce na nocleg dla podr\u00f3\u017cnych, zlokalizowane nad jeziorem i otoczone lasami. Oferuje ono mo\u017cliwo\u015b\u0107 relaksu i kontaktu z przyrod\u0105 dla os\u00f3b podr\u00f3\u017cuj\u0105cych przez Warmi\u0119 i Mazury.<\/p>\n<p>&nbsp;<\/p>\n<h2>Opis miejscowo\u015bci &#8211; Piecki<\/h2>\n<p>Piecki to urokliwa miejscowo\u015b\u0107 po\u0142o\u017cona nad jeziorem, otoczona pi\u0119kn\u0105 przyrod\u0105 i lasami. To doskona\u0142e miejsce dla mi\u0142o\u015bnik\u00f3w wodnych sport\u00f3w i rekreacji na \u0142onie natury.<\/p>\n<p>&nbsp;<\/p>\n<p>Twoim celem podr\u00f3\u017cy jest Piecki? &#8211; Sprawd\u017a nasz\u0105 ofert\u0119 na <strong><a href=\"\/en\/\">wynajem kamper\u00f3w<\/a><\/strong>!<\/p>","protected":false},"excerpt":{"rendered":"<p>&nbsp; Kamping Kemping 24h Miejscowo\u015b\u0107 Piecki Wojew\u00f3dztwo Warmi\u0144sko-Mazurskie Pa\u0144stwo Polska GPS 53\u00b049&#8217;46&#8221;N,20\u00b036&#8217;22&#8221;E &nbsp; Opis obiektu &#8211; Kemping 24h Kemping 24h w Pieckach: To miejsce na nocleg dla podr\u00f3\u017cnych, zlokalizowane nad jeziorem i otoczone lasami. Oferuje ono mo\u017cliwo\u015b\u0107 relaksu i kontaktu z przyrod\u0105 dla os\u00f3b podr\u00f3\u017cuj\u0105cych przez Warmi\u0119 i Mazury. &nbsp; Opis miejscowo\u015bci &#8211; Piecki Piecki [&hellip;]<\/p>","protected":false},"author":6,"featured_media":14129,"parent":0,"menu_order":0,"comment_status":"open","ping_status":"open","template":"","meta":{"footnotes":""},"class_list":["post-14968","page","type-page","status-publish","has-post-thumbnail","hentry","miasto-piecki","wojewodztwa-warminsko-mazurskie"],"yoast_head":"<!-- This site is optimized with the Yoast SEO plugin v26.8 - https:\/\/yoast.com\/product\/yoast-seo-wordpress\/ -->\n<title>Kemping 24h - Camping - WITO CampRent<\/title>\n<meta name=\"robots\" content=\"index, follow, max-snippet:-1, max-image-preview:large, max-video-preview:-1\" \/>\n<link rel=\"canonical\" href=\"https:\/\/witocamprent.pl\/en\/kemping-24h-camping\/\" \/>\n<meta property=\"og:locale\" content=\"en_US\" \/>\n<meta property=\"og:type\" content=\"article\" \/>\n<meta property=\"og:title\" content=\"Kemping 24h - Camping - WITO CampRent\" \/>\n<meta property=\"og:description\" content=\"&nbsp; Kamping Kemping 24h Miejscowo\u015b\u0107 Piecki Wojew\u00f3dztwo Warmi\u0144sko-Mazurskie Pa\u0144stwo Polska GPS 53\u00b049&#8217;46&#8221;N,20\u00b036&#8217;22&#8221;E &nbsp; Opis obiektu &#8211; Kemping 24h Kemping 24h w Pieckach: To miejsce na nocleg dla podr\u00f3\u017cnych, zlokalizowane nad jeziorem i otoczone lasami. Oferuje ono mo\u017cliwo\u015b\u0107 relaksu i kontaktu z przyrod\u0105 dla os\u00f3b podr\u00f3\u017cuj\u0105cych przez Warmi\u0119 i Mazury. &nbsp; Opis miejscowo\u015bci &#8211; Piecki Piecki [&hellip;]\" \/>\n<meta property=\"og:url\" content=\"https:\/\/witocamprent.pl\/en\/kemping-24h-camping\/\" \/>\n<meta property=\"og:site_name\" content=\"WITO CampRent\" \/>\n<meta property=\"article:modified_time\" content=\"2024-11-09T15:30:20+00:00\" \/>\n<meta property=\"og:image\" content=\"https:\/\/witocamprent.pl\/wp-content\/uploads\/2024\/07\/95.jpg\" \/>\n\t<meta property=\"og:image:width\" content=\"800\" \/>\n\t<meta property=\"og:image:height\" content=\"600\" \/>\n\t<meta property=\"og:image:type\" content=\"image\/jpeg\" \/>\n<meta name=\"twitter:card\" content=\"summary_large_image\" \/>\n<meta name=\"twitter:label1\" content=\"Est. reading time\" \/>\n\t<meta name=\"twitter:data1\" content=\"1 minute\" \/>\n<script type=\"application\/ld+json\" class=\"yoast-schema-graph\">{\"@context\":\"https:\/\/schema.org\",\"@graph\":[{\"@type\":\"WebPage\",\"@id\":\"https:\/\/witocamprent.pl\/kemping-24h-camping\/\",\"url\":\"https:\/\/witocamprent.pl\/kemping-24h-camping\/\",\"name\":\"Kemping 24h - Camping - WITO CampRent\",\"isPartOf\":{\"@id\":\"https:\/\/witocamprent.pl\/#website\"},\"primaryImageOfPage\":{\"@id\":\"https:\/\/witocamprent.pl\/kemping-24h-camping\/#primaryimage\"},\"image\":{\"@id\":\"https:\/\/witocamprent.pl\/kemping-24h-camping\/#primaryimage\"},\"thumbnailUrl\":\"https:\/\/witocamprent.pl\/wp-content\/uploads\/2024\/07\/95.jpg\",\"datePublished\":\"2024-09-20T07:32:57+00:00\",\"dateModified\":\"2024-11-09T15:30:20+00:00\",\"breadcrumb\":{\"@id\":\"https:\/\/witocamprent.pl\/kemping-24h-camping\/#breadcrumb\"},\"inLanguage\":\"en-US\",\"potentialAction\":[{\"@type\":\"ReadAction\",\"target\":[\"https:\/\/witocamprent.pl\/kemping-24h-camping\/\"]}]},{\"@type\":\"ImageObject\",\"inLanguage\":\"en-US\",\"@id\":\"https:\/\/witocamprent.pl\/kemping-24h-camping\/#primaryimage\",\"url\":\"https:\/\/witocamprent.pl\/wp-content\/uploads\/2024\/07\/95.jpg\",\"contentUrl\":\"https:\/\/witocamprent.pl\/wp-content\/uploads\/2024\/07\/95.jpg\",\"width\":800,\"height\":600},{\"@type\":\"BreadcrumbList\",\"@id\":\"https:\/\/witocamprent.pl\/kemping-24h-camping\/#breadcrumb\",\"itemListElement\":[{\"@type\":\"ListItem\",\"position\":1,\"name\":\"Strona g\u0142\u00f3wna\",\"item\":\"https:\/\/witocamprent.pl\/\"},{\"@type\":\"ListItem\",\"position\":2,\"name\":\"Kemping 24h &#8211; Camping\"}]},{\"@type\":\"WebSite\",\"@id\":\"https:\/\/witocamprent.pl\/#website\",\"url\":\"https:\/\/witocamprent.pl\/\",\"name\":\"WITO CampRent\",\"description\":\"Wynajem camper&oacute;w\",\"potentialAction\":[{\"@type\":\"SearchAction\",\"target\":{\"@type\":\"EntryPoint\",\"urlTemplate\":\"https:\/\/witocamprent.pl\/?s={search_term_string}\"},\"query-input\":{\"@type\":\"PropertyValueSpecification\",\"valueRequired\":true,\"valueName\":\"search_term_string\"}}],\"inLanguage\":\"en-US\"}]}<\/script>\n<!-- \/ Yoast SEO plugin. -->","yoast_head_json":{"title":"Kemping 24h - Camping - WITO CampRent","robots":{"index":"index","follow":"follow","max-snippet":"max-snippet:-1","max-image-preview":"max-image-preview:large","max-video-preview":"max-video-preview:-1"},"canonical":"https:\/\/witocamprent.pl\/en\/kemping-24h-camping\/","og_locale":"en_US","og_type":"article","og_title":"Kemping 24h - Camping - WITO CampRent","og_description":"&nbsp; Kamping Kemping 24h Miejscowo\u015b\u0107 Piecki Wojew\u00f3dztwo Warmi\u0144sko-Mazurskie Pa\u0144stwo Polska GPS 53\u00b049&#8217;46&#8221;N,20\u00b036&#8217;22&#8221;E &nbsp; Opis obiektu &#8211; Kemping 24h Kemping 24h w Pieckach: To miejsce na nocleg dla podr\u00f3\u017cnych, zlokalizowane nad jeziorem i otoczone lasami. Oferuje ono mo\u017cliwo\u015b\u0107 relaksu i kontaktu z przyrod\u0105 dla os\u00f3b podr\u00f3\u017cuj\u0105cych przez Warmi\u0119 i Mazury. &nbsp; Opis miejscowo\u015bci &#8211; Piecki Piecki [&hellip;]","og_url":"https:\/\/witocamprent.pl\/en\/kemping-24h-camping\/","og_site_name":"WITO CampRent","article_modified_time":"2024-11-09T15:30:20+00:00","og_image":[{"width":800,"height":600,"url":"https:\/\/witocamprent.pl\/wp-content\/uploads\/2024\/07\/95.jpg","type":"image\/jpeg"}],"twitter_card":"summary_large_image","twitter_misc":{"Est. reading time":"1 minute"},"schema":{"@context":"https:\/\/schema.org","@graph":[{"@type":"WebPage","@id":"https:\/\/witocamprent.pl\/kemping-24h-camping\/","url":"https:\/\/witocamprent.pl\/kemping-24h-camping\/","name":"Kemping 24h - Camping - WITO CampRent","isPartOf":{"@id":"https:\/\/witocamprent.pl\/#website"},"primaryImageOfPage":{"@id":"https:\/\/witocamprent.pl\/kemping-24h-camping\/#primaryimage"},"image":{"@id":"https:\/\/witocamprent.pl\/kemping-24h-camping\/#primaryimage"},"thumbnailUrl":"https:\/\/witocamprent.pl\/wp-content\/uploads\/2024\/07\/95.jpg","datePublished":"2024-09-20T07:32:57+00:00","dateModified":"2024-11-09T15:30:20+00:00","breadcrumb":{"@id":"https:\/\/witocamprent.pl\/kemping-24h-camping\/#breadcrumb"},"inLanguage":"en-US","potentialAction":[{"@type":"ReadAction","target":["https:\/\/witocamprent.pl\/kemping-24h-camping\/"]}]},{"@type":"ImageObject","inLanguage":"en-US","@id":"https:\/\/witocamprent.pl\/kemping-24h-camping\/#primaryimage","url":"https:\/\/witocamprent.pl\/wp-content\/uploads\/2024\/07\/95.jpg","contentUrl":"https:\/\/witocamprent.pl\/wp-content\/uploads\/2024\/07\/95.jpg","width":800,"height":600},{"@type":"BreadcrumbList","@id":"https:\/\/witocamprent.pl\/kemping-24h-camping\/#breadcrumb","itemListElement":[{"@type":"ListItem","position":1,"name":"Strona g\u0142\u00f3wna","item":"https:\/\/witocamprent.pl\/"},{"@type":"ListItem","position":2,"name":"Kemping 24h &#8211; Camping"}]},{"@type":"WebSite","@id":"https:\/\/witocamprent.pl\/#website","url":"https:\/\/witocamprent.pl\/","name":"WITO CampRent","description":"Wynajem camper&oacute;w","potentialAction":[{"@type":"SearchAction","target":{"@type":"EntryPoint","urlTemplate":"https:\/\/witocamprent.pl\/?s={search_term_string}"},"query-input":{"@type":"PropertyValueSpecification","valueRequired":true,"valueName":"search_term_string"}}],"inLanguage":"en-US"}]}},"_links":{"self":[{"href":"https:\/\/witocamprent.pl\/en\/wp-json\/wp\/v2\/pages\/14968","targetHints":{"allow":["GET"]}}],"collection":[{"href":"https:\/\/witocamprent.pl\/en\/wp-json\/wp\/v2\/pages"}],"about":[{"href":"https:\/\/witocamprent.pl\/en\/wp-json\/wp\/v2\/types\/page"}],"author":[{"embeddable":true,"href":"https:\/\/witocamprent.pl\/en\/wp-json\/wp\/v2\/users\/6"}],"replies":[{"embeddable":true,"href":"https:\/\/witocamprent.pl\/en\/wp-json\/wp\/v2\/comments?post=14968"}],"version-history":[{"count":1,"href":"https:\/\/witocamprent.pl\/en\/wp-json\/wp\/v2\/pages\/14968\/revisions"}],"predecessor-version":[{"id":15184,"href":"https:\/\/witocamprent.pl\/en\/wp-json\/wp\/v2\/pages\/14968\/revisions\/15184"}],"wp:featuredmedia":[{"embeddable":true,"href":"https:\/\/witocamprent.pl\/en\/wp-json\/wp\/v2\/media\/14129"}],"wp:attachment":[{"href":"https:\/\/witocamprent.pl\/en\/wp-json\/wp\/v2\/media?parent=14968"}],"curies":[{"name":"wp","href":"https:\/\/api.w.org\/{rel}","templated":true}]}}