{"id":14976,"date":"2024-09-25T23:35:47","date_gmt":"2024-09-25T22:35:47","guid":{"rendered":"https:\/\/witocamprent.pl\/kemping-nad-stradomka-camping\/"},"modified":"2024-11-09T16:30:24","modified_gmt":"2024-11-09T15:30:24","slug":"kemping-nad-stradomka-camping","status":"publish","type":"page","link":"https:\/\/witocamprent.pl\/en\/kemping-nad-stradomka-camping\/","title":{"rendered":"Kemping Nad Stradomk\u0105 &#8211; Camping"},"content":{"rendered":"<p>&nbsp;<\/p>\n<table>\n<tbody>\n<tr>\n<td>Kamping<\/td>\n<td>Kemping Nad Stradomk\u0105<\/td>\n<\/tr>\n<tr>\n<td>Miejscowo\u015b\u0107<\/td>\n<td>Szczyrzyc<\/td>\n<\/tr>\n<tr>\n<td>Wojew\u00f3dztwo<\/td>\n<td>Ma\u0142opolskie<\/td>\n<\/tr>\n<tr>\n<td>Pa\u0144stwo<\/td>\n<td>Polska<\/td>\n<\/tr>\n<tr>\n<td>GPS<\/td>\n<td>49\u00b046&#8217;48.9648&#8243;N, 20\u00b011&#8217;20.9248&#8243;E<\/td>\n<\/tr>\n<\/tbody>\n<\/table>\n<p>&nbsp;<\/p>\n<h2>Opis obiektu &#8211; Kemping Nad Stradomk\u0105<\/h2>\n<p>Polska Kemping Nad Stradomk\u0105 w Ma\u0142opolskim w Szczyrzycu to ca\u0142oroczny camping przyjazny dla niepe\u0142nosprawnych, gdzie mo\u017cna przyje\u017cd\u017ca\u0107 z psami. Po\u0142o\u017cony nad jeziorem lub rzek\u0105, w g\u00f3rach, oferuje pole namiotowe, wypo\u017cyczalni\u0119 rower\u00f3w, kort tenisowy, boiska do koszyk\u00f3wki i pi\u0142ki no\u017cnej oraz w\u0119dkarstwo.<\/p>\n<p>&nbsp;<\/p>\n<h2>Opis miejscowo\u015bci &#8211; Szczyrzyc<\/h2>\n<p>Miejscowo\u015b\u0107 Szczyrzyc z urokliwym klasztorem cysterskim otoczona jest malowniczymi pag\u00f3rkami i lasami, idealna dla mi\u0142o\u015bnik\u00f3w historii i spacer\u00f3w po naturze.<\/p>\n<p>&nbsp;<\/p>\n<p>Twoim celem podr\u00f3\u017cy jest Szczyrzyc? &#8211; Sprawd\u017a nasz\u0105 ofert\u0119 na <strong><a href=\"\/en\/\">wynajem kamper\u00f3w<\/a><\/strong>!<\/p>","protected":false},"excerpt":{"rendered":"<p>&nbsp; Kamping Kemping Nad Stradomk\u0105 Miejscowo\u015b\u0107 Szczyrzyc Wojew\u00f3dztwo Ma\u0142opolskie Pa\u0144stwo Polska GPS 49\u00b046&#8217;48.9648&#8243;N, 20\u00b011&#8217;20.9248&#8243;E &nbsp; Opis obiektu &#8211; Kemping Nad Stradomk\u0105 Polska Kemping Nad Stradomk\u0105 w Ma\u0142opolskim w Szczyrzycu to ca\u0142oroczny camping przyjazny dla niepe\u0142nosprawnych, gdzie mo\u017cna przyje\u017cd\u017ca\u0107 z psami. Po\u0142o\u017cony nad jeziorem lub rzek\u0105, w g\u00f3rach, oferuje pole namiotowe, wypo\u017cyczalni\u0119 rower\u00f3w, kort tenisowy, boiska [&hellip;]<\/p>","protected":false},"author":6,"featured_media":14145,"parent":0,"menu_order":0,"comment_status":"open","ping_status":"open","template":"","meta":{"footnotes":""},"class_list":["post-14976","page","type-page","status-publish","has-post-thumbnail","hentry","miasto-szczyrzyc","wojewodztwa-malopolskie"],"yoast_head":"<!-- This site is optimized with the Yoast SEO plugin v26.8 - https:\/\/yoast.com\/product\/yoast-seo-wordpress\/ -->\n<title>Kemping Nad Stradomk\u0105 - Camping - WITO CampRent<\/title>\n<meta name=\"robots\" content=\"index, follow, max-snippet:-1, max-image-preview:large, max-video-preview:-1\" \/>\n<link rel=\"canonical\" href=\"https:\/\/witocamprent.pl\/en\/kemping-nad-stradomka-camping\/\" \/>\n<meta property=\"og:locale\" content=\"en_US\" \/>\n<meta property=\"og:type\" content=\"article\" \/>\n<meta property=\"og:title\" content=\"Kemping Nad Stradomk\u0105 - Camping - WITO CampRent\" \/>\n<meta property=\"og:description\" content=\"&nbsp; Kamping Kemping Nad Stradomk\u0105 Miejscowo\u015b\u0107 Szczyrzyc Wojew\u00f3dztwo Ma\u0142opolskie Pa\u0144stwo Polska GPS 49\u00b046&#8217;48.9648&#8243;N, 20\u00b011&#8217;20.9248&#8243;E &nbsp; Opis obiektu &#8211; Kemping Nad Stradomk\u0105 Polska Kemping Nad Stradomk\u0105 w Ma\u0142opolskim w Szczyrzycu to ca\u0142oroczny camping przyjazny dla niepe\u0142nosprawnych, gdzie mo\u017cna przyje\u017cd\u017ca\u0107 z psami. Po\u0142o\u017cony nad jeziorem lub rzek\u0105, w g\u00f3rach, oferuje pole namiotowe, wypo\u017cyczalni\u0119 rower\u00f3w, kort tenisowy, boiska [&hellip;]\" \/>\n<meta property=\"og:url\" content=\"https:\/\/witocamprent.pl\/en\/kemping-nad-stradomka-camping\/\" \/>\n<meta property=\"og:site_name\" content=\"WITO CampRent\" \/>\n<meta property=\"article:modified_time\" content=\"2024-11-09T15:30:24+00:00\" \/>\n<meta property=\"og:image\" content=\"https:\/\/witocamprent.pl\/wp-content\/uploads\/2024\/07\/103.jpg\" \/>\n\t<meta property=\"og:image:width\" content=\"800\" \/>\n\t<meta property=\"og:image:height\" content=\"600\" \/>\n\t<meta property=\"og:image:type\" content=\"image\/jpeg\" \/>\n<meta name=\"twitter:card\" content=\"summary_large_image\" \/>\n<meta name=\"twitter:label1\" content=\"Est. reading time\" \/>\n\t<meta name=\"twitter:data1\" content=\"1 minute\" \/>\n<script type=\"application\/ld+json\" class=\"yoast-schema-graph\">{\"@context\":\"https:\/\/schema.org\",\"@graph\":[{\"@type\":\"WebPage\",\"@id\":\"https:\/\/witocamprent.pl\/kemping-nad-stradomka-camping\/\",\"url\":\"https:\/\/witocamprent.pl\/kemping-nad-stradomka-camping\/\",\"name\":\"Kemping Nad Stradomk\u0105 - Camping - WITO CampRent\",\"isPartOf\":{\"@id\":\"https:\/\/witocamprent.pl\/#website\"},\"primaryImageOfPage\":{\"@id\":\"https:\/\/witocamprent.pl\/kemping-nad-stradomka-camping\/#primaryimage\"},\"image\":{\"@id\":\"https:\/\/witocamprent.pl\/kemping-nad-stradomka-camping\/#primaryimage\"},\"thumbnailUrl\":\"https:\/\/witocamprent.pl\/wp-content\/uploads\/2024\/07\/103.jpg\",\"datePublished\":\"2024-09-25T22:35:47+00:00\",\"dateModified\":\"2024-11-09T15:30:24+00:00\",\"breadcrumb\":{\"@id\":\"https:\/\/witocamprent.pl\/kemping-nad-stradomka-camping\/#breadcrumb\"},\"inLanguage\":\"en-US\",\"potentialAction\":[{\"@type\":\"ReadAction\",\"target\":[\"https:\/\/witocamprent.pl\/kemping-nad-stradomka-camping\/\"]}]},{\"@type\":\"ImageObject\",\"inLanguage\":\"en-US\",\"@id\":\"https:\/\/witocamprent.pl\/kemping-nad-stradomka-camping\/#primaryimage\",\"url\":\"https:\/\/witocamprent.pl\/wp-content\/uploads\/2024\/07\/103.jpg\",\"contentUrl\":\"https:\/\/witocamprent.pl\/wp-content\/uploads\/2024\/07\/103.jpg\",\"width\":800,\"height\":600},{\"@type\":\"BreadcrumbList\",\"@id\":\"https:\/\/witocamprent.pl\/kemping-nad-stradomka-camping\/#breadcrumb\",\"itemListElement\":[{\"@type\":\"ListItem\",\"position\":1,\"name\":\"Strona g\u0142\u00f3wna\",\"item\":\"https:\/\/witocamprent.pl\/\"},{\"@type\":\"ListItem\",\"position\":2,\"name\":\"Kemping Nad Stradomk\u0105 &#8211; Camping\"}]},{\"@type\":\"WebSite\",\"@id\":\"https:\/\/witocamprent.pl\/#website\",\"url\":\"https:\/\/witocamprent.pl\/\",\"name\":\"WITO CampRent\",\"description\":\"Wynajem camper&oacute;w\",\"potentialAction\":[{\"@type\":\"SearchAction\",\"target\":{\"@type\":\"EntryPoint\",\"urlTemplate\":\"https:\/\/witocamprent.pl\/?s={search_term_string}\"},\"query-input\":{\"@type\":\"PropertyValueSpecification\",\"valueRequired\":true,\"valueName\":\"search_term_string\"}}],\"inLanguage\":\"en-US\"}]}<\/script>\n<!-- \/ Yoast SEO plugin. -->","yoast_head_json":{"title":"Kemping Nad Stradomk\u0105 - Camping - WITO CampRent","robots":{"index":"index","follow":"follow","max-snippet":"max-snippet:-1","max-image-preview":"max-image-preview:large","max-video-preview":"max-video-preview:-1"},"canonical":"https:\/\/witocamprent.pl\/en\/kemping-nad-stradomka-camping\/","og_locale":"en_US","og_type":"article","og_title":"Kemping Nad Stradomk\u0105 - Camping - WITO CampRent","og_description":"&nbsp; Kamping Kemping Nad Stradomk\u0105 Miejscowo\u015b\u0107 Szczyrzyc Wojew\u00f3dztwo Ma\u0142opolskie Pa\u0144stwo Polska GPS 49\u00b046&#8217;48.9648&#8243;N, 20\u00b011&#8217;20.9248&#8243;E &nbsp; Opis obiektu &#8211; Kemping Nad Stradomk\u0105 Polska Kemping Nad Stradomk\u0105 w Ma\u0142opolskim w Szczyrzycu to ca\u0142oroczny camping przyjazny dla niepe\u0142nosprawnych, gdzie mo\u017cna przyje\u017cd\u017ca\u0107 z psami. Po\u0142o\u017cony nad jeziorem lub rzek\u0105, w g\u00f3rach, oferuje pole namiotowe, wypo\u017cyczalni\u0119 rower\u00f3w, kort tenisowy, boiska [&hellip;]","og_url":"https:\/\/witocamprent.pl\/en\/kemping-nad-stradomka-camping\/","og_site_name":"WITO CampRent","article_modified_time":"2024-11-09T15:30:24+00:00","og_image":[{"width":800,"height":600,"url":"https:\/\/witocamprent.pl\/wp-content\/uploads\/2024\/07\/103.jpg","type":"image\/jpeg"}],"twitter_card":"summary_large_image","twitter_misc":{"Est. reading time":"1 minute"},"schema":{"@context":"https:\/\/schema.org","@graph":[{"@type":"WebPage","@id":"https:\/\/witocamprent.pl\/kemping-nad-stradomka-camping\/","url":"https:\/\/witocamprent.pl\/kemping-nad-stradomka-camping\/","name":"Kemping Nad Stradomk\u0105 - Camping - WITO CampRent","isPartOf":{"@id":"https:\/\/witocamprent.pl\/#website"},"primaryImageOfPage":{"@id":"https:\/\/witocamprent.pl\/kemping-nad-stradomka-camping\/#primaryimage"},"image":{"@id":"https:\/\/witocamprent.pl\/kemping-nad-stradomka-camping\/#primaryimage"},"thumbnailUrl":"https:\/\/witocamprent.pl\/wp-content\/uploads\/2024\/07\/103.jpg","datePublished":"2024-09-25T22:35:47+00:00","dateModified":"2024-11-09T15:30:24+00:00","breadcrumb":{"@id":"https:\/\/witocamprent.pl\/kemping-nad-stradomka-camping\/#breadcrumb"},"inLanguage":"en-US","potentialAction":[{"@type":"ReadAction","target":["https:\/\/witocamprent.pl\/kemping-nad-stradomka-camping\/"]}]},{"@type":"ImageObject","inLanguage":"en-US","@id":"https:\/\/witocamprent.pl\/kemping-nad-stradomka-camping\/#primaryimage","url":"https:\/\/witocamprent.pl\/wp-content\/uploads\/2024\/07\/103.jpg","contentUrl":"https:\/\/witocamprent.pl\/wp-content\/uploads\/2024\/07\/103.jpg","width":800,"height":600},{"@type":"BreadcrumbList","@id":"https:\/\/witocamprent.pl\/kemping-nad-stradomka-camping\/#breadcrumb","itemListElement":[{"@type":"ListItem","position":1,"name":"Strona g\u0142\u00f3wna","item":"https:\/\/witocamprent.pl\/"},{"@type":"ListItem","position":2,"name":"Kemping Nad Stradomk\u0105 &#8211; Camping"}]},{"@type":"WebSite","@id":"https:\/\/witocamprent.pl\/#website","url":"https:\/\/witocamprent.pl\/","name":"WITO CampRent","description":"Wynajem camper&oacute;w","potentialAction":[{"@type":"SearchAction","target":{"@type":"EntryPoint","urlTemplate":"https:\/\/witocamprent.pl\/?s={search_term_string}"},"query-input":{"@type":"PropertyValueSpecification","valueRequired":true,"valueName":"search_term_string"}}],"inLanguage":"en-US"}]}},"_links":{"self":[{"href":"https:\/\/witocamprent.pl\/en\/wp-json\/wp\/v2\/pages\/14976","targetHints":{"allow":["GET"]}}],"collection":[{"href":"https:\/\/witocamprent.pl\/en\/wp-json\/wp\/v2\/pages"}],"about":[{"href":"https:\/\/witocamprent.pl\/en\/wp-json\/wp\/v2\/types\/page"}],"author":[{"embeddable":true,"href":"https:\/\/witocamprent.pl\/en\/wp-json\/wp\/v2\/users\/6"}],"replies":[{"embeddable":true,"href":"https:\/\/witocamprent.pl\/en\/wp-json\/wp\/v2\/comments?post=14976"}],"version-history":[{"count":1,"href":"https:\/\/witocamprent.pl\/en\/wp-json\/wp\/v2\/pages\/14976\/revisions"}],"predecessor-version":[{"id":15192,"href":"https:\/\/witocamprent.pl\/en\/wp-json\/wp\/v2\/pages\/14976\/revisions\/15192"}],"wp:featuredmedia":[{"embeddable":true,"href":"https:\/\/witocamprent.pl\/en\/wp-json\/wp\/v2\/media\/14145"}],"wp:attachment":[{"href":"https:\/\/witocamprent.pl\/en\/wp-json\/wp\/v2\/media?parent=14976"}],"curies":[{"name":"wp","href":"https:\/\/api.w.org\/{rel}","templated":true}]}}