{"id":14984,"date":"2024-08-06T05:21:53","date_gmt":"2024-08-06T04:21:53","guid":{"rendered":"https:\/\/witocamprent.pl\/kemping-port-w-rydzewie-camping\/"},"modified":"2024-11-09T16:30:27","modified_gmt":"2024-11-09T15:30:27","slug":"kemping-port-w-rydzewie-camping","status":"publish","type":"page","link":"https:\/\/witocamprent.pl\/en\/kemping-port-w-rydzewie-camping\/","title":{"rendered":"Kemping Port w Rydzewie &#8211; Camping"},"content":{"rendered":"<p>&nbsp;<\/p>\n<table>\n<tbody>\n<tr>\n<td>Kamping<\/td>\n<td>Kemping Port w Rydzewie<\/td>\n<\/tr>\n<tr>\n<td>Miejscowo\u015b\u0107<\/td>\n<td>Rydzewo<\/td>\n<\/tr>\n<tr>\n<td>Wojew\u00f3dztwo<\/td>\n<td>Warmi\u0144sko-Mazurskie<\/td>\n<\/tr>\n<tr>\n<td>Pa\u0144stwo<\/td>\n<td>Polska<\/td>\n<\/tr>\n<tr>\n<td>GPS<\/td>\n<td>53\u00b057&#8217;49&#8221;N,21\u00b045&#8217;23&#8221;E<\/td>\n<\/tr>\n<\/tbody>\n<\/table>\n<p>&nbsp;<\/p>\n<h2>Opis obiektu &#8211; Kemping Port w Rydzewie<\/h2>\n<p>Kemping Port w Rydzewie: Po\u0142o\u017cony nad malowniczym jeziorem, ten kemping oferuje nie tylko mo\u017cliwo\u015b\u0107 w\u0119dkowania z pomostu, ale tak\u017ce urokliw\u0105 pla\u017c\u0119 z le\u017cakami. W ciep\u0142e dni roz\u0142o\u017cysta wierzba zapewnia cie\u0144 i schronienie przed s\u0142o\u0144cem.<\/p>\n<p>&nbsp;<\/p>\n<h2>Opis miejscowo\u015bci &#8211; Rydzewo<\/h2>\n<p>Malownicza miejscowo\u015b\u0107 Rydzevo zachwyca swoim urokiem, otoczona zielonymi lasami i rozleg\u0142ymi polami. To idealne miejsce dla mi\u0142o\u015bnik\u00f3w spokoju i kontaktu z natur\u0105.<\/p>\n<p>&nbsp;<\/p>\n<p>Twoim celem podr\u00f3\u017cy jest Rydzewo? &#8211; Sprawd\u017a nasz\u0105 ofert\u0119 na <strong><a href=\"\/en\/\">wynajem kamper\u00f3w<\/a><\/strong>!<\/p>","protected":false},"excerpt":{"rendered":"<p>&nbsp; Kamping Kemping Port w Rydzewie Miejscowo\u015b\u0107 Rydzewo Wojew\u00f3dztwo Warmi\u0144sko-Mazurskie Pa\u0144stwo Polska GPS 53\u00b057&#8217;49&#8221;N,21\u00b045&#8217;23&#8221;E &nbsp; Opis obiektu &#8211; Kemping Port w Rydzewie Kemping Port w Rydzewie: Po\u0142o\u017cony nad malowniczym jeziorem, ten kemping oferuje nie tylko mo\u017cliwo\u015b\u0107 w\u0119dkowania z pomostu, ale tak\u017ce urokliw\u0105 pla\u017c\u0119 z le\u017cakami. W ciep\u0142e dni roz\u0142o\u017cysta wierzba zapewnia cie\u0144 i schronienie przed [&hellip;]<\/p>","protected":false},"author":6,"featured_media":14161,"parent":0,"menu_order":0,"comment_status":"open","ping_status":"open","template":"","meta":{"footnotes":""},"class_list":["post-14984","page","type-page","status-publish","has-post-thumbnail","hentry","miasto-rydzewo","wojewodztwa-warminsko-mazurskie"],"yoast_head":"<!-- This site is optimized with the Yoast SEO plugin v26.8 - https:\/\/yoast.com\/product\/yoast-seo-wordpress\/ -->\n<title>Kemping Port w Rydzewie - Camping - WITO CampRent<\/title>\n<meta name=\"robots\" content=\"index, follow, max-snippet:-1, max-image-preview:large, max-video-preview:-1\" \/>\n<link rel=\"canonical\" href=\"https:\/\/witocamprent.pl\/en\/kemping-port-w-rydzewie-camping\/\" \/>\n<meta property=\"og:locale\" content=\"en_US\" \/>\n<meta property=\"og:type\" content=\"article\" \/>\n<meta property=\"og:title\" content=\"Kemping Port w Rydzewie - Camping - WITO CampRent\" \/>\n<meta property=\"og:description\" content=\"&nbsp; Kamping Kemping Port w Rydzewie Miejscowo\u015b\u0107 Rydzewo Wojew\u00f3dztwo Warmi\u0144sko-Mazurskie Pa\u0144stwo Polska GPS 53\u00b057&#8217;49&#8221;N,21\u00b045&#8217;23&#8221;E &nbsp; Opis obiektu &#8211; Kemping Port w Rydzewie Kemping Port w Rydzewie: Po\u0142o\u017cony nad malowniczym jeziorem, ten kemping oferuje nie tylko mo\u017cliwo\u015b\u0107 w\u0119dkowania z pomostu, ale tak\u017ce urokliw\u0105 pla\u017c\u0119 z le\u017cakami. W ciep\u0142e dni roz\u0142o\u017cysta wierzba zapewnia cie\u0144 i schronienie przed [&hellip;]\" \/>\n<meta property=\"og:url\" content=\"https:\/\/witocamprent.pl\/en\/kemping-port-w-rydzewie-camping\/\" \/>\n<meta property=\"og:site_name\" content=\"WITO CampRent\" \/>\n<meta property=\"article:modified_time\" content=\"2024-11-09T15:30:27+00:00\" \/>\n<meta property=\"og:image\" content=\"https:\/\/witocamprent.pl\/wp-content\/uploads\/2024\/07\/111.jpg\" \/>\n\t<meta property=\"og:image:width\" content=\"800\" \/>\n\t<meta property=\"og:image:height\" content=\"600\" \/>\n\t<meta property=\"og:image:type\" content=\"image\/jpeg\" \/>\n<meta name=\"twitter:card\" content=\"summary_large_image\" \/>\n<meta name=\"twitter:label1\" content=\"Est. reading time\" \/>\n\t<meta name=\"twitter:data1\" content=\"1 minute\" \/>\n<script type=\"application\/ld+json\" class=\"yoast-schema-graph\">{\"@context\":\"https:\/\/schema.org\",\"@graph\":[{\"@type\":\"WebPage\",\"@id\":\"https:\/\/witocamprent.pl\/kemping-port-w-rydzewie-camping\/\",\"url\":\"https:\/\/witocamprent.pl\/kemping-port-w-rydzewie-camping\/\",\"name\":\"Kemping Port w Rydzewie - Camping - WITO CampRent\",\"isPartOf\":{\"@id\":\"https:\/\/witocamprent.pl\/#website\"},\"primaryImageOfPage\":{\"@id\":\"https:\/\/witocamprent.pl\/kemping-port-w-rydzewie-camping\/#primaryimage\"},\"image\":{\"@id\":\"https:\/\/witocamprent.pl\/kemping-port-w-rydzewie-camping\/#primaryimage\"},\"thumbnailUrl\":\"https:\/\/witocamprent.pl\/wp-content\/uploads\/2024\/07\/111.jpg\",\"datePublished\":\"2024-08-06T04:21:53+00:00\",\"dateModified\":\"2024-11-09T15:30:27+00:00\",\"breadcrumb\":{\"@id\":\"https:\/\/witocamprent.pl\/kemping-port-w-rydzewie-camping\/#breadcrumb\"},\"inLanguage\":\"en-US\",\"potentialAction\":[{\"@type\":\"ReadAction\",\"target\":[\"https:\/\/witocamprent.pl\/kemping-port-w-rydzewie-camping\/\"]}]},{\"@type\":\"ImageObject\",\"inLanguage\":\"en-US\",\"@id\":\"https:\/\/witocamprent.pl\/kemping-port-w-rydzewie-camping\/#primaryimage\",\"url\":\"https:\/\/witocamprent.pl\/wp-content\/uploads\/2024\/07\/111.jpg\",\"contentUrl\":\"https:\/\/witocamprent.pl\/wp-content\/uploads\/2024\/07\/111.jpg\",\"width\":800,\"height\":600},{\"@type\":\"BreadcrumbList\",\"@id\":\"https:\/\/witocamprent.pl\/kemping-port-w-rydzewie-camping\/#breadcrumb\",\"itemListElement\":[{\"@type\":\"ListItem\",\"position\":1,\"name\":\"Strona g\u0142\u00f3wna\",\"item\":\"https:\/\/witocamprent.pl\/\"},{\"@type\":\"ListItem\",\"position\":2,\"name\":\"Kemping Port w Rydzewie &#8211; Camping\"}]},{\"@type\":\"WebSite\",\"@id\":\"https:\/\/witocamprent.pl\/#website\",\"url\":\"https:\/\/witocamprent.pl\/\",\"name\":\"WITO CampRent\",\"description\":\"Wynajem camper&oacute;w\",\"potentialAction\":[{\"@type\":\"SearchAction\",\"target\":{\"@type\":\"EntryPoint\",\"urlTemplate\":\"https:\/\/witocamprent.pl\/?s={search_term_string}\"},\"query-input\":{\"@type\":\"PropertyValueSpecification\",\"valueRequired\":true,\"valueName\":\"search_term_string\"}}],\"inLanguage\":\"en-US\"}]}<\/script>\n<!-- \/ Yoast SEO plugin. -->","yoast_head_json":{"title":"Kemping Port w Rydzewie - Camping - WITO CampRent","robots":{"index":"index","follow":"follow","max-snippet":"max-snippet:-1","max-image-preview":"max-image-preview:large","max-video-preview":"max-video-preview:-1"},"canonical":"https:\/\/witocamprent.pl\/en\/kemping-port-w-rydzewie-camping\/","og_locale":"en_US","og_type":"article","og_title":"Kemping Port w Rydzewie - Camping - WITO CampRent","og_description":"&nbsp; Kamping Kemping Port w Rydzewie Miejscowo\u015b\u0107 Rydzewo Wojew\u00f3dztwo Warmi\u0144sko-Mazurskie Pa\u0144stwo Polska GPS 53\u00b057&#8217;49&#8221;N,21\u00b045&#8217;23&#8221;E &nbsp; Opis obiektu &#8211; Kemping Port w Rydzewie Kemping Port w Rydzewie: Po\u0142o\u017cony nad malowniczym jeziorem, ten kemping oferuje nie tylko mo\u017cliwo\u015b\u0107 w\u0119dkowania z pomostu, ale tak\u017ce urokliw\u0105 pla\u017c\u0119 z le\u017cakami. W ciep\u0142e dni roz\u0142o\u017cysta wierzba zapewnia cie\u0144 i schronienie przed [&hellip;]","og_url":"https:\/\/witocamprent.pl\/en\/kemping-port-w-rydzewie-camping\/","og_site_name":"WITO CampRent","article_modified_time":"2024-11-09T15:30:27+00:00","og_image":[{"width":800,"height":600,"url":"https:\/\/witocamprent.pl\/wp-content\/uploads\/2024\/07\/111.jpg","type":"image\/jpeg"}],"twitter_card":"summary_large_image","twitter_misc":{"Est. reading time":"1 minute"},"schema":{"@context":"https:\/\/schema.org","@graph":[{"@type":"WebPage","@id":"https:\/\/witocamprent.pl\/kemping-port-w-rydzewie-camping\/","url":"https:\/\/witocamprent.pl\/kemping-port-w-rydzewie-camping\/","name":"Kemping Port w Rydzewie - Camping - WITO CampRent","isPartOf":{"@id":"https:\/\/witocamprent.pl\/#website"},"primaryImageOfPage":{"@id":"https:\/\/witocamprent.pl\/kemping-port-w-rydzewie-camping\/#primaryimage"},"image":{"@id":"https:\/\/witocamprent.pl\/kemping-port-w-rydzewie-camping\/#primaryimage"},"thumbnailUrl":"https:\/\/witocamprent.pl\/wp-content\/uploads\/2024\/07\/111.jpg","datePublished":"2024-08-06T04:21:53+00:00","dateModified":"2024-11-09T15:30:27+00:00","breadcrumb":{"@id":"https:\/\/witocamprent.pl\/kemping-port-w-rydzewie-camping\/#breadcrumb"},"inLanguage":"en-US","potentialAction":[{"@type":"ReadAction","target":["https:\/\/witocamprent.pl\/kemping-port-w-rydzewie-camping\/"]}]},{"@type":"ImageObject","inLanguage":"en-US","@id":"https:\/\/witocamprent.pl\/kemping-port-w-rydzewie-camping\/#primaryimage","url":"https:\/\/witocamprent.pl\/wp-content\/uploads\/2024\/07\/111.jpg","contentUrl":"https:\/\/witocamprent.pl\/wp-content\/uploads\/2024\/07\/111.jpg","width":800,"height":600},{"@type":"BreadcrumbList","@id":"https:\/\/witocamprent.pl\/kemping-port-w-rydzewie-camping\/#breadcrumb","itemListElement":[{"@type":"ListItem","position":1,"name":"Strona g\u0142\u00f3wna","item":"https:\/\/witocamprent.pl\/"},{"@type":"ListItem","position":2,"name":"Kemping Port w Rydzewie &#8211; Camping"}]},{"@type":"WebSite","@id":"https:\/\/witocamprent.pl\/#website","url":"https:\/\/witocamprent.pl\/","name":"WITO CampRent","description":"Wynajem camper&oacute;w","potentialAction":[{"@type":"SearchAction","target":{"@type":"EntryPoint","urlTemplate":"https:\/\/witocamprent.pl\/?s={search_term_string}"},"query-input":{"@type":"PropertyValueSpecification","valueRequired":true,"valueName":"search_term_string"}}],"inLanguage":"en-US"}]}},"_links":{"self":[{"href":"https:\/\/witocamprent.pl\/en\/wp-json\/wp\/v2\/pages\/14984","targetHints":{"allow":["GET"]}}],"collection":[{"href":"https:\/\/witocamprent.pl\/en\/wp-json\/wp\/v2\/pages"}],"about":[{"href":"https:\/\/witocamprent.pl\/en\/wp-json\/wp\/v2\/types\/page"}],"author":[{"embeddable":true,"href":"https:\/\/witocamprent.pl\/en\/wp-json\/wp\/v2\/users\/6"}],"replies":[{"embeddable":true,"href":"https:\/\/witocamprent.pl\/en\/wp-json\/wp\/v2\/comments?post=14984"}],"version-history":[{"count":1,"href":"https:\/\/witocamprent.pl\/en\/wp-json\/wp\/v2\/pages\/14984\/revisions"}],"predecessor-version":[{"id":15200,"href":"https:\/\/witocamprent.pl\/en\/wp-json\/wp\/v2\/pages\/14984\/revisions\/15200"}],"wp:featuredmedia":[{"embeddable":true,"href":"https:\/\/witocamprent.pl\/en\/wp-json\/wp\/v2\/media\/14161"}],"wp:attachment":[{"href":"https:\/\/witocamprent.pl\/en\/wp-json\/wp\/v2\/media?parent=14984"}],"curies":[{"name":"wp","href":"https:\/\/api.w.org\/{rel}","templated":true}]}}