{"id":14985,"date":"2024-08-07T06:18:21","date_gmt":"2024-08-07T05:18:21","guid":{"rendered":"https:\/\/witocamprent.pl\/kemping-stawy-marcowe-camping\/"},"modified":"2024-11-09T16:30:28","modified_gmt":"2024-11-09T15:30:28","slug":"kemping-stawy-marcowe-camping","status":"publish","type":"page","link":"https:\/\/witocamprent.pl\/en\/kemping-stawy-marcowe-camping\/","title":{"rendered":"Kemping Stawy Marcowe &#8211; Camping"},"content":{"rendered":"<p>&nbsp;<\/p>\n<table>\n<tbody>\n<tr>\n<td>Kamping<\/td>\n<td>Kemping Stawy Marcowe<\/td>\n<\/tr>\n<tr>\n<td>Miejscowo\u015b\u0107<\/td>\n<td>G\u0142uszyca<\/td>\n<\/tr>\n<tr>\n<td>Wojew\u00f3dztwo<\/td>\n<td>Dolno\u015bl\u0105skie<\/td>\n<\/tr>\n<tr>\n<td>Pa\u0144stwo<\/td>\n<td>Polska<\/td>\n<\/tr>\n<tr>\n<td>GPS<\/td>\n<td>50\u00b041&#8217;8&#8221;N,16\u00b022&#8217;35&#8221;E<\/td>\n<\/tr>\n<\/tbody>\n<\/table>\n<p>&nbsp;<\/p>\n<h2>Opis obiektu &#8211; Kemping Stawy Marcowe<\/h2>\n<p>Komfort w Kempingu Stawy Marcowe: Nowo otwarty kemping w G\u0142uszycy to idealna propozycja dla poszukuj\u0105cych komfortowego wypoczynku w przyst\u0119pnej cenie, przygotowany z my\u015bl\u0105 o wygodzie i zadowoleniu go\u015bci.<\/p>\n<p>&nbsp;<\/p>\n<h2>Opis miejscowo\u015bci &#8211; G\u0142uszyca<\/h2>\n<p>G\u0142uszyca to doskona\u0142e miejsce dla mi\u0142o\u015bnik\u00f3w aktywnego wypoczynku na \u015bwie\u017cym powietrzu. W okolicy znajduj\u0105 si\u0119 liczne szlaki turystyczne, wspinaczkowe i rowerowe, prowadz\u0105ce przez malownicze tereny G\u00f3r Sowich.<\/p>\n<p>&nbsp;<\/p>\n<p>Twoim celem podr\u00f3\u017cy jest G\u0142uszyca? &#8211; Sprawd\u017a nasz\u0105 ofert\u0119 na <strong><a href=\"\/en\/\">wynajem kamper\u00f3w<\/a><\/strong>!<\/p>","protected":false},"excerpt":{"rendered":"<p>&nbsp; Kamping Kemping Stawy Marcowe Miejscowo\u015b\u0107 G\u0142uszyca Wojew\u00f3dztwo Dolno\u015bl\u0105skie Pa\u0144stwo Polska GPS 50\u00b041&#8217;8&#8221;N,16\u00b022&#8217;35&#8221;E &nbsp; Opis obiektu &#8211; Kemping Stawy Marcowe Komfort w Kempingu Stawy Marcowe: Nowo otwarty kemping w G\u0142uszycy to idealna propozycja dla poszukuj\u0105cych komfortowego wypoczynku w przyst\u0119pnej cenie, przygotowany z my\u015bl\u0105 o wygodzie i zadowoleniu go\u015bci. &nbsp; Opis miejscowo\u015bci &#8211; G\u0142uszyca G\u0142uszyca to [&hellip;]<\/p>","protected":false},"author":6,"featured_media":14163,"parent":0,"menu_order":0,"comment_status":"open","ping_status":"open","template":"","meta":{"footnotes":""},"class_list":["post-14985","page","type-page","status-publish","has-post-thumbnail","hentry","miasto-gluszyca","wojewodztwa-dolnoslaskie"],"yoast_head":"<!-- This site is optimized with the Yoast SEO plugin v26.8 - https:\/\/yoast.com\/product\/yoast-seo-wordpress\/ -->\n<title>Kemping Stawy Marcowe - Camping - WITO CampRent<\/title>\n<meta name=\"robots\" content=\"index, follow, max-snippet:-1, max-image-preview:large, max-video-preview:-1\" \/>\n<link rel=\"canonical\" href=\"https:\/\/witocamprent.pl\/en\/kemping-stawy-marcowe-camping\/\" \/>\n<meta property=\"og:locale\" content=\"en_US\" \/>\n<meta property=\"og:type\" content=\"article\" \/>\n<meta property=\"og:title\" content=\"Kemping Stawy Marcowe - Camping - WITO CampRent\" \/>\n<meta property=\"og:description\" content=\"&nbsp; Kamping Kemping Stawy Marcowe Miejscowo\u015b\u0107 G\u0142uszyca Wojew\u00f3dztwo Dolno\u015bl\u0105skie Pa\u0144stwo Polska GPS 50\u00b041&#8217;8&#8221;N,16\u00b022&#8217;35&#8221;E &nbsp; Opis obiektu &#8211; Kemping Stawy Marcowe Komfort w Kempingu Stawy Marcowe: Nowo otwarty kemping w G\u0142uszycy to idealna propozycja dla poszukuj\u0105cych komfortowego wypoczynku w przyst\u0119pnej cenie, przygotowany z my\u015bl\u0105 o wygodzie i zadowoleniu go\u015bci. &nbsp; Opis miejscowo\u015bci &#8211; G\u0142uszyca G\u0142uszyca to [&hellip;]\" \/>\n<meta property=\"og:url\" content=\"https:\/\/witocamprent.pl\/en\/kemping-stawy-marcowe-camping\/\" \/>\n<meta property=\"og:site_name\" content=\"WITO CampRent\" \/>\n<meta property=\"article:modified_time\" content=\"2024-11-09T15:30:28+00:00\" \/>\n<meta property=\"og:image\" content=\"https:\/\/witocamprent.pl\/wp-content\/uploads\/2024\/07\/112.jpg\" \/>\n\t<meta property=\"og:image:width\" content=\"800\" \/>\n\t<meta property=\"og:image:height\" content=\"600\" \/>\n\t<meta property=\"og:image:type\" content=\"image\/jpeg\" \/>\n<meta name=\"twitter:card\" content=\"summary_large_image\" \/>\n<meta name=\"twitter:label1\" content=\"Est. reading time\" \/>\n\t<meta name=\"twitter:data1\" content=\"1 minute\" \/>\n<script type=\"application\/ld+json\" class=\"yoast-schema-graph\">{\"@context\":\"https:\/\/schema.org\",\"@graph\":[{\"@type\":\"WebPage\",\"@id\":\"https:\/\/witocamprent.pl\/kemping-stawy-marcowe-camping\/\",\"url\":\"https:\/\/witocamprent.pl\/kemping-stawy-marcowe-camping\/\",\"name\":\"Kemping Stawy Marcowe - Camping - WITO CampRent\",\"isPartOf\":{\"@id\":\"https:\/\/witocamprent.pl\/#website\"},\"primaryImageOfPage\":{\"@id\":\"https:\/\/witocamprent.pl\/kemping-stawy-marcowe-camping\/#primaryimage\"},\"image\":{\"@id\":\"https:\/\/witocamprent.pl\/kemping-stawy-marcowe-camping\/#primaryimage\"},\"thumbnailUrl\":\"https:\/\/witocamprent.pl\/wp-content\/uploads\/2024\/07\/112.jpg\",\"datePublished\":\"2024-08-07T05:18:21+00:00\",\"dateModified\":\"2024-11-09T15:30:28+00:00\",\"breadcrumb\":{\"@id\":\"https:\/\/witocamprent.pl\/kemping-stawy-marcowe-camping\/#breadcrumb\"},\"inLanguage\":\"en-US\",\"potentialAction\":[{\"@type\":\"ReadAction\",\"target\":[\"https:\/\/witocamprent.pl\/kemping-stawy-marcowe-camping\/\"]}]},{\"@type\":\"ImageObject\",\"inLanguage\":\"en-US\",\"@id\":\"https:\/\/witocamprent.pl\/kemping-stawy-marcowe-camping\/#primaryimage\",\"url\":\"https:\/\/witocamprent.pl\/wp-content\/uploads\/2024\/07\/112.jpg\",\"contentUrl\":\"https:\/\/witocamprent.pl\/wp-content\/uploads\/2024\/07\/112.jpg\",\"width\":800,\"height\":600},{\"@type\":\"BreadcrumbList\",\"@id\":\"https:\/\/witocamprent.pl\/kemping-stawy-marcowe-camping\/#breadcrumb\",\"itemListElement\":[{\"@type\":\"ListItem\",\"position\":1,\"name\":\"Strona g\u0142\u00f3wna\",\"item\":\"https:\/\/witocamprent.pl\/\"},{\"@type\":\"ListItem\",\"position\":2,\"name\":\"Kemping Stawy Marcowe &#8211; Camping\"}]},{\"@type\":\"WebSite\",\"@id\":\"https:\/\/witocamprent.pl\/#website\",\"url\":\"https:\/\/witocamprent.pl\/\",\"name\":\"WITO CampRent\",\"description\":\"Wynajem camper&oacute;w\",\"potentialAction\":[{\"@type\":\"SearchAction\",\"target\":{\"@type\":\"EntryPoint\",\"urlTemplate\":\"https:\/\/witocamprent.pl\/?s={search_term_string}\"},\"query-input\":{\"@type\":\"PropertyValueSpecification\",\"valueRequired\":true,\"valueName\":\"search_term_string\"}}],\"inLanguage\":\"en-US\"}]}<\/script>\n<!-- \/ Yoast SEO plugin. -->","yoast_head_json":{"title":"Kemping Stawy Marcowe - Camping - WITO CampRent","robots":{"index":"index","follow":"follow","max-snippet":"max-snippet:-1","max-image-preview":"max-image-preview:large","max-video-preview":"max-video-preview:-1"},"canonical":"https:\/\/witocamprent.pl\/en\/kemping-stawy-marcowe-camping\/","og_locale":"en_US","og_type":"article","og_title":"Kemping Stawy Marcowe - Camping - WITO CampRent","og_description":"&nbsp; Kamping Kemping Stawy Marcowe Miejscowo\u015b\u0107 G\u0142uszyca Wojew\u00f3dztwo Dolno\u015bl\u0105skie Pa\u0144stwo Polska GPS 50\u00b041&#8217;8&#8221;N,16\u00b022&#8217;35&#8221;E &nbsp; Opis obiektu &#8211; Kemping Stawy Marcowe Komfort w Kempingu Stawy Marcowe: Nowo otwarty kemping w G\u0142uszycy to idealna propozycja dla poszukuj\u0105cych komfortowego wypoczynku w przyst\u0119pnej cenie, przygotowany z my\u015bl\u0105 o wygodzie i zadowoleniu go\u015bci. &nbsp; Opis miejscowo\u015bci &#8211; G\u0142uszyca G\u0142uszyca to [&hellip;]","og_url":"https:\/\/witocamprent.pl\/en\/kemping-stawy-marcowe-camping\/","og_site_name":"WITO CampRent","article_modified_time":"2024-11-09T15:30:28+00:00","og_image":[{"width":800,"height":600,"url":"https:\/\/witocamprent.pl\/wp-content\/uploads\/2024\/07\/112.jpg","type":"image\/jpeg"}],"twitter_card":"summary_large_image","twitter_misc":{"Est. reading time":"1 minute"},"schema":{"@context":"https:\/\/schema.org","@graph":[{"@type":"WebPage","@id":"https:\/\/witocamprent.pl\/kemping-stawy-marcowe-camping\/","url":"https:\/\/witocamprent.pl\/kemping-stawy-marcowe-camping\/","name":"Kemping Stawy Marcowe - Camping - WITO CampRent","isPartOf":{"@id":"https:\/\/witocamprent.pl\/#website"},"primaryImageOfPage":{"@id":"https:\/\/witocamprent.pl\/kemping-stawy-marcowe-camping\/#primaryimage"},"image":{"@id":"https:\/\/witocamprent.pl\/kemping-stawy-marcowe-camping\/#primaryimage"},"thumbnailUrl":"https:\/\/witocamprent.pl\/wp-content\/uploads\/2024\/07\/112.jpg","datePublished":"2024-08-07T05:18:21+00:00","dateModified":"2024-11-09T15:30:28+00:00","breadcrumb":{"@id":"https:\/\/witocamprent.pl\/kemping-stawy-marcowe-camping\/#breadcrumb"},"inLanguage":"en-US","potentialAction":[{"@type":"ReadAction","target":["https:\/\/witocamprent.pl\/kemping-stawy-marcowe-camping\/"]}]},{"@type":"ImageObject","inLanguage":"en-US","@id":"https:\/\/witocamprent.pl\/kemping-stawy-marcowe-camping\/#primaryimage","url":"https:\/\/witocamprent.pl\/wp-content\/uploads\/2024\/07\/112.jpg","contentUrl":"https:\/\/witocamprent.pl\/wp-content\/uploads\/2024\/07\/112.jpg","width":800,"height":600},{"@type":"BreadcrumbList","@id":"https:\/\/witocamprent.pl\/kemping-stawy-marcowe-camping\/#breadcrumb","itemListElement":[{"@type":"ListItem","position":1,"name":"Strona g\u0142\u00f3wna","item":"https:\/\/witocamprent.pl\/"},{"@type":"ListItem","position":2,"name":"Kemping Stawy Marcowe &#8211; Camping"}]},{"@type":"WebSite","@id":"https:\/\/witocamprent.pl\/#website","url":"https:\/\/witocamprent.pl\/","name":"WITO CampRent","description":"Wynajem camper&oacute;w","potentialAction":[{"@type":"SearchAction","target":{"@type":"EntryPoint","urlTemplate":"https:\/\/witocamprent.pl\/?s={search_term_string}"},"query-input":{"@type":"PropertyValueSpecification","valueRequired":true,"valueName":"search_term_string"}}],"inLanguage":"en-US"}]}},"_links":{"self":[{"href":"https:\/\/witocamprent.pl\/en\/wp-json\/wp\/v2\/pages\/14985","targetHints":{"allow":["GET"]}}],"collection":[{"href":"https:\/\/witocamprent.pl\/en\/wp-json\/wp\/v2\/pages"}],"about":[{"href":"https:\/\/witocamprent.pl\/en\/wp-json\/wp\/v2\/types\/page"}],"author":[{"embeddable":true,"href":"https:\/\/witocamprent.pl\/en\/wp-json\/wp\/v2\/users\/6"}],"replies":[{"embeddable":true,"href":"https:\/\/witocamprent.pl\/en\/wp-json\/wp\/v2\/comments?post=14985"}],"version-history":[{"count":1,"href":"https:\/\/witocamprent.pl\/en\/wp-json\/wp\/v2\/pages\/14985\/revisions"}],"predecessor-version":[{"id":15201,"href":"https:\/\/witocamprent.pl\/en\/wp-json\/wp\/v2\/pages\/14985\/revisions\/15201"}],"wp:featuredmedia":[{"embeddable":true,"href":"https:\/\/witocamprent.pl\/en\/wp-json\/wp\/v2\/media\/14163"}],"wp:attachment":[{"href":"https:\/\/witocamprent.pl\/en\/wp-json\/wp\/v2\/media?parent=14985"}],"curies":[{"name":"wp","href":"https:\/\/api.w.org\/{rel}","templated":true}]}}