{"id":14987,"date":"2024-09-25T18:27:11","date_gmt":"2024-09-25T17:27:11","guid":{"rendered":"https:\/\/witocamprent.pl\/kemping-zielona-dolina-camping\/"},"modified":"2024-11-09T16:30:29","modified_gmt":"2024-11-09T15:30:29","slug":"kemping-zielona-dolina-camping","status":"publish","type":"page","link":"https:\/\/witocamprent.pl\/en\/kemping-zielona-dolina-camping\/","title":{"rendered":"Kemping Zielona Dolina &#8211; Camping"},"content":{"rendered":"<p>&nbsp;<\/p>\n<table>\n<tbody>\n<tr>\n<td>Kamping<\/td>\n<td>Kemping Zielona Dolina<\/td>\n<\/tr>\n<tr>\n<td>Miejscowo\u015b\u0107<\/td>\n<td>\u017byrzyn<\/td>\n<\/tr>\n<tr>\n<td>Wojew\u00f3dztwo<\/td>\n<td>Lubelskie<\/td>\n<\/tr>\n<tr>\n<td>Pa\u0144stwo<\/td>\n<td>Polska<\/td>\n<\/tr>\n<tr>\n<td>GPS<\/td>\n<td>51\u00b034&#8217;9&#8221;N,21\u00b059&#8217;34&#8221;E<\/td>\n<\/tr>\n<\/tbody>\n<\/table>\n<p>&nbsp;<\/p>\n<h2>Opis obiektu &#8211; Kemping Zielona Dolina<\/h2>\n<p>Kemping Zielona Dolina: Po\u0142o\u017cony nad rzek\u0105 Wieprz, ten kemping oferuje mo\u017cliwo\u015b\u0107 wypoczynku na \u0142onie natury w p\u00f3\u0142nocno-zachodniej Lubelszczy\u017anie. Doskona\u0142e miejsce na aktywny wypoczynek na \u0142onie natury w\u015br\u00f3d malowniczych krajobraz\u00f3w.<\/p>\n<p>&nbsp;<\/p>\n<h2>Opis miejscowo\u015bci &#8211; \u017byrzyn<\/h2>\n<p>\u017byrzyn to malownicza miejscowo\u015b\u0107 zlokalizowana nad rzek\u0105, gdzie mo\u017cna podziwia\u0107 pi\u0119kne widoki, spacerowa\u0107 po okolicznych \u015bcie\u017ckach oraz relaksowa\u0107 si\u0119 na \u0142onie natury.<\/p>\n<p>&nbsp;<\/p>\n<p>Twoim celem podr\u00f3\u017cy jest \u017byrzyn? &#8211; Sprawd\u017a nasz\u0105 ofert\u0119 na <strong><a href=\"\/en\/\">wynajem kamper\u00f3w<\/a><\/strong>!<\/p>","protected":false},"excerpt":{"rendered":"<p>&nbsp; Kamping Kemping Zielona Dolina Miejscowo\u015b\u0107 \u017byrzyn Wojew\u00f3dztwo Lubelskie Pa\u0144stwo Polska GPS 51\u00b034&#8217;9&#8221;N,21\u00b059&#8217;34&#8221;E &nbsp; Opis obiektu &#8211; Kemping Zielona Dolina Kemping Zielona Dolina: Po\u0142o\u017cony nad rzek\u0105 Wieprz, ten kemping oferuje mo\u017cliwo\u015b\u0107 wypoczynku na \u0142onie natury w p\u00f3\u0142nocno-zachodniej Lubelszczy\u017anie. Doskona\u0142e miejsce na aktywny wypoczynek na \u0142onie natury w\u015br\u00f3d malowniczych krajobraz\u00f3w. &nbsp; Opis miejscowo\u015bci &#8211; \u017byrzyn \u017byrzyn [&hellip;]<\/p>","protected":false},"author":6,"featured_media":14167,"parent":0,"menu_order":0,"comment_status":"open","ping_status":"open","template":"","meta":{"footnotes":""},"class_list":["post-14987","page","type-page","status-publish","has-post-thumbnail","hentry","miasto-zyrzyn","wojewodztwa-lubelskie"],"yoast_head":"<!-- This site is optimized with the Yoast SEO plugin v26.8 - https:\/\/yoast.com\/product\/yoast-seo-wordpress\/ -->\n<title>Kemping Zielona Dolina - Camping - WITO CampRent<\/title>\n<meta name=\"robots\" content=\"index, follow, max-snippet:-1, max-image-preview:large, max-video-preview:-1\" \/>\n<link rel=\"canonical\" href=\"https:\/\/witocamprent.pl\/en\/kemping-zielona-dolina-camping\/\" \/>\n<meta property=\"og:locale\" content=\"en_US\" \/>\n<meta property=\"og:type\" content=\"article\" \/>\n<meta property=\"og:title\" content=\"Kemping Zielona Dolina - Camping - WITO CampRent\" \/>\n<meta property=\"og:description\" content=\"&nbsp; Kamping Kemping Zielona Dolina Miejscowo\u015b\u0107 \u017byrzyn Wojew\u00f3dztwo Lubelskie Pa\u0144stwo Polska GPS 51\u00b034&#8217;9&#8221;N,21\u00b059&#8217;34&#8221;E &nbsp; Opis obiektu &#8211; Kemping Zielona Dolina Kemping Zielona Dolina: Po\u0142o\u017cony nad rzek\u0105 Wieprz, ten kemping oferuje mo\u017cliwo\u015b\u0107 wypoczynku na \u0142onie natury w p\u00f3\u0142nocno-zachodniej Lubelszczy\u017anie. Doskona\u0142e miejsce na aktywny wypoczynek na \u0142onie natury w\u015br\u00f3d malowniczych krajobraz\u00f3w. &nbsp; Opis miejscowo\u015bci &#8211; \u017byrzyn \u017byrzyn [&hellip;]\" \/>\n<meta property=\"og:url\" content=\"https:\/\/witocamprent.pl\/en\/kemping-zielona-dolina-camping\/\" \/>\n<meta property=\"og:site_name\" content=\"WITO CampRent\" \/>\n<meta property=\"article:modified_time\" content=\"2024-11-09T15:30:29+00:00\" \/>\n<meta property=\"og:image\" content=\"https:\/\/witocamprent.pl\/wp-content\/uploads\/2024\/07\/114.jpg\" \/>\n\t<meta property=\"og:image:width\" content=\"800\" \/>\n\t<meta property=\"og:image:height\" content=\"600\" \/>\n\t<meta property=\"og:image:type\" content=\"image\/jpeg\" \/>\n<meta name=\"twitter:card\" content=\"summary_large_image\" \/>\n<meta name=\"twitter:label1\" content=\"Est. reading time\" \/>\n\t<meta name=\"twitter:data1\" content=\"1 minute\" \/>\n<script type=\"application\/ld+json\" class=\"yoast-schema-graph\">{\"@context\":\"https:\/\/schema.org\",\"@graph\":[{\"@type\":\"WebPage\",\"@id\":\"https:\/\/witocamprent.pl\/kemping-zielona-dolina-camping\/\",\"url\":\"https:\/\/witocamprent.pl\/kemping-zielona-dolina-camping\/\",\"name\":\"Kemping Zielona Dolina - Camping - WITO CampRent\",\"isPartOf\":{\"@id\":\"https:\/\/witocamprent.pl\/#website\"},\"primaryImageOfPage\":{\"@id\":\"https:\/\/witocamprent.pl\/kemping-zielona-dolina-camping\/#primaryimage\"},\"image\":{\"@id\":\"https:\/\/witocamprent.pl\/kemping-zielona-dolina-camping\/#primaryimage\"},\"thumbnailUrl\":\"https:\/\/witocamprent.pl\/wp-content\/uploads\/2024\/07\/114.jpg\",\"datePublished\":\"2024-09-25T17:27:11+00:00\",\"dateModified\":\"2024-11-09T15:30:29+00:00\",\"breadcrumb\":{\"@id\":\"https:\/\/witocamprent.pl\/kemping-zielona-dolina-camping\/#breadcrumb\"},\"inLanguage\":\"en-US\",\"potentialAction\":[{\"@type\":\"ReadAction\",\"target\":[\"https:\/\/witocamprent.pl\/kemping-zielona-dolina-camping\/\"]}]},{\"@type\":\"ImageObject\",\"inLanguage\":\"en-US\",\"@id\":\"https:\/\/witocamprent.pl\/kemping-zielona-dolina-camping\/#primaryimage\",\"url\":\"https:\/\/witocamprent.pl\/wp-content\/uploads\/2024\/07\/114.jpg\",\"contentUrl\":\"https:\/\/witocamprent.pl\/wp-content\/uploads\/2024\/07\/114.jpg\",\"width\":800,\"height\":600},{\"@type\":\"BreadcrumbList\",\"@id\":\"https:\/\/witocamprent.pl\/kemping-zielona-dolina-camping\/#breadcrumb\",\"itemListElement\":[{\"@type\":\"ListItem\",\"position\":1,\"name\":\"Strona g\u0142\u00f3wna\",\"item\":\"https:\/\/witocamprent.pl\/\"},{\"@type\":\"ListItem\",\"position\":2,\"name\":\"Kemping Zielona Dolina &#8211; Camping\"}]},{\"@type\":\"WebSite\",\"@id\":\"https:\/\/witocamprent.pl\/#website\",\"url\":\"https:\/\/witocamprent.pl\/\",\"name\":\"WITO CampRent\",\"description\":\"Wynajem camper&oacute;w\",\"potentialAction\":[{\"@type\":\"SearchAction\",\"target\":{\"@type\":\"EntryPoint\",\"urlTemplate\":\"https:\/\/witocamprent.pl\/?s={search_term_string}\"},\"query-input\":{\"@type\":\"PropertyValueSpecification\",\"valueRequired\":true,\"valueName\":\"search_term_string\"}}],\"inLanguage\":\"en-US\"}]}<\/script>\n<!-- \/ Yoast SEO plugin. -->","yoast_head_json":{"title":"Kemping Zielona Dolina - Camping - WITO CampRent","robots":{"index":"index","follow":"follow","max-snippet":"max-snippet:-1","max-image-preview":"max-image-preview:large","max-video-preview":"max-video-preview:-1"},"canonical":"https:\/\/witocamprent.pl\/en\/kemping-zielona-dolina-camping\/","og_locale":"en_US","og_type":"article","og_title":"Kemping Zielona Dolina - Camping - WITO CampRent","og_description":"&nbsp; Kamping Kemping Zielona Dolina Miejscowo\u015b\u0107 \u017byrzyn Wojew\u00f3dztwo Lubelskie Pa\u0144stwo Polska GPS 51\u00b034&#8217;9&#8221;N,21\u00b059&#8217;34&#8221;E &nbsp; Opis obiektu &#8211; Kemping Zielona Dolina Kemping Zielona Dolina: Po\u0142o\u017cony nad rzek\u0105 Wieprz, ten kemping oferuje mo\u017cliwo\u015b\u0107 wypoczynku na \u0142onie natury w p\u00f3\u0142nocno-zachodniej Lubelszczy\u017anie. Doskona\u0142e miejsce na aktywny wypoczynek na \u0142onie natury w\u015br\u00f3d malowniczych krajobraz\u00f3w. &nbsp; Opis miejscowo\u015bci &#8211; \u017byrzyn \u017byrzyn [&hellip;]","og_url":"https:\/\/witocamprent.pl\/en\/kemping-zielona-dolina-camping\/","og_site_name":"WITO CampRent","article_modified_time":"2024-11-09T15:30:29+00:00","og_image":[{"width":800,"height":600,"url":"https:\/\/witocamprent.pl\/wp-content\/uploads\/2024\/07\/114.jpg","type":"image\/jpeg"}],"twitter_card":"summary_large_image","twitter_misc":{"Est. reading time":"1 minute"},"schema":{"@context":"https:\/\/schema.org","@graph":[{"@type":"WebPage","@id":"https:\/\/witocamprent.pl\/kemping-zielona-dolina-camping\/","url":"https:\/\/witocamprent.pl\/kemping-zielona-dolina-camping\/","name":"Kemping Zielona Dolina - Camping - WITO CampRent","isPartOf":{"@id":"https:\/\/witocamprent.pl\/#website"},"primaryImageOfPage":{"@id":"https:\/\/witocamprent.pl\/kemping-zielona-dolina-camping\/#primaryimage"},"image":{"@id":"https:\/\/witocamprent.pl\/kemping-zielona-dolina-camping\/#primaryimage"},"thumbnailUrl":"https:\/\/witocamprent.pl\/wp-content\/uploads\/2024\/07\/114.jpg","datePublished":"2024-09-25T17:27:11+00:00","dateModified":"2024-11-09T15:30:29+00:00","breadcrumb":{"@id":"https:\/\/witocamprent.pl\/kemping-zielona-dolina-camping\/#breadcrumb"},"inLanguage":"en-US","potentialAction":[{"@type":"ReadAction","target":["https:\/\/witocamprent.pl\/kemping-zielona-dolina-camping\/"]}]},{"@type":"ImageObject","inLanguage":"en-US","@id":"https:\/\/witocamprent.pl\/kemping-zielona-dolina-camping\/#primaryimage","url":"https:\/\/witocamprent.pl\/wp-content\/uploads\/2024\/07\/114.jpg","contentUrl":"https:\/\/witocamprent.pl\/wp-content\/uploads\/2024\/07\/114.jpg","width":800,"height":600},{"@type":"BreadcrumbList","@id":"https:\/\/witocamprent.pl\/kemping-zielona-dolina-camping\/#breadcrumb","itemListElement":[{"@type":"ListItem","position":1,"name":"Strona g\u0142\u00f3wna","item":"https:\/\/witocamprent.pl\/"},{"@type":"ListItem","position":2,"name":"Kemping Zielona Dolina &#8211; Camping"}]},{"@type":"WebSite","@id":"https:\/\/witocamprent.pl\/#website","url":"https:\/\/witocamprent.pl\/","name":"WITO CampRent","description":"Wynajem camper&oacute;w","potentialAction":[{"@type":"SearchAction","target":{"@type":"EntryPoint","urlTemplate":"https:\/\/witocamprent.pl\/?s={search_term_string}"},"query-input":{"@type":"PropertyValueSpecification","valueRequired":true,"valueName":"search_term_string"}}],"inLanguage":"en-US"}]}},"_links":{"self":[{"href":"https:\/\/witocamprent.pl\/en\/wp-json\/wp\/v2\/pages\/14987","targetHints":{"allow":["GET"]}}],"collection":[{"href":"https:\/\/witocamprent.pl\/en\/wp-json\/wp\/v2\/pages"}],"about":[{"href":"https:\/\/witocamprent.pl\/en\/wp-json\/wp\/v2\/types\/page"}],"author":[{"embeddable":true,"href":"https:\/\/witocamprent.pl\/en\/wp-json\/wp\/v2\/users\/6"}],"replies":[{"embeddable":true,"href":"https:\/\/witocamprent.pl\/en\/wp-json\/wp\/v2\/comments?post=14987"}],"version-history":[{"count":1,"href":"https:\/\/witocamprent.pl\/en\/wp-json\/wp\/v2\/pages\/14987\/revisions"}],"predecessor-version":[{"id":15203,"href":"https:\/\/witocamprent.pl\/en\/wp-json\/wp\/v2\/pages\/14987\/revisions\/15203"}],"wp:featuredmedia":[{"embeddable":true,"href":"https:\/\/witocamprent.pl\/en\/wp-json\/wp\/v2\/media\/14167"}],"wp:attachment":[{"href":"https:\/\/witocamprent.pl\/en\/wp-json\/wp\/v2\/media?parent=14987"}],"curies":[{"name":"wp","href":"https:\/\/api.w.org\/{rel}","templated":true}]}}