{"id":15011,"date":"2024-11-09T06:01:33","date_gmt":"2024-11-09T05:01:33","guid":{"rendered":"https:\/\/witocamprent.pl\/ostoja-stara-basn-camping-100-camping\/"},"modified":"2024-11-09T16:30:40","modified_gmt":"2024-11-09T15:30:40","slug":"ostoja-stara-basn-camping-100-camping","status":"publish","type":"page","link":"https:\/\/witocamprent.pl\/en\/ostoja-stara-basn-camping-100-camping\/","title":{"rendered":"Ostoja Stara Ba\u015b\u0144, Camping 100 &#8211; Camping"},"content":{"rendered":"<p>&nbsp;<\/p>\n<table>\n<tbody>\n<tr>\n<td>Kamping<\/td>\n<td>Ostoja Stara Ba\u015b\u0144, Camping 100<\/td>\n<\/tr>\n<tr>\n<td>Miejscowo\u015b\u0107<\/td>\n<td>Kosewo<\/td>\n<\/tr>\n<tr>\n<td>Wojew\u00f3dztwo<\/td>\n<td>Warmi\u0144sko-Mazurskie<\/td>\n<\/tr>\n<tr>\n<td>Pa\u0144stwo<\/td>\n<td>Polska<\/td>\n<\/tr>\n<tr>\n<td>GPS<\/td>\n<td>52\u00b035&#8217;31&#8221;N,20\u00b046&#8217;33&#8221;E<\/td>\n<\/tr>\n<\/tbody>\n<\/table>\n<p>&nbsp;<\/p>\n<h2>Opis obiektu &#8211; Ostoja Stara Ba\u015b\u0144, Camping 100<\/h2>\n<p>Polska Ostoja Stara Ba\u015b\u0144, Camping 100 w Warmi\u0144sko-Mazurskim w Kosewie to camping czynny w sezonie, gdzie mo\u017cna przyje\u017cd\u017ca\u0107 z psami. Po\u0142o\u017cony nad jeziorem lub rzek\u0105, oferuje k\u0105pielisko, bar, sklep spo\u017cywczy, pralk\u0119 i dost\u0119p do internetu.<\/p>\n<p>&nbsp;<\/p>\n<h2>Opis miejscowo\u015bci &#8211; Kosewo<\/h2>\n<p>Wie\u015b po\u0142o\u017cona nad jeziorem, idealna dla mi\u0142o\u015bnik\u00f3w w\u0119dkowania, k\u0105pieli s\u0142onecznych i wypoczynku na \u0142onie natury.<\/p>\n<p>&nbsp;<\/p>\n<p>Twoim celem podr\u00f3\u017cy jest Kosewo? &#8211; Sprawd\u017a nasz\u0105 ofert\u0119 na <strong><a href=\"\/en\/\">wynajem kamper\u00f3w<\/a><\/strong>!<\/p>","protected":false},"excerpt":{"rendered":"<p>&nbsp; Kamping Ostoja Stara Ba\u015b\u0144, Camping 100 Miejscowo\u015b\u0107 Kosewo Wojew\u00f3dztwo Warmi\u0144sko-Mazurskie Pa\u0144stwo Polska GPS 52\u00b035&#8217;31&#8221;N,20\u00b046&#8217;33&#8221;E &nbsp; Opis obiektu &#8211; Ostoja Stara Ba\u015b\u0144, Camping 100 Polska Ostoja Stara Ba\u015b\u0144, Camping 100 w Warmi\u0144sko-Mazurskim w Kosewie to camping czynny w sezonie, gdzie mo\u017cna przyje\u017cd\u017ca\u0107 z psami. Po\u0142o\u017cony nad jeziorem lub rzek\u0105, oferuje k\u0105pielisko, bar, sklep spo\u017cywczy, pralk\u0119 [&hellip;]<\/p>","protected":false},"author":6,"featured_media":14215,"parent":0,"menu_order":0,"comment_status":"open","ping_status":"open","template":"","meta":{"footnotes":""},"class_list":["post-15011","page","type-page","status-publish","has-post-thumbnail","hentry","miasto-kosewo","wojewodztwa-warminsko-mazurskie"],"yoast_head":"<!-- This site is optimized with the Yoast SEO plugin v26.8 - https:\/\/yoast.com\/product\/yoast-seo-wordpress\/ -->\n<title>Ostoja Stara Ba\u015b\u0144, Camping 100 - Camping - WITO CampRent<\/title>\n<meta name=\"robots\" content=\"index, follow, max-snippet:-1, max-image-preview:large, max-video-preview:-1\" \/>\n<link rel=\"canonical\" href=\"https:\/\/witocamprent.pl\/en\/ostoja-stara-basn-camping-100-camping\/\" \/>\n<meta property=\"og:locale\" content=\"en_US\" \/>\n<meta property=\"og:type\" content=\"article\" \/>\n<meta property=\"og:title\" content=\"Ostoja Stara Ba\u015b\u0144, Camping 100 - Camping - WITO CampRent\" \/>\n<meta property=\"og:description\" content=\"&nbsp; Kamping Ostoja Stara Ba\u015b\u0144, Camping 100 Miejscowo\u015b\u0107 Kosewo Wojew\u00f3dztwo Warmi\u0144sko-Mazurskie Pa\u0144stwo Polska GPS 52\u00b035&#8217;31&#8221;N,20\u00b046&#8217;33&#8221;E &nbsp; Opis obiektu &#8211; Ostoja Stara Ba\u015b\u0144, Camping 100 Polska Ostoja Stara Ba\u015b\u0144, Camping 100 w Warmi\u0144sko-Mazurskim w Kosewie to camping czynny w sezonie, gdzie mo\u017cna przyje\u017cd\u017ca\u0107 z psami. Po\u0142o\u017cony nad jeziorem lub rzek\u0105, oferuje k\u0105pielisko, bar, sklep spo\u017cywczy, pralk\u0119 [&hellip;]\" \/>\n<meta property=\"og:url\" content=\"https:\/\/witocamprent.pl\/en\/ostoja-stara-basn-camping-100-camping\/\" \/>\n<meta property=\"og:site_name\" content=\"WITO CampRent\" \/>\n<meta property=\"article:modified_time\" content=\"2024-11-09T15:30:40+00:00\" \/>\n<meta property=\"og:image\" content=\"https:\/\/witocamprent.pl\/wp-content\/uploads\/2024\/07\/138.jpg\" \/>\n\t<meta property=\"og:image:width\" content=\"800\" \/>\n\t<meta property=\"og:image:height\" content=\"600\" \/>\n\t<meta property=\"og:image:type\" content=\"image\/jpeg\" \/>\n<meta name=\"twitter:card\" content=\"summary_large_image\" \/>\n<meta name=\"twitter:label1\" content=\"Est. reading time\" \/>\n\t<meta name=\"twitter:data1\" content=\"1 minute\" \/>\n<script type=\"application\/ld+json\" class=\"yoast-schema-graph\">{\"@context\":\"https:\/\/schema.org\",\"@graph\":[{\"@type\":\"WebPage\",\"@id\":\"https:\/\/witocamprent.pl\/ostoja-stara-basn-camping-100-camping\/\",\"url\":\"https:\/\/witocamprent.pl\/ostoja-stara-basn-camping-100-camping\/\",\"name\":\"Ostoja Stara Ba\u015b\u0144, Camping 100 - Camping - WITO CampRent\",\"isPartOf\":{\"@id\":\"https:\/\/witocamprent.pl\/#website\"},\"primaryImageOfPage\":{\"@id\":\"https:\/\/witocamprent.pl\/ostoja-stara-basn-camping-100-camping\/#primaryimage\"},\"image\":{\"@id\":\"https:\/\/witocamprent.pl\/ostoja-stara-basn-camping-100-camping\/#primaryimage\"},\"thumbnailUrl\":\"https:\/\/witocamprent.pl\/wp-content\/uploads\/2024\/07\/138.jpg\",\"datePublished\":\"2024-11-09T05:01:33+00:00\",\"dateModified\":\"2024-11-09T15:30:40+00:00\",\"breadcrumb\":{\"@id\":\"https:\/\/witocamprent.pl\/ostoja-stara-basn-camping-100-camping\/#breadcrumb\"},\"inLanguage\":\"en-US\",\"potentialAction\":[{\"@type\":\"ReadAction\",\"target\":[\"https:\/\/witocamprent.pl\/ostoja-stara-basn-camping-100-camping\/\"]}]},{\"@type\":\"ImageObject\",\"inLanguage\":\"en-US\",\"@id\":\"https:\/\/witocamprent.pl\/ostoja-stara-basn-camping-100-camping\/#primaryimage\",\"url\":\"https:\/\/witocamprent.pl\/wp-content\/uploads\/2024\/07\/138.jpg\",\"contentUrl\":\"https:\/\/witocamprent.pl\/wp-content\/uploads\/2024\/07\/138.jpg\",\"width\":800,\"height\":600},{\"@type\":\"BreadcrumbList\",\"@id\":\"https:\/\/witocamprent.pl\/ostoja-stara-basn-camping-100-camping\/#breadcrumb\",\"itemListElement\":[{\"@type\":\"ListItem\",\"position\":1,\"name\":\"Strona g\u0142\u00f3wna\",\"item\":\"https:\/\/witocamprent.pl\/\"},{\"@type\":\"ListItem\",\"position\":2,\"name\":\"Ostoja Stara Ba\u015b\u0144, Camping 100 &#8211; Camping\"}]},{\"@type\":\"WebSite\",\"@id\":\"https:\/\/witocamprent.pl\/#website\",\"url\":\"https:\/\/witocamprent.pl\/\",\"name\":\"WITO CampRent\",\"description\":\"Wynajem camper&oacute;w\",\"potentialAction\":[{\"@type\":\"SearchAction\",\"target\":{\"@type\":\"EntryPoint\",\"urlTemplate\":\"https:\/\/witocamprent.pl\/?s={search_term_string}\"},\"query-input\":{\"@type\":\"PropertyValueSpecification\",\"valueRequired\":true,\"valueName\":\"search_term_string\"}}],\"inLanguage\":\"en-US\"}]}<\/script>\n<!-- \/ Yoast SEO plugin. -->","yoast_head_json":{"title":"Ostoja Stara Ba\u015b\u0144, Camping 100 - Camping - WITO CampRent","robots":{"index":"index","follow":"follow","max-snippet":"max-snippet:-1","max-image-preview":"max-image-preview:large","max-video-preview":"max-video-preview:-1"},"canonical":"https:\/\/witocamprent.pl\/en\/ostoja-stara-basn-camping-100-camping\/","og_locale":"en_US","og_type":"article","og_title":"Ostoja Stara Ba\u015b\u0144, Camping 100 - Camping - WITO CampRent","og_description":"&nbsp; Kamping Ostoja Stara Ba\u015b\u0144, Camping 100 Miejscowo\u015b\u0107 Kosewo Wojew\u00f3dztwo Warmi\u0144sko-Mazurskie Pa\u0144stwo Polska GPS 52\u00b035&#8217;31&#8221;N,20\u00b046&#8217;33&#8221;E &nbsp; Opis obiektu &#8211; Ostoja Stara Ba\u015b\u0144, Camping 100 Polska Ostoja Stara Ba\u015b\u0144, Camping 100 w Warmi\u0144sko-Mazurskim w Kosewie to camping czynny w sezonie, gdzie mo\u017cna przyje\u017cd\u017ca\u0107 z psami. Po\u0142o\u017cony nad jeziorem lub rzek\u0105, oferuje k\u0105pielisko, bar, sklep spo\u017cywczy, pralk\u0119 [&hellip;]","og_url":"https:\/\/witocamprent.pl\/en\/ostoja-stara-basn-camping-100-camping\/","og_site_name":"WITO CampRent","article_modified_time":"2024-11-09T15:30:40+00:00","og_image":[{"width":800,"height":600,"url":"https:\/\/witocamprent.pl\/wp-content\/uploads\/2024\/07\/138.jpg","type":"image\/jpeg"}],"twitter_card":"summary_large_image","twitter_misc":{"Est. reading time":"1 minute"},"schema":{"@context":"https:\/\/schema.org","@graph":[{"@type":"WebPage","@id":"https:\/\/witocamprent.pl\/ostoja-stara-basn-camping-100-camping\/","url":"https:\/\/witocamprent.pl\/ostoja-stara-basn-camping-100-camping\/","name":"Ostoja Stara Ba\u015b\u0144, Camping 100 - Camping - WITO CampRent","isPartOf":{"@id":"https:\/\/witocamprent.pl\/#website"},"primaryImageOfPage":{"@id":"https:\/\/witocamprent.pl\/ostoja-stara-basn-camping-100-camping\/#primaryimage"},"image":{"@id":"https:\/\/witocamprent.pl\/ostoja-stara-basn-camping-100-camping\/#primaryimage"},"thumbnailUrl":"https:\/\/witocamprent.pl\/wp-content\/uploads\/2024\/07\/138.jpg","datePublished":"2024-11-09T05:01:33+00:00","dateModified":"2024-11-09T15:30:40+00:00","breadcrumb":{"@id":"https:\/\/witocamprent.pl\/ostoja-stara-basn-camping-100-camping\/#breadcrumb"},"inLanguage":"en-US","potentialAction":[{"@type":"ReadAction","target":["https:\/\/witocamprent.pl\/ostoja-stara-basn-camping-100-camping\/"]}]},{"@type":"ImageObject","inLanguage":"en-US","@id":"https:\/\/witocamprent.pl\/ostoja-stara-basn-camping-100-camping\/#primaryimage","url":"https:\/\/witocamprent.pl\/wp-content\/uploads\/2024\/07\/138.jpg","contentUrl":"https:\/\/witocamprent.pl\/wp-content\/uploads\/2024\/07\/138.jpg","width":800,"height":600},{"@type":"BreadcrumbList","@id":"https:\/\/witocamprent.pl\/ostoja-stara-basn-camping-100-camping\/#breadcrumb","itemListElement":[{"@type":"ListItem","position":1,"name":"Strona g\u0142\u00f3wna","item":"https:\/\/witocamprent.pl\/"},{"@type":"ListItem","position":2,"name":"Ostoja Stara Ba\u015b\u0144, Camping 100 &#8211; Camping"}]},{"@type":"WebSite","@id":"https:\/\/witocamprent.pl\/#website","url":"https:\/\/witocamprent.pl\/","name":"WITO CampRent","description":"Wynajem camper&oacute;w","potentialAction":[{"@type":"SearchAction","target":{"@type":"EntryPoint","urlTemplate":"https:\/\/witocamprent.pl\/?s={search_term_string}"},"query-input":{"@type":"PropertyValueSpecification","valueRequired":true,"valueName":"search_term_string"}}],"inLanguage":"en-US"}]}},"_links":{"self":[{"href":"https:\/\/witocamprent.pl\/en\/wp-json\/wp\/v2\/pages\/15011","targetHints":{"allow":["GET"]}}],"collection":[{"href":"https:\/\/witocamprent.pl\/en\/wp-json\/wp\/v2\/pages"}],"about":[{"href":"https:\/\/witocamprent.pl\/en\/wp-json\/wp\/v2\/types\/page"}],"author":[{"embeddable":true,"href":"https:\/\/witocamprent.pl\/en\/wp-json\/wp\/v2\/users\/6"}],"replies":[{"embeddable":true,"href":"https:\/\/witocamprent.pl\/en\/wp-json\/wp\/v2\/comments?post=15011"}],"version-history":[{"count":1,"href":"https:\/\/witocamprent.pl\/en\/wp-json\/wp\/v2\/pages\/15011\/revisions"}],"predecessor-version":[{"id":15227,"href":"https:\/\/witocamprent.pl\/en\/wp-json\/wp\/v2\/pages\/15011\/revisions\/15227"}],"wp:featuredmedia":[{"embeddable":true,"href":"https:\/\/witocamprent.pl\/en\/wp-json\/wp\/v2\/media\/14215"}],"wp:attachment":[{"href":"https:\/\/witocamprent.pl\/en\/wp-json\/wp\/v2\/media?parent=15011"}],"curies":[{"name":"wp","href":"https:\/\/api.w.org\/{rel}","templated":true}]}}