{"id":15014,"date":"2024-09-04T16:43:31","date_gmt":"2024-09-04T15:43:31","guid":{"rendered":"https:\/\/witocamprent.pl\/osrodek-nad-zalewem-sulejowskim-w-strogowie-camping\/"},"modified":"2024-11-09T16:30:42","modified_gmt":"2024-11-09T15:30:42","slug":"osrodek-nad-zalewem-sulejowskim-w-strogowie-camping","status":"publish","type":"page","link":"https:\/\/witocamprent.pl\/en\/osrodek-nad-zalewem-sulejowskim-w-strogowie-camping\/","title":{"rendered":"O\u015brodek Nad Zalewem Sulejowskim w Strogowie &#8211; Camping"},"content":{"rendered":"<p>&nbsp;<\/p>\n<table>\n<tbody>\n<tr>\n<td>Kamping<\/td>\n<td>O\u015brodek Nad Zalewem Sulejowskim w Strogowie<\/td>\n<\/tr>\n<tr>\n<td>Miejscowo\u015b\u0107<\/td>\n<td>Strog\u00f3w<\/td>\n<\/tr>\n<tr>\n<td>Wojew\u00f3dztwo<\/td>\n<td>\u0141\u00f3dzkie<\/td>\n<\/tr>\n<tr>\n<td>Pa\u0144stwo<\/td>\n<td>Polska<\/td>\n<\/tr>\n<tr>\n<td>GPS<\/td>\n<td>51\u00b012&#8217;3&#8221;N,20\u00b08&#8217;56&#8221;E<\/td>\n<\/tr>\n<\/tbody>\n<\/table>\n<p>&nbsp;<\/p>\n<h2>Opis obiektu &#8211; O\u015brodek Nad Zalewem Sulejowskim w Strogowie<\/h2>\n<p>O\u015brodek Nad Zalewem Sulejowskim w Strogowie: Ten o\u015brodek oferuje domki letniskowe i miejsca na kemping w otoczeniu las\u00f3w i jeziora, z mo\u017cliwo\u015bci\u0105 korzystania z kajak\u00f3w i \u0142\u00f3dek. Go\u015bcie mog\u0105 cieszy\u0107 si\u0119 spokojem i harmoni\u0105 natury.<\/p>\n<p>&nbsp;<\/p>\n<h2>Opis miejscowo\u015bci &#8211; Strog\u00f3w<\/h2>\n<p>Strog\u00f3w to malownicza miejscowo\u015b\u0107 nad zalewem, otoczona zielonymi polami i lasami. To idealne miejsce dla mi\u0142o\u015bnik\u00f3w w\u0119dkarstwa i spokoju, oferuj\u0105ce mo\u017cliwo\u015b\u0107 relaksu nad brzegiem wody.<\/p>\n<p>&nbsp;<\/p>\n<p>Twoim celem podr\u00f3\u017cy jest Strog\u00f3w? &#8211; Sprawd\u017a nasz\u0105 ofert\u0119 na <strong><a href=\"\/en\/\">wynajem kamper\u00f3w<\/a><\/strong>!<\/p>","protected":false},"excerpt":{"rendered":"<p>&nbsp; Kamping O\u015brodek Nad Zalewem Sulejowskim w Strogowie Miejscowo\u015b\u0107 Strog\u00f3w Wojew\u00f3dztwo \u0141\u00f3dzkie Pa\u0144stwo Polska GPS 51\u00b012&#8217;3&#8221;N,20\u00b08&#8217;56&#8221;E &nbsp; Opis obiektu &#8211; O\u015brodek Nad Zalewem Sulejowskim w Strogowie O\u015brodek Nad Zalewem Sulejowskim w Strogowie: Ten o\u015brodek oferuje domki letniskowe i miejsca na kemping w otoczeniu las\u00f3w i jeziora, z mo\u017cliwo\u015bci\u0105 korzystania z kajak\u00f3w i \u0142\u00f3dek. Go\u015bcie mog\u0105 [&hellip;]<\/p>","protected":false},"author":6,"featured_media":14221,"parent":0,"menu_order":0,"comment_status":"open","ping_status":"open","template":"","meta":{"footnotes":""},"class_list":["post-15014","page","type-page","status-publish","has-post-thumbnail","hentry","miasto-strogow","wojewodztwa-lodzkie"],"yoast_head":"<!-- This site is optimized with the Yoast SEO plugin v26.8 - https:\/\/yoast.com\/product\/yoast-seo-wordpress\/ -->\n<title>O\u015brodek Nad Zalewem Sulejowskim w Strogowie - Camping - WITO CampRent<\/title>\n<meta name=\"robots\" content=\"index, follow, max-snippet:-1, max-image-preview:large, max-video-preview:-1\" \/>\n<link rel=\"canonical\" href=\"https:\/\/witocamprent.pl\/en\/osrodek-nad-zalewem-sulejowskim-w-strogowie-camping\/\" \/>\n<meta property=\"og:locale\" content=\"en_US\" \/>\n<meta property=\"og:type\" content=\"article\" \/>\n<meta property=\"og:title\" content=\"O\u015brodek Nad Zalewem Sulejowskim w Strogowie - Camping - WITO CampRent\" \/>\n<meta property=\"og:description\" content=\"&nbsp; Kamping O\u015brodek Nad Zalewem Sulejowskim w Strogowie Miejscowo\u015b\u0107 Strog\u00f3w Wojew\u00f3dztwo \u0141\u00f3dzkie Pa\u0144stwo Polska GPS 51\u00b012&#8217;3&#8221;N,20\u00b08&#8217;56&#8221;E &nbsp; Opis obiektu &#8211; O\u015brodek Nad Zalewem Sulejowskim w Strogowie O\u015brodek Nad Zalewem Sulejowskim w Strogowie: Ten o\u015brodek oferuje domki letniskowe i miejsca na kemping w otoczeniu las\u00f3w i jeziora, z mo\u017cliwo\u015bci\u0105 korzystania z kajak\u00f3w i \u0142\u00f3dek. Go\u015bcie mog\u0105 [&hellip;]\" \/>\n<meta property=\"og:url\" content=\"https:\/\/witocamprent.pl\/en\/osrodek-nad-zalewem-sulejowskim-w-strogowie-camping\/\" \/>\n<meta property=\"og:site_name\" content=\"WITO CampRent\" \/>\n<meta property=\"article:modified_time\" content=\"2024-11-09T15:30:42+00:00\" \/>\n<meta property=\"og:image\" content=\"https:\/\/witocamprent.pl\/wp-content\/uploads\/2024\/07\/141.jpg\" \/>\n\t<meta property=\"og:image:width\" content=\"800\" \/>\n\t<meta property=\"og:image:height\" content=\"600\" \/>\n\t<meta property=\"og:image:type\" content=\"image\/jpeg\" \/>\n<meta name=\"twitter:card\" content=\"summary_large_image\" \/>\n<meta name=\"twitter:label1\" content=\"Est. reading time\" \/>\n\t<meta name=\"twitter:data1\" content=\"1 minute\" \/>\n<script type=\"application\/ld+json\" class=\"yoast-schema-graph\">{\"@context\":\"https:\/\/schema.org\",\"@graph\":[{\"@type\":\"WebPage\",\"@id\":\"https:\/\/witocamprent.pl\/osrodek-nad-zalewem-sulejowskim-w-strogowie-camping\/\",\"url\":\"https:\/\/witocamprent.pl\/osrodek-nad-zalewem-sulejowskim-w-strogowie-camping\/\",\"name\":\"O\u015brodek Nad Zalewem Sulejowskim w Strogowie - Camping - WITO CampRent\",\"isPartOf\":{\"@id\":\"https:\/\/witocamprent.pl\/#website\"},\"primaryImageOfPage\":{\"@id\":\"https:\/\/witocamprent.pl\/osrodek-nad-zalewem-sulejowskim-w-strogowie-camping\/#primaryimage\"},\"image\":{\"@id\":\"https:\/\/witocamprent.pl\/osrodek-nad-zalewem-sulejowskim-w-strogowie-camping\/#primaryimage\"},\"thumbnailUrl\":\"https:\/\/witocamprent.pl\/wp-content\/uploads\/2024\/07\/141.jpg\",\"datePublished\":\"2024-09-04T15:43:31+00:00\",\"dateModified\":\"2024-11-09T15:30:42+00:00\",\"breadcrumb\":{\"@id\":\"https:\/\/witocamprent.pl\/osrodek-nad-zalewem-sulejowskim-w-strogowie-camping\/#breadcrumb\"},\"inLanguage\":\"en-US\",\"potentialAction\":[{\"@type\":\"ReadAction\",\"target\":[\"https:\/\/witocamprent.pl\/osrodek-nad-zalewem-sulejowskim-w-strogowie-camping\/\"]}]},{\"@type\":\"ImageObject\",\"inLanguage\":\"en-US\",\"@id\":\"https:\/\/witocamprent.pl\/osrodek-nad-zalewem-sulejowskim-w-strogowie-camping\/#primaryimage\",\"url\":\"https:\/\/witocamprent.pl\/wp-content\/uploads\/2024\/07\/141.jpg\",\"contentUrl\":\"https:\/\/witocamprent.pl\/wp-content\/uploads\/2024\/07\/141.jpg\",\"width\":800,\"height\":600},{\"@type\":\"BreadcrumbList\",\"@id\":\"https:\/\/witocamprent.pl\/osrodek-nad-zalewem-sulejowskim-w-strogowie-camping\/#breadcrumb\",\"itemListElement\":[{\"@type\":\"ListItem\",\"position\":1,\"name\":\"Strona g\u0142\u00f3wna\",\"item\":\"https:\/\/witocamprent.pl\/\"},{\"@type\":\"ListItem\",\"position\":2,\"name\":\"O\u015brodek Nad Zalewem Sulejowskim w Strogowie &#8211; Camping\"}]},{\"@type\":\"WebSite\",\"@id\":\"https:\/\/witocamprent.pl\/#website\",\"url\":\"https:\/\/witocamprent.pl\/\",\"name\":\"WITO CampRent\",\"description\":\"Wynajem camper&oacute;w\",\"potentialAction\":[{\"@type\":\"SearchAction\",\"target\":{\"@type\":\"EntryPoint\",\"urlTemplate\":\"https:\/\/witocamprent.pl\/?s={search_term_string}\"},\"query-input\":{\"@type\":\"PropertyValueSpecification\",\"valueRequired\":true,\"valueName\":\"search_term_string\"}}],\"inLanguage\":\"en-US\"}]}<\/script>\n<!-- \/ Yoast SEO plugin. -->","yoast_head_json":{"title":"O\u015brodek Nad Zalewem Sulejowskim w Strogowie - Camping - WITO CampRent","robots":{"index":"index","follow":"follow","max-snippet":"max-snippet:-1","max-image-preview":"max-image-preview:large","max-video-preview":"max-video-preview:-1"},"canonical":"https:\/\/witocamprent.pl\/en\/osrodek-nad-zalewem-sulejowskim-w-strogowie-camping\/","og_locale":"en_US","og_type":"article","og_title":"O\u015brodek Nad Zalewem Sulejowskim w Strogowie - Camping - WITO CampRent","og_description":"&nbsp; Kamping O\u015brodek Nad Zalewem Sulejowskim w Strogowie Miejscowo\u015b\u0107 Strog\u00f3w Wojew\u00f3dztwo \u0141\u00f3dzkie Pa\u0144stwo Polska GPS 51\u00b012&#8217;3&#8221;N,20\u00b08&#8217;56&#8221;E &nbsp; Opis obiektu &#8211; O\u015brodek Nad Zalewem Sulejowskim w Strogowie O\u015brodek Nad Zalewem Sulejowskim w Strogowie: Ten o\u015brodek oferuje domki letniskowe i miejsca na kemping w otoczeniu las\u00f3w i jeziora, z mo\u017cliwo\u015bci\u0105 korzystania z kajak\u00f3w i \u0142\u00f3dek. Go\u015bcie mog\u0105 [&hellip;]","og_url":"https:\/\/witocamprent.pl\/en\/osrodek-nad-zalewem-sulejowskim-w-strogowie-camping\/","og_site_name":"WITO CampRent","article_modified_time":"2024-11-09T15:30:42+00:00","og_image":[{"width":800,"height":600,"url":"https:\/\/witocamprent.pl\/wp-content\/uploads\/2024\/07\/141.jpg","type":"image\/jpeg"}],"twitter_card":"summary_large_image","twitter_misc":{"Est. reading time":"1 minute"},"schema":{"@context":"https:\/\/schema.org","@graph":[{"@type":"WebPage","@id":"https:\/\/witocamprent.pl\/osrodek-nad-zalewem-sulejowskim-w-strogowie-camping\/","url":"https:\/\/witocamprent.pl\/osrodek-nad-zalewem-sulejowskim-w-strogowie-camping\/","name":"O\u015brodek Nad Zalewem Sulejowskim w Strogowie - Camping - WITO CampRent","isPartOf":{"@id":"https:\/\/witocamprent.pl\/#website"},"primaryImageOfPage":{"@id":"https:\/\/witocamprent.pl\/osrodek-nad-zalewem-sulejowskim-w-strogowie-camping\/#primaryimage"},"image":{"@id":"https:\/\/witocamprent.pl\/osrodek-nad-zalewem-sulejowskim-w-strogowie-camping\/#primaryimage"},"thumbnailUrl":"https:\/\/witocamprent.pl\/wp-content\/uploads\/2024\/07\/141.jpg","datePublished":"2024-09-04T15:43:31+00:00","dateModified":"2024-11-09T15:30:42+00:00","breadcrumb":{"@id":"https:\/\/witocamprent.pl\/osrodek-nad-zalewem-sulejowskim-w-strogowie-camping\/#breadcrumb"},"inLanguage":"en-US","potentialAction":[{"@type":"ReadAction","target":["https:\/\/witocamprent.pl\/osrodek-nad-zalewem-sulejowskim-w-strogowie-camping\/"]}]},{"@type":"ImageObject","inLanguage":"en-US","@id":"https:\/\/witocamprent.pl\/osrodek-nad-zalewem-sulejowskim-w-strogowie-camping\/#primaryimage","url":"https:\/\/witocamprent.pl\/wp-content\/uploads\/2024\/07\/141.jpg","contentUrl":"https:\/\/witocamprent.pl\/wp-content\/uploads\/2024\/07\/141.jpg","width":800,"height":600},{"@type":"BreadcrumbList","@id":"https:\/\/witocamprent.pl\/osrodek-nad-zalewem-sulejowskim-w-strogowie-camping\/#breadcrumb","itemListElement":[{"@type":"ListItem","position":1,"name":"Strona g\u0142\u00f3wna","item":"https:\/\/witocamprent.pl\/"},{"@type":"ListItem","position":2,"name":"O\u015brodek Nad Zalewem Sulejowskim w Strogowie &#8211; Camping"}]},{"@type":"WebSite","@id":"https:\/\/witocamprent.pl\/#website","url":"https:\/\/witocamprent.pl\/","name":"WITO CampRent","description":"Wynajem camper&oacute;w","potentialAction":[{"@type":"SearchAction","target":{"@type":"EntryPoint","urlTemplate":"https:\/\/witocamprent.pl\/?s={search_term_string}"},"query-input":{"@type":"PropertyValueSpecification","valueRequired":true,"valueName":"search_term_string"}}],"inLanguage":"en-US"}]}},"_links":{"self":[{"href":"https:\/\/witocamprent.pl\/en\/wp-json\/wp\/v2\/pages\/15014","targetHints":{"allow":["GET"]}}],"collection":[{"href":"https:\/\/witocamprent.pl\/en\/wp-json\/wp\/v2\/pages"}],"about":[{"href":"https:\/\/witocamprent.pl\/en\/wp-json\/wp\/v2\/types\/page"}],"author":[{"embeddable":true,"href":"https:\/\/witocamprent.pl\/en\/wp-json\/wp\/v2\/users\/6"}],"replies":[{"embeddable":true,"href":"https:\/\/witocamprent.pl\/en\/wp-json\/wp\/v2\/comments?post=15014"}],"version-history":[{"count":1,"href":"https:\/\/witocamprent.pl\/en\/wp-json\/wp\/v2\/pages\/15014\/revisions"}],"predecessor-version":[{"id":15230,"href":"https:\/\/witocamprent.pl\/en\/wp-json\/wp\/v2\/pages\/15014\/revisions\/15230"}],"wp:featuredmedia":[{"embeddable":true,"href":"https:\/\/witocamprent.pl\/en\/wp-json\/wp\/v2\/media\/14221"}],"wp:attachment":[{"href":"https:\/\/witocamprent.pl\/en\/wp-json\/wp\/v2\/media?parent=15014"}],"curies":[{"name":"wp","href":"https:\/\/api.w.org\/{rel}","templated":true}]}}