{"id":15017,"date":"2024-08-22T09:21:11","date_gmt":"2024-08-22T08:21:11","guid":{"rendered":"https:\/\/witocamprent.pl\/osrodek-wypoczynkowy-kukle-camping\/"},"modified":"2024-11-09T16:30:43","modified_gmt":"2024-11-09T15:30:43","slug":"osrodek-wypoczynkowy-kukle-camping","status":"publish","type":"page","link":"https:\/\/witocamprent.pl\/en\/osrodek-wypoczynkowy-kukle-camping\/","title":{"rendered":"O\u015brodek Wypoczynkowy KUKLE &#8211; Camping"},"content":{"rendered":"<p>&nbsp;<\/p>\n<table>\n<tbody>\n<tr>\n<td>Kamping<\/td>\n<td>O\u015brodek Wypoczynkowy KUKLE<\/td>\n<\/tr>\n<tr>\n<td>Miejscowo\u015b\u0107<\/td>\n<td>Giby<\/td>\n<\/tr>\n<tr>\n<td>Wojew\u00f3dztwo<\/td>\n<td>Podlaskie<\/td>\n<\/tr>\n<tr>\n<td>Pa\u0144stwo<\/td>\n<td>Polska<\/td>\n<\/tr>\n<tr>\n<td>GPS<\/td>\n<td>54\u00b02&#8217;53&#8221;N,23\u00b025&#8217;13&#8221;E<\/td>\n<\/tr>\n<\/tbody>\n<\/table>\n<p>&nbsp;<\/p>\n<h2>Opis obiektu &#8211; O\u015brodek Wypoczynkowy KUKLE<\/h2>\n<p>Camping ca\u0142oroczny: Przystosowany dla niepe\u0142nosprawnych, z mo\u017cliwo\u015bci\u0105 przyjazdu z psami, po\u0142o\u017cony nad jeziorem lub rzek\u0105, oferuje pla\u017c\u0119 piaszczyst\u0105, domki mobilne i bungalowy do wynaj\u0119cia, pole namiotowe, opr\u00f3\u017cnianie toalety chemicznej, tenis sto\u0142owy, bilard, boiska do koszyk\u00f3wki i pi\u0142ki no\u017cnej.<\/p>\n<p>&nbsp;<\/p>\n<h2>Opis miejscowo\u015bci &#8211; Giby<\/h2>\n<p>Giby to malownicza miejscowo\u015b\u0107 po\u0142o\u017cona nad jeziorem, oferuj\u0105ca doskona\u0142e warunki do w\u0119dkowania, kajakowania i innych form rekreacji wodnej. Mo\u017cna tu tak\u017ce zwiedzi\u0107 pobliskie rezerwaty przyrody i atrakcje turystyczne.<\/p>\n<p>&nbsp;<\/p>\n<p>Twoim celem podr\u00f3\u017cy jest Giby? &#8211; Sprawd\u017a nasz\u0105 ofert\u0119 na <strong><a href=\"\/en\/\">wynajem kamper\u00f3w<\/a><\/strong>!<\/p>","protected":false},"excerpt":{"rendered":"<p>&nbsp; Kamping O\u015brodek Wypoczynkowy KUKLE Miejscowo\u015b\u0107 Giby Wojew\u00f3dztwo Podlaskie Pa\u0144stwo Polska GPS 54\u00b02&#8217;53&#8221;N,23\u00b025&#8217;13&#8221;E &nbsp; Opis obiektu &#8211; O\u015brodek Wypoczynkowy KUKLE Camping ca\u0142oroczny: Przystosowany dla niepe\u0142nosprawnych, z mo\u017cliwo\u015bci\u0105 przyjazdu z psami, po\u0142o\u017cony nad jeziorem lub rzek\u0105, oferuje pla\u017c\u0119 piaszczyst\u0105, domki mobilne i bungalowy do wynaj\u0119cia, pole namiotowe, opr\u00f3\u017cnianie toalety chemicznej, tenis sto\u0142owy, bilard, boiska do koszyk\u00f3wki [&hellip;]<\/p>","protected":false},"author":6,"featured_media":14227,"parent":0,"menu_order":0,"comment_status":"open","ping_status":"open","template":"","meta":{"footnotes":""},"class_list":["post-15017","page","type-page","status-publish","has-post-thumbnail","hentry","miasto-giby","wojewodztwa-podlaskie"],"yoast_head":"<!-- This site is optimized with the Yoast SEO plugin v26.8 - https:\/\/yoast.com\/product\/yoast-seo-wordpress\/ -->\n<title>O\u015brodek Wypoczynkowy KUKLE - Camping - WITO CampRent<\/title>\n<meta name=\"robots\" content=\"index, follow, max-snippet:-1, max-image-preview:large, max-video-preview:-1\" \/>\n<link rel=\"canonical\" href=\"https:\/\/witocamprent.pl\/en\/osrodek-wypoczynkowy-kukle-camping\/\" \/>\n<meta property=\"og:locale\" content=\"en_US\" \/>\n<meta property=\"og:type\" content=\"article\" \/>\n<meta property=\"og:title\" content=\"O\u015brodek Wypoczynkowy KUKLE - Camping - WITO CampRent\" \/>\n<meta property=\"og:description\" content=\"&nbsp; Kamping O\u015brodek Wypoczynkowy KUKLE Miejscowo\u015b\u0107 Giby Wojew\u00f3dztwo Podlaskie Pa\u0144stwo Polska GPS 54\u00b02&#8217;53&#8221;N,23\u00b025&#8217;13&#8221;E &nbsp; Opis obiektu &#8211; O\u015brodek Wypoczynkowy KUKLE Camping ca\u0142oroczny: Przystosowany dla niepe\u0142nosprawnych, z mo\u017cliwo\u015bci\u0105 przyjazdu z psami, po\u0142o\u017cony nad jeziorem lub rzek\u0105, oferuje pla\u017c\u0119 piaszczyst\u0105, domki mobilne i bungalowy do wynaj\u0119cia, pole namiotowe, opr\u00f3\u017cnianie toalety chemicznej, tenis sto\u0142owy, bilard, boiska do koszyk\u00f3wki [&hellip;]\" \/>\n<meta property=\"og:url\" content=\"https:\/\/witocamprent.pl\/en\/osrodek-wypoczynkowy-kukle-camping\/\" \/>\n<meta property=\"og:site_name\" content=\"WITO CampRent\" \/>\n<meta property=\"article:modified_time\" content=\"2024-11-09T15:30:43+00:00\" \/>\n<meta property=\"og:image\" content=\"https:\/\/witocamprent.pl\/wp-content\/uploads\/2024\/07\/144.jpg\" \/>\n\t<meta property=\"og:image:width\" content=\"800\" \/>\n\t<meta property=\"og:image:height\" content=\"600\" \/>\n\t<meta property=\"og:image:type\" content=\"image\/jpeg\" \/>\n<meta name=\"twitter:card\" content=\"summary_large_image\" \/>\n<meta name=\"twitter:label1\" content=\"Est. reading time\" \/>\n\t<meta name=\"twitter:data1\" content=\"1 minute\" \/>\n<script type=\"application\/ld+json\" class=\"yoast-schema-graph\">{\"@context\":\"https:\/\/schema.org\",\"@graph\":[{\"@type\":\"WebPage\",\"@id\":\"https:\/\/witocamprent.pl\/osrodek-wypoczynkowy-kukle-camping\/\",\"url\":\"https:\/\/witocamprent.pl\/osrodek-wypoczynkowy-kukle-camping\/\",\"name\":\"O\u015brodek Wypoczynkowy KUKLE - Camping - WITO CampRent\",\"isPartOf\":{\"@id\":\"https:\/\/witocamprent.pl\/#website\"},\"primaryImageOfPage\":{\"@id\":\"https:\/\/witocamprent.pl\/osrodek-wypoczynkowy-kukle-camping\/#primaryimage\"},\"image\":{\"@id\":\"https:\/\/witocamprent.pl\/osrodek-wypoczynkowy-kukle-camping\/#primaryimage\"},\"thumbnailUrl\":\"https:\/\/witocamprent.pl\/wp-content\/uploads\/2024\/07\/144.jpg\",\"datePublished\":\"2024-08-22T08:21:11+00:00\",\"dateModified\":\"2024-11-09T15:30:43+00:00\",\"breadcrumb\":{\"@id\":\"https:\/\/witocamprent.pl\/osrodek-wypoczynkowy-kukle-camping\/#breadcrumb\"},\"inLanguage\":\"en-US\",\"potentialAction\":[{\"@type\":\"ReadAction\",\"target\":[\"https:\/\/witocamprent.pl\/osrodek-wypoczynkowy-kukle-camping\/\"]}]},{\"@type\":\"ImageObject\",\"inLanguage\":\"en-US\",\"@id\":\"https:\/\/witocamprent.pl\/osrodek-wypoczynkowy-kukle-camping\/#primaryimage\",\"url\":\"https:\/\/witocamprent.pl\/wp-content\/uploads\/2024\/07\/144.jpg\",\"contentUrl\":\"https:\/\/witocamprent.pl\/wp-content\/uploads\/2024\/07\/144.jpg\",\"width\":800,\"height\":600},{\"@type\":\"BreadcrumbList\",\"@id\":\"https:\/\/witocamprent.pl\/osrodek-wypoczynkowy-kukle-camping\/#breadcrumb\",\"itemListElement\":[{\"@type\":\"ListItem\",\"position\":1,\"name\":\"Strona g\u0142\u00f3wna\",\"item\":\"https:\/\/witocamprent.pl\/\"},{\"@type\":\"ListItem\",\"position\":2,\"name\":\"O\u015brodek Wypoczynkowy KUKLE &#8211; Camping\"}]},{\"@type\":\"WebSite\",\"@id\":\"https:\/\/witocamprent.pl\/#website\",\"url\":\"https:\/\/witocamprent.pl\/\",\"name\":\"WITO CampRent\",\"description\":\"Wynajem camper&oacute;w\",\"potentialAction\":[{\"@type\":\"SearchAction\",\"target\":{\"@type\":\"EntryPoint\",\"urlTemplate\":\"https:\/\/witocamprent.pl\/?s={search_term_string}\"},\"query-input\":{\"@type\":\"PropertyValueSpecification\",\"valueRequired\":true,\"valueName\":\"search_term_string\"}}],\"inLanguage\":\"en-US\"}]}<\/script>\n<!-- \/ Yoast SEO plugin. -->","yoast_head_json":{"title":"O\u015brodek Wypoczynkowy KUKLE - Camping - WITO CampRent","robots":{"index":"index","follow":"follow","max-snippet":"max-snippet:-1","max-image-preview":"max-image-preview:large","max-video-preview":"max-video-preview:-1"},"canonical":"https:\/\/witocamprent.pl\/en\/osrodek-wypoczynkowy-kukle-camping\/","og_locale":"en_US","og_type":"article","og_title":"O\u015brodek Wypoczynkowy KUKLE - Camping - WITO CampRent","og_description":"&nbsp; Kamping O\u015brodek Wypoczynkowy KUKLE Miejscowo\u015b\u0107 Giby Wojew\u00f3dztwo Podlaskie Pa\u0144stwo Polska GPS 54\u00b02&#8217;53&#8221;N,23\u00b025&#8217;13&#8221;E &nbsp; Opis obiektu &#8211; O\u015brodek Wypoczynkowy KUKLE Camping ca\u0142oroczny: Przystosowany dla niepe\u0142nosprawnych, z mo\u017cliwo\u015bci\u0105 przyjazdu z psami, po\u0142o\u017cony nad jeziorem lub rzek\u0105, oferuje pla\u017c\u0119 piaszczyst\u0105, domki mobilne i bungalowy do wynaj\u0119cia, pole namiotowe, opr\u00f3\u017cnianie toalety chemicznej, tenis sto\u0142owy, bilard, boiska do koszyk\u00f3wki [&hellip;]","og_url":"https:\/\/witocamprent.pl\/en\/osrodek-wypoczynkowy-kukle-camping\/","og_site_name":"WITO CampRent","article_modified_time":"2024-11-09T15:30:43+00:00","og_image":[{"width":800,"height":600,"url":"https:\/\/witocamprent.pl\/wp-content\/uploads\/2024\/07\/144.jpg","type":"image\/jpeg"}],"twitter_card":"summary_large_image","twitter_misc":{"Est. reading time":"1 minute"},"schema":{"@context":"https:\/\/schema.org","@graph":[{"@type":"WebPage","@id":"https:\/\/witocamprent.pl\/osrodek-wypoczynkowy-kukle-camping\/","url":"https:\/\/witocamprent.pl\/osrodek-wypoczynkowy-kukle-camping\/","name":"O\u015brodek Wypoczynkowy KUKLE - Camping - WITO CampRent","isPartOf":{"@id":"https:\/\/witocamprent.pl\/#website"},"primaryImageOfPage":{"@id":"https:\/\/witocamprent.pl\/osrodek-wypoczynkowy-kukle-camping\/#primaryimage"},"image":{"@id":"https:\/\/witocamprent.pl\/osrodek-wypoczynkowy-kukle-camping\/#primaryimage"},"thumbnailUrl":"https:\/\/witocamprent.pl\/wp-content\/uploads\/2024\/07\/144.jpg","datePublished":"2024-08-22T08:21:11+00:00","dateModified":"2024-11-09T15:30:43+00:00","breadcrumb":{"@id":"https:\/\/witocamprent.pl\/osrodek-wypoczynkowy-kukle-camping\/#breadcrumb"},"inLanguage":"en-US","potentialAction":[{"@type":"ReadAction","target":["https:\/\/witocamprent.pl\/osrodek-wypoczynkowy-kukle-camping\/"]}]},{"@type":"ImageObject","inLanguage":"en-US","@id":"https:\/\/witocamprent.pl\/osrodek-wypoczynkowy-kukle-camping\/#primaryimage","url":"https:\/\/witocamprent.pl\/wp-content\/uploads\/2024\/07\/144.jpg","contentUrl":"https:\/\/witocamprent.pl\/wp-content\/uploads\/2024\/07\/144.jpg","width":800,"height":600},{"@type":"BreadcrumbList","@id":"https:\/\/witocamprent.pl\/osrodek-wypoczynkowy-kukle-camping\/#breadcrumb","itemListElement":[{"@type":"ListItem","position":1,"name":"Strona g\u0142\u00f3wna","item":"https:\/\/witocamprent.pl\/"},{"@type":"ListItem","position":2,"name":"O\u015brodek Wypoczynkowy KUKLE &#8211; Camping"}]},{"@type":"WebSite","@id":"https:\/\/witocamprent.pl\/#website","url":"https:\/\/witocamprent.pl\/","name":"WITO CampRent","description":"Wynajem camper&oacute;w","potentialAction":[{"@type":"SearchAction","target":{"@type":"EntryPoint","urlTemplate":"https:\/\/witocamprent.pl\/?s={search_term_string}"},"query-input":{"@type":"PropertyValueSpecification","valueRequired":true,"valueName":"search_term_string"}}],"inLanguage":"en-US"}]}},"_links":{"self":[{"href":"https:\/\/witocamprent.pl\/en\/wp-json\/wp\/v2\/pages\/15017","targetHints":{"allow":["GET"]}}],"collection":[{"href":"https:\/\/witocamprent.pl\/en\/wp-json\/wp\/v2\/pages"}],"about":[{"href":"https:\/\/witocamprent.pl\/en\/wp-json\/wp\/v2\/types\/page"}],"author":[{"embeddable":true,"href":"https:\/\/witocamprent.pl\/en\/wp-json\/wp\/v2\/users\/6"}],"replies":[{"embeddable":true,"href":"https:\/\/witocamprent.pl\/en\/wp-json\/wp\/v2\/comments?post=15017"}],"version-history":[{"count":1,"href":"https:\/\/witocamprent.pl\/en\/wp-json\/wp\/v2\/pages\/15017\/revisions"}],"predecessor-version":[{"id":15233,"href":"https:\/\/witocamprent.pl\/en\/wp-json\/wp\/v2\/pages\/15017\/revisions\/15233"}],"wp:featuredmedia":[{"embeddable":true,"href":"https:\/\/witocamprent.pl\/en\/wp-json\/wp\/v2\/media\/14227"}],"wp:attachment":[{"href":"https:\/\/witocamprent.pl\/en\/wp-json\/wp\/v2\/media?parent=15017"}],"curies":[{"name":"wp","href":"https:\/\/api.w.org\/{rel}","templated":true}]}}