{"id":15019,"date":"2024-10-23T02:02:39","date_gmt":"2024-10-23T01:02:39","guid":{"rendered":"https:\/\/witocamprent.pl\/osrodek-wypoczynkowy-pod-zurawniem-camping\/"},"modified":"2024-11-09T16:30:44","modified_gmt":"2024-11-09T15:30:44","slug":"osrodek-wypoczynkowy-pod-zurawniem-camping","status":"publish","type":"page","link":"https:\/\/witocamprent.pl\/en\/osrodek-wypoczynkowy-pod-zurawniem-camping\/","title":{"rendered":"O\u015brodek Wypoczynkowy Pod \u017burawniem &#8211; Camping"},"content":{"rendered":"<p>&nbsp;<\/p>\n<table>\n<tbody>\n<tr>\n<td>Kamping<\/td>\n<td>O\u015brodek Wypoczynkowy Pod \u017burawniem<\/td>\n<\/tr>\n<tr>\n<td>Miejscowo\u015b\u0107<\/td>\n<td>Kro\u015bcienko Nad Dunajcem<\/td>\n<\/tr>\n<tr>\n<td>Wojew\u00f3dztwo<\/td>\n<td>Podkarpackie<\/td>\n<\/tr>\n<tr>\n<td>Pa\u0144stwo<\/td>\n<td>Polska<\/td>\n<\/tr>\n<tr>\n<td>GPS<\/td>\n<td>49\u00b023&#8217;2&#8221;N,20\u00b026&#8217;47&#8221;E<\/td>\n<\/tr>\n<\/tbody>\n<\/table>\n<p>&nbsp;<\/p>\n<h2>Opis obiektu &#8211; O\u015brodek Wypoczynkowy Pod \u017burawniem<\/h2>\n<p>O\u015brodek Wypoczynkowy Pod \u017burawniem w Kro\u015bcienku nad Dunajcem: To doskona\u0142e miejsce na wypoczynek nad rzek\u0105 w g\u00f3rach. Oferuje ono mo\u017cliwo\u015b\u0107 relaksu i kontaktu z przyrod\u0105 w malowniczej okolicy nad Dunajcem.<\/p>\n<p>&nbsp;<\/p>\n<h2>Opis miejscowo\u015bci &#8211; Kro\u015bcienko Nad Dunajcem<\/h2>\n<p>Kro\u015bcienko nad Dunajcem to malownicza miejscowo\u015b\u0107 po\u0142o\u017cona nad rzek\u0105, oferuj\u0105ca doskona\u0142e warunki do wypoczynku i rekreacji. To tak\u017ce miejsce, gdzie mo\u017cna korzysta\u0107 z licznych atrakcji turystycznych i przyrodniczych.<\/p>\n<p>&nbsp;<\/p>\n<p>Twoim celem podr\u00f3\u017cy jest Kro\u015bcienko Nad Dunajcem? &#8211; Sprawd\u017a nasz\u0105 ofert\u0119 na <strong><a href=\"\/en\/\">wynajem kamper\u00f3w<\/a><\/strong>!<\/p>","protected":false},"excerpt":{"rendered":"<p>&nbsp; Kamping O\u015brodek Wypoczynkowy Pod \u017burawniem Miejscowo\u015b\u0107 Kro\u015bcienko Nad Dunajcem Wojew\u00f3dztwo Podkarpackie Pa\u0144stwo Polska GPS 49\u00b023&#8217;2&#8221;N,20\u00b026&#8217;47&#8221;E &nbsp; Opis obiektu &#8211; O\u015brodek Wypoczynkowy Pod \u017burawniem O\u015brodek Wypoczynkowy Pod \u017burawniem w Kro\u015bcienku nad Dunajcem: To doskona\u0142e miejsce na wypoczynek nad rzek\u0105 w g\u00f3rach. Oferuje ono mo\u017cliwo\u015b\u0107 relaksu i kontaktu z przyrod\u0105 w malowniczej okolicy nad Dunajcem. &nbsp; [&hellip;]<\/p>","protected":false},"author":6,"featured_media":14231,"parent":0,"menu_order":0,"comment_status":"open","ping_status":"open","template":"","meta":{"footnotes":""},"class_list":["post-15019","page","type-page","status-publish","has-post-thumbnail","hentry","miasto-kroscienko-nad-dunajcem","wojewodztwa-podkarpackie"],"yoast_head":"<!-- This site is optimized with the Yoast SEO plugin v26.8 - https:\/\/yoast.com\/product\/yoast-seo-wordpress\/ -->\n<title>O\u015brodek Wypoczynkowy Pod \u017burawniem - Camping - WITO CampRent<\/title>\n<meta name=\"robots\" content=\"index, follow, max-snippet:-1, max-image-preview:large, max-video-preview:-1\" \/>\n<link rel=\"canonical\" href=\"https:\/\/witocamprent.pl\/en\/osrodek-wypoczynkowy-pod-zurawniem-camping\/\" \/>\n<meta property=\"og:locale\" content=\"en_US\" \/>\n<meta property=\"og:type\" content=\"article\" \/>\n<meta property=\"og:title\" content=\"O\u015brodek Wypoczynkowy Pod \u017burawniem - Camping - WITO CampRent\" \/>\n<meta property=\"og:description\" content=\"&nbsp; Kamping O\u015brodek Wypoczynkowy Pod \u017burawniem Miejscowo\u015b\u0107 Kro\u015bcienko Nad Dunajcem Wojew\u00f3dztwo Podkarpackie Pa\u0144stwo Polska GPS 49\u00b023&#8217;2&#8221;N,20\u00b026&#8217;47&#8221;E &nbsp; Opis obiektu &#8211; O\u015brodek Wypoczynkowy Pod \u017burawniem O\u015brodek Wypoczynkowy Pod \u017burawniem w Kro\u015bcienku nad Dunajcem: To doskona\u0142e miejsce na wypoczynek nad rzek\u0105 w g\u00f3rach. Oferuje ono mo\u017cliwo\u015b\u0107 relaksu i kontaktu z przyrod\u0105 w malowniczej okolicy nad Dunajcem. &nbsp; [&hellip;]\" \/>\n<meta property=\"og:url\" content=\"https:\/\/witocamprent.pl\/en\/osrodek-wypoczynkowy-pod-zurawniem-camping\/\" \/>\n<meta property=\"og:site_name\" content=\"WITO CampRent\" \/>\n<meta property=\"article:modified_time\" content=\"2024-11-09T15:30:44+00:00\" \/>\n<meta property=\"og:image\" content=\"https:\/\/witocamprent.pl\/wp-content\/uploads\/2024\/07\/146.jpg\" \/>\n\t<meta property=\"og:image:width\" content=\"800\" \/>\n\t<meta property=\"og:image:height\" content=\"600\" \/>\n\t<meta property=\"og:image:type\" content=\"image\/jpeg\" \/>\n<meta name=\"twitter:card\" content=\"summary_large_image\" \/>\n<meta name=\"twitter:label1\" content=\"Est. reading time\" \/>\n\t<meta name=\"twitter:data1\" content=\"1 minute\" \/>\n<script type=\"application\/ld+json\" class=\"yoast-schema-graph\">{\"@context\":\"https:\/\/schema.org\",\"@graph\":[{\"@type\":\"WebPage\",\"@id\":\"https:\/\/witocamprent.pl\/osrodek-wypoczynkowy-pod-zurawniem-camping\/\",\"url\":\"https:\/\/witocamprent.pl\/osrodek-wypoczynkowy-pod-zurawniem-camping\/\",\"name\":\"O\u015brodek Wypoczynkowy Pod \u017burawniem - Camping - WITO CampRent\",\"isPartOf\":{\"@id\":\"https:\/\/witocamprent.pl\/#website\"},\"primaryImageOfPage\":{\"@id\":\"https:\/\/witocamprent.pl\/osrodek-wypoczynkowy-pod-zurawniem-camping\/#primaryimage\"},\"image\":{\"@id\":\"https:\/\/witocamprent.pl\/osrodek-wypoczynkowy-pod-zurawniem-camping\/#primaryimage\"},\"thumbnailUrl\":\"https:\/\/witocamprent.pl\/wp-content\/uploads\/2024\/07\/146.jpg\",\"datePublished\":\"2024-10-23T01:02:39+00:00\",\"dateModified\":\"2024-11-09T15:30:44+00:00\",\"breadcrumb\":{\"@id\":\"https:\/\/witocamprent.pl\/osrodek-wypoczynkowy-pod-zurawniem-camping\/#breadcrumb\"},\"inLanguage\":\"en-US\",\"potentialAction\":[{\"@type\":\"ReadAction\",\"target\":[\"https:\/\/witocamprent.pl\/osrodek-wypoczynkowy-pod-zurawniem-camping\/\"]}]},{\"@type\":\"ImageObject\",\"inLanguage\":\"en-US\",\"@id\":\"https:\/\/witocamprent.pl\/osrodek-wypoczynkowy-pod-zurawniem-camping\/#primaryimage\",\"url\":\"https:\/\/witocamprent.pl\/wp-content\/uploads\/2024\/07\/146.jpg\",\"contentUrl\":\"https:\/\/witocamprent.pl\/wp-content\/uploads\/2024\/07\/146.jpg\",\"width\":800,\"height\":600},{\"@type\":\"BreadcrumbList\",\"@id\":\"https:\/\/witocamprent.pl\/osrodek-wypoczynkowy-pod-zurawniem-camping\/#breadcrumb\",\"itemListElement\":[{\"@type\":\"ListItem\",\"position\":1,\"name\":\"Strona g\u0142\u00f3wna\",\"item\":\"https:\/\/witocamprent.pl\/\"},{\"@type\":\"ListItem\",\"position\":2,\"name\":\"O\u015brodek Wypoczynkowy Pod \u017burawniem &#8211; Camping\"}]},{\"@type\":\"WebSite\",\"@id\":\"https:\/\/witocamprent.pl\/#website\",\"url\":\"https:\/\/witocamprent.pl\/\",\"name\":\"WITO CampRent\",\"description\":\"Wynajem camper&oacute;w\",\"potentialAction\":[{\"@type\":\"SearchAction\",\"target\":{\"@type\":\"EntryPoint\",\"urlTemplate\":\"https:\/\/witocamprent.pl\/?s={search_term_string}\"},\"query-input\":{\"@type\":\"PropertyValueSpecification\",\"valueRequired\":true,\"valueName\":\"search_term_string\"}}],\"inLanguage\":\"en-US\"}]}<\/script>\n<!-- \/ Yoast SEO plugin. -->","yoast_head_json":{"title":"O\u015brodek Wypoczynkowy Pod \u017burawniem - Camping - WITO CampRent","robots":{"index":"index","follow":"follow","max-snippet":"max-snippet:-1","max-image-preview":"max-image-preview:large","max-video-preview":"max-video-preview:-1"},"canonical":"https:\/\/witocamprent.pl\/en\/osrodek-wypoczynkowy-pod-zurawniem-camping\/","og_locale":"en_US","og_type":"article","og_title":"O\u015brodek Wypoczynkowy Pod \u017burawniem - Camping - WITO CampRent","og_description":"&nbsp; Kamping O\u015brodek Wypoczynkowy Pod \u017burawniem Miejscowo\u015b\u0107 Kro\u015bcienko Nad Dunajcem Wojew\u00f3dztwo Podkarpackie Pa\u0144stwo Polska GPS 49\u00b023&#8217;2&#8221;N,20\u00b026&#8217;47&#8221;E &nbsp; Opis obiektu &#8211; O\u015brodek Wypoczynkowy Pod \u017burawniem O\u015brodek Wypoczynkowy Pod \u017burawniem w Kro\u015bcienku nad Dunajcem: To doskona\u0142e miejsce na wypoczynek nad rzek\u0105 w g\u00f3rach. Oferuje ono mo\u017cliwo\u015b\u0107 relaksu i kontaktu z przyrod\u0105 w malowniczej okolicy nad Dunajcem. &nbsp; [&hellip;]","og_url":"https:\/\/witocamprent.pl\/en\/osrodek-wypoczynkowy-pod-zurawniem-camping\/","og_site_name":"WITO CampRent","article_modified_time":"2024-11-09T15:30:44+00:00","og_image":[{"width":800,"height":600,"url":"https:\/\/witocamprent.pl\/wp-content\/uploads\/2024\/07\/146.jpg","type":"image\/jpeg"}],"twitter_card":"summary_large_image","twitter_misc":{"Est. reading time":"1 minute"},"schema":{"@context":"https:\/\/schema.org","@graph":[{"@type":"WebPage","@id":"https:\/\/witocamprent.pl\/osrodek-wypoczynkowy-pod-zurawniem-camping\/","url":"https:\/\/witocamprent.pl\/osrodek-wypoczynkowy-pod-zurawniem-camping\/","name":"O\u015brodek Wypoczynkowy Pod \u017burawniem - Camping - WITO CampRent","isPartOf":{"@id":"https:\/\/witocamprent.pl\/#website"},"primaryImageOfPage":{"@id":"https:\/\/witocamprent.pl\/osrodek-wypoczynkowy-pod-zurawniem-camping\/#primaryimage"},"image":{"@id":"https:\/\/witocamprent.pl\/osrodek-wypoczynkowy-pod-zurawniem-camping\/#primaryimage"},"thumbnailUrl":"https:\/\/witocamprent.pl\/wp-content\/uploads\/2024\/07\/146.jpg","datePublished":"2024-10-23T01:02:39+00:00","dateModified":"2024-11-09T15:30:44+00:00","breadcrumb":{"@id":"https:\/\/witocamprent.pl\/osrodek-wypoczynkowy-pod-zurawniem-camping\/#breadcrumb"},"inLanguage":"en-US","potentialAction":[{"@type":"ReadAction","target":["https:\/\/witocamprent.pl\/osrodek-wypoczynkowy-pod-zurawniem-camping\/"]}]},{"@type":"ImageObject","inLanguage":"en-US","@id":"https:\/\/witocamprent.pl\/osrodek-wypoczynkowy-pod-zurawniem-camping\/#primaryimage","url":"https:\/\/witocamprent.pl\/wp-content\/uploads\/2024\/07\/146.jpg","contentUrl":"https:\/\/witocamprent.pl\/wp-content\/uploads\/2024\/07\/146.jpg","width":800,"height":600},{"@type":"BreadcrumbList","@id":"https:\/\/witocamprent.pl\/osrodek-wypoczynkowy-pod-zurawniem-camping\/#breadcrumb","itemListElement":[{"@type":"ListItem","position":1,"name":"Strona g\u0142\u00f3wna","item":"https:\/\/witocamprent.pl\/"},{"@type":"ListItem","position":2,"name":"O\u015brodek Wypoczynkowy Pod \u017burawniem &#8211; Camping"}]},{"@type":"WebSite","@id":"https:\/\/witocamprent.pl\/#website","url":"https:\/\/witocamprent.pl\/","name":"WITO CampRent","description":"Wynajem camper&oacute;w","potentialAction":[{"@type":"SearchAction","target":{"@type":"EntryPoint","urlTemplate":"https:\/\/witocamprent.pl\/?s={search_term_string}"},"query-input":{"@type":"PropertyValueSpecification","valueRequired":true,"valueName":"search_term_string"}}],"inLanguage":"en-US"}]}},"_links":{"self":[{"href":"https:\/\/witocamprent.pl\/en\/wp-json\/wp\/v2\/pages\/15019","targetHints":{"allow":["GET"]}}],"collection":[{"href":"https:\/\/witocamprent.pl\/en\/wp-json\/wp\/v2\/pages"}],"about":[{"href":"https:\/\/witocamprent.pl\/en\/wp-json\/wp\/v2\/types\/page"}],"author":[{"embeddable":true,"href":"https:\/\/witocamprent.pl\/en\/wp-json\/wp\/v2\/users\/6"}],"replies":[{"embeddable":true,"href":"https:\/\/witocamprent.pl\/en\/wp-json\/wp\/v2\/comments?post=15019"}],"version-history":[{"count":1,"href":"https:\/\/witocamprent.pl\/en\/wp-json\/wp\/v2\/pages\/15019\/revisions"}],"predecessor-version":[{"id":15235,"href":"https:\/\/witocamprent.pl\/en\/wp-json\/wp\/v2\/pages\/15019\/revisions\/15235"}],"wp:featuredmedia":[{"embeddable":true,"href":"https:\/\/witocamprent.pl\/en\/wp-json\/wp\/v2\/media\/14231"}],"wp:attachment":[{"href":"https:\/\/witocamprent.pl\/en\/wp-json\/wp\/v2\/media?parent=15019"}],"curies":[{"name":"wp","href":"https:\/\/api.w.org\/{rel}","templated":true}]}}