{"id":15022,"date":"2024-09-21T02:56:20","date_gmt":"2024-09-21T01:56:20","guid":{"rendered":"https:\/\/witocamprent.pl\/owocowa-plaza-camping\/"},"modified":"2024-11-09T16:30:45","modified_gmt":"2024-11-09T15:30:45","slug":"owocowa-plaza-camping","status":"publish","type":"page","link":"https:\/\/witocamprent.pl\/en\/owocowa-plaza-camping\/","title":{"rendered":"Owocowa Pla\u017ca &#8211; Camping"},"content":{"rendered":"<p>&nbsp;<\/p>\n<table>\n<tbody>\n<tr>\n<td>Kamping<\/td>\n<td>Owocowa Pla\u017ca<\/td>\n<\/tr>\n<tr>\n<td>Miejscowo\u015b\u0107<\/td>\n<td>Zborowo<\/td>\n<\/tr>\n<tr>\n<td>Wojew\u00f3dztwo<\/td>\n<td>Wielkopolskie<\/td>\n<\/tr>\n<tr>\n<td>Pa\u0144stwo<\/td>\n<td>Polska<\/td>\n<\/tr>\n<tr>\n<td>GPS<\/td>\n<td>52\u00b022&#8217;23.4&#8243;N 16\u00b037&#8217;34.0&#8243;E<\/td>\n<\/tr>\n<\/tbody>\n<\/table>\n<p>&nbsp;<\/p>\n<h2>Opis obiektu &#8211; Owocowa Pla\u017ca<\/h2>\n<p>Owocowa Pla\u017ca: Odwied\u017a owocow\u0105 pla\u017c\u0119 i rozkoszuj si\u0119 doskona\u0142ymi wakacjami nad brzegiem wody! Owocowa pla\u017ca oferuje noclegi w przyczepach campingowych oraz liczne atrakcje wodne, tworz\u0105c idealne miejsce dla rodzin i mi\u0142o\u015bnik\u00f3w wypoczynku nad wod\u0105.<\/p>\n<p>&nbsp;<\/p>\n<h2>Opis miejscowo\u015bci &#8211; Zborowo<\/h2>\n<p>Zborowo to malownicza miejscowo\u015b\u0107 po\u0142o\u017cona nad jeziorem, oferuj\u0105ca doskona\u0142e warunki do w\u0119dkowania, kajakowania i innych form rekreacji wodnej. Mo\u017cna tu tak\u017ce korzysta\u0107 z lokalnych szlak\u00f3w turystycznych i pieszych.<\/p>\n<p>&nbsp;<\/p>\n<p>Twoim celem podr\u00f3\u017cy jest Zborowo? &#8211; Sprawd\u017a nasz\u0105 ofert\u0119 na <strong><a href=\"\/en\/\">wynajem kamper\u00f3w<\/a><\/strong>!<\/p>","protected":false},"excerpt":{"rendered":"<p>&nbsp; Kamping Owocowa Pla\u017ca Miejscowo\u015b\u0107 Zborowo Wojew\u00f3dztwo Wielkopolskie Pa\u0144stwo Polska GPS 52\u00b022&#8217;23.4&#8243;N 16\u00b037&#8217;34.0&#8243;E &nbsp; Opis obiektu &#8211; Owocowa Pla\u017ca Owocowa Pla\u017ca: Odwied\u017a owocow\u0105 pla\u017c\u0119 i rozkoszuj si\u0119 doskona\u0142ymi wakacjami nad brzegiem wody! Owocowa pla\u017ca oferuje noclegi w przyczepach campingowych oraz liczne atrakcje wodne, tworz\u0105c idealne miejsce dla rodzin i mi\u0142o\u015bnik\u00f3w wypoczynku nad wod\u0105. &nbsp; Opis [&hellip;]<\/p>","protected":false},"author":6,"featured_media":14237,"parent":0,"menu_order":0,"comment_status":"open","ping_status":"open","template":"","meta":{"footnotes":""},"class_list":["post-15022","page","type-page","status-publish","has-post-thumbnail","hentry","miasto-zborowo","wojewodztwa-wielkopolskie"],"yoast_head":"<!-- This site is optimized with the Yoast SEO plugin v26.8 - https:\/\/yoast.com\/product\/yoast-seo-wordpress\/ -->\n<title>Owocowa Pla\u017ca - Camping - WITO CampRent<\/title>\n<meta name=\"robots\" content=\"index, follow, max-snippet:-1, max-image-preview:large, max-video-preview:-1\" \/>\n<link rel=\"canonical\" href=\"https:\/\/witocamprent.pl\/en\/owocowa-plaza-camping\/\" \/>\n<meta property=\"og:locale\" content=\"en_US\" \/>\n<meta property=\"og:type\" content=\"article\" \/>\n<meta property=\"og:title\" content=\"Owocowa Pla\u017ca - Camping - WITO CampRent\" \/>\n<meta property=\"og:description\" content=\"&nbsp; Kamping Owocowa Pla\u017ca Miejscowo\u015b\u0107 Zborowo Wojew\u00f3dztwo Wielkopolskie Pa\u0144stwo Polska GPS 52\u00b022&#8217;23.4&#8243;N 16\u00b037&#8217;34.0&#8243;E &nbsp; Opis obiektu &#8211; Owocowa Pla\u017ca Owocowa Pla\u017ca: Odwied\u017a owocow\u0105 pla\u017c\u0119 i rozkoszuj si\u0119 doskona\u0142ymi wakacjami nad brzegiem wody! Owocowa pla\u017ca oferuje noclegi w przyczepach campingowych oraz liczne atrakcje wodne, tworz\u0105c idealne miejsce dla rodzin i mi\u0142o\u015bnik\u00f3w wypoczynku nad wod\u0105. &nbsp; Opis [&hellip;]\" \/>\n<meta property=\"og:url\" content=\"https:\/\/witocamprent.pl\/en\/owocowa-plaza-camping\/\" \/>\n<meta property=\"og:site_name\" content=\"WITO CampRent\" \/>\n<meta property=\"article:modified_time\" content=\"2024-11-09T15:30:45+00:00\" \/>\n<meta property=\"og:image\" content=\"https:\/\/witocamprent.pl\/wp-content\/uploads\/2024\/07\/149.jpg\" \/>\n\t<meta property=\"og:image:width\" content=\"800\" \/>\n\t<meta property=\"og:image:height\" content=\"600\" \/>\n\t<meta property=\"og:image:type\" content=\"image\/jpeg\" \/>\n<meta name=\"twitter:card\" content=\"summary_large_image\" \/>\n<meta name=\"twitter:label1\" content=\"Est. reading time\" \/>\n\t<meta name=\"twitter:data1\" content=\"1 minute\" \/>\n<script type=\"application\/ld+json\" class=\"yoast-schema-graph\">{\"@context\":\"https:\/\/schema.org\",\"@graph\":[{\"@type\":\"WebPage\",\"@id\":\"https:\/\/witocamprent.pl\/owocowa-plaza-camping\/\",\"url\":\"https:\/\/witocamprent.pl\/owocowa-plaza-camping\/\",\"name\":\"Owocowa Pla\u017ca - Camping - WITO CampRent\",\"isPartOf\":{\"@id\":\"https:\/\/witocamprent.pl\/#website\"},\"primaryImageOfPage\":{\"@id\":\"https:\/\/witocamprent.pl\/owocowa-plaza-camping\/#primaryimage\"},\"image\":{\"@id\":\"https:\/\/witocamprent.pl\/owocowa-plaza-camping\/#primaryimage\"},\"thumbnailUrl\":\"https:\/\/witocamprent.pl\/wp-content\/uploads\/2024\/07\/149.jpg\",\"datePublished\":\"2024-09-21T01:56:20+00:00\",\"dateModified\":\"2024-11-09T15:30:45+00:00\",\"breadcrumb\":{\"@id\":\"https:\/\/witocamprent.pl\/owocowa-plaza-camping\/#breadcrumb\"},\"inLanguage\":\"en-US\",\"potentialAction\":[{\"@type\":\"ReadAction\",\"target\":[\"https:\/\/witocamprent.pl\/owocowa-plaza-camping\/\"]}]},{\"@type\":\"ImageObject\",\"inLanguage\":\"en-US\",\"@id\":\"https:\/\/witocamprent.pl\/owocowa-plaza-camping\/#primaryimage\",\"url\":\"https:\/\/witocamprent.pl\/wp-content\/uploads\/2024\/07\/149.jpg\",\"contentUrl\":\"https:\/\/witocamprent.pl\/wp-content\/uploads\/2024\/07\/149.jpg\",\"width\":800,\"height\":600},{\"@type\":\"BreadcrumbList\",\"@id\":\"https:\/\/witocamprent.pl\/owocowa-plaza-camping\/#breadcrumb\",\"itemListElement\":[{\"@type\":\"ListItem\",\"position\":1,\"name\":\"Strona g\u0142\u00f3wna\",\"item\":\"https:\/\/witocamprent.pl\/\"},{\"@type\":\"ListItem\",\"position\":2,\"name\":\"Owocowa Pla\u017ca &#8211; Camping\"}]},{\"@type\":\"WebSite\",\"@id\":\"https:\/\/witocamprent.pl\/#website\",\"url\":\"https:\/\/witocamprent.pl\/\",\"name\":\"WITO CampRent\",\"description\":\"Wynajem camper&oacute;w\",\"potentialAction\":[{\"@type\":\"SearchAction\",\"target\":{\"@type\":\"EntryPoint\",\"urlTemplate\":\"https:\/\/witocamprent.pl\/?s={search_term_string}\"},\"query-input\":{\"@type\":\"PropertyValueSpecification\",\"valueRequired\":true,\"valueName\":\"search_term_string\"}}],\"inLanguage\":\"en-US\"}]}<\/script>\n<!-- \/ Yoast SEO plugin. -->","yoast_head_json":{"title":"Owocowa Pla\u017ca - Camping - WITO CampRent","robots":{"index":"index","follow":"follow","max-snippet":"max-snippet:-1","max-image-preview":"max-image-preview:large","max-video-preview":"max-video-preview:-1"},"canonical":"https:\/\/witocamprent.pl\/en\/owocowa-plaza-camping\/","og_locale":"en_US","og_type":"article","og_title":"Owocowa Pla\u017ca - Camping - WITO CampRent","og_description":"&nbsp; Kamping Owocowa Pla\u017ca Miejscowo\u015b\u0107 Zborowo Wojew\u00f3dztwo Wielkopolskie Pa\u0144stwo Polska GPS 52\u00b022&#8217;23.4&#8243;N 16\u00b037&#8217;34.0&#8243;E &nbsp; Opis obiektu &#8211; Owocowa Pla\u017ca Owocowa Pla\u017ca: Odwied\u017a owocow\u0105 pla\u017c\u0119 i rozkoszuj si\u0119 doskona\u0142ymi wakacjami nad brzegiem wody! Owocowa pla\u017ca oferuje noclegi w przyczepach campingowych oraz liczne atrakcje wodne, tworz\u0105c idealne miejsce dla rodzin i mi\u0142o\u015bnik\u00f3w wypoczynku nad wod\u0105. &nbsp; Opis [&hellip;]","og_url":"https:\/\/witocamprent.pl\/en\/owocowa-plaza-camping\/","og_site_name":"WITO CampRent","article_modified_time":"2024-11-09T15:30:45+00:00","og_image":[{"width":800,"height":600,"url":"https:\/\/witocamprent.pl\/wp-content\/uploads\/2024\/07\/149.jpg","type":"image\/jpeg"}],"twitter_card":"summary_large_image","twitter_misc":{"Est. reading time":"1 minute"},"schema":{"@context":"https:\/\/schema.org","@graph":[{"@type":"WebPage","@id":"https:\/\/witocamprent.pl\/owocowa-plaza-camping\/","url":"https:\/\/witocamprent.pl\/owocowa-plaza-camping\/","name":"Owocowa Pla\u017ca - Camping - WITO CampRent","isPartOf":{"@id":"https:\/\/witocamprent.pl\/#website"},"primaryImageOfPage":{"@id":"https:\/\/witocamprent.pl\/owocowa-plaza-camping\/#primaryimage"},"image":{"@id":"https:\/\/witocamprent.pl\/owocowa-plaza-camping\/#primaryimage"},"thumbnailUrl":"https:\/\/witocamprent.pl\/wp-content\/uploads\/2024\/07\/149.jpg","datePublished":"2024-09-21T01:56:20+00:00","dateModified":"2024-11-09T15:30:45+00:00","breadcrumb":{"@id":"https:\/\/witocamprent.pl\/owocowa-plaza-camping\/#breadcrumb"},"inLanguage":"en-US","potentialAction":[{"@type":"ReadAction","target":["https:\/\/witocamprent.pl\/owocowa-plaza-camping\/"]}]},{"@type":"ImageObject","inLanguage":"en-US","@id":"https:\/\/witocamprent.pl\/owocowa-plaza-camping\/#primaryimage","url":"https:\/\/witocamprent.pl\/wp-content\/uploads\/2024\/07\/149.jpg","contentUrl":"https:\/\/witocamprent.pl\/wp-content\/uploads\/2024\/07\/149.jpg","width":800,"height":600},{"@type":"BreadcrumbList","@id":"https:\/\/witocamprent.pl\/owocowa-plaza-camping\/#breadcrumb","itemListElement":[{"@type":"ListItem","position":1,"name":"Strona g\u0142\u00f3wna","item":"https:\/\/witocamprent.pl\/"},{"@type":"ListItem","position":2,"name":"Owocowa Pla\u017ca &#8211; Camping"}]},{"@type":"WebSite","@id":"https:\/\/witocamprent.pl\/#website","url":"https:\/\/witocamprent.pl\/","name":"WITO CampRent","description":"Wynajem camper&oacute;w","potentialAction":[{"@type":"SearchAction","target":{"@type":"EntryPoint","urlTemplate":"https:\/\/witocamprent.pl\/?s={search_term_string}"},"query-input":{"@type":"PropertyValueSpecification","valueRequired":true,"valueName":"search_term_string"}}],"inLanguage":"en-US"}]}},"_links":{"self":[{"href":"https:\/\/witocamprent.pl\/en\/wp-json\/wp\/v2\/pages\/15022","targetHints":{"allow":["GET"]}}],"collection":[{"href":"https:\/\/witocamprent.pl\/en\/wp-json\/wp\/v2\/pages"}],"about":[{"href":"https:\/\/witocamprent.pl\/en\/wp-json\/wp\/v2\/types\/page"}],"author":[{"embeddable":true,"href":"https:\/\/witocamprent.pl\/en\/wp-json\/wp\/v2\/users\/6"}],"replies":[{"embeddable":true,"href":"https:\/\/witocamprent.pl\/en\/wp-json\/wp\/v2\/comments?post=15022"}],"version-history":[{"count":1,"href":"https:\/\/witocamprent.pl\/en\/wp-json\/wp\/v2\/pages\/15022\/revisions"}],"predecessor-version":[{"id":15238,"href":"https:\/\/witocamprent.pl\/en\/wp-json\/wp\/v2\/pages\/15022\/revisions\/15238"}],"wp:featuredmedia":[{"embeddable":true,"href":"https:\/\/witocamprent.pl\/en\/wp-json\/wp\/v2\/media\/14237"}],"wp:attachment":[{"href":"https:\/\/witocamprent.pl\/en\/wp-json\/wp\/v2\/media?parent=15022"}],"curies":[{"name":"wp","href":"https:\/\/api.w.org\/{rel}","templated":true}]}}