{"id":15025,"date":"2024-10-18T21:23:43","date_gmt":"2024-10-18T20:23:43","guid":{"rendered":"https:\/\/witocamprent.pl\/pod-jabloniami-camping\/"},"modified":"2024-11-09T16:30:46","modified_gmt":"2024-11-09T15:30:46","slug":"pod-jabloniami-camping","status":"publish","type":"page","link":"https:\/\/witocamprent.pl\/en\/pod-jabloniami-camping\/","title":{"rendered":"Pod Jab\u0142oniami &#8211; Camping"},"content":{"rendered":"<p>&nbsp;<\/p>\n<table>\n<tbody>\n<tr>\n<td>Kamping<\/td>\n<td>Pod Jab\u0142oniami<\/td>\n<\/tr>\n<tr>\n<td>Miejscowo\u015b\u0107<\/td>\n<td>Jaworzno<\/td>\n<\/tr>\n<tr>\n<td>Wojew\u00f3dztwo<\/td>\n<td>Podkarpackie<\/td>\n<\/tr>\n<tr>\n<td>Pa\u0144stwo<\/td>\n<td>Polska<\/td>\n<\/tr>\n<tr>\n<td>GPS<\/td>\n<td>49\u00b027&#8217;15&#8221;N,20\u00b038&#8217;5&#8221;E<\/td>\n<\/tr>\n<\/tbody>\n<\/table>\n<p>&nbsp;<\/p>\n<h2>Opis obiektu &#8211; Pod Jab\u0142oniami<\/h2>\n<p>O\u015brodek Wypoczynkowy Pod Jab\u0142oniami w Jaworznie: To miejsce na wypoczynek w g\u00f3rach, nad rzek\u0105, z bogat\u0105 ofert\u0105 atrakcji i mo\u017cliwo\u015bci\u0105 uprawiania sport\u00f3w wodnych. Go\u015bcie mog\u0105 cieszy\u0107 si\u0119 aktywnym wypoczynkiem i relaksem w otoczeniu przyrody.<\/p>\n<p>&nbsp;<\/p>\n<h2>Opis miejscowo\u015bci &#8211; Jaworzno<\/h2>\n<p>Jaworzno to urocza miejscowo\u015b\u0107 po\u0142o\u017cona w g\u00f3rach, otoczona pi\u0119kn\u0105 przyrod\u0105 i lasami. To doskona\u0142e miejsce dla mi\u0142o\u015bnik\u00f3w g\u00f3rskich w\u0119dr\u00f3wek i aktywnego wypoczynku.<\/p>\n<p>&nbsp;<\/p>\n<p>Twoim celem podr\u00f3\u017cy jest Jaworzno? &#8211; Sprawd\u017a nasz\u0105 ofert\u0119 na <strong><a href=\"\/en\/\">wynajem kamper\u00f3w<\/a><\/strong>!<\/p>","protected":false},"excerpt":{"rendered":"<p>&nbsp; Kamping Pod Jab\u0142oniami Miejscowo\u015b\u0107 Jaworzno Wojew\u00f3dztwo Podkarpackie Pa\u0144stwo Polska GPS 49\u00b027&#8217;15&#8221;N,20\u00b038&#8217;5&#8221;E &nbsp; Opis obiektu &#8211; Pod Jab\u0142oniami O\u015brodek Wypoczynkowy Pod Jab\u0142oniami w Jaworznie: To miejsce na wypoczynek w g\u00f3rach, nad rzek\u0105, z bogat\u0105 ofert\u0105 atrakcji i mo\u017cliwo\u015bci\u0105 uprawiania sport\u00f3w wodnych. Go\u015bcie mog\u0105 cieszy\u0107 si\u0119 aktywnym wypoczynkiem i relaksem w otoczeniu przyrody. &nbsp; Opis miejscowo\u015bci [&hellip;]<\/p>","protected":false},"author":6,"featured_media":14243,"parent":0,"menu_order":0,"comment_status":"open","ping_status":"open","template":"","meta":{"footnotes":""},"class_list":["post-15025","page","type-page","status-publish","has-post-thumbnail","hentry","miasto-jaworzno","wojewodztwa-podkarpackie"],"yoast_head":"<!-- This site is optimized with the Yoast SEO plugin v26.8 - https:\/\/yoast.com\/product\/yoast-seo-wordpress\/ -->\n<title>Pod Jab\u0142oniami - Camping - WITO CampRent<\/title>\n<meta name=\"robots\" content=\"index, follow, max-snippet:-1, max-image-preview:large, max-video-preview:-1\" \/>\n<link rel=\"canonical\" href=\"https:\/\/witocamprent.pl\/en\/pod-jabloniami-camping\/\" \/>\n<meta property=\"og:locale\" content=\"en_US\" \/>\n<meta property=\"og:type\" content=\"article\" \/>\n<meta property=\"og:title\" content=\"Pod Jab\u0142oniami - Camping - WITO CampRent\" \/>\n<meta property=\"og:description\" content=\"&nbsp; Kamping Pod Jab\u0142oniami Miejscowo\u015b\u0107 Jaworzno Wojew\u00f3dztwo Podkarpackie Pa\u0144stwo Polska GPS 49\u00b027&#8217;15&#8221;N,20\u00b038&#8217;5&#8221;E &nbsp; Opis obiektu &#8211; Pod Jab\u0142oniami O\u015brodek Wypoczynkowy Pod Jab\u0142oniami w Jaworznie: To miejsce na wypoczynek w g\u00f3rach, nad rzek\u0105, z bogat\u0105 ofert\u0105 atrakcji i mo\u017cliwo\u015bci\u0105 uprawiania sport\u00f3w wodnych. Go\u015bcie mog\u0105 cieszy\u0107 si\u0119 aktywnym wypoczynkiem i relaksem w otoczeniu przyrody. &nbsp; Opis miejscowo\u015bci [&hellip;]\" \/>\n<meta property=\"og:url\" content=\"https:\/\/witocamprent.pl\/en\/pod-jabloniami-camping\/\" \/>\n<meta property=\"og:site_name\" content=\"WITO CampRent\" \/>\n<meta property=\"article:modified_time\" content=\"2024-11-09T15:30:46+00:00\" \/>\n<meta property=\"og:image\" content=\"https:\/\/witocamprent.pl\/wp-content\/uploads\/2024\/07\/152.jpg\" \/>\n\t<meta property=\"og:image:width\" content=\"800\" \/>\n\t<meta property=\"og:image:height\" content=\"600\" \/>\n\t<meta property=\"og:image:type\" content=\"image\/jpeg\" \/>\n<meta name=\"twitter:card\" content=\"summary_large_image\" \/>\n<meta name=\"twitter:label1\" content=\"Est. reading time\" \/>\n\t<meta name=\"twitter:data1\" content=\"1 minute\" \/>\n<script type=\"application\/ld+json\" class=\"yoast-schema-graph\">{\"@context\":\"https:\/\/schema.org\",\"@graph\":[{\"@type\":\"WebPage\",\"@id\":\"https:\/\/witocamprent.pl\/pod-jabloniami-camping\/\",\"url\":\"https:\/\/witocamprent.pl\/pod-jabloniami-camping\/\",\"name\":\"Pod Jab\u0142oniami - Camping - WITO CampRent\",\"isPartOf\":{\"@id\":\"https:\/\/witocamprent.pl\/#website\"},\"primaryImageOfPage\":{\"@id\":\"https:\/\/witocamprent.pl\/pod-jabloniami-camping\/#primaryimage\"},\"image\":{\"@id\":\"https:\/\/witocamprent.pl\/pod-jabloniami-camping\/#primaryimage\"},\"thumbnailUrl\":\"https:\/\/witocamprent.pl\/wp-content\/uploads\/2024\/07\/152.jpg\",\"datePublished\":\"2024-10-18T20:23:43+00:00\",\"dateModified\":\"2024-11-09T15:30:46+00:00\",\"breadcrumb\":{\"@id\":\"https:\/\/witocamprent.pl\/pod-jabloniami-camping\/#breadcrumb\"},\"inLanguage\":\"en-US\",\"potentialAction\":[{\"@type\":\"ReadAction\",\"target\":[\"https:\/\/witocamprent.pl\/pod-jabloniami-camping\/\"]}]},{\"@type\":\"ImageObject\",\"inLanguage\":\"en-US\",\"@id\":\"https:\/\/witocamprent.pl\/pod-jabloniami-camping\/#primaryimage\",\"url\":\"https:\/\/witocamprent.pl\/wp-content\/uploads\/2024\/07\/152.jpg\",\"contentUrl\":\"https:\/\/witocamprent.pl\/wp-content\/uploads\/2024\/07\/152.jpg\",\"width\":800,\"height\":600},{\"@type\":\"BreadcrumbList\",\"@id\":\"https:\/\/witocamprent.pl\/pod-jabloniami-camping\/#breadcrumb\",\"itemListElement\":[{\"@type\":\"ListItem\",\"position\":1,\"name\":\"Strona g\u0142\u00f3wna\",\"item\":\"https:\/\/witocamprent.pl\/\"},{\"@type\":\"ListItem\",\"position\":2,\"name\":\"Pod Jab\u0142oniami &#8211; Camping\"}]},{\"@type\":\"WebSite\",\"@id\":\"https:\/\/witocamprent.pl\/#website\",\"url\":\"https:\/\/witocamprent.pl\/\",\"name\":\"WITO CampRent\",\"description\":\"Wynajem camper&oacute;w\",\"potentialAction\":[{\"@type\":\"SearchAction\",\"target\":{\"@type\":\"EntryPoint\",\"urlTemplate\":\"https:\/\/witocamprent.pl\/?s={search_term_string}\"},\"query-input\":{\"@type\":\"PropertyValueSpecification\",\"valueRequired\":true,\"valueName\":\"search_term_string\"}}],\"inLanguage\":\"en-US\"}]}<\/script>\n<!-- \/ Yoast SEO plugin. -->","yoast_head_json":{"title":"Pod Jab\u0142oniami - Camping - WITO CampRent","robots":{"index":"index","follow":"follow","max-snippet":"max-snippet:-1","max-image-preview":"max-image-preview:large","max-video-preview":"max-video-preview:-1"},"canonical":"https:\/\/witocamprent.pl\/en\/pod-jabloniami-camping\/","og_locale":"en_US","og_type":"article","og_title":"Pod Jab\u0142oniami - Camping - WITO CampRent","og_description":"&nbsp; Kamping Pod Jab\u0142oniami Miejscowo\u015b\u0107 Jaworzno Wojew\u00f3dztwo Podkarpackie Pa\u0144stwo Polska GPS 49\u00b027&#8217;15&#8221;N,20\u00b038&#8217;5&#8221;E &nbsp; Opis obiektu &#8211; Pod Jab\u0142oniami O\u015brodek Wypoczynkowy Pod Jab\u0142oniami w Jaworznie: To miejsce na wypoczynek w g\u00f3rach, nad rzek\u0105, z bogat\u0105 ofert\u0105 atrakcji i mo\u017cliwo\u015bci\u0105 uprawiania sport\u00f3w wodnych. Go\u015bcie mog\u0105 cieszy\u0107 si\u0119 aktywnym wypoczynkiem i relaksem w otoczeniu przyrody. &nbsp; Opis miejscowo\u015bci [&hellip;]","og_url":"https:\/\/witocamprent.pl\/en\/pod-jabloniami-camping\/","og_site_name":"WITO CampRent","article_modified_time":"2024-11-09T15:30:46+00:00","og_image":[{"width":800,"height":600,"url":"https:\/\/witocamprent.pl\/wp-content\/uploads\/2024\/07\/152.jpg","type":"image\/jpeg"}],"twitter_card":"summary_large_image","twitter_misc":{"Est. reading time":"1 minute"},"schema":{"@context":"https:\/\/schema.org","@graph":[{"@type":"WebPage","@id":"https:\/\/witocamprent.pl\/pod-jabloniami-camping\/","url":"https:\/\/witocamprent.pl\/pod-jabloniami-camping\/","name":"Pod Jab\u0142oniami - Camping - WITO CampRent","isPartOf":{"@id":"https:\/\/witocamprent.pl\/#website"},"primaryImageOfPage":{"@id":"https:\/\/witocamprent.pl\/pod-jabloniami-camping\/#primaryimage"},"image":{"@id":"https:\/\/witocamprent.pl\/pod-jabloniami-camping\/#primaryimage"},"thumbnailUrl":"https:\/\/witocamprent.pl\/wp-content\/uploads\/2024\/07\/152.jpg","datePublished":"2024-10-18T20:23:43+00:00","dateModified":"2024-11-09T15:30:46+00:00","breadcrumb":{"@id":"https:\/\/witocamprent.pl\/pod-jabloniami-camping\/#breadcrumb"},"inLanguage":"en-US","potentialAction":[{"@type":"ReadAction","target":["https:\/\/witocamprent.pl\/pod-jabloniami-camping\/"]}]},{"@type":"ImageObject","inLanguage":"en-US","@id":"https:\/\/witocamprent.pl\/pod-jabloniami-camping\/#primaryimage","url":"https:\/\/witocamprent.pl\/wp-content\/uploads\/2024\/07\/152.jpg","contentUrl":"https:\/\/witocamprent.pl\/wp-content\/uploads\/2024\/07\/152.jpg","width":800,"height":600},{"@type":"BreadcrumbList","@id":"https:\/\/witocamprent.pl\/pod-jabloniami-camping\/#breadcrumb","itemListElement":[{"@type":"ListItem","position":1,"name":"Strona g\u0142\u00f3wna","item":"https:\/\/witocamprent.pl\/"},{"@type":"ListItem","position":2,"name":"Pod Jab\u0142oniami &#8211; Camping"}]},{"@type":"WebSite","@id":"https:\/\/witocamprent.pl\/#website","url":"https:\/\/witocamprent.pl\/","name":"WITO CampRent","description":"Wynajem camper&oacute;w","potentialAction":[{"@type":"SearchAction","target":{"@type":"EntryPoint","urlTemplate":"https:\/\/witocamprent.pl\/?s={search_term_string}"},"query-input":{"@type":"PropertyValueSpecification","valueRequired":true,"valueName":"search_term_string"}}],"inLanguage":"en-US"}]}},"_links":{"self":[{"href":"https:\/\/witocamprent.pl\/en\/wp-json\/wp\/v2\/pages\/15025","targetHints":{"allow":["GET"]}}],"collection":[{"href":"https:\/\/witocamprent.pl\/en\/wp-json\/wp\/v2\/pages"}],"about":[{"href":"https:\/\/witocamprent.pl\/en\/wp-json\/wp\/v2\/types\/page"}],"author":[{"embeddable":true,"href":"https:\/\/witocamprent.pl\/en\/wp-json\/wp\/v2\/users\/6"}],"replies":[{"embeddable":true,"href":"https:\/\/witocamprent.pl\/en\/wp-json\/wp\/v2\/comments?post=15025"}],"version-history":[{"count":1,"href":"https:\/\/witocamprent.pl\/en\/wp-json\/wp\/v2\/pages\/15025\/revisions"}],"predecessor-version":[{"id":15241,"href":"https:\/\/witocamprent.pl\/en\/wp-json\/wp\/v2\/pages\/15025\/revisions\/15241"}],"wp:featuredmedia":[{"embeddable":true,"href":"https:\/\/witocamprent.pl\/en\/wp-json\/wp\/v2\/media\/14243"}],"wp:attachment":[{"href":"https:\/\/witocamprent.pl\/en\/wp-json\/wp\/v2\/media?parent=15025"}],"curies":[{"name":"wp","href":"https:\/\/api.w.org\/{rel}","templated":true}]}}