{"id":15029,"date":"2024-09-26T14:36:17","date_gmt":"2024-09-26T13:36:17","guid":{"rendered":"https:\/\/witocamprent.pl\/pole-biwakowe-salamonowo-camping\/"},"modified":"2024-11-09T16:30:48","modified_gmt":"2024-11-09T15:30:48","slug":"pole-biwakowe-salamonowo-camping","status":"publish","type":"page","link":"https:\/\/witocamprent.pl\/en\/pole-biwakowe-salamonowo-camping\/","title":{"rendered":"Pole Biwakowe Salamonowo &#8211; Camping"},"content":{"rendered":"<p>&nbsp;<\/p>\n<table>\n<tbody>\n<tr>\n<td>Kamping<\/td>\n<td>Pole Biwakowe Salamonowo<\/td>\n<\/tr>\n<tr>\n<td>Miejscowo\u015b\u0107<\/td>\n<td>Ostrowite<\/td>\n<\/tr>\n<tr>\n<td>Wojew\u00f3dztwo<\/td>\n<td>Wielkopolskie<\/td>\n<\/tr>\n<tr>\n<td>Pa\u0144stwo<\/td>\n<td>Polska<\/td>\n<\/tr>\n<tr>\n<td>GPS<\/td>\n<td>52\u00b026&#8217;14.8&#8243;N 18\u00b002&#8217;42.5&#8243;E<\/td>\n<\/tr>\n<\/tbody>\n<\/table>\n<p>&nbsp;<\/p>\n<h2>Opis obiektu &#8211; Pole Biwakowe Salamonowo<\/h2>\n<p>Pole Biwakowe Salamonowo, po\u0142o\u017cone nad jeziorem, to pole biwakowe oferuje przyjemny wypoczynek w otoczeniu natury. Z udogodnie\u0144 mo\u017cna korzysta\u0107, przyje\u017cd\u017caj\u0105c z psem, a tak\u017ce korzystaj\u0105c z pla\u017cy, sklepu spo\u017cywczego, restauracji oraz bezp\u0142atnego prysznica i toalet.<\/p>\n<p>&nbsp;<\/p>\n<h2>Opis miejscowo\u015bci &#8211; Ostrowite<\/h2>\n<p>Ostrowite to malownicza miejscowo\u015b\u0107 po\u0142o\u017cona w otoczeniu las\u00f3w i jezior, idealna dla mi\u0142o\u015bnik\u00f3w aktywnego wypoczynku na \u0142onie natury oraz w\u0119dkarstwa.<\/p>\n<p>&nbsp;<\/p>\n<p>Twoim celem podr\u00f3\u017cy jest Ostrowite? &#8211; Sprawd\u017a nasz\u0105 ofert\u0119 na <strong><a href=\"\/en\/\">wynajem kamper\u00f3w<\/a><\/strong>!<\/p>","protected":false},"excerpt":{"rendered":"<p>&nbsp; Kamping Pole Biwakowe Salamonowo Miejscowo\u015b\u0107 Ostrowite Wojew\u00f3dztwo Wielkopolskie Pa\u0144stwo Polska GPS 52\u00b026&#8217;14.8&#8243;N 18\u00b002&#8217;42.5&#8243;E &nbsp; Opis obiektu &#8211; Pole Biwakowe Salamonowo Pole Biwakowe Salamonowo, po\u0142o\u017cone nad jeziorem, to pole biwakowe oferuje przyjemny wypoczynek w otoczeniu natury. Z udogodnie\u0144 mo\u017cna korzysta\u0107, przyje\u017cd\u017caj\u0105c z psem, a tak\u017ce korzystaj\u0105c z pla\u017cy, sklepu spo\u017cywczego, restauracji oraz bezp\u0142atnego prysznica i [&hellip;]<\/p>","protected":false},"author":6,"featured_media":14251,"parent":0,"menu_order":0,"comment_status":"open","ping_status":"open","template":"","meta":{"footnotes":""},"class_list":["post-15029","page","type-page","status-publish","has-post-thumbnail","hentry","miasto-ostrowite","wojewodztwa-wielkopolskie"],"yoast_head":"<!-- This site is optimized with the Yoast SEO plugin v26.8 - https:\/\/yoast.com\/product\/yoast-seo-wordpress\/ -->\n<title>Pole Biwakowe Salamonowo - Camping - WITO CampRent<\/title>\n<meta name=\"robots\" content=\"index, follow, max-snippet:-1, max-image-preview:large, max-video-preview:-1\" \/>\n<link rel=\"canonical\" href=\"https:\/\/witocamprent.pl\/en\/pole-biwakowe-salamonowo-camping\/\" \/>\n<meta property=\"og:locale\" content=\"en_US\" \/>\n<meta property=\"og:type\" content=\"article\" \/>\n<meta property=\"og:title\" content=\"Pole Biwakowe Salamonowo - Camping - WITO CampRent\" \/>\n<meta property=\"og:description\" content=\"&nbsp; Kamping Pole Biwakowe Salamonowo Miejscowo\u015b\u0107 Ostrowite Wojew\u00f3dztwo Wielkopolskie Pa\u0144stwo Polska GPS 52\u00b026&#8217;14.8&#8243;N 18\u00b002&#8217;42.5&#8243;E &nbsp; Opis obiektu &#8211; Pole Biwakowe Salamonowo Pole Biwakowe Salamonowo, po\u0142o\u017cone nad jeziorem, to pole biwakowe oferuje przyjemny wypoczynek w otoczeniu natury. Z udogodnie\u0144 mo\u017cna korzysta\u0107, przyje\u017cd\u017caj\u0105c z psem, a tak\u017ce korzystaj\u0105c z pla\u017cy, sklepu spo\u017cywczego, restauracji oraz bezp\u0142atnego prysznica i [&hellip;]\" \/>\n<meta property=\"og:url\" content=\"https:\/\/witocamprent.pl\/en\/pole-biwakowe-salamonowo-camping\/\" \/>\n<meta property=\"og:site_name\" content=\"WITO CampRent\" \/>\n<meta property=\"article:modified_time\" content=\"2024-11-09T15:30:48+00:00\" \/>\n<meta property=\"og:image\" content=\"https:\/\/witocamprent.pl\/wp-content\/uploads\/2024\/07\/156.jpg\" \/>\n\t<meta property=\"og:image:width\" content=\"800\" \/>\n\t<meta property=\"og:image:height\" content=\"600\" \/>\n\t<meta property=\"og:image:type\" content=\"image\/jpeg\" \/>\n<meta name=\"twitter:card\" content=\"summary_large_image\" \/>\n<meta name=\"twitter:label1\" content=\"Est. reading time\" \/>\n\t<meta name=\"twitter:data1\" content=\"1 minute\" \/>\n<script type=\"application\/ld+json\" class=\"yoast-schema-graph\">{\"@context\":\"https:\/\/schema.org\",\"@graph\":[{\"@type\":\"WebPage\",\"@id\":\"https:\/\/witocamprent.pl\/pole-biwakowe-salamonowo-camping\/\",\"url\":\"https:\/\/witocamprent.pl\/pole-biwakowe-salamonowo-camping\/\",\"name\":\"Pole Biwakowe Salamonowo - Camping - WITO CampRent\",\"isPartOf\":{\"@id\":\"https:\/\/witocamprent.pl\/#website\"},\"primaryImageOfPage\":{\"@id\":\"https:\/\/witocamprent.pl\/pole-biwakowe-salamonowo-camping\/#primaryimage\"},\"image\":{\"@id\":\"https:\/\/witocamprent.pl\/pole-biwakowe-salamonowo-camping\/#primaryimage\"},\"thumbnailUrl\":\"https:\/\/witocamprent.pl\/wp-content\/uploads\/2024\/07\/156.jpg\",\"datePublished\":\"2024-09-26T13:36:17+00:00\",\"dateModified\":\"2024-11-09T15:30:48+00:00\",\"breadcrumb\":{\"@id\":\"https:\/\/witocamprent.pl\/pole-biwakowe-salamonowo-camping\/#breadcrumb\"},\"inLanguage\":\"en-US\",\"potentialAction\":[{\"@type\":\"ReadAction\",\"target\":[\"https:\/\/witocamprent.pl\/pole-biwakowe-salamonowo-camping\/\"]}]},{\"@type\":\"ImageObject\",\"inLanguage\":\"en-US\",\"@id\":\"https:\/\/witocamprent.pl\/pole-biwakowe-salamonowo-camping\/#primaryimage\",\"url\":\"https:\/\/witocamprent.pl\/wp-content\/uploads\/2024\/07\/156.jpg\",\"contentUrl\":\"https:\/\/witocamprent.pl\/wp-content\/uploads\/2024\/07\/156.jpg\",\"width\":800,\"height\":600},{\"@type\":\"BreadcrumbList\",\"@id\":\"https:\/\/witocamprent.pl\/pole-biwakowe-salamonowo-camping\/#breadcrumb\",\"itemListElement\":[{\"@type\":\"ListItem\",\"position\":1,\"name\":\"Strona g\u0142\u00f3wna\",\"item\":\"https:\/\/witocamprent.pl\/\"},{\"@type\":\"ListItem\",\"position\":2,\"name\":\"Pole Biwakowe Salamonowo &#8211; Camping\"}]},{\"@type\":\"WebSite\",\"@id\":\"https:\/\/witocamprent.pl\/#website\",\"url\":\"https:\/\/witocamprent.pl\/\",\"name\":\"WITO CampRent\",\"description\":\"Wynajem camper&oacute;w\",\"potentialAction\":[{\"@type\":\"SearchAction\",\"target\":{\"@type\":\"EntryPoint\",\"urlTemplate\":\"https:\/\/witocamprent.pl\/?s={search_term_string}\"},\"query-input\":{\"@type\":\"PropertyValueSpecification\",\"valueRequired\":true,\"valueName\":\"search_term_string\"}}],\"inLanguage\":\"en-US\"}]}<\/script>\n<!-- \/ Yoast SEO plugin. -->","yoast_head_json":{"title":"Pole Biwakowe Salamonowo - Camping - WITO CampRent","robots":{"index":"index","follow":"follow","max-snippet":"max-snippet:-1","max-image-preview":"max-image-preview:large","max-video-preview":"max-video-preview:-1"},"canonical":"https:\/\/witocamprent.pl\/en\/pole-biwakowe-salamonowo-camping\/","og_locale":"en_US","og_type":"article","og_title":"Pole Biwakowe Salamonowo - Camping - WITO CampRent","og_description":"&nbsp; Kamping Pole Biwakowe Salamonowo Miejscowo\u015b\u0107 Ostrowite Wojew\u00f3dztwo Wielkopolskie Pa\u0144stwo Polska GPS 52\u00b026&#8217;14.8&#8243;N 18\u00b002&#8217;42.5&#8243;E &nbsp; Opis obiektu &#8211; Pole Biwakowe Salamonowo Pole Biwakowe Salamonowo, po\u0142o\u017cone nad jeziorem, to pole biwakowe oferuje przyjemny wypoczynek w otoczeniu natury. Z udogodnie\u0144 mo\u017cna korzysta\u0107, przyje\u017cd\u017caj\u0105c z psem, a tak\u017ce korzystaj\u0105c z pla\u017cy, sklepu spo\u017cywczego, restauracji oraz bezp\u0142atnego prysznica i [&hellip;]","og_url":"https:\/\/witocamprent.pl\/en\/pole-biwakowe-salamonowo-camping\/","og_site_name":"WITO CampRent","article_modified_time":"2024-11-09T15:30:48+00:00","og_image":[{"width":800,"height":600,"url":"https:\/\/witocamprent.pl\/wp-content\/uploads\/2024\/07\/156.jpg","type":"image\/jpeg"}],"twitter_card":"summary_large_image","twitter_misc":{"Est. reading time":"1 minute"},"schema":{"@context":"https:\/\/schema.org","@graph":[{"@type":"WebPage","@id":"https:\/\/witocamprent.pl\/pole-biwakowe-salamonowo-camping\/","url":"https:\/\/witocamprent.pl\/pole-biwakowe-salamonowo-camping\/","name":"Pole Biwakowe Salamonowo - Camping - WITO CampRent","isPartOf":{"@id":"https:\/\/witocamprent.pl\/#website"},"primaryImageOfPage":{"@id":"https:\/\/witocamprent.pl\/pole-biwakowe-salamonowo-camping\/#primaryimage"},"image":{"@id":"https:\/\/witocamprent.pl\/pole-biwakowe-salamonowo-camping\/#primaryimage"},"thumbnailUrl":"https:\/\/witocamprent.pl\/wp-content\/uploads\/2024\/07\/156.jpg","datePublished":"2024-09-26T13:36:17+00:00","dateModified":"2024-11-09T15:30:48+00:00","breadcrumb":{"@id":"https:\/\/witocamprent.pl\/pole-biwakowe-salamonowo-camping\/#breadcrumb"},"inLanguage":"en-US","potentialAction":[{"@type":"ReadAction","target":["https:\/\/witocamprent.pl\/pole-biwakowe-salamonowo-camping\/"]}]},{"@type":"ImageObject","inLanguage":"en-US","@id":"https:\/\/witocamprent.pl\/pole-biwakowe-salamonowo-camping\/#primaryimage","url":"https:\/\/witocamprent.pl\/wp-content\/uploads\/2024\/07\/156.jpg","contentUrl":"https:\/\/witocamprent.pl\/wp-content\/uploads\/2024\/07\/156.jpg","width":800,"height":600},{"@type":"BreadcrumbList","@id":"https:\/\/witocamprent.pl\/pole-biwakowe-salamonowo-camping\/#breadcrumb","itemListElement":[{"@type":"ListItem","position":1,"name":"Strona g\u0142\u00f3wna","item":"https:\/\/witocamprent.pl\/"},{"@type":"ListItem","position":2,"name":"Pole Biwakowe Salamonowo &#8211; Camping"}]},{"@type":"WebSite","@id":"https:\/\/witocamprent.pl\/#website","url":"https:\/\/witocamprent.pl\/","name":"WITO CampRent","description":"Wynajem camper&oacute;w","potentialAction":[{"@type":"SearchAction","target":{"@type":"EntryPoint","urlTemplate":"https:\/\/witocamprent.pl\/?s={search_term_string}"},"query-input":{"@type":"PropertyValueSpecification","valueRequired":true,"valueName":"search_term_string"}}],"inLanguage":"en-US"}]}},"_links":{"self":[{"href":"https:\/\/witocamprent.pl\/en\/wp-json\/wp\/v2\/pages\/15029","targetHints":{"allow":["GET"]}}],"collection":[{"href":"https:\/\/witocamprent.pl\/en\/wp-json\/wp\/v2\/pages"}],"about":[{"href":"https:\/\/witocamprent.pl\/en\/wp-json\/wp\/v2\/types\/page"}],"author":[{"embeddable":true,"href":"https:\/\/witocamprent.pl\/en\/wp-json\/wp\/v2\/users\/6"}],"replies":[{"embeddable":true,"href":"https:\/\/witocamprent.pl\/en\/wp-json\/wp\/v2\/comments?post=15029"}],"version-history":[{"count":1,"href":"https:\/\/witocamprent.pl\/en\/wp-json\/wp\/v2\/pages\/15029\/revisions"}],"predecessor-version":[{"id":15245,"href":"https:\/\/witocamprent.pl\/en\/wp-json\/wp\/v2\/pages\/15029\/revisions\/15245"}],"wp:featuredmedia":[{"embeddable":true,"href":"https:\/\/witocamprent.pl\/en\/wp-json\/wp\/v2\/media\/14251"}],"wp:attachment":[{"href":"https:\/\/witocamprent.pl\/en\/wp-json\/wp\/v2\/media?parent=15029"}],"curies":[{"name":"wp","href":"https:\/\/api.w.org\/{rel}","templated":true}]}}