{"id":15030,"date":"2024-11-09T13:27:40","date_gmt":"2024-11-09T12:27:40","guid":{"rendered":"https:\/\/witocamprent.pl\/pole-kempingowe-u-marty-camping\/"},"modified":"2024-11-09T16:30:49","modified_gmt":"2024-11-09T15:30:49","slug":"pole-kempingowe-u-marty-camping","status":"publish","type":"page","link":"https:\/\/witocamprent.pl\/en\/pole-kempingowe-u-marty-camping\/","title":{"rendered":"Pole kempingowe u Marty &#8211; Camping"},"content":{"rendered":"<p>&nbsp;<\/p>\n<table>\n<tbody>\n<tr>\n<td>Kamping<\/td>\n<td>Pole kempingowe u Marty<\/td>\n<\/tr>\n<tr>\n<td>Miejscowo\u015b\u0107<\/td>\n<td>Bia\u0142orzeczka<\/td>\n<\/tr>\n<tr>\n<td>Wojew\u00f3dztwo<\/td>\n<td>Podlaskie<\/td>\n<\/tr>\n<tr>\n<td>Pa\u0144stwo<\/td>\n<td>Polska<\/td>\n<\/tr>\n<tr>\n<td>GPS<\/td>\n<td>54\u00b02&#8217;39&#8221;N,23\u00b018&#8217;9&#8221;E<\/td>\n<\/tr>\n<\/tbody>\n<\/table>\n<p>&nbsp;<\/p>\n<h2>Opis obiektu &#8211; Pole kempingowe u Marty<\/h2>\n<p>Pole Kempingowe u Marty w Podlaskim w Bia\u0142orzeczce to miejsce czynne w sezonie, po\u0142o\u017cone nad jeziorem lub rzek\u0105. Zapewnia k\u0105pielisko, wypo\u017cyczalni\u0119 sprz\u0119tu wodnego oraz monitorowany teren z \u015bwietlic\u0105 z telewizorem.<\/p>\n<p>&nbsp;<\/p>\n<h2>Opis miejscowo\u015bci &#8211; Bia\u0142orzeczka<\/h2>\n<p>Bia\u0142orzecka &#8211; malownicza miejscowo\u015b\u0107 nad rzek\u0105, otoczona lasami i polami, idealna dla mi\u0142o\u015bnik\u00f3w spokojnego wypoczynku na \u0142onie natury.<\/p>\n<p>&nbsp;<\/p>\n<p>Twoim celem podr\u00f3\u017cy jest Bia\u0142orzeczka? &#8211; Sprawd\u017a nasz\u0105 ofert\u0119 na <strong><a href=\"\/en\/\">wynajem kamper\u00f3w<\/a><\/strong>!<\/p>","protected":false},"excerpt":{"rendered":"<p>&nbsp; Kamping Pole kempingowe u Marty Miejscowo\u015b\u0107 Bia\u0142orzeczka Wojew\u00f3dztwo Podlaskie Pa\u0144stwo Polska GPS 54\u00b02&#8217;39&#8221;N,23\u00b018&#8217;9&#8221;E &nbsp; Opis obiektu &#8211; Pole kempingowe u Marty Pole Kempingowe u Marty w Podlaskim w Bia\u0142orzeczce to miejsce czynne w sezonie, po\u0142o\u017cone nad jeziorem lub rzek\u0105. Zapewnia k\u0105pielisko, wypo\u017cyczalni\u0119 sprz\u0119tu wodnego oraz monitorowany teren z \u015bwietlic\u0105 z telewizorem. &nbsp; Opis miejscowo\u015bci [&hellip;]<\/p>","protected":false},"author":6,"featured_media":14253,"parent":0,"menu_order":0,"comment_status":"open","ping_status":"open","template":"","meta":{"footnotes":""},"class_list":["post-15030","page","type-page","status-publish","has-post-thumbnail","hentry","miasto-bialorzeczka","wojewodztwa-podlaskie"],"yoast_head":"<!-- This site is optimized with the Yoast SEO plugin v26.8 - https:\/\/yoast.com\/product\/yoast-seo-wordpress\/ -->\n<title>Pole kempingowe u Marty - Camping - WITO CampRent<\/title>\n<meta name=\"robots\" content=\"index, follow, max-snippet:-1, max-image-preview:large, max-video-preview:-1\" \/>\n<link rel=\"canonical\" href=\"https:\/\/witocamprent.pl\/en\/pole-kempingowe-u-marty-camping\/\" \/>\n<meta property=\"og:locale\" content=\"en_US\" \/>\n<meta property=\"og:type\" content=\"article\" \/>\n<meta property=\"og:title\" content=\"Pole kempingowe u Marty - Camping - WITO CampRent\" \/>\n<meta property=\"og:description\" content=\"&nbsp; Kamping Pole kempingowe u Marty Miejscowo\u015b\u0107 Bia\u0142orzeczka Wojew\u00f3dztwo Podlaskie Pa\u0144stwo Polska GPS 54\u00b02&#8217;39&#8221;N,23\u00b018&#8217;9&#8221;E &nbsp; Opis obiektu &#8211; Pole kempingowe u Marty Pole Kempingowe u Marty w Podlaskim w Bia\u0142orzeczce to miejsce czynne w sezonie, po\u0142o\u017cone nad jeziorem lub rzek\u0105. Zapewnia k\u0105pielisko, wypo\u017cyczalni\u0119 sprz\u0119tu wodnego oraz monitorowany teren z \u015bwietlic\u0105 z telewizorem. &nbsp; Opis miejscowo\u015bci [&hellip;]\" \/>\n<meta property=\"og:url\" content=\"https:\/\/witocamprent.pl\/en\/pole-kempingowe-u-marty-camping\/\" \/>\n<meta property=\"og:site_name\" content=\"WITO CampRent\" \/>\n<meta property=\"article:modified_time\" content=\"2024-11-09T15:30:49+00:00\" \/>\n<meta property=\"og:image\" content=\"https:\/\/witocamprent.pl\/wp-content\/uploads\/2024\/07\/157.jpg\" \/>\n\t<meta property=\"og:image:width\" content=\"800\" \/>\n\t<meta property=\"og:image:height\" content=\"600\" \/>\n\t<meta property=\"og:image:type\" content=\"image\/jpeg\" \/>\n<meta name=\"twitter:card\" content=\"summary_large_image\" \/>\n<meta name=\"twitter:label1\" content=\"Est. reading time\" \/>\n\t<meta name=\"twitter:data1\" content=\"1 minute\" \/>\n<script type=\"application\/ld+json\" class=\"yoast-schema-graph\">{\"@context\":\"https:\/\/schema.org\",\"@graph\":[{\"@type\":\"WebPage\",\"@id\":\"https:\/\/witocamprent.pl\/pole-kempingowe-u-marty-camping\/\",\"url\":\"https:\/\/witocamprent.pl\/pole-kempingowe-u-marty-camping\/\",\"name\":\"Pole kempingowe u Marty - Camping - WITO CampRent\",\"isPartOf\":{\"@id\":\"https:\/\/witocamprent.pl\/#website\"},\"primaryImageOfPage\":{\"@id\":\"https:\/\/witocamprent.pl\/pole-kempingowe-u-marty-camping\/#primaryimage\"},\"image\":{\"@id\":\"https:\/\/witocamprent.pl\/pole-kempingowe-u-marty-camping\/#primaryimage\"},\"thumbnailUrl\":\"https:\/\/witocamprent.pl\/wp-content\/uploads\/2024\/07\/157.jpg\",\"datePublished\":\"2024-11-09T12:27:40+00:00\",\"dateModified\":\"2024-11-09T15:30:49+00:00\",\"breadcrumb\":{\"@id\":\"https:\/\/witocamprent.pl\/pole-kempingowe-u-marty-camping\/#breadcrumb\"},\"inLanguage\":\"en-US\",\"potentialAction\":[{\"@type\":\"ReadAction\",\"target\":[\"https:\/\/witocamprent.pl\/pole-kempingowe-u-marty-camping\/\"]}]},{\"@type\":\"ImageObject\",\"inLanguage\":\"en-US\",\"@id\":\"https:\/\/witocamprent.pl\/pole-kempingowe-u-marty-camping\/#primaryimage\",\"url\":\"https:\/\/witocamprent.pl\/wp-content\/uploads\/2024\/07\/157.jpg\",\"contentUrl\":\"https:\/\/witocamprent.pl\/wp-content\/uploads\/2024\/07\/157.jpg\",\"width\":800,\"height\":600},{\"@type\":\"BreadcrumbList\",\"@id\":\"https:\/\/witocamprent.pl\/pole-kempingowe-u-marty-camping\/#breadcrumb\",\"itemListElement\":[{\"@type\":\"ListItem\",\"position\":1,\"name\":\"Strona g\u0142\u00f3wna\",\"item\":\"https:\/\/witocamprent.pl\/\"},{\"@type\":\"ListItem\",\"position\":2,\"name\":\"Pole kempingowe u Marty &#8211; Camping\"}]},{\"@type\":\"WebSite\",\"@id\":\"https:\/\/witocamprent.pl\/#website\",\"url\":\"https:\/\/witocamprent.pl\/\",\"name\":\"WITO CampRent\",\"description\":\"Wynajem camper&oacute;w\",\"potentialAction\":[{\"@type\":\"SearchAction\",\"target\":{\"@type\":\"EntryPoint\",\"urlTemplate\":\"https:\/\/witocamprent.pl\/?s={search_term_string}\"},\"query-input\":{\"@type\":\"PropertyValueSpecification\",\"valueRequired\":true,\"valueName\":\"search_term_string\"}}],\"inLanguage\":\"en-US\"}]}<\/script>\n<!-- \/ Yoast SEO plugin. -->","yoast_head_json":{"title":"Pole kempingowe u Marty - Camping - WITO CampRent","robots":{"index":"index","follow":"follow","max-snippet":"max-snippet:-1","max-image-preview":"max-image-preview:large","max-video-preview":"max-video-preview:-1"},"canonical":"https:\/\/witocamprent.pl\/en\/pole-kempingowe-u-marty-camping\/","og_locale":"en_US","og_type":"article","og_title":"Pole kempingowe u Marty - Camping - WITO CampRent","og_description":"&nbsp; Kamping Pole kempingowe u Marty Miejscowo\u015b\u0107 Bia\u0142orzeczka Wojew\u00f3dztwo Podlaskie Pa\u0144stwo Polska GPS 54\u00b02&#8217;39&#8221;N,23\u00b018&#8217;9&#8221;E &nbsp; Opis obiektu &#8211; Pole kempingowe u Marty Pole Kempingowe u Marty w Podlaskim w Bia\u0142orzeczce to miejsce czynne w sezonie, po\u0142o\u017cone nad jeziorem lub rzek\u0105. Zapewnia k\u0105pielisko, wypo\u017cyczalni\u0119 sprz\u0119tu wodnego oraz monitorowany teren z \u015bwietlic\u0105 z telewizorem. &nbsp; Opis miejscowo\u015bci [&hellip;]","og_url":"https:\/\/witocamprent.pl\/en\/pole-kempingowe-u-marty-camping\/","og_site_name":"WITO CampRent","article_modified_time":"2024-11-09T15:30:49+00:00","og_image":[{"width":800,"height":600,"url":"https:\/\/witocamprent.pl\/wp-content\/uploads\/2024\/07\/157.jpg","type":"image\/jpeg"}],"twitter_card":"summary_large_image","twitter_misc":{"Est. reading time":"1 minute"},"schema":{"@context":"https:\/\/schema.org","@graph":[{"@type":"WebPage","@id":"https:\/\/witocamprent.pl\/pole-kempingowe-u-marty-camping\/","url":"https:\/\/witocamprent.pl\/pole-kempingowe-u-marty-camping\/","name":"Pole kempingowe u Marty - Camping - WITO CampRent","isPartOf":{"@id":"https:\/\/witocamprent.pl\/#website"},"primaryImageOfPage":{"@id":"https:\/\/witocamprent.pl\/pole-kempingowe-u-marty-camping\/#primaryimage"},"image":{"@id":"https:\/\/witocamprent.pl\/pole-kempingowe-u-marty-camping\/#primaryimage"},"thumbnailUrl":"https:\/\/witocamprent.pl\/wp-content\/uploads\/2024\/07\/157.jpg","datePublished":"2024-11-09T12:27:40+00:00","dateModified":"2024-11-09T15:30:49+00:00","breadcrumb":{"@id":"https:\/\/witocamprent.pl\/pole-kempingowe-u-marty-camping\/#breadcrumb"},"inLanguage":"en-US","potentialAction":[{"@type":"ReadAction","target":["https:\/\/witocamprent.pl\/pole-kempingowe-u-marty-camping\/"]}]},{"@type":"ImageObject","inLanguage":"en-US","@id":"https:\/\/witocamprent.pl\/pole-kempingowe-u-marty-camping\/#primaryimage","url":"https:\/\/witocamprent.pl\/wp-content\/uploads\/2024\/07\/157.jpg","contentUrl":"https:\/\/witocamprent.pl\/wp-content\/uploads\/2024\/07\/157.jpg","width":800,"height":600},{"@type":"BreadcrumbList","@id":"https:\/\/witocamprent.pl\/pole-kempingowe-u-marty-camping\/#breadcrumb","itemListElement":[{"@type":"ListItem","position":1,"name":"Strona g\u0142\u00f3wna","item":"https:\/\/witocamprent.pl\/"},{"@type":"ListItem","position":2,"name":"Pole kempingowe u Marty &#8211; Camping"}]},{"@type":"WebSite","@id":"https:\/\/witocamprent.pl\/#website","url":"https:\/\/witocamprent.pl\/","name":"WITO CampRent","description":"Wynajem camper&oacute;w","potentialAction":[{"@type":"SearchAction","target":{"@type":"EntryPoint","urlTemplate":"https:\/\/witocamprent.pl\/?s={search_term_string}"},"query-input":{"@type":"PropertyValueSpecification","valueRequired":true,"valueName":"search_term_string"}}],"inLanguage":"en-US"}]}},"_links":{"self":[{"href":"https:\/\/witocamprent.pl\/en\/wp-json\/wp\/v2\/pages\/15030","targetHints":{"allow":["GET"]}}],"collection":[{"href":"https:\/\/witocamprent.pl\/en\/wp-json\/wp\/v2\/pages"}],"about":[{"href":"https:\/\/witocamprent.pl\/en\/wp-json\/wp\/v2\/types\/page"}],"author":[{"embeddable":true,"href":"https:\/\/witocamprent.pl\/en\/wp-json\/wp\/v2\/users\/6"}],"replies":[{"embeddable":true,"href":"https:\/\/witocamprent.pl\/en\/wp-json\/wp\/v2\/comments?post=15030"}],"version-history":[{"count":1,"href":"https:\/\/witocamprent.pl\/en\/wp-json\/wp\/v2\/pages\/15030\/revisions"}],"predecessor-version":[{"id":15246,"href":"https:\/\/witocamprent.pl\/en\/wp-json\/wp\/v2\/pages\/15030\/revisions\/15246"}],"wp:featuredmedia":[{"embeddable":true,"href":"https:\/\/witocamprent.pl\/en\/wp-json\/wp\/v2\/media\/14253"}],"wp:attachment":[{"href":"https:\/\/witocamprent.pl\/en\/wp-json\/wp\/v2\/media?parent=15030"}],"curies":[{"name":"wp","href":"https:\/\/api.w.org\/{rel}","templated":true}]}}