{"id":15039,"date":"2024-08-27T09:22:56","date_gmt":"2024-08-27T08:22:56","guid":{"rendered":"https:\/\/witocamprent.pl\/przystan-na-grapie-camping\/"},"modified":"2024-11-09T16:30:54","modified_gmt":"2024-11-09T15:30:54","slug":"przystan-na-grapie-camping","status":"publish","type":"page","link":"https:\/\/witocamprent.pl\/en\/przystan-na-grapie-camping\/","title":{"rendered":"Przysta\u0144 na Grapie &#8211; Camping"},"content":{"rendered":"<p>&nbsp;<\/p>\n<table>\n<tbody>\n<tr>\n<td>Kamping<\/td>\n<td>Przysta\u0144 na Grapie<\/td>\n<\/tr>\n<tr>\n<td>Miejscowo\u015b\u0107<\/td>\n<td>Nowa Bia\u0142a<\/td>\n<\/tr>\n<tr>\n<td>Wojew\u00f3dztwo<\/td>\n<td>Ma\u0142opolskie<\/td>\n<\/tr>\n<tr>\n<td>Pa\u0144stwo<\/td>\n<td>Polska<\/td>\n<\/tr>\n<tr>\n<td>GPS<\/td>\n<td>52\u00b046&#8217;11&#8221;N,19\u00b03&#8217;33&#8221;E<\/td>\n<\/tr>\n<\/tbody>\n<\/table>\n<p>&nbsp;<\/p>\n<h2>Opis obiektu &#8211; Przysta\u0144 na Grapie<\/h2>\n<p>Przysta\u0144 na Grapie w Nowej Bia\u0142ej: Ta przysta\u0144 to idealne miejsce dla os\u00f3b ceni\u0105cych aktywny wypoczynek nad rzek\u0105, w otoczeniu g\u00f3r i las\u00f3w. Oferuje ona wiele atrakcji dla mi\u0142o\u015bnik\u00f3w przyrody i mo\u017cliwo\u015b\u0107 sp\u0119dzenia aktywnego czasu na \u015bwie\u017cym powietrzu.<\/p>\n<p>&nbsp;<\/p>\n<h2>Opis miejscowo\u015bci &#8211; Nowa Bia\u0142a<\/h2>\n<p>Nowa Bia\u0142a to malownicza miejscowo\u015b\u0107, kt\u00f3rej urok tkwi w otaczaj\u0105cej j\u0105 przyrodzie. Otoczona lasami i \u0142\u0105kami, zapewnia doskona\u0142e warunki do spacer\u00f3w i wypoczynku na \u0142onie natury.<\/p>\n<p>&nbsp;<\/p>\n<p>Twoim celem podr\u00f3\u017cy jest Nowa Bia\u0142a? &#8211; Sprawd\u017a nasz\u0105 ofert\u0119 na <strong><a href=\"\/en\/\">wynajem kamper\u00f3w<\/a><\/strong>!<\/p>","protected":false},"excerpt":{"rendered":"<p>&nbsp; Kamping Przysta\u0144 na Grapie Miejscowo\u015b\u0107 Nowa Bia\u0142a Wojew\u00f3dztwo Ma\u0142opolskie Pa\u0144stwo Polska GPS 52\u00b046&#8217;11&#8221;N,19\u00b03&#8217;33&#8221;E &nbsp; Opis obiektu &#8211; Przysta\u0144 na Grapie Przysta\u0144 na Grapie w Nowej Bia\u0142ej: Ta przysta\u0144 to idealne miejsce dla os\u00f3b ceni\u0105cych aktywny wypoczynek nad rzek\u0105, w otoczeniu g\u00f3r i las\u00f3w. Oferuje ona wiele atrakcji dla mi\u0142o\u015bnik\u00f3w przyrody i mo\u017cliwo\u015b\u0107 sp\u0119dzenia aktywnego [&hellip;]<\/p>","protected":false},"author":6,"featured_media":14271,"parent":0,"menu_order":0,"comment_status":"open","ping_status":"open","template":"","meta":{"footnotes":""},"class_list":["post-15039","page","type-page","status-publish","has-post-thumbnail","hentry","miasto-nowa-biala","wojewodztwa-malopolskie"],"yoast_head":"<!-- This site is optimized with the Yoast SEO plugin v26.8 - https:\/\/yoast.com\/product\/yoast-seo-wordpress\/ -->\n<title>Przysta\u0144 na Grapie - Camping - WITO CampRent<\/title>\n<meta name=\"robots\" content=\"index, follow, max-snippet:-1, max-image-preview:large, max-video-preview:-1\" \/>\n<link rel=\"canonical\" href=\"https:\/\/witocamprent.pl\/en\/przystan-na-grapie-camping\/\" \/>\n<meta property=\"og:locale\" content=\"en_US\" \/>\n<meta property=\"og:type\" content=\"article\" \/>\n<meta property=\"og:title\" content=\"Przysta\u0144 na Grapie - Camping - WITO CampRent\" \/>\n<meta property=\"og:description\" content=\"&nbsp; Kamping Przysta\u0144 na Grapie Miejscowo\u015b\u0107 Nowa Bia\u0142a Wojew\u00f3dztwo Ma\u0142opolskie Pa\u0144stwo Polska GPS 52\u00b046&#8217;11&#8221;N,19\u00b03&#8217;33&#8221;E &nbsp; Opis obiektu &#8211; Przysta\u0144 na Grapie Przysta\u0144 na Grapie w Nowej Bia\u0142ej: Ta przysta\u0144 to idealne miejsce dla os\u00f3b ceni\u0105cych aktywny wypoczynek nad rzek\u0105, w otoczeniu g\u00f3r i las\u00f3w. Oferuje ona wiele atrakcji dla mi\u0142o\u015bnik\u00f3w przyrody i mo\u017cliwo\u015b\u0107 sp\u0119dzenia aktywnego [&hellip;]\" \/>\n<meta property=\"og:url\" content=\"https:\/\/witocamprent.pl\/en\/przystan-na-grapie-camping\/\" \/>\n<meta property=\"og:site_name\" content=\"WITO CampRent\" \/>\n<meta property=\"article:modified_time\" content=\"2024-11-09T15:30:54+00:00\" \/>\n<meta property=\"og:image\" content=\"https:\/\/witocamprent.pl\/wp-content\/uploads\/2024\/07\/166.jpg\" \/>\n\t<meta property=\"og:image:width\" content=\"800\" \/>\n\t<meta property=\"og:image:height\" content=\"600\" \/>\n\t<meta property=\"og:image:type\" content=\"image\/jpeg\" \/>\n<meta name=\"twitter:card\" content=\"summary_large_image\" \/>\n<meta name=\"twitter:label1\" content=\"Est. reading time\" \/>\n\t<meta name=\"twitter:data1\" content=\"1 minute\" \/>\n<script type=\"application\/ld+json\" class=\"yoast-schema-graph\">{\"@context\":\"https:\/\/schema.org\",\"@graph\":[{\"@type\":\"WebPage\",\"@id\":\"https:\/\/witocamprent.pl\/przystan-na-grapie-camping\/\",\"url\":\"https:\/\/witocamprent.pl\/przystan-na-grapie-camping\/\",\"name\":\"Przysta\u0144 na Grapie - Camping - WITO CampRent\",\"isPartOf\":{\"@id\":\"https:\/\/witocamprent.pl\/#website\"},\"primaryImageOfPage\":{\"@id\":\"https:\/\/witocamprent.pl\/przystan-na-grapie-camping\/#primaryimage\"},\"image\":{\"@id\":\"https:\/\/witocamprent.pl\/przystan-na-grapie-camping\/#primaryimage\"},\"thumbnailUrl\":\"https:\/\/witocamprent.pl\/wp-content\/uploads\/2024\/07\/166.jpg\",\"datePublished\":\"2024-08-27T08:22:56+00:00\",\"dateModified\":\"2024-11-09T15:30:54+00:00\",\"breadcrumb\":{\"@id\":\"https:\/\/witocamprent.pl\/przystan-na-grapie-camping\/#breadcrumb\"},\"inLanguage\":\"en-US\",\"potentialAction\":[{\"@type\":\"ReadAction\",\"target\":[\"https:\/\/witocamprent.pl\/przystan-na-grapie-camping\/\"]}]},{\"@type\":\"ImageObject\",\"inLanguage\":\"en-US\",\"@id\":\"https:\/\/witocamprent.pl\/przystan-na-grapie-camping\/#primaryimage\",\"url\":\"https:\/\/witocamprent.pl\/wp-content\/uploads\/2024\/07\/166.jpg\",\"contentUrl\":\"https:\/\/witocamprent.pl\/wp-content\/uploads\/2024\/07\/166.jpg\",\"width\":800,\"height\":600},{\"@type\":\"BreadcrumbList\",\"@id\":\"https:\/\/witocamprent.pl\/przystan-na-grapie-camping\/#breadcrumb\",\"itemListElement\":[{\"@type\":\"ListItem\",\"position\":1,\"name\":\"Strona g\u0142\u00f3wna\",\"item\":\"https:\/\/witocamprent.pl\/\"},{\"@type\":\"ListItem\",\"position\":2,\"name\":\"Przysta\u0144 na Grapie &#8211; Camping\"}]},{\"@type\":\"WebSite\",\"@id\":\"https:\/\/witocamprent.pl\/#website\",\"url\":\"https:\/\/witocamprent.pl\/\",\"name\":\"WITO CampRent\",\"description\":\"Wynajem camper&oacute;w\",\"potentialAction\":[{\"@type\":\"SearchAction\",\"target\":{\"@type\":\"EntryPoint\",\"urlTemplate\":\"https:\/\/witocamprent.pl\/?s={search_term_string}\"},\"query-input\":{\"@type\":\"PropertyValueSpecification\",\"valueRequired\":true,\"valueName\":\"search_term_string\"}}],\"inLanguage\":\"en-US\"}]}<\/script>\n<!-- \/ Yoast SEO plugin. -->","yoast_head_json":{"title":"Przysta\u0144 na Grapie - Camping - WITO CampRent","robots":{"index":"index","follow":"follow","max-snippet":"max-snippet:-1","max-image-preview":"max-image-preview:large","max-video-preview":"max-video-preview:-1"},"canonical":"https:\/\/witocamprent.pl\/en\/przystan-na-grapie-camping\/","og_locale":"en_US","og_type":"article","og_title":"Przysta\u0144 na Grapie - Camping - WITO CampRent","og_description":"&nbsp; Kamping Przysta\u0144 na Grapie Miejscowo\u015b\u0107 Nowa Bia\u0142a Wojew\u00f3dztwo Ma\u0142opolskie Pa\u0144stwo Polska GPS 52\u00b046&#8217;11&#8221;N,19\u00b03&#8217;33&#8221;E &nbsp; Opis obiektu &#8211; Przysta\u0144 na Grapie Przysta\u0144 na Grapie w Nowej Bia\u0142ej: Ta przysta\u0144 to idealne miejsce dla os\u00f3b ceni\u0105cych aktywny wypoczynek nad rzek\u0105, w otoczeniu g\u00f3r i las\u00f3w. Oferuje ona wiele atrakcji dla mi\u0142o\u015bnik\u00f3w przyrody i mo\u017cliwo\u015b\u0107 sp\u0119dzenia aktywnego [&hellip;]","og_url":"https:\/\/witocamprent.pl\/en\/przystan-na-grapie-camping\/","og_site_name":"WITO CampRent","article_modified_time":"2024-11-09T15:30:54+00:00","og_image":[{"width":800,"height":600,"url":"https:\/\/witocamprent.pl\/wp-content\/uploads\/2024\/07\/166.jpg","type":"image\/jpeg"}],"twitter_card":"summary_large_image","twitter_misc":{"Est. reading time":"1 minute"},"schema":{"@context":"https:\/\/schema.org","@graph":[{"@type":"WebPage","@id":"https:\/\/witocamprent.pl\/przystan-na-grapie-camping\/","url":"https:\/\/witocamprent.pl\/przystan-na-grapie-camping\/","name":"Przysta\u0144 na Grapie - Camping - WITO CampRent","isPartOf":{"@id":"https:\/\/witocamprent.pl\/#website"},"primaryImageOfPage":{"@id":"https:\/\/witocamprent.pl\/przystan-na-grapie-camping\/#primaryimage"},"image":{"@id":"https:\/\/witocamprent.pl\/przystan-na-grapie-camping\/#primaryimage"},"thumbnailUrl":"https:\/\/witocamprent.pl\/wp-content\/uploads\/2024\/07\/166.jpg","datePublished":"2024-08-27T08:22:56+00:00","dateModified":"2024-11-09T15:30:54+00:00","breadcrumb":{"@id":"https:\/\/witocamprent.pl\/przystan-na-grapie-camping\/#breadcrumb"},"inLanguage":"en-US","potentialAction":[{"@type":"ReadAction","target":["https:\/\/witocamprent.pl\/przystan-na-grapie-camping\/"]}]},{"@type":"ImageObject","inLanguage":"en-US","@id":"https:\/\/witocamprent.pl\/przystan-na-grapie-camping\/#primaryimage","url":"https:\/\/witocamprent.pl\/wp-content\/uploads\/2024\/07\/166.jpg","contentUrl":"https:\/\/witocamprent.pl\/wp-content\/uploads\/2024\/07\/166.jpg","width":800,"height":600},{"@type":"BreadcrumbList","@id":"https:\/\/witocamprent.pl\/przystan-na-grapie-camping\/#breadcrumb","itemListElement":[{"@type":"ListItem","position":1,"name":"Strona g\u0142\u00f3wna","item":"https:\/\/witocamprent.pl\/"},{"@type":"ListItem","position":2,"name":"Przysta\u0144 na Grapie &#8211; Camping"}]},{"@type":"WebSite","@id":"https:\/\/witocamprent.pl\/#website","url":"https:\/\/witocamprent.pl\/","name":"WITO CampRent","description":"Wynajem camper&oacute;w","potentialAction":[{"@type":"SearchAction","target":{"@type":"EntryPoint","urlTemplate":"https:\/\/witocamprent.pl\/?s={search_term_string}"},"query-input":{"@type":"PropertyValueSpecification","valueRequired":true,"valueName":"search_term_string"}}],"inLanguage":"en-US"}]}},"_links":{"self":[{"href":"https:\/\/witocamprent.pl\/en\/wp-json\/wp\/v2\/pages\/15039","targetHints":{"allow":["GET"]}}],"collection":[{"href":"https:\/\/witocamprent.pl\/en\/wp-json\/wp\/v2\/pages"}],"about":[{"href":"https:\/\/witocamprent.pl\/en\/wp-json\/wp\/v2\/types\/page"}],"author":[{"embeddable":true,"href":"https:\/\/witocamprent.pl\/en\/wp-json\/wp\/v2\/users\/6"}],"replies":[{"embeddable":true,"href":"https:\/\/witocamprent.pl\/en\/wp-json\/wp\/v2\/comments?post=15039"}],"version-history":[{"count":1,"href":"https:\/\/witocamprent.pl\/en\/wp-json\/wp\/v2\/pages\/15039\/revisions"}],"predecessor-version":[{"id":15255,"href":"https:\/\/witocamprent.pl\/en\/wp-json\/wp\/v2\/pages\/15039\/revisions\/15255"}],"wp:featuredmedia":[{"embeddable":true,"href":"https:\/\/witocamprent.pl\/en\/wp-json\/wp\/v2\/media\/14271"}],"wp:attachment":[{"href":"https:\/\/witocamprent.pl\/en\/wp-json\/wp\/v2\/media?parent=15039"}],"curies":[{"name":"wp","href":"https:\/\/api.w.org\/{rel}","templated":true}]}}