{"id":15040,"date":"2024-10-25T02:44:47","date_gmt":"2024-10-25T01:44:47","guid":{"rendered":"https:\/\/witocamprent.pl\/pstragowo-camping\/"},"modified":"2024-11-09T16:30:54","modified_gmt":"2024-11-09T15:30:54","slug":"pstragowo-camping","status":"publish","type":"page","link":"https:\/\/witocamprent.pl\/en\/pstragowo-camping\/","title":{"rendered":"Pstr\u0105gowo &#8211; Camping"},"content":{"rendered":"<p>&nbsp;<\/p>\n<table>\n<tbody>\n<tr>\n<td>Kamping<\/td>\n<td>Pstr\u0105gowo<\/td>\n<\/tr>\n<tr>\n<td>Miejscowo\u015b\u0107<\/td>\n<td>\u017b\u00f3\u0142ta\u0144ce Kolonia<\/td>\n<\/tr>\n<tr>\n<td>Wojew\u00f3dztwo<\/td>\n<td>Lubelskie<\/td>\n<\/tr>\n<tr>\n<td>Pa\u0144stwo<\/td>\n<td>Polska<\/td>\n<\/tr>\n<tr>\n<td>GPS<\/td>\n<td>51\u00b06&#8217;30&#8221;N,23\u00b026&#8217;40&#8221;E<\/td>\n<\/tr>\n<\/tbody>\n<\/table>\n<p>&nbsp;<\/p>\n<h2>Opis obiektu &#8211; Pstr\u0105gowo<\/h2>\n<p>Pstr\u0105gowo w \u017b\u00f3\u0142t\u0105\u0144cach Kolonia: Ten camping w wojew\u00f3dztwie lubelskim to doskona\u0142e miejsce na wypoczynek przez ca\u0142y rok. Zlokalizowany nad jeziorem lub rzek\u0105, oferuje piaszczyst\u0105 pla\u017c\u0119 i pole namiotowe. Dodatkowo, go\u015bcie mog\u0105 korzysta\u0107 z boisk do pi\u0142ki siatkowej lub koszyk\u00f3wki, co zapewnia aktywny i pe\u0142en atrakcji pobyt.<\/p>\n<p>&nbsp;<\/p>\n<h2>Opis miejscowo\u015bci &#8211; \u017b\u00f3\u0142ta\u0144ce Kolonia<\/h2>\n<p>\u017b\u00f3\u0142ta\u0144ce Kolonia to malownicza wie\u015b po\u0142o\u017cona w\u015br\u00f3d p\u00f3l i \u0142\u0105k, gdzie mo\u017cna odpocz\u0105\u0107 w spokoju, delektuj\u0105c si\u0119 wiejskim krajobrazem i aktywnie sp\u0119dzaj\u0105c czas na \u0142onie natury.<\/p>\n<p>&nbsp;<\/p>\n<p>Twoim celem podr\u00f3\u017cy jest \u017b\u00f3\u0142ta\u0144ce Kolonia? &#8211; Sprawd\u017a nasz\u0105 ofert\u0119 na <strong><a href=\"\/en\/\">wynajem kamper\u00f3w<\/a><\/strong>!<\/p>","protected":false},"excerpt":{"rendered":"<p>&nbsp; Kamping Pstr\u0105gowo Miejscowo\u015b\u0107 \u017b\u00f3\u0142ta\u0144ce Kolonia Wojew\u00f3dztwo Lubelskie Pa\u0144stwo Polska GPS 51\u00b06&#8217;30&#8221;N,23\u00b026&#8217;40&#8221;E &nbsp; Opis obiektu &#8211; Pstr\u0105gowo Pstr\u0105gowo w \u017b\u00f3\u0142t\u0105\u0144cach Kolonia: Ten camping w wojew\u00f3dztwie lubelskim to doskona\u0142e miejsce na wypoczynek przez ca\u0142y rok. Zlokalizowany nad jeziorem lub rzek\u0105, oferuje piaszczyst\u0105 pla\u017c\u0119 i pole namiotowe. Dodatkowo, go\u015bcie mog\u0105 korzysta\u0107 z boisk do pi\u0142ki siatkowej lub [&hellip;]<\/p>","protected":false},"author":6,"featured_media":14273,"parent":0,"menu_order":0,"comment_status":"open","ping_status":"open","template":"","meta":{"footnotes":""},"class_list":["post-15040","page","type-page","status-publish","has-post-thumbnail","hentry","miasto-zoltance-kolonia","wojewodztwa-lubelskie"],"yoast_head":"<!-- This site is optimized with the Yoast SEO plugin v26.8 - https:\/\/yoast.com\/product\/yoast-seo-wordpress\/ -->\n<title>Pstr\u0105gowo - Camping - WITO CampRent<\/title>\n<meta name=\"robots\" content=\"index, follow, max-snippet:-1, max-image-preview:large, max-video-preview:-1\" \/>\n<link rel=\"canonical\" href=\"https:\/\/witocamprent.pl\/en\/pstragowo-camping\/\" \/>\n<meta property=\"og:locale\" content=\"en_US\" \/>\n<meta property=\"og:type\" content=\"article\" \/>\n<meta property=\"og:title\" content=\"Pstr\u0105gowo - Camping - WITO CampRent\" \/>\n<meta property=\"og:description\" content=\"&nbsp; Kamping Pstr\u0105gowo Miejscowo\u015b\u0107 \u017b\u00f3\u0142ta\u0144ce Kolonia Wojew\u00f3dztwo Lubelskie Pa\u0144stwo Polska GPS 51\u00b06&#8217;30&#8221;N,23\u00b026&#8217;40&#8221;E &nbsp; Opis obiektu &#8211; Pstr\u0105gowo Pstr\u0105gowo w \u017b\u00f3\u0142t\u0105\u0144cach Kolonia: Ten camping w wojew\u00f3dztwie lubelskim to doskona\u0142e miejsce na wypoczynek przez ca\u0142y rok. Zlokalizowany nad jeziorem lub rzek\u0105, oferuje piaszczyst\u0105 pla\u017c\u0119 i pole namiotowe. Dodatkowo, go\u015bcie mog\u0105 korzysta\u0107 z boisk do pi\u0142ki siatkowej lub [&hellip;]\" \/>\n<meta property=\"og:url\" content=\"https:\/\/witocamprent.pl\/en\/pstragowo-camping\/\" \/>\n<meta property=\"og:site_name\" content=\"WITO CampRent\" \/>\n<meta property=\"article:modified_time\" content=\"2024-11-09T15:30:54+00:00\" \/>\n<meta property=\"og:image\" content=\"https:\/\/witocamprent.pl\/wp-content\/uploads\/2024\/07\/167.jpg\" \/>\n\t<meta property=\"og:image:width\" content=\"800\" \/>\n\t<meta property=\"og:image:height\" content=\"600\" \/>\n\t<meta property=\"og:image:type\" content=\"image\/jpeg\" \/>\n<meta name=\"twitter:card\" content=\"summary_large_image\" \/>\n<meta name=\"twitter:label1\" content=\"Est. reading time\" \/>\n\t<meta name=\"twitter:data1\" content=\"1 minute\" \/>\n<script type=\"application\/ld+json\" class=\"yoast-schema-graph\">{\"@context\":\"https:\/\/schema.org\",\"@graph\":[{\"@type\":\"WebPage\",\"@id\":\"https:\/\/witocamprent.pl\/pstragowo-camping\/\",\"url\":\"https:\/\/witocamprent.pl\/pstragowo-camping\/\",\"name\":\"Pstr\u0105gowo - Camping - WITO CampRent\",\"isPartOf\":{\"@id\":\"https:\/\/witocamprent.pl\/#website\"},\"primaryImageOfPage\":{\"@id\":\"https:\/\/witocamprent.pl\/pstragowo-camping\/#primaryimage\"},\"image\":{\"@id\":\"https:\/\/witocamprent.pl\/pstragowo-camping\/#primaryimage\"},\"thumbnailUrl\":\"https:\/\/witocamprent.pl\/wp-content\/uploads\/2024\/07\/167.jpg\",\"datePublished\":\"2024-10-25T01:44:47+00:00\",\"dateModified\":\"2024-11-09T15:30:54+00:00\",\"breadcrumb\":{\"@id\":\"https:\/\/witocamprent.pl\/pstragowo-camping\/#breadcrumb\"},\"inLanguage\":\"en-US\",\"potentialAction\":[{\"@type\":\"ReadAction\",\"target\":[\"https:\/\/witocamprent.pl\/pstragowo-camping\/\"]}]},{\"@type\":\"ImageObject\",\"inLanguage\":\"en-US\",\"@id\":\"https:\/\/witocamprent.pl\/pstragowo-camping\/#primaryimage\",\"url\":\"https:\/\/witocamprent.pl\/wp-content\/uploads\/2024\/07\/167.jpg\",\"contentUrl\":\"https:\/\/witocamprent.pl\/wp-content\/uploads\/2024\/07\/167.jpg\",\"width\":800,\"height\":600},{\"@type\":\"BreadcrumbList\",\"@id\":\"https:\/\/witocamprent.pl\/pstragowo-camping\/#breadcrumb\",\"itemListElement\":[{\"@type\":\"ListItem\",\"position\":1,\"name\":\"Strona g\u0142\u00f3wna\",\"item\":\"https:\/\/witocamprent.pl\/\"},{\"@type\":\"ListItem\",\"position\":2,\"name\":\"Pstr\u0105gowo &#8211; Camping\"}]},{\"@type\":\"WebSite\",\"@id\":\"https:\/\/witocamprent.pl\/#website\",\"url\":\"https:\/\/witocamprent.pl\/\",\"name\":\"WITO CampRent\",\"description\":\"Wynajem camper&oacute;w\",\"potentialAction\":[{\"@type\":\"SearchAction\",\"target\":{\"@type\":\"EntryPoint\",\"urlTemplate\":\"https:\/\/witocamprent.pl\/?s={search_term_string}\"},\"query-input\":{\"@type\":\"PropertyValueSpecification\",\"valueRequired\":true,\"valueName\":\"search_term_string\"}}],\"inLanguage\":\"en-US\"}]}<\/script>\n<!-- \/ Yoast SEO plugin. -->","yoast_head_json":{"title":"Pstr\u0105gowo - Camping - WITO CampRent","robots":{"index":"index","follow":"follow","max-snippet":"max-snippet:-1","max-image-preview":"max-image-preview:large","max-video-preview":"max-video-preview:-1"},"canonical":"https:\/\/witocamprent.pl\/en\/pstragowo-camping\/","og_locale":"en_US","og_type":"article","og_title":"Pstr\u0105gowo - Camping - WITO CampRent","og_description":"&nbsp; Kamping Pstr\u0105gowo Miejscowo\u015b\u0107 \u017b\u00f3\u0142ta\u0144ce Kolonia Wojew\u00f3dztwo Lubelskie Pa\u0144stwo Polska GPS 51\u00b06&#8217;30&#8221;N,23\u00b026&#8217;40&#8221;E &nbsp; Opis obiektu &#8211; Pstr\u0105gowo Pstr\u0105gowo w \u017b\u00f3\u0142t\u0105\u0144cach Kolonia: Ten camping w wojew\u00f3dztwie lubelskim to doskona\u0142e miejsce na wypoczynek przez ca\u0142y rok. Zlokalizowany nad jeziorem lub rzek\u0105, oferuje piaszczyst\u0105 pla\u017c\u0119 i pole namiotowe. Dodatkowo, go\u015bcie mog\u0105 korzysta\u0107 z boisk do pi\u0142ki siatkowej lub [&hellip;]","og_url":"https:\/\/witocamprent.pl\/en\/pstragowo-camping\/","og_site_name":"WITO CampRent","article_modified_time":"2024-11-09T15:30:54+00:00","og_image":[{"width":800,"height":600,"url":"https:\/\/witocamprent.pl\/wp-content\/uploads\/2024\/07\/167.jpg","type":"image\/jpeg"}],"twitter_card":"summary_large_image","twitter_misc":{"Est. reading time":"1 minute"},"schema":{"@context":"https:\/\/schema.org","@graph":[{"@type":"WebPage","@id":"https:\/\/witocamprent.pl\/pstragowo-camping\/","url":"https:\/\/witocamprent.pl\/pstragowo-camping\/","name":"Pstr\u0105gowo - Camping - WITO CampRent","isPartOf":{"@id":"https:\/\/witocamprent.pl\/#website"},"primaryImageOfPage":{"@id":"https:\/\/witocamprent.pl\/pstragowo-camping\/#primaryimage"},"image":{"@id":"https:\/\/witocamprent.pl\/pstragowo-camping\/#primaryimage"},"thumbnailUrl":"https:\/\/witocamprent.pl\/wp-content\/uploads\/2024\/07\/167.jpg","datePublished":"2024-10-25T01:44:47+00:00","dateModified":"2024-11-09T15:30:54+00:00","breadcrumb":{"@id":"https:\/\/witocamprent.pl\/pstragowo-camping\/#breadcrumb"},"inLanguage":"en-US","potentialAction":[{"@type":"ReadAction","target":["https:\/\/witocamprent.pl\/pstragowo-camping\/"]}]},{"@type":"ImageObject","inLanguage":"en-US","@id":"https:\/\/witocamprent.pl\/pstragowo-camping\/#primaryimage","url":"https:\/\/witocamprent.pl\/wp-content\/uploads\/2024\/07\/167.jpg","contentUrl":"https:\/\/witocamprent.pl\/wp-content\/uploads\/2024\/07\/167.jpg","width":800,"height":600},{"@type":"BreadcrumbList","@id":"https:\/\/witocamprent.pl\/pstragowo-camping\/#breadcrumb","itemListElement":[{"@type":"ListItem","position":1,"name":"Strona g\u0142\u00f3wna","item":"https:\/\/witocamprent.pl\/"},{"@type":"ListItem","position":2,"name":"Pstr\u0105gowo &#8211; Camping"}]},{"@type":"WebSite","@id":"https:\/\/witocamprent.pl\/#website","url":"https:\/\/witocamprent.pl\/","name":"WITO CampRent","description":"Wynajem camper&oacute;w","potentialAction":[{"@type":"SearchAction","target":{"@type":"EntryPoint","urlTemplate":"https:\/\/witocamprent.pl\/?s={search_term_string}"},"query-input":{"@type":"PropertyValueSpecification","valueRequired":true,"valueName":"search_term_string"}}],"inLanguage":"en-US"}]}},"_links":{"self":[{"href":"https:\/\/witocamprent.pl\/en\/wp-json\/wp\/v2\/pages\/15040","targetHints":{"allow":["GET"]}}],"collection":[{"href":"https:\/\/witocamprent.pl\/en\/wp-json\/wp\/v2\/pages"}],"about":[{"href":"https:\/\/witocamprent.pl\/en\/wp-json\/wp\/v2\/types\/page"}],"author":[{"embeddable":true,"href":"https:\/\/witocamprent.pl\/en\/wp-json\/wp\/v2\/users\/6"}],"replies":[{"embeddable":true,"href":"https:\/\/witocamprent.pl\/en\/wp-json\/wp\/v2\/comments?post=15040"}],"version-history":[{"count":1,"href":"https:\/\/witocamprent.pl\/en\/wp-json\/wp\/v2\/pages\/15040\/revisions"}],"predecessor-version":[{"id":15256,"href":"https:\/\/witocamprent.pl\/en\/wp-json\/wp\/v2\/pages\/15040\/revisions\/15256"}],"wp:featuredmedia":[{"embeddable":true,"href":"https:\/\/witocamprent.pl\/en\/wp-json\/wp\/v2\/media\/14273"}],"wp:attachment":[{"href":"https:\/\/witocamprent.pl\/en\/wp-json\/wp\/v2\/media?parent=15040"}],"curies":[{"name":"wp","href":"https:\/\/api.w.org\/{rel}","templated":true}]}}