{"id":15048,"date":"2024-09-22T08:49:40","date_gmt":"2024-09-22T07:49:40","guid":{"rendered":"https:\/\/witocamprent.pl\/sielski-hel-camping\/"},"modified":"2024-11-09T16:30:57","modified_gmt":"2024-11-09T15:30:57","slug":"sielski-hel-camping","status":"publish","type":"page","link":"https:\/\/witocamprent.pl\/en\/sielski-hel-camping\/","title":{"rendered":"Sielski Hel &#8211; Camping"},"content":{"rendered":"<p>&nbsp;<\/p>\n<table>\n<tbody>\n<tr>\n<td>Kamping<\/td>\n<td>Sielski Hel<\/td>\n<\/tr>\n<tr>\n<td>Miejscowo\u015b\u0107<\/td>\n<td>Hel<\/td>\n<\/tr>\n<tr>\n<td>Wojew\u00f3dztwo<\/td>\n<td>Pomorskie<\/td>\n<\/tr>\n<tr>\n<td>Pa\u0144stwo<\/td>\n<td>Polska<\/td>\n<\/tr>\n<tr>\n<td>GPS<\/td>\n<td>54\u00b036&#8217;07.8&#8243;N 18\u00b048&#8217;47.0&#8243;E<\/td>\n<\/tr>\n<\/tbody>\n<\/table>\n<p>&nbsp;<\/p>\n<h2>Opis obiektu &#8211; Sielski Hel<\/h2>\n<p>Sielski Hel &#8211; Kemping na Helu, Pole Namiotowe: Ten camping w sezonie, po\u0142o\u017cony w lesie na Helu, oferuje domki mobilne i pole namiotowe do wynaj\u0119cia. Zapewnia udogodnienia takie jak umywalki, bezp\u0142atny prysznic i toalety oraz kuchnia. Doskona\u0142e miejsce na letni wypoczynek na wybrze\u017cu Ba\u0142tyku.<\/p>\n<p>&nbsp;<\/p>\n<h2>Opis miejscowo\u015bci &#8211; Hel<\/h2>\n<p>Hel to popularna miejscowo\u015b\u0107 nadmorska na P\u00f3\u0142wyspie Helskim, znana z pi\u0119knych pla\u017c, latarni morskiej i mo\u017cliwo\u015bci uprawiania sport\u00f3w wodnych.<\/p>\n<p>&nbsp;<\/p>\n<p>Twoim celem podr\u00f3\u017cy jest Hel? &#8211; Sprawd\u017a nasz\u0105 ofert\u0119 na <strong><a href=\"\/en\/\">wynajem kamper\u00f3w<\/a><\/strong>!<\/p>","protected":false},"excerpt":{"rendered":"<p>&nbsp; Kamping Sielski Hel Miejscowo\u015b\u0107 Hel Wojew\u00f3dztwo Pomorskie Pa\u0144stwo Polska GPS 54\u00b036&#8217;07.8&#8243;N 18\u00b048&#8217;47.0&#8243;E &nbsp; Opis obiektu &#8211; Sielski Hel Sielski Hel &#8211; Kemping na Helu, Pole Namiotowe: Ten camping w sezonie, po\u0142o\u017cony w lesie na Helu, oferuje domki mobilne i pole namiotowe do wynaj\u0119cia. Zapewnia udogodnienia takie jak umywalki, bezp\u0142atny prysznic i toalety oraz kuchnia. [&hellip;]<\/p>","protected":false},"author":6,"featured_media":14289,"parent":0,"menu_order":0,"comment_status":"open","ping_status":"open","template":"","meta":{"footnotes":""},"class_list":["post-15048","page","type-page","status-publish","has-post-thumbnail","hentry","miasto-hel","wojewodztwa-pomorskie"],"yoast_head":"<!-- This site is optimized with the Yoast SEO plugin v26.8 - https:\/\/yoast.com\/product\/yoast-seo-wordpress\/ -->\n<title>Sielski Hel - Camping - WITO CampRent<\/title>\n<meta name=\"robots\" content=\"index, follow, max-snippet:-1, max-image-preview:large, max-video-preview:-1\" \/>\n<link rel=\"canonical\" href=\"https:\/\/witocamprent.pl\/en\/sielski-hel-camping\/\" \/>\n<meta property=\"og:locale\" content=\"en_US\" \/>\n<meta property=\"og:type\" content=\"article\" \/>\n<meta property=\"og:title\" content=\"Sielski Hel - Camping - WITO CampRent\" \/>\n<meta property=\"og:description\" content=\"&nbsp; Kamping Sielski Hel Miejscowo\u015b\u0107 Hel Wojew\u00f3dztwo Pomorskie Pa\u0144stwo Polska GPS 54\u00b036&#8217;07.8&#8243;N 18\u00b048&#8217;47.0&#8243;E &nbsp; Opis obiektu &#8211; Sielski Hel Sielski Hel &#8211; Kemping na Helu, Pole Namiotowe: Ten camping w sezonie, po\u0142o\u017cony w lesie na Helu, oferuje domki mobilne i pole namiotowe do wynaj\u0119cia. Zapewnia udogodnienia takie jak umywalki, bezp\u0142atny prysznic i toalety oraz kuchnia. [&hellip;]\" \/>\n<meta property=\"og:url\" content=\"https:\/\/witocamprent.pl\/en\/sielski-hel-camping\/\" \/>\n<meta property=\"og:site_name\" content=\"WITO CampRent\" \/>\n<meta property=\"article:modified_time\" content=\"2024-11-09T15:30:57+00:00\" \/>\n<meta property=\"og:image\" content=\"https:\/\/witocamprent.pl\/wp-content\/uploads\/2024\/07\/175.jpg\" \/>\n\t<meta property=\"og:image:width\" content=\"800\" \/>\n\t<meta property=\"og:image:height\" content=\"600\" \/>\n\t<meta property=\"og:image:type\" content=\"image\/jpeg\" \/>\n<meta name=\"twitter:card\" content=\"summary_large_image\" \/>\n<meta name=\"twitter:label1\" content=\"Est. reading time\" \/>\n\t<meta name=\"twitter:data1\" content=\"1 minute\" \/>\n<script type=\"application\/ld+json\" class=\"yoast-schema-graph\">{\"@context\":\"https:\/\/schema.org\",\"@graph\":[{\"@type\":\"WebPage\",\"@id\":\"https:\/\/witocamprent.pl\/sielski-hel-camping\/\",\"url\":\"https:\/\/witocamprent.pl\/sielski-hel-camping\/\",\"name\":\"Sielski Hel - Camping - WITO CampRent\",\"isPartOf\":{\"@id\":\"https:\/\/witocamprent.pl\/#website\"},\"primaryImageOfPage\":{\"@id\":\"https:\/\/witocamprent.pl\/sielski-hel-camping\/#primaryimage\"},\"image\":{\"@id\":\"https:\/\/witocamprent.pl\/sielski-hel-camping\/#primaryimage\"},\"thumbnailUrl\":\"https:\/\/witocamprent.pl\/wp-content\/uploads\/2024\/07\/175.jpg\",\"datePublished\":\"2024-09-22T07:49:40+00:00\",\"dateModified\":\"2024-11-09T15:30:57+00:00\",\"breadcrumb\":{\"@id\":\"https:\/\/witocamprent.pl\/sielski-hel-camping\/#breadcrumb\"},\"inLanguage\":\"en-US\",\"potentialAction\":[{\"@type\":\"ReadAction\",\"target\":[\"https:\/\/witocamprent.pl\/sielski-hel-camping\/\"]}]},{\"@type\":\"ImageObject\",\"inLanguage\":\"en-US\",\"@id\":\"https:\/\/witocamprent.pl\/sielski-hel-camping\/#primaryimage\",\"url\":\"https:\/\/witocamprent.pl\/wp-content\/uploads\/2024\/07\/175.jpg\",\"contentUrl\":\"https:\/\/witocamprent.pl\/wp-content\/uploads\/2024\/07\/175.jpg\",\"width\":800,\"height\":600},{\"@type\":\"BreadcrumbList\",\"@id\":\"https:\/\/witocamprent.pl\/sielski-hel-camping\/#breadcrumb\",\"itemListElement\":[{\"@type\":\"ListItem\",\"position\":1,\"name\":\"Strona g\u0142\u00f3wna\",\"item\":\"https:\/\/witocamprent.pl\/\"},{\"@type\":\"ListItem\",\"position\":2,\"name\":\"Sielski Hel &#8211; Camping\"}]},{\"@type\":\"WebSite\",\"@id\":\"https:\/\/witocamprent.pl\/#website\",\"url\":\"https:\/\/witocamprent.pl\/\",\"name\":\"WITO CampRent\",\"description\":\"Wynajem camper&oacute;w\",\"potentialAction\":[{\"@type\":\"SearchAction\",\"target\":{\"@type\":\"EntryPoint\",\"urlTemplate\":\"https:\/\/witocamprent.pl\/?s={search_term_string}\"},\"query-input\":{\"@type\":\"PropertyValueSpecification\",\"valueRequired\":true,\"valueName\":\"search_term_string\"}}],\"inLanguage\":\"en-US\"}]}<\/script>\n<!-- \/ Yoast SEO plugin. -->","yoast_head_json":{"title":"Sielski Hel - Camping - WITO CampRent","robots":{"index":"index","follow":"follow","max-snippet":"max-snippet:-1","max-image-preview":"max-image-preview:large","max-video-preview":"max-video-preview:-1"},"canonical":"https:\/\/witocamprent.pl\/en\/sielski-hel-camping\/","og_locale":"en_US","og_type":"article","og_title":"Sielski Hel - Camping - WITO CampRent","og_description":"&nbsp; Kamping Sielski Hel Miejscowo\u015b\u0107 Hel Wojew\u00f3dztwo Pomorskie Pa\u0144stwo Polska GPS 54\u00b036&#8217;07.8&#8243;N 18\u00b048&#8217;47.0&#8243;E &nbsp; Opis obiektu &#8211; Sielski Hel Sielski Hel &#8211; Kemping na Helu, Pole Namiotowe: Ten camping w sezonie, po\u0142o\u017cony w lesie na Helu, oferuje domki mobilne i pole namiotowe do wynaj\u0119cia. Zapewnia udogodnienia takie jak umywalki, bezp\u0142atny prysznic i toalety oraz kuchnia. [&hellip;]","og_url":"https:\/\/witocamprent.pl\/en\/sielski-hel-camping\/","og_site_name":"WITO CampRent","article_modified_time":"2024-11-09T15:30:57+00:00","og_image":[{"width":800,"height":600,"url":"https:\/\/witocamprent.pl\/wp-content\/uploads\/2024\/07\/175.jpg","type":"image\/jpeg"}],"twitter_card":"summary_large_image","twitter_misc":{"Est. reading time":"1 minute"},"schema":{"@context":"https:\/\/schema.org","@graph":[{"@type":"WebPage","@id":"https:\/\/witocamprent.pl\/sielski-hel-camping\/","url":"https:\/\/witocamprent.pl\/sielski-hel-camping\/","name":"Sielski Hel - Camping - WITO CampRent","isPartOf":{"@id":"https:\/\/witocamprent.pl\/#website"},"primaryImageOfPage":{"@id":"https:\/\/witocamprent.pl\/sielski-hel-camping\/#primaryimage"},"image":{"@id":"https:\/\/witocamprent.pl\/sielski-hel-camping\/#primaryimage"},"thumbnailUrl":"https:\/\/witocamprent.pl\/wp-content\/uploads\/2024\/07\/175.jpg","datePublished":"2024-09-22T07:49:40+00:00","dateModified":"2024-11-09T15:30:57+00:00","breadcrumb":{"@id":"https:\/\/witocamprent.pl\/sielski-hel-camping\/#breadcrumb"},"inLanguage":"en-US","potentialAction":[{"@type":"ReadAction","target":["https:\/\/witocamprent.pl\/sielski-hel-camping\/"]}]},{"@type":"ImageObject","inLanguage":"en-US","@id":"https:\/\/witocamprent.pl\/sielski-hel-camping\/#primaryimage","url":"https:\/\/witocamprent.pl\/wp-content\/uploads\/2024\/07\/175.jpg","contentUrl":"https:\/\/witocamprent.pl\/wp-content\/uploads\/2024\/07\/175.jpg","width":800,"height":600},{"@type":"BreadcrumbList","@id":"https:\/\/witocamprent.pl\/sielski-hel-camping\/#breadcrumb","itemListElement":[{"@type":"ListItem","position":1,"name":"Strona g\u0142\u00f3wna","item":"https:\/\/witocamprent.pl\/"},{"@type":"ListItem","position":2,"name":"Sielski Hel &#8211; Camping"}]},{"@type":"WebSite","@id":"https:\/\/witocamprent.pl\/#website","url":"https:\/\/witocamprent.pl\/","name":"WITO CampRent","description":"Wynajem camper&oacute;w","potentialAction":[{"@type":"SearchAction","target":{"@type":"EntryPoint","urlTemplate":"https:\/\/witocamprent.pl\/?s={search_term_string}"},"query-input":{"@type":"PropertyValueSpecification","valueRequired":true,"valueName":"search_term_string"}}],"inLanguage":"en-US"}]}},"_links":{"self":[{"href":"https:\/\/witocamprent.pl\/en\/wp-json\/wp\/v2\/pages\/15048","targetHints":{"allow":["GET"]}}],"collection":[{"href":"https:\/\/witocamprent.pl\/en\/wp-json\/wp\/v2\/pages"}],"about":[{"href":"https:\/\/witocamprent.pl\/en\/wp-json\/wp\/v2\/types\/page"}],"author":[{"embeddable":true,"href":"https:\/\/witocamprent.pl\/en\/wp-json\/wp\/v2\/users\/6"}],"replies":[{"embeddable":true,"href":"https:\/\/witocamprent.pl\/en\/wp-json\/wp\/v2\/comments?post=15048"}],"version-history":[{"count":1,"href":"https:\/\/witocamprent.pl\/en\/wp-json\/wp\/v2\/pages\/15048\/revisions"}],"predecessor-version":[{"id":15264,"href":"https:\/\/witocamprent.pl\/en\/wp-json\/wp\/v2\/pages\/15048\/revisions\/15264"}],"wp:featuredmedia":[{"embeddable":true,"href":"https:\/\/witocamprent.pl\/en\/wp-json\/wp\/v2\/media\/14289"}],"wp:attachment":[{"href":"https:\/\/witocamprent.pl\/en\/wp-json\/wp\/v2\/media?parent=15048"}],"curies":[{"name":"wp","href":"https:\/\/api.w.org\/{rel}","templated":true}]}}