{"id":15053,"date":"2024-08-13T09:36:17","date_gmt":"2024-08-13T08:36:17","guid":{"rendered":"https:\/\/witocamprent.pl\/villa-sobieski-camping\/"},"modified":"2024-11-09T16:31:00","modified_gmt":"2024-11-09T15:31:00","slug":"villa-sobieski-camping","status":"publish","type":"page","link":"https:\/\/witocamprent.pl\/en\/villa-sobieski-camping\/","title":{"rendered":"Villa Sobieski &#8211; Camping"},"content":{"rendered":"<p>&nbsp;<\/p>\n<table>\n<tbody>\n<tr>\n<td>Kamping<\/td>\n<td>Villa Sobieski<\/td>\n<\/tr>\n<tr>\n<td>Miejscowo\u015b\u0107<\/td>\n<td>Wiele\u0144<\/td>\n<\/tr>\n<tr>\n<td>Wojew\u00f3dztwo<\/td>\n<td>Wielkopolskie<\/td>\n<\/tr>\n<tr>\n<td>Pa\u0144stwo<\/td>\n<td>Polska<\/td>\n<\/tr>\n<tr>\n<td>GPS<\/td>\n<td>52\u00b059&#8217;35&#8221;N,16\u00b013&#8217;4&#8221;E<\/td>\n<\/tr>\n<\/tbody>\n<\/table>\n<p>&nbsp;<\/p>\n<h2>Opis obiektu &#8211; Villa Sobieski<\/h2>\n<p>Villa Sobieski to niesamowite miejsce, idealne dla os\u00f3b szukaj\u0105cych odpoczynku od miejskiego zgie\u0142ku. Po\u0142o\u017cona w Dzier\u017c\u0105\u017cnie Wielkim, miejscowo\u015bci zaledwie z niewielk\u0105 liczb\u0105 mieszka\u0144c\u00f3w, oferuje wiejski spok\u00f3j. Osoby lubi\u0105ce kontakt z natur\u0105 znajd\u0105 tutaj wiele mo\u017cliwo\u015bci sp\u0119dzania czasu, takich jak spacery, czytanie, w\u0119dkarstwo, grzybobranie czy my\u015blistwo. Villa Sobieski przyjmuje tak\u017ce caravaningowc\u00f3w, oferuj\u0105c 3 miejsca campingowe w przyjemnej le\u015bnej scenerii z dost\u0119pem do pr\u0105du i wody.<\/p>\n<p>&nbsp;<\/p>\n<h2>Opis miejscowo\u015bci &#8211; Wiele\u0144<\/h2>\n<p>Wiele\u0144 to urokliwa miejscowo\u015b\u0107 po\u0142o\u017cona w\u015br\u00f3d las\u00f3w i jezior, idealna dla mi\u0142o\u015bnik\u00f3w spokoju i kontaktu z natur\u0105. Mo\u017cna tu r\u00f3wnie\u017c aktywnie sp\u0119dza\u0107 czas, korzystaj\u0105c z licznych tras rowerowych i pieszych.<\/p>\n<p>&nbsp;<\/p>\n<p>Twoim celem podr\u00f3\u017cy jest Wiele\u0144? &#8211; Sprawd\u017a nasz\u0105 ofert\u0119 na <strong><a href=\"\/en\/\">wynajem kamper\u00f3w<\/a><\/strong>!<\/p>","protected":false},"excerpt":{"rendered":"<p>&nbsp; Kamping Villa Sobieski Miejscowo\u015b\u0107 Wiele\u0144 Wojew\u00f3dztwo Wielkopolskie Pa\u0144stwo Polska GPS 52\u00b059&#8217;35&#8221;N,16\u00b013&#8217;4&#8221;E &nbsp; Opis obiektu &#8211; Villa Sobieski Villa Sobieski to niesamowite miejsce, idealne dla os\u00f3b szukaj\u0105cych odpoczynku od miejskiego zgie\u0142ku. Po\u0142o\u017cona w Dzier\u017c\u0105\u017cnie Wielkim, miejscowo\u015bci zaledwie z niewielk\u0105 liczb\u0105 mieszka\u0144c\u00f3w, oferuje wiejski spok\u00f3j. Osoby lubi\u0105ce kontakt z natur\u0105 znajd\u0105 tutaj wiele mo\u017cliwo\u015bci sp\u0119dzania czasu, [&hellip;]<\/p>","protected":false},"author":6,"featured_media":14299,"parent":0,"menu_order":0,"comment_status":"open","ping_status":"open","template":"","meta":{"footnotes":""},"class_list":["post-15053","page","type-page","status-publish","has-post-thumbnail","hentry","miasto-wielen","wojewodztwa-wielkopolskie"],"yoast_head":"<!-- This site is optimized with the Yoast SEO plugin v26.8 - https:\/\/yoast.com\/product\/yoast-seo-wordpress\/ -->\n<title>Villa Sobieski - Camping - WITO CampRent<\/title>\n<meta name=\"robots\" content=\"index, follow, max-snippet:-1, max-image-preview:large, max-video-preview:-1\" \/>\n<link rel=\"canonical\" href=\"https:\/\/witocamprent.pl\/en\/villa-sobieski-camping\/\" \/>\n<meta property=\"og:locale\" content=\"en_US\" \/>\n<meta property=\"og:type\" content=\"article\" \/>\n<meta property=\"og:title\" content=\"Villa Sobieski - Camping - WITO CampRent\" \/>\n<meta property=\"og:description\" content=\"&nbsp; Kamping Villa Sobieski Miejscowo\u015b\u0107 Wiele\u0144 Wojew\u00f3dztwo Wielkopolskie Pa\u0144stwo Polska GPS 52\u00b059&#8217;35&#8221;N,16\u00b013&#8217;4&#8221;E &nbsp; Opis obiektu &#8211; Villa Sobieski Villa Sobieski to niesamowite miejsce, idealne dla os\u00f3b szukaj\u0105cych odpoczynku od miejskiego zgie\u0142ku. Po\u0142o\u017cona w Dzier\u017c\u0105\u017cnie Wielkim, miejscowo\u015bci zaledwie z niewielk\u0105 liczb\u0105 mieszka\u0144c\u00f3w, oferuje wiejski spok\u00f3j. Osoby lubi\u0105ce kontakt z natur\u0105 znajd\u0105 tutaj wiele mo\u017cliwo\u015bci sp\u0119dzania czasu, [&hellip;]\" \/>\n<meta property=\"og:url\" content=\"https:\/\/witocamprent.pl\/en\/villa-sobieski-camping\/\" \/>\n<meta property=\"og:site_name\" content=\"WITO CampRent\" \/>\n<meta property=\"article:modified_time\" content=\"2024-11-09T15:31:00+00:00\" \/>\n<meta property=\"og:image\" content=\"https:\/\/witocamprent.pl\/wp-content\/uploads\/2024\/07\/180.jpg\" \/>\n\t<meta property=\"og:image:width\" content=\"800\" \/>\n\t<meta property=\"og:image:height\" content=\"600\" \/>\n\t<meta property=\"og:image:type\" content=\"image\/jpeg\" \/>\n<meta name=\"twitter:card\" content=\"summary_large_image\" \/>\n<meta name=\"twitter:label1\" content=\"Est. reading time\" \/>\n\t<meta name=\"twitter:data1\" content=\"1 minute\" \/>\n<script type=\"application\/ld+json\" class=\"yoast-schema-graph\">{\"@context\":\"https:\/\/schema.org\",\"@graph\":[{\"@type\":\"WebPage\",\"@id\":\"https:\/\/witocamprent.pl\/villa-sobieski-camping\/\",\"url\":\"https:\/\/witocamprent.pl\/villa-sobieski-camping\/\",\"name\":\"Villa Sobieski - Camping - WITO CampRent\",\"isPartOf\":{\"@id\":\"https:\/\/witocamprent.pl\/#website\"},\"primaryImageOfPage\":{\"@id\":\"https:\/\/witocamprent.pl\/villa-sobieski-camping\/#primaryimage\"},\"image\":{\"@id\":\"https:\/\/witocamprent.pl\/villa-sobieski-camping\/#primaryimage\"},\"thumbnailUrl\":\"https:\/\/witocamprent.pl\/wp-content\/uploads\/2024\/07\/180.jpg\",\"datePublished\":\"2024-08-13T08:36:17+00:00\",\"dateModified\":\"2024-11-09T15:31:00+00:00\",\"breadcrumb\":{\"@id\":\"https:\/\/witocamprent.pl\/villa-sobieski-camping\/#breadcrumb\"},\"inLanguage\":\"en-US\",\"potentialAction\":[{\"@type\":\"ReadAction\",\"target\":[\"https:\/\/witocamprent.pl\/villa-sobieski-camping\/\"]}]},{\"@type\":\"ImageObject\",\"inLanguage\":\"en-US\",\"@id\":\"https:\/\/witocamprent.pl\/villa-sobieski-camping\/#primaryimage\",\"url\":\"https:\/\/witocamprent.pl\/wp-content\/uploads\/2024\/07\/180.jpg\",\"contentUrl\":\"https:\/\/witocamprent.pl\/wp-content\/uploads\/2024\/07\/180.jpg\",\"width\":800,\"height\":600},{\"@type\":\"BreadcrumbList\",\"@id\":\"https:\/\/witocamprent.pl\/villa-sobieski-camping\/#breadcrumb\",\"itemListElement\":[{\"@type\":\"ListItem\",\"position\":1,\"name\":\"Strona g\u0142\u00f3wna\",\"item\":\"https:\/\/witocamprent.pl\/\"},{\"@type\":\"ListItem\",\"position\":2,\"name\":\"Villa Sobieski &#8211; Camping\"}]},{\"@type\":\"WebSite\",\"@id\":\"https:\/\/witocamprent.pl\/#website\",\"url\":\"https:\/\/witocamprent.pl\/\",\"name\":\"WITO CampRent\",\"description\":\"Wynajem camper&oacute;w\",\"potentialAction\":[{\"@type\":\"SearchAction\",\"target\":{\"@type\":\"EntryPoint\",\"urlTemplate\":\"https:\/\/witocamprent.pl\/?s={search_term_string}\"},\"query-input\":{\"@type\":\"PropertyValueSpecification\",\"valueRequired\":true,\"valueName\":\"search_term_string\"}}],\"inLanguage\":\"en-US\"}]}<\/script>\n<!-- \/ Yoast SEO plugin. -->","yoast_head_json":{"title":"Villa Sobieski - Camping - WITO CampRent","robots":{"index":"index","follow":"follow","max-snippet":"max-snippet:-1","max-image-preview":"max-image-preview:large","max-video-preview":"max-video-preview:-1"},"canonical":"https:\/\/witocamprent.pl\/en\/villa-sobieski-camping\/","og_locale":"en_US","og_type":"article","og_title":"Villa Sobieski - Camping - WITO CampRent","og_description":"&nbsp; Kamping Villa Sobieski Miejscowo\u015b\u0107 Wiele\u0144 Wojew\u00f3dztwo Wielkopolskie Pa\u0144stwo Polska GPS 52\u00b059&#8217;35&#8221;N,16\u00b013&#8217;4&#8221;E &nbsp; Opis obiektu &#8211; Villa Sobieski Villa Sobieski to niesamowite miejsce, idealne dla os\u00f3b szukaj\u0105cych odpoczynku od miejskiego zgie\u0142ku. Po\u0142o\u017cona w Dzier\u017c\u0105\u017cnie Wielkim, miejscowo\u015bci zaledwie z niewielk\u0105 liczb\u0105 mieszka\u0144c\u00f3w, oferuje wiejski spok\u00f3j. Osoby lubi\u0105ce kontakt z natur\u0105 znajd\u0105 tutaj wiele mo\u017cliwo\u015bci sp\u0119dzania czasu, [&hellip;]","og_url":"https:\/\/witocamprent.pl\/en\/villa-sobieski-camping\/","og_site_name":"WITO CampRent","article_modified_time":"2024-11-09T15:31:00+00:00","og_image":[{"width":800,"height":600,"url":"https:\/\/witocamprent.pl\/wp-content\/uploads\/2024\/07\/180.jpg","type":"image\/jpeg"}],"twitter_card":"summary_large_image","twitter_misc":{"Est. reading time":"1 minute"},"schema":{"@context":"https:\/\/schema.org","@graph":[{"@type":"WebPage","@id":"https:\/\/witocamprent.pl\/villa-sobieski-camping\/","url":"https:\/\/witocamprent.pl\/villa-sobieski-camping\/","name":"Villa Sobieski - Camping - WITO CampRent","isPartOf":{"@id":"https:\/\/witocamprent.pl\/#website"},"primaryImageOfPage":{"@id":"https:\/\/witocamprent.pl\/villa-sobieski-camping\/#primaryimage"},"image":{"@id":"https:\/\/witocamprent.pl\/villa-sobieski-camping\/#primaryimage"},"thumbnailUrl":"https:\/\/witocamprent.pl\/wp-content\/uploads\/2024\/07\/180.jpg","datePublished":"2024-08-13T08:36:17+00:00","dateModified":"2024-11-09T15:31:00+00:00","breadcrumb":{"@id":"https:\/\/witocamprent.pl\/villa-sobieski-camping\/#breadcrumb"},"inLanguage":"en-US","potentialAction":[{"@type":"ReadAction","target":["https:\/\/witocamprent.pl\/villa-sobieski-camping\/"]}]},{"@type":"ImageObject","inLanguage":"en-US","@id":"https:\/\/witocamprent.pl\/villa-sobieski-camping\/#primaryimage","url":"https:\/\/witocamprent.pl\/wp-content\/uploads\/2024\/07\/180.jpg","contentUrl":"https:\/\/witocamprent.pl\/wp-content\/uploads\/2024\/07\/180.jpg","width":800,"height":600},{"@type":"BreadcrumbList","@id":"https:\/\/witocamprent.pl\/villa-sobieski-camping\/#breadcrumb","itemListElement":[{"@type":"ListItem","position":1,"name":"Strona g\u0142\u00f3wna","item":"https:\/\/witocamprent.pl\/"},{"@type":"ListItem","position":2,"name":"Villa Sobieski &#8211; Camping"}]},{"@type":"WebSite","@id":"https:\/\/witocamprent.pl\/#website","url":"https:\/\/witocamprent.pl\/","name":"WITO CampRent","description":"Wynajem camper&oacute;w","potentialAction":[{"@type":"SearchAction","target":{"@type":"EntryPoint","urlTemplate":"https:\/\/witocamprent.pl\/?s={search_term_string}"},"query-input":{"@type":"PropertyValueSpecification","valueRequired":true,"valueName":"search_term_string"}}],"inLanguage":"en-US"}]}},"_links":{"self":[{"href":"https:\/\/witocamprent.pl\/en\/wp-json\/wp\/v2\/pages\/15053","targetHints":{"allow":["GET"]}}],"collection":[{"href":"https:\/\/witocamprent.pl\/en\/wp-json\/wp\/v2\/pages"}],"about":[{"href":"https:\/\/witocamprent.pl\/en\/wp-json\/wp\/v2\/types\/page"}],"author":[{"embeddable":true,"href":"https:\/\/witocamprent.pl\/en\/wp-json\/wp\/v2\/users\/6"}],"replies":[{"embeddable":true,"href":"https:\/\/witocamprent.pl\/en\/wp-json\/wp\/v2\/comments?post=15053"}],"version-history":[{"count":1,"href":"https:\/\/witocamprent.pl\/en\/wp-json\/wp\/v2\/pages\/15053\/revisions"}],"predecessor-version":[{"id":15269,"href":"https:\/\/witocamprent.pl\/en\/wp-json\/wp\/v2\/pages\/15053\/revisions\/15269"}],"wp:featuredmedia":[{"embeddable":true,"href":"https:\/\/witocamprent.pl\/en\/wp-json\/wp\/v2\/media\/14299"}],"wp:attachment":[{"href":"https:\/\/witocamprent.pl\/en\/wp-json\/wp\/v2\/media?parent=15053"}],"curies":[{"name":"wp","href":"https:\/\/api.w.org\/{rel}","templated":true}]}}