{"id":15066,"date":"2024-09-14T15:07:14","date_gmt":"2024-09-14T14:07:14","guid":{"rendered":"https:\/\/witocamprent.pl\/camping-nr-193-w-mrzezynie-camping\/"},"modified":"2024-11-09T16:31:07","modified_gmt":"2024-11-09T15:31:07","slug":"camping-nr-193-w-mrzezynie-camping","status":"publish","type":"page","link":"https:\/\/witocamprent.pl\/en\/camping-nr-193-w-mrzezynie-camping\/","title":{"rendered":"Camping nr 193 w Mrze\u017cynie &#8211; Camping"},"content":{"rendered":"<p>&nbsp;<\/p>\n<table>\n<tbody>\n<tr>\n<td>Kamping<\/td>\n<td>Camping nr 193 w Mrze\u017cynie<\/td>\n<\/tr>\n<tr>\n<td>Miejscowo\u015b\u0107<\/td>\n<td>Mrze\u017cyno<\/td>\n<\/tr>\n<tr>\n<td>Wojew\u00f3dztwo<\/td>\n<td>Zachodniopomorskie<\/td>\n<\/tr>\n<tr>\n<td>Pa\u0144stwo<\/td>\n<td>Polska<\/td>\n<\/tr>\n<tr>\n<td>GPS<\/td>\n<td>54\u00b08&#8217;29&#8221;N,15\u00b017&#8217;17&#8221;E<\/td>\n<\/tr>\n<\/tbody>\n<\/table>\n<p>&nbsp;<\/p>\n<h2>Opis obiektu &#8211; Camping nr 193 w Mrze\u017cynie<\/h2>\n<p>Camping nr 193 w Mrze\u017cynie: Zlokalizowany przy trasie 109 mi\u0119dzy Trzebiatowem a D\u017awirzynem, ten camping w zachodniopomorskim oferuje powierzchni\u0119 2,5 ha zadrzewionego terenu. Przy uj\u015bciu rzeki Regi, go\u015bcie mog\u0105 korzysta\u0107 z toalet i prysznic\u00f3w oraz cieszy\u0107 si\u0119 spokojem i urokiem tego miejsca.<\/p>\n<p>&nbsp;<\/p>\n<h2>Opis miejscowo\u015bci &#8211; Mrze\u017cyno<\/h2>\n<p>Urokliwa miejscowo\u015b\u0107 nadmorska Mrze\u017cyno zachwyca pi\u0119knymi pla\u017cami i malowniczym klifowym wybrze\u017cem. To popularny kurort wypoczynkowy, idealny dla mi\u0142o\u015bnik\u00f3w morskich k\u0105pieli i relaksu.<\/p>\n<p>&nbsp;<\/p>\n<p>Twoim celem podr\u00f3\u017cy jest Mrze\u017cyno? &#8211; Sprawd\u017a nasz\u0105 ofert\u0119 na <strong><a href=\"\/en\/\">wynajem kamper\u00f3w<\/a><\/strong>!<\/p>","protected":false},"excerpt":{"rendered":"<p>&nbsp; Kamping Camping nr 193 w Mrze\u017cynie Miejscowo\u015b\u0107 Mrze\u017cyno Wojew\u00f3dztwo Zachodniopomorskie Pa\u0144stwo Polska GPS 54\u00b08&#8217;29&#8221;N,15\u00b017&#8217;17&#8221;E &nbsp; Opis obiektu &#8211; Camping nr 193 w Mrze\u017cynie Camping nr 193 w Mrze\u017cynie: Zlokalizowany przy trasie 109 mi\u0119dzy Trzebiatowem a D\u017awirzynem, ten camping w zachodniopomorskim oferuje powierzchni\u0119 2,5 ha zadrzewionego terenu. Przy uj\u015bciu rzeki Regi, go\u015bcie mog\u0105 korzysta\u0107 z [&hellip;]<\/p>","protected":false},"author":6,"featured_media":14325,"parent":0,"menu_order":0,"comment_status":"open","ping_status":"open","template":"","meta":{"footnotes":""},"class_list":["post-15066","page","type-page","status-publish","has-post-thumbnail","hentry","miasto-mrzezyno","wojewodztwa-zachodniopomorskie"],"yoast_head":"<!-- This site is optimized with the Yoast SEO plugin v26.8 - https:\/\/yoast.com\/product\/yoast-seo-wordpress\/ -->\n<title>Camping nr 193 w Mrze\u017cynie - Camping - WITO CampRent<\/title>\n<meta name=\"robots\" content=\"index, follow, max-snippet:-1, max-image-preview:large, max-video-preview:-1\" \/>\n<link rel=\"canonical\" href=\"https:\/\/witocamprent.pl\/en\/camping-nr-193-w-mrzezynie-camping\/\" \/>\n<meta property=\"og:locale\" content=\"en_US\" \/>\n<meta property=\"og:type\" content=\"article\" \/>\n<meta property=\"og:title\" content=\"Camping nr 193 w Mrze\u017cynie - Camping - WITO CampRent\" \/>\n<meta property=\"og:description\" content=\"&nbsp; Kamping Camping nr 193 w Mrze\u017cynie Miejscowo\u015b\u0107 Mrze\u017cyno Wojew\u00f3dztwo Zachodniopomorskie Pa\u0144stwo Polska GPS 54\u00b08&#8217;29&#8221;N,15\u00b017&#8217;17&#8221;E &nbsp; Opis obiektu &#8211; Camping nr 193 w Mrze\u017cynie Camping nr 193 w Mrze\u017cynie: Zlokalizowany przy trasie 109 mi\u0119dzy Trzebiatowem a D\u017awirzynem, ten camping w zachodniopomorskim oferuje powierzchni\u0119 2,5 ha zadrzewionego terenu. Przy uj\u015bciu rzeki Regi, go\u015bcie mog\u0105 korzysta\u0107 z [&hellip;]\" \/>\n<meta property=\"og:url\" content=\"https:\/\/witocamprent.pl\/en\/camping-nr-193-w-mrzezynie-camping\/\" \/>\n<meta property=\"og:site_name\" content=\"WITO CampRent\" \/>\n<meta property=\"article:modified_time\" content=\"2024-11-09T15:31:07+00:00\" \/>\n<meta property=\"og:image\" content=\"https:\/\/witocamprent.pl\/wp-content\/uploads\/2024\/07\/193.jpg\" \/>\n\t<meta property=\"og:image:width\" content=\"800\" \/>\n\t<meta property=\"og:image:height\" content=\"600\" \/>\n\t<meta property=\"og:image:type\" content=\"image\/jpeg\" \/>\n<meta name=\"twitter:card\" content=\"summary_large_image\" \/>\n<meta name=\"twitter:label1\" content=\"Est. reading time\" \/>\n\t<meta name=\"twitter:data1\" content=\"1 minute\" \/>\n<script type=\"application\/ld+json\" class=\"yoast-schema-graph\">{\"@context\":\"https:\/\/schema.org\",\"@graph\":[{\"@type\":\"WebPage\",\"@id\":\"https:\/\/witocamprent.pl\/camping-nr-193-w-mrzezynie-camping\/\",\"url\":\"https:\/\/witocamprent.pl\/camping-nr-193-w-mrzezynie-camping\/\",\"name\":\"Camping nr 193 w Mrze\u017cynie - Camping - WITO CampRent\",\"isPartOf\":{\"@id\":\"https:\/\/witocamprent.pl\/#website\"},\"primaryImageOfPage\":{\"@id\":\"https:\/\/witocamprent.pl\/camping-nr-193-w-mrzezynie-camping\/#primaryimage\"},\"image\":{\"@id\":\"https:\/\/witocamprent.pl\/camping-nr-193-w-mrzezynie-camping\/#primaryimage\"},\"thumbnailUrl\":\"https:\/\/witocamprent.pl\/wp-content\/uploads\/2024\/07\/193.jpg\",\"datePublished\":\"2024-09-14T14:07:14+00:00\",\"dateModified\":\"2024-11-09T15:31:07+00:00\",\"breadcrumb\":{\"@id\":\"https:\/\/witocamprent.pl\/camping-nr-193-w-mrzezynie-camping\/#breadcrumb\"},\"inLanguage\":\"en-US\",\"potentialAction\":[{\"@type\":\"ReadAction\",\"target\":[\"https:\/\/witocamprent.pl\/camping-nr-193-w-mrzezynie-camping\/\"]}]},{\"@type\":\"ImageObject\",\"inLanguage\":\"en-US\",\"@id\":\"https:\/\/witocamprent.pl\/camping-nr-193-w-mrzezynie-camping\/#primaryimage\",\"url\":\"https:\/\/witocamprent.pl\/wp-content\/uploads\/2024\/07\/193.jpg\",\"contentUrl\":\"https:\/\/witocamprent.pl\/wp-content\/uploads\/2024\/07\/193.jpg\",\"width\":800,\"height\":600},{\"@type\":\"BreadcrumbList\",\"@id\":\"https:\/\/witocamprent.pl\/camping-nr-193-w-mrzezynie-camping\/#breadcrumb\",\"itemListElement\":[{\"@type\":\"ListItem\",\"position\":1,\"name\":\"Strona g\u0142\u00f3wna\",\"item\":\"https:\/\/witocamprent.pl\/\"},{\"@type\":\"ListItem\",\"position\":2,\"name\":\"Camping nr 193 w Mrze\u017cynie &#8211; Camping\"}]},{\"@type\":\"WebSite\",\"@id\":\"https:\/\/witocamprent.pl\/#website\",\"url\":\"https:\/\/witocamprent.pl\/\",\"name\":\"WITO CampRent\",\"description\":\"Wynajem camper&oacute;w\",\"potentialAction\":[{\"@type\":\"SearchAction\",\"target\":{\"@type\":\"EntryPoint\",\"urlTemplate\":\"https:\/\/witocamprent.pl\/?s={search_term_string}\"},\"query-input\":{\"@type\":\"PropertyValueSpecification\",\"valueRequired\":true,\"valueName\":\"search_term_string\"}}],\"inLanguage\":\"en-US\"}]}<\/script>\n<!-- \/ Yoast SEO plugin. -->","yoast_head_json":{"title":"Camping nr 193 w Mrze\u017cynie - Camping - WITO CampRent","robots":{"index":"index","follow":"follow","max-snippet":"max-snippet:-1","max-image-preview":"max-image-preview:large","max-video-preview":"max-video-preview:-1"},"canonical":"https:\/\/witocamprent.pl\/en\/camping-nr-193-w-mrzezynie-camping\/","og_locale":"en_US","og_type":"article","og_title":"Camping nr 193 w Mrze\u017cynie - Camping - WITO CampRent","og_description":"&nbsp; Kamping Camping nr 193 w Mrze\u017cynie Miejscowo\u015b\u0107 Mrze\u017cyno Wojew\u00f3dztwo Zachodniopomorskie Pa\u0144stwo Polska GPS 54\u00b08&#8217;29&#8221;N,15\u00b017&#8217;17&#8221;E &nbsp; Opis obiektu &#8211; Camping nr 193 w Mrze\u017cynie Camping nr 193 w Mrze\u017cynie: Zlokalizowany przy trasie 109 mi\u0119dzy Trzebiatowem a D\u017awirzynem, ten camping w zachodniopomorskim oferuje powierzchni\u0119 2,5 ha zadrzewionego terenu. Przy uj\u015bciu rzeki Regi, go\u015bcie mog\u0105 korzysta\u0107 z [&hellip;]","og_url":"https:\/\/witocamprent.pl\/en\/camping-nr-193-w-mrzezynie-camping\/","og_site_name":"WITO CampRent","article_modified_time":"2024-11-09T15:31:07+00:00","og_image":[{"width":800,"height":600,"url":"https:\/\/witocamprent.pl\/wp-content\/uploads\/2024\/07\/193.jpg","type":"image\/jpeg"}],"twitter_card":"summary_large_image","twitter_misc":{"Est. reading time":"1 minute"},"schema":{"@context":"https:\/\/schema.org","@graph":[{"@type":"WebPage","@id":"https:\/\/witocamprent.pl\/camping-nr-193-w-mrzezynie-camping\/","url":"https:\/\/witocamprent.pl\/camping-nr-193-w-mrzezynie-camping\/","name":"Camping nr 193 w Mrze\u017cynie - Camping - WITO CampRent","isPartOf":{"@id":"https:\/\/witocamprent.pl\/#website"},"primaryImageOfPage":{"@id":"https:\/\/witocamprent.pl\/camping-nr-193-w-mrzezynie-camping\/#primaryimage"},"image":{"@id":"https:\/\/witocamprent.pl\/camping-nr-193-w-mrzezynie-camping\/#primaryimage"},"thumbnailUrl":"https:\/\/witocamprent.pl\/wp-content\/uploads\/2024\/07\/193.jpg","datePublished":"2024-09-14T14:07:14+00:00","dateModified":"2024-11-09T15:31:07+00:00","breadcrumb":{"@id":"https:\/\/witocamprent.pl\/camping-nr-193-w-mrzezynie-camping\/#breadcrumb"},"inLanguage":"en-US","potentialAction":[{"@type":"ReadAction","target":["https:\/\/witocamprent.pl\/camping-nr-193-w-mrzezynie-camping\/"]}]},{"@type":"ImageObject","inLanguage":"en-US","@id":"https:\/\/witocamprent.pl\/camping-nr-193-w-mrzezynie-camping\/#primaryimage","url":"https:\/\/witocamprent.pl\/wp-content\/uploads\/2024\/07\/193.jpg","contentUrl":"https:\/\/witocamprent.pl\/wp-content\/uploads\/2024\/07\/193.jpg","width":800,"height":600},{"@type":"BreadcrumbList","@id":"https:\/\/witocamprent.pl\/camping-nr-193-w-mrzezynie-camping\/#breadcrumb","itemListElement":[{"@type":"ListItem","position":1,"name":"Strona g\u0142\u00f3wna","item":"https:\/\/witocamprent.pl\/"},{"@type":"ListItem","position":2,"name":"Camping nr 193 w Mrze\u017cynie &#8211; Camping"}]},{"@type":"WebSite","@id":"https:\/\/witocamprent.pl\/#website","url":"https:\/\/witocamprent.pl\/","name":"WITO CampRent","description":"Wynajem camper&oacute;w","potentialAction":[{"@type":"SearchAction","target":{"@type":"EntryPoint","urlTemplate":"https:\/\/witocamprent.pl\/?s={search_term_string}"},"query-input":{"@type":"PropertyValueSpecification","valueRequired":true,"valueName":"search_term_string"}}],"inLanguage":"en-US"}]}},"_links":{"self":[{"href":"https:\/\/witocamprent.pl\/en\/wp-json\/wp\/v2\/pages\/15066","targetHints":{"allow":["GET"]}}],"collection":[{"href":"https:\/\/witocamprent.pl\/en\/wp-json\/wp\/v2\/pages"}],"about":[{"href":"https:\/\/witocamprent.pl\/en\/wp-json\/wp\/v2\/types\/page"}],"author":[{"embeddable":true,"href":"https:\/\/witocamprent.pl\/en\/wp-json\/wp\/v2\/users\/6"}],"replies":[{"embeddable":true,"href":"https:\/\/witocamprent.pl\/en\/wp-json\/wp\/v2\/comments?post=15066"}],"version-history":[{"count":1,"href":"https:\/\/witocamprent.pl\/en\/wp-json\/wp\/v2\/pages\/15066\/revisions"}],"predecessor-version":[{"id":15282,"href":"https:\/\/witocamprent.pl\/en\/wp-json\/wp\/v2\/pages\/15066\/revisions\/15282"}],"wp:featuredmedia":[{"embeddable":true,"href":"https:\/\/witocamprent.pl\/en\/wp-json\/wp\/v2\/media\/14325"}],"wp:attachment":[{"href":"https:\/\/witocamprent.pl\/en\/wp-json\/wp\/v2\/media?parent=15066"}],"curies":[{"name":"wp","href":"https:\/\/api.w.org\/{rel}","templated":true}]}}