{"id":15071,"date":"2024-09-28T10:24:19","date_gmt":"2024-09-28T09:24:19","guid":{"rendered":"https:\/\/witocamprent.pl\/jezioro-dobskie-camping\/"},"modified":"2024-11-09T16:31:09","modified_gmt":"2024-11-09T15:31:09","slug":"jezioro-dobskie-camping","status":"publish","type":"page","link":"https:\/\/witocamprent.pl\/en\/jezioro-dobskie-camping\/","title":{"rendered":"Jezioro Dobskie &#8211; Camping"},"content":{"rendered":"<p>&nbsp;<\/p>\n<table>\n<tbody>\n<tr>\n<td>Kamping<\/td>\n<td>Jezioro Dobskie<\/td>\n<\/tr>\n<tr>\n<td>Miejscowo\u015b\u0107<\/td>\n<td>D\u0105bie<\/td>\n<\/tr>\n<tr>\n<td>Wojew\u00f3dztwo<\/td>\n<td>Zachodniopomorskie<\/td>\n<\/tr>\n<tr>\n<td>Pa\u0144stwo<\/td>\n<td>Polska<\/td>\n<\/tr>\n<tr>\n<td>GPS<\/td>\n<td>53\u00b035&#8217;11&#8221;N,19\u00b034&#8217;44&#8221;E<\/td>\n<\/tr>\n<\/tbody>\n<\/table>\n<p>&nbsp;<\/p>\n<h2>Opis obiektu &#8211; Jezioro Dobskie<\/h2>\n<p>Jezioro Dobskie to jedno z najwi\u0119kszych jezior na Pojezierzu Drawskim. To miejsce idealne dla mi\u0142o\u015bnik\u00f3w przyrody, ciszy i spokoju. Aktywni wypoczynek zapewni\u0105 tu mo\u017cliwo\u015bci uprawiania sport\u00f3w wodnych, takich jak \u017ceglarstwo czy kajakarstwo.<\/p>\n<p>&nbsp;<\/p>\n<h2>Opis miejscowo\u015bci &#8211; D\u0105bie<\/h2>\n<p>D\u0105bie s\u0142ynie z uroczego Jeziora D\u0105bskiego, kt\u00f3re jest doskona\u0142ym miejscem na k\u0105piele, w\u0119dkowanie i rekreacj\u0119 nad wod\u0105. Ponadto, okolica oferuje pi\u0119kne trasy rowerowe i piesze, kt\u00f3re zach\u0119caj\u0105 do aktywnego sp\u0119dzania czasu na \u015bwie\u017cym powietrzu.<\/p>\n<p>&nbsp;<\/p>\n<p>Twoim celem podr\u00f3\u017cy jest D\u0105bie? &#8211; Sprawd\u017a nasz\u0105 ofert\u0119 na <strong><a href=\"\/en\/\">wynajem kamper\u00f3w<\/a><\/strong>!<\/p>","protected":false},"excerpt":{"rendered":"<p>&nbsp; Kamping Jezioro Dobskie Miejscowo\u015b\u0107 D\u0105bie Wojew\u00f3dztwo Zachodniopomorskie Pa\u0144stwo Polska GPS 53\u00b035&#8217;11&#8221;N,19\u00b034&#8217;44&#8221;E &nbsp; Opis obiektu &#8211; Jezioro Dobskie Jezioro Dobskie to jedno z najwi\u0119kszych jezior na Pojezierzu Drawskim. To miejsce idealne dla mi\u0142o\u015bnik\u00f3w przyrody, ciszy i spokoju. Aktywni wypoczynek zapewni\u0105 tu mo\u017cliwo\u015bci uprawiania sport\u00f3w wodnych, takich jak \u017ceglarstwo czy kajakarstwo. &nbsp; Opis miejscowo\u015bci &#8211; D\u0105bie [&hellip;]<\/p>","protected":false},"author":6,"featured_media":14335,"parent":0,"menu_order":0,"comment_status":"open","ping_status":"open","template":"","meta":{"footnotes":""},"class_list":["post-15071","page","type-page","status-publish","has-post-thumbnail","hentry","miasto-dabie","wojewodztwa-zachodniopomorskie"],"yoast_head":"<!-- This site is optimized with the Yoast SEO plugin v26.8 - https:\/\/yoast.com\/product\/yoast-seo-wordpress\/ -->\n<title>Jezioro Dobskie - Camping - WITO CampRent<\/title>\n<meta name=\"robots\" content=\"index, follow, max-snippet:-1, max-image-preview:large, max-video-preview:-1\" \/>\n<link rel=\"canonical\" href=\"https:\/\/witocamprent.pl\/en\/jezioro-dobskie-camping\/\" \/>\n<meta property=\"og:locale\" content=\"en_US\" \/>\n<meta property=\"og:type\" content=\"article\" \/>\n<meta property=\"og:title\" content=\"Jezioro Dobskie - Camping - WITO CampRent\" \/>\n<meta property=\"og:description\" content=\"&nbsp; Kamping Jezioro Dobskie Miejscowo\u015b\u0107 D\u0105bie Wojew\u00f3dztwo Zachodniopomorskie Pa\u0144stwo Polska GPS 53\u00b035&#8217;11&#8221;N,19\u00b034&#8217;44&#8221;E &nbsp; Opis obiektu &#8211; Jezioro Dobskie Jezioro Dobskie to jedno z najwi\u0119kszych jezior na Pojezierzu Drawskim. To miejsce idealne dla mi\u0142o\u015bnik\u00f3w przyrody, ciszy i spokoju. Aktywni wypoczynek zapewni\u0105 tu mo\u017cliwo\u015bci uprawiania sport\u00f3w wodnych, takich jak \u017ceglarstwo czy kajakarstwo. &nbsp; Opis miejscowo\u015bci &#8211; D\u0105bie [&hellip;]\" \/>\n<meta property=\"og:url\" content=\"https:\/\/witocamprent.pl\/en\/jezioro-dobskie-camping\/\" \/>\n<meta property=\"og:site_name\" content=\"WITO CampRent\" \/>\n<meta property=\"article:modified_time\" content=\"2024-11-09T15:31:09+00:00\" \/>\n<meta property=\"og:image\" content=\"https:\/\/witocamprent.pl\/wp-content\/uploads\/2024\/07\/198.jpg\" \/>\n\t<meta property=\"og:image:width\" content=\"800\" \/>\n\t<meta property=\"og:image:height\" content=\"600\" \/>\n\t<meta property=\"og:image:type\" content=\"image\/jpeg\" \/>\n<meta name=\"twitter:card\" content=\"summary_large_image\" \/>\n<meta name=\"twitter:label1\" content=\"Est. reading time\" \/>\n\t<meta name=\"twitter:data1\" content=\"1 minute\" \/>\n<script type=\"application\/ld+json\" class=\"yoast-schema-graph\">{\"@context\":\"https:\/\/schema.org\",\"@graph\":[{\"@type\":\"WebPage\",\"@id\":\"https:\/\/witocamprent.pl\/jezioro-dobskie-camping\/\",\"url\":\"https:\/\/witocamprent.pl\/jezioro-dobskie-camping\/\",\"name\":\"Jezioro Dobskie - Camping - WITO CampRent\",\"isPartOf\":{\"@id\":\"https:\/\/witocamprent.pl\/#website\"},\"primaryImageOfPage\":{\"@id\":\"https:\/\/witocamprent.pl\/jezioro-dobskie-camping\/#primaryimage\"},\"image\":{\"@id\":\"https:\/\/witocamprent.pl\/jezioro-dobskie-camping\/#primaryimage\"},\"thumbnailUrl\":\"https:\/\/witocamprent.pl\/wp-content\/uploads\/2024\/07\/198.jpg\",\"datePublished\":\"2024-09-28T09:24:19+00:00\",\"dateModified\":\"2024-11-09T15:31:09+00:00\",\"breadcrumb\":{\"@id\":\"https:\/\/witocamprent.pl\/jezioro-dobskie-camping\/#breadcrumb\"},\"inLanguage\":\"en-US\",\"potentialAction\":[{\"@type\":\"ReadAction\",\"target\":[\"https:\/\/witocamprent.pl\/jezioro-dobskie-camping\/\"]}]},{\"@type\":\"ImageObject\",\"inLanguage\":\"en-US\",\"@id\":\"https:\/\/witocamprent.pl\/jezioro-dobskie-camping\/#primaryimage\",\"url\":\"https:\/\/witocamprent.pl\/wp-content\/uploads\/2024\/07\/198.jpg\",\"contentUrl\":\"https:\/\/witocamprent.pl\/wp-content\/uploads\/2024\/07\/198.jpg\",\"width\":800,\"height\":600},{\"@type\":\"BreadcrumbList\",\"@id\":\"https:\/\/witocamprent.pl\/jezioro-dobskie-camping\/#breadcrumb\",\"itemListElement\":[{\"@type\":\"ListItem\",\"position\":1,\"name\":\"Strona g\u0142\u00f3wna\",\"item\":\"https:\/\/witocamprent.pl\/\"},{\"@type\":\"ListItem\",\"position\":2,\"name\":\"Jezioro Dobskie &#8211; Camping\"}]},{\"@type\":\"WebSite\",\"@id\":\"https:\/\/witocamprent.pl\/#website\",\"url\":\"https:\/\/witocamprent.pl\/\",\"name\":\"WITO CampRent\",\"description\":\"Wynajem camper&oacute;w\",\"potentialAction\":[{\"@type\":\"SearchAction\",\"target\":{\"@type\":\"EntryPoint\",\"urlTemplate\":\"https:\/\/witocamprent.pl\/?s={search_term_string}\"},\"query-input\":{\"@type\":\"PropertyValueSpecification\",\"valueRequired\":true,\"valueName\":\"search_term_string\"}}],\"inLanguage\":\"en-US\"}]}<\/script>\n<!-- \/ Yoast SEO plugin. -->","yoast_head_json":{"title":"Jezioro Dobskie - Camping - WITO CampRent","robots":{"index":"index","follow":"follow","max-snippet":"max-snippet:-1","max-image-preview":"max-image-preview:large","max-video-preview":"max-video-preview:-1"},"canonical":"https:\/\/witocamprent.pl\/en\/jezioro-dobskie-camping\/","og_locale":"en_US","og_type":"article","og_title":"Jezioro Dobskie - Camping - WITO CampRent","og_description":"&nbsp; Kamping Jezioro Dobskie Miejscowo\u015b\u0107 D\u0105bie Wojew\u00f3dztwo Zachodniopomorskie Pa\u0144stwo Polska GPS 53\u00b035&#8217;11&#8221;N,19\u00b034&#8217;44&#8221;E &nbsp; Opis obiektu &#8211; Jezioro Dobskie Jezioro Dobskie to jedno z najwi\u0119kszych jezior na Pojezierzu Drawskim. To miejsce idealne dla mi\u0142o\u015bnik\u00f3w przyrody, ciszy i spokoju. Aktywni wypoczynek zapewni\u0105 tu mo\u017cliwo\u015bci uprawiania sport\u00f3w wodnych, takich jak \u017ceglarstwo czy kajakarstwo. &nbsp; Opis miejscowo\u015bci &#8211; D\u0105bie [&hellip;]","og_url":"https:\/\/witocamprent.pl\/en\/jezioro-dobskie-camping\/","og_site_name":"WITO CampRent","article_modified_time":"2024-11-09T15:31:09+00:00","og_image":[{"width":800,"height":600,"url":"https:\/\/witocamprent.pl\/wp-content\/uploads\/2024\/07\/198.jpg","type":"image\/jpeg"}],"twitter_card":"summary_large_image","twitter_misc":{"Est. reading time":"1 minute"},"schema":{"@context":"https:\/\/schema.org","@graph":[{"@type":"WebPage","@id":"https:\/\/witocamprent.pl\/jezioro-dobskie-camping\/","url":"https:\/\/witocamprent.pl\/jezioro-dobskie-camping\/","name":"Jezioro Dobskie - Camping - WITO CampRent","isPartOf":{"@id":"https:\/\/witocamprent.pl\/#website"},"primaryImageOfPage":{"@id":"https:\/\/witocamprent.pl\/jezioro-dobskie-camping\/#primaryimage"},"image":{"@id":"https:\/\/witocamprent.pl\/jezioro-dobskie-camping\/#primaryimage"},"thumbnailUrl":"https:\/\/witocamprent.pl\/wp-content\/uploads\/2024\/07\/198.jpg","datePublished":"2024-09-28T09:24:19+00:00","dateModified":"2024-11-09T15:31:09+00:00","breadcrumb":{"@id":"https:\/\/witocamprent.pl\/jezioro-dobskie-camping\/#breadcrumb"},"inLanguage":"en-US","potentialAction":[{"@type":"ReadAction","target":["https:\/\/witocamprent.pl\/jezioro-dobskie-camping\/"]}]},{"@type":"ImageObject","inLanguage":"en-US","@id":"https:\/\/witocamprent.pl\/jezioro-dobskie-camping\/#primaryimage","url":"https:\/\/witocamprent.pl\/wp-content\/uploads\/2024\/07\/198.jpg","contentUrl":"https:\/\/witocamprent.pl\/wp-content\/uploads\/2024\/07\/198.jpg","width":800,"height":600},{"@type":"BreadcrumbList","@id":"https:\/\/witocamprent.pl\/jezioro-dobskie-camping\/#breadcrumb","itemListElement":[{"@type":"ListItem","position":1,"name":"Strona g\u0142\u00f3wna","item":"https:\/\/witocamprent.pl\/"},{"@type":"ListItem","position":2,"name":"Jezioro Dobskie &#8211; Camping"}]},{"@type":"WebSite","@id":"https:\/\/witocamprent.pl\/#website","url":"https:\/\/witocamprent.pl\/","name":"WITO CampRent","description":"Wynajem camper&oacute;w","potentialAction":[{"@type":"SearchAction","target":{"@type":"EntryPoint","urlTemplate":"https:\/\/witocamprent.pl\/?s={search_term_string}"},"query-input":{"@type":"PropertyValueSpecification","valueRequired":true,"valueName":"search_term_string"}}],"inLanguage":"en-US"}]}},"_links":{"self":[{"href":"https:\/\/witocamprent.pl\/en\/wp-json\/wp\/v2\/pages\/15071","targetHints":{"allow":["GET"]}}],"collection":[{"href":"https:\/\/witocamprent.pl\/en\/wp-json\/wp\/v2\/pages"}],"about":[{"href":"https:\/\/witocamprent.pl\/en\/wp-json\/wp\/v2\/types\/page"}],"author":[{"embeddable":true,"href":"https:\/\/witocamprent.pl\/en\/wp-json\/wp\/v2\/users\/6"}],"replies":[{"embeddable":true,"href":"https:\/\/witocamprent.pl\/en\/wp-json\/wp\/v2\/comments?post=15071"}],"version-history":[{"count":1,"href":"https:\/\/witocamprent.pl\/en\/wp-json\/wp\/v2\/pages\/15071\/revisions"}],"predecessor-version":[{"id":15287,"href":"https:\/\/witocamprent.pl\/en\/wp-json\/wp\/v2\/pages\/15071\/revisions\/15287"}],"wp:featuredmedia":[{"embeddable":true,"href":"https:\/\/witocamprent.pl\/en\/wp-json\/wp\/v2\/media\/14335"}],"wp:attachment":[{"href":"https:\/\/witocamprent.pl\/en\/wp-json\/wp\/v2\/media?parent=15071"}],"curies":[{"name":"wp","href":"https:\/\/api.w.org\/{rel}","templated":true}]}}