{"id":15074,"date":"2024-10-17T14:11:44","date_gmt":"2024-10-17T13:11:44","guid":{"rendered":"https:\/\/witocamprent.pl\/jezioro-gardno-camping\/"},"modified":"2024-11-09T16:31:10","modified_gmt":"2024-11-09T15:31:10","slug":"jezioro-gardno-camping","status":"publish","type":"page","link":"https:\/\/witocamprent.pl\/en\/jezioro-gardno-camping\/","title":{"rendered":"Jezioro Gardno &#8211; Camping"},"content":{"rendered":"<p>&nbsp;<\/p>\n<table>\n<tbody>\n<tr>\n<td>Kamping<\/td>\n<td>Jezioro Gardno<\/td>\n<\/tr>\n<tr>\n<td>Miejscowo\u015b\u0107<\/td>\n<td>\u0141eba<\/td>\n<\/tr>\n<tr>\n<td>Wojew\u00f3dztwo<\/td>\n<td>Zachodniopomorskie<\/td>\n<\/tr>\n<tr>\n<td>Pa\u0144stwo<\/td>\n<td>Polska<\/td>\n<\/tr>\n<tr>\n<td>GPS<\/td>\n<td>54\u00b046&#8217;44&#8221;N,17\u00b033&#8217;26&#8221;E<\/td>\n<\/tr>\n<\/tbody>\n<\/table>\n<p>&nbsp;<\/p>\n<h2>Opis obiektu &#8211; Jezioro Gardno<\/h2>\n<p>Jezioro Gardno, po\u0142o\u017cone w \u0141ebie, to nie tylko mekka dla fan\u00f3w sport\u00f3w wodnych, ale tak\u017ce raj dla w\u0119dkarzy. Jego czysta woda oraz malownicze otoczenie przyci\u0105gaj\u0105 nie tylko aktywnych turyst\u00f3w, ale tak\u017ce osoby pragn\u0105ce odpocz\u0105\u0107 na \u0142onie natury. Oferuje r\u00f3wnie\u017c pi\u0119kne widoki i liczne trasy rowerowe.<\/p>\n<p>&nbsp;<\/p>\n<h2>Opis miejscowo\u015bci &#8211; \u0141eba<\/h2>\n<p>\u0141eba to miejsce, gdzie nie mo\u017cna przegapi\u0107 imponuj\u0105cych Wydm \u0141ebskich &#8211; jednych z najwi\u0119kszych w Europie. Opr\u00f3cz tego warto odwiedzi\u0107 Park Dinozaur\u00f3w, gdzie mo\u017cna zobaczy\u0107 realistyczne rze\u017aby prehistorycznych gad\u00f3w, oraz spacerowa\u0107 po urokliwym porcie rybackim, gdzie mo\u017cna podziwia\u0107 malownicze pejza\u017ce i klimatyczne knajpki.<\/p>\n<p>&nbsp;<\/p>\n<p>Twoim celem podr\u00f3\u017cy jest \u0141eba? &#8211; Sprawd\u017a nasz\u0105 ofert\u0119 na <strong><a href=\"\/en\/\">wynajem kamper\u00f3w<\/a><\/strong>!<\/p>","protected":false},"excerpt":{"rendered":"<p>&nbsp; Kamping Jezioro Gardno Miejscowo\u015b\u0107 \u0141eba Wojew\u00f3dztwo Zachodniopomorskie Pa\u0144stwo Polska GPS 54\u00b046&#8217;44&#8221;N,17\u00b033&#8217;26&#8221;E &nbsp; Opis obiektu &#8211; Jezioro Gardno Jezioro Gardno, po\u0142o\u017cone w \u0141ebie, to nie tylko mekka dla fan\u00f3w sport\u00f3w wodnych, ale tak\u017ce raj dla w\u0119dkarzy. Jego czysta woda oraz malownicze otoczenie przyci\u0105gaj\u0105 nie tylko aktywnych turyst\u00f3w, ale tak\u017ce osoby pragn\u0105ce odpocz\u0105\u0107 na \u0142onie natury. [&hellip;]<\/p>","protected":false},"author":6,"featured_media":14341,"parent":0,"menu_order":0,"comment_status":"open","ping_status":"open","template":"","meta":{"footnotes":""},"class_list":["post-15074","page","type-page","status-publish","has-post-thumbnail","hentry","miasto-leba","wojewodztwa-zachodniopomorskie"],"yoast_head":"<!-- This site is optimized with the Yoast SEO plugin v26.8 - https:\/\/yoast.com\/product\/yoast-seo-wordpress\/ -->\n<title>Jezioro Gardno - Camping - WITO CampRent<\/title>\n<meta name=\"robots\" content=\"index, follow, max-snippet:-1, max-image-preview:large, max-video-preview:-1\" \/>\n<link rel=\"canonical\" href=\"https:\/\/witocamprent.pl\/en\/jezioro-gardno-camping\/\" \/>\n<meta property=\"og:locale\" content=\"en_US\" \/>\n<meta property=\"og:type\" content=\"article\" \/>\n<meta property=\"og:title\" content=\"Jezioro Gardno - Camping - WITO CampRent\" \/>\n<meta property=\"og:description\" content=\"&nbsp; Kamping Jezioro Gardno Miejscowo\u015b\u0107 \u0141eba Wojew\u00f3dztwo Zachodniopomorskie Pa\u0144stwo Polska GPS 54\u00b046&#8217;44&#8221;N,17\u00b033&#8217;26&#8221;E &nbsp; Opis obiektu &#8211; Jezioro Gardno Jezioro Gardno, po\u0142o\u017cone w \u0141ebie, to nie tylko mekka dla fan\u00f3w sport\u00f3w wodnych, ale tak\u017ce raj dla w\u0119dkarzy. Jego czysta woda oraz malownicze otoczenie przyci\u0105gaj\u0105 nie tylko aktywnych turyst\u00f3w, ale tak\u017ce osoby pragn\u0105ce odpocz\u0105\u0107 na \u0142onie natury. [&hellip;]\" \/>\n<meta property=\"og:url\" content=\"https:\/\/witocamprent.pl\/en\/jezioro-gardno-camping\/\" \/>\n<meta property=\"og:site_name\" content=\"WITO CampRent\" \/>\n<meta property=\"article:modified_time\" content=\"2024-11-09T15:31:10+00:00\" \/>\n<meta property=\"og:image\" content=\"https:\/\/witocamprent.pl\/wp-content\/uploads\/2024\/07\/201.jpg\" \/>\n\t<meta property=\"og:image:width\" content=\"800\" \/>\n\t<meta property=\"og:image:height\" content=\"600\" \/>\n\t<meta property=\"og:image:type\" content=\"image\/jpeg\" \/>\n<meta name=\"twitter:card\" content=\"summary_large_image\" \/>\n<meta name=\"twitter:label1\" content=\"Est. reading time\" \/>\n\t<meta name=\"twitter:data1\" content=\"1 minute\" \/>\n<script type=\"application\/ld+json\" class=\"yoast-schema-graph\">{\"@context\":\"https:\/\/schema.org\",\"@graph\":[{\"@type\":\"WebPage\",\"@id\":\"https:\/\/witocamprent.pl\/jezioro-gardno-camping\/\",\"url\":\"https:\/\/witocamprent.pl\/jezioro-gardno-camping\/\",\"name\":\"Jezioro Gardno - Camping - WITO CampRent\",\"isPartOf\":{\"@id\":\"https:\/\/witocamprent.pl\/#website\"},\"primaryImageOfPage\":{\"@id\":\"https:\/\/witocamprent.pl\/jezioro-gardno-camping\/#primaryimage\"},\"image\":{\"@id\":\"https:\/\/witocamprent.pl\/jezioro-gardno-camping\/#primaryimage\"},\"thumbnailUrl\":\"https:\/\/witocamprent.pl\/wp-content\/uploads\/2024\/07\/201.jpg\",\"datePublished\":\"2024-10-17T13:11:44+00:00\",\"dateModified\":\"2024-11-09T15:31:10+00:00\",\"breadcrumb\":{\"@id\":\"https:\/\/witocamprent.pl\/jezioro-gardno-camping\/#breadcrumb\"},\"inLanguage\":\"en-US\",\"potentialAction\":[{\"@type\":\"ReadAction\",\"target\":[\"https:\/\/witocamprent.pl\/jezioro-gardno-camping\/\"]}]},{\"@type\":\"ImageObject\",\"inLanguage\":\"en-US\",\"@id\":\"https:\/\/witocamprent.pl\/jezioro-gardno-camping\/#primaryimage\",\"url\":\"https:\/\/witocamprent.pl\/wp-content\/uploads\/2024\/07\/201.jpg\",\"contentUrl\":\"https:\/\/witocamprent.pl\/wp-content\/uploads\/2024\/07\/201.jpg\",\"width\":800,\"height\":600},{\"@type\":\"BreadcrumbList\",\"@id\":\"https:\/\/witocamprent.pl\/jezioro-gardno-camping\/#breadcrumb\",\"itemListElement\":[{\"@type\":\"ListItem\",\"position\":1,\"name\":\"Strona g\u0142\u00f3wna\",\"item\":\"https:\/\/witocamprent.pl\/\"},{\"@type\":\"ListItem\",\"position\":2,\"name\":\"Jezioro Gardno &#8211; Camping\"}]},{\"@type\":\"WebSite\",\"@id\":\"https:\/\/witocamprent.pl\/#website\",\"url\":\"https:\/\/witocamprent.pl\/\",\"name\":\"WITO CampRent\",\"description\":\"Wynajem camper&oacute;w\",\"potentialAction\":[{\"@type\":\"SearchAction\",\"target\":{\"@type\":\"EntryPoint\",\"urlTemplate\":\"https:\/\/witocamprent.pl\/?s={search_term_string}\"},\"query-input\":{\"@type\":\"PropertyValueSpecification\",\"valueRequired\":true,\"valueName\":\"search_term_string\"}}],\"inLanguage\":\"en-US\"}]}<\/script>\n<!-- \/ Yoast SEO plugin. -->","yoast_head_json":{"title":"Jezioro Gardno - Camping - WITO CampRent","robots":{"index":"index","follow":"follow","max-snippet":"max-snippet:-1","max-image-preview":"max-image-preview:large","max-video-preview":"max-video-preview:-1"},"canonical":"https:\/\/witocamprent.pl\/en\/jezioro-gardno-camping\/","og_locale":"en_US","og_type":"article","og_title":"Jezioro Gardno - Camping - WITO CampRent","og_description":"&nbsp; Kamping Jezioro Gardno Miejscowo\u015b\u0107 \u0141eba Wojew\u00f3dztwo Zachodniopomorskie Pa\u0144stwo Polska GPS 54\u00b046&#8217;44&#8221;N,17\u00b033&#8217;26&#8221;E &nbsp; Opis obiektu &#8211; Jezioro Gardno Jezioro Gardno, po\u0142o\u017cone w \u0141ebie, to nie tylko mekka dla fan\u00f3w sport\u00f3w wodnych, ale tak\u017ce raj dla w\u0119dkarzy. Jego czysta woda oraz malownicze otoczenie przyci\u0105gaj\u0105 nie tylko aktywnych turyst\u00f3w, ale tak\u017ce osoby pragn\u0105ce odpocz\u0105\u0107 na \u0142onie natury. [&hellip;]","og_url":"https:\/\/witocamprent.pl\/en\/jezioro-gardno-camping\/","og_site_name":"WITO CampRent","article_modified_time":"2024-11-09T15:31:10+00:00","og_image":[{"width":800,"height":600,"url":"https:\/\/witocamprent.pl\/wp-content\/uploads\/2024\/07\/201.jpg","type":"image\/jpeg"}],"twitter_card":"summary_large_image","twitter_misc":{"Est. reading time":"1 minute"},"schema":{"@context":"https:\/\/schema.org","@graph":[{"@type":"WebPage","@id":"https:\/\/witocamprent.pl\/jezioro-gardno-camping\/","url":"https:\/\/witocamprent.pl\/jezioro-gardno-camping\/","name":"Jezioro Gardno - Camping - WITO CampRent","isPartOf":{"@id":"https:\/\/witocamprent.pl\/#website"},"primaryImageOfPage":{"@id":"https:\/\/witocamprent.pl\/jezioro-gardno-camping\/#primaryimage"},"image":{"@id":"https:\/\/witocamprent.pl\/jezioro-gardno-camping\/#primaryimage"},"thumbnailUrl":"https:\/\/witocamprent.pl\/wp-content\/uploads\/2024\/07\/201.jpg","datePublished":"2024-10-17T13:11:44+00:00","dateModified":"2024-11-09T15:31:10+00:00","breadcrumb":{"@id":"https:\/\/witocamprent.pl\/jezioro-gardno-camping\/#breadcrumb"},"inLanguage":"en-US","potentialAction":[{"@type":"ReadAction","target":["https:\/\/witocamprent.pl\/jezioro-gardno-camping\/"]}]},{"@type":"ImageObject","inLanguage":"en-US","@id":"https:\/\/witocamprent.pl\/jezioro-gardno-camping\/#primaryimage","url":"https:\/\/witocamprent.pl\/wp-content\/uploads\/2024\/07\/201.jpg","contentUrl":"https:\/\/witocamprent.pl\/wp-content\/uploads\/2024\/07\/201.jpg","width":800,"height":600},{"@type":"BreadcrumbList","@id":"https:\/\/witocamprent.pl\/jezioro-gardno-camping\/#breadcrumb","itemListElement":[{"@type":"ListItem","position":1,"name":"Strona g\u0142\u00f3wna","item":"https:\/\/witocamprent.pl\/"},{"@type":"ListItem","position":2,"name":"Jezioro Gardno &#8211; Camping"}]},{"@type":"WebSite","@id":"https:\/\/witocamprent.pl\/#website","url":"https:\/\/witocamprent.pl\/","name":"WITO CampRent","description":"Wynajem camper&oacute;w","potentialAction":[{"@type":"SearchAction","target":{"@type":"EntryPoint","urlTemplate":"https:\/\/witocamprent.pl\/?s={search_term_string}"},"query-input":{"@type":"PropertyValueSpecification","valueRequired":true,"valueName":"search_term_string"}}],"inLanguage":"en-US"}]}},"_links":{"self":[{"href":"https:\/\/witocamprent.pl\/en\/wp-json\/wp\/v2\/pages\/15074","targetHints":{"allow":["GET"]}}],"collection":[{"href":"https:\/\/witocamprent.pl\/en\/wp-json\/wp\/v2\/pages"}],"about":[{"href":"https:\/\/witocamprent.pl\/en\/wp-json\/wp\/v2\/types\/page"}],"author":[{"embeddable":true,"href":"https:\/\/witocamprent.pl\/en\/wp-json\/wp\/v2\/users\/6"}],"replies":[{"embeddable":true,"href":"https:\/\/witocamprent.pl\/en\/wp-json\/wp\/v2\/comments?post=15074"}],"version-history":[{"count":1,"href":"https:\/\/witocamprent.pl\/en\/wp-json\/wp\/v2\/pages\/15074\/revisions"}],"predecessor-version":[{"id":15290,"href":"https:\/\/witocamprent.pl\/en\/wp-json\/wp\/v2\/pages\/15074\/revisions\/15290"}],"wp:featuredmedia":[{"embeddable":true,"href":"https:\/\/witocamprent.pl\/en\/wp-json\/wp\/v2\/media\/14341"}],"wp:attachment":[{"href":"https:\/\/witocamprent.pl\/en\/wp-json\/wp\/v2\/media?parent=15074"}],"curies":[{"name":"wp","href":"https:\/\/api.w.org\/{rel}","templated":true}]}}