{"id":3,"date":"2022-05-05T20:51:21","date_gmt":"2022-05-05T20:51:21","guid":{"rendered":"https:\/\/witocamprent.pl\/?page_id=3"},"modified":"2023-03-16T09:30:08","modified_gmt":"2023-03-16T08:30:08","slug":"polityka-prywatnosci","status":"publish","type":"page","link":"https:\/\/witocamprent.pl\/en\/polityka-prywatnosci\/","title":{"rendered":"Polityka prywatno\u015bci"},"content":{"rendered":"<p style=\"text-align: center;\"><strong>Polityka prywatno\u015bci Serwisu <\/strong><\/p>\n<p style=\"text-align: center;\"><strong>witocamprent.pl<\/strong><\/p>\n<p style=\"text-align: center;\"><strong>(&#8220;Serwis&#8221;)<\/strong><\/p>\n<p style=\"text-align: center;\"><strong>\u00a0<\/strong><\/p>\n<p><strong>Drogi U\u017cytkowniku!\u00a0 <\/strong><\/p>\n<p>Dbamy o Twoj\u0105 prywatno\u015b\u0107 i chcemy, aby\u015b w czasie korzystania z naszych us\u0142ug czu\u0142 si\u0119 komfortowo. Dlatego te\u017c poni\u017cej prezentujemy Ci najwa\u017cniejsze informacje o zasadach przetwarzania przez nas Twoich danych osobowych oraz plikach cookies, kt\u00f3re s\u0105 wykorzystywane przez nasz Serwis. Informacje te zosta\u0142y przygotowane z uwzgl\u0119dnieniem RODO, czyli og\u00f3lnego rozporz\u0105dzenia o ochronie danych.<\/p>\n<p style=\"text-align: center;\"><strong>ADMINISTRATOR DANYCH OSOBOWYCH <\/strong><\/p>\n<p><strong>WITO CAMP RENT <\/strong>ul.Poligraficzna 1, 62-005 Bolechowo, Tel.: +48 600 369 158, zamowienia@witocamprent.pl<\/p>\n<p style=\"text-align: center;\"><strong>DANE OSOBOWE I PRYWATNO\u015a\u0106<\/strong><\/p>\n<p>Je\u015bli zamierzasz za\u0142o\u017cy\u0107 konto w naszym Serwisie oraz korzysta\u0107 z naszych innych us\u0142ug, zostaniesz poproszony o podanie nam Twoich danych osobowych.<br \/>\nTwoje dane przetwarzane s\u0105 przez nas we wskazanych poni\u017cej celach, zwi\u0105zanych z funkcjonowaniem Serwisu i \u015bwiadczeniem us\u0142ug w nim oferowanych. Us\u0142ugi te mog\u0105 polega\u0107 przede wszystkim na prowadzeniu Twojego konta i udost\u0119pnianiu funkcji naszego Serwisu.<\/p>\n<p><strong>Cel przetwarzania:<\/strong><\/p>\n<ul>\n<li>\u015bwiadczenie us\u0142ug oferowanych w Serwisie<\/li>\n<li>marketing bezpo\u015bredni (inny ni\u017c newsletter)<\/li>\n<li>przesy\u0142anie newslettera<\/li>\n<\/ul>\n<p><strong>Podstawa przetwarzania danych:<\/strong><\/p>\n<p>W zale\u017cno\u015bci od podejmowanych przez Ciebie czynno\u015bci, mog\u0105 to by\u0107:<\/p>\n<ul>\n<li>umowa o \u015bwiadczenie us\u0142ug lub dzia\u0142ania podejmowane na Twoje \u017c\u0105danie, zmierzaj\u0105ce do jej zawarcia (art. 6 ust. 1 lit. b RODO),<\/li>\n<li>ci\u0105\u017c\u0105cy na nas obowi\u0105zek prawny, zw\u0142aszcza zwi\u0105zany z rachunkowo\u015bci\u0105 (art. 6 ust. 1 lit. c RODO),<\/li>\n<li>Twoja zgoda wyra\u017cona w Serwisie \u2013 je\u015bli zdecydujesz si\u0119 na jej wyra\u017cenie (art. 6 ust. 1 lit. a RODO),<\/li>\n<li>nasz prawnie uzasadniony interes, polegaj\u0105cy na przetwarzaniu danych w celach:<br \/>\n&#8211; ustalenia, dochodzenia lub obrony ewentualnych roszcze\u0144 (art. 6 ust. 1 lit. f RODO),<br \/>\n&#8211; marketingu bezpo\u015bredniego (art. 6 ust. 1 lit. f RODO).<\/li>\n<\/ul>\n<p><strong>Podanie danych:<\/strong><\/p>\n<ul>\n<li>dobrowolne, ale w niekt\u00f3rych przypadkach mo\u017ce by\u0107 konieczne do zawarcia umowy<\/li>\n<\/ul>\n<p><strong>Skutek niepodania danych:<\/strong><\/p>\n<p>W zale\u017cno\u015bci od celu, w jakim dane s\u0105 podawane:<\/p>\n<ul>\n<li>brak mo\u017cliwo\u015bci zarejestrowania si\u0119 w Serwisie,<\/li>\n<li>brak mo\u017cliwo\u015bci korzystania z us\u0142ug Serwisu,<\/li>\n<li>brak mo\u017cliwo\u015bci otrzymywania informacji o promocjach czy ofertach specjalnych, oferowanych w Serwisie.<\/li>\n<\/ul>\n<p><strong>Mo\u017cliwo\u015b\u0107 cofni\u0119cia zgody: <\/strong><\/p>\n<ul>\n<li>w ka\u017cdej chwili<\/li>\n<\/ul>\n<p>Przetwarzanie danych do momentu cofni\u0119cia przez Ciebie zgody pozostaje zgodne z prawem.<\/p>\n<p style=\"text-align: center;\"><strong>OKRES PRZETWARZANIA<\/strong><\/p>\n<p>Twoje dane b\u0119dziemy przetwarza\u0107 tylko przez okres, w kt\u00f3rym b\u0119dziemy mie\u0107 ku temu podstaw\u0119 prawn\u0105, a wi\u0119c do momentu, w kt\u00f3rym:<\/p>\n<ul>\n<li>przestanie ci\u0105\u017cy\u0107 na nas obowi\u0105zek prawny, zobowi\u0105zuj\u0105cy nas do przetwarzania Twoich danych (zw\u0142aszcza zwi\u0105zany z rachunkowo\u015bci\u0105) lub<\/li>\n<li>ustanie mo\u017cliwo\u015b\u0107 ustalania, dochodzenia lub obrony roszcze\u0144 zwi\u0105zanych z umow\u0105 zawart\u0105 przez Serwis przez Strony lub<\/li>\n<li>cofniesz zgod\u0119 na przetwarzanie danych, je\u015bli to ona by\u0142a jego podstaw\u0105 lub<\/li>\n<li>zostanie przyj\u0119ty Tw\u00f3j sprzeciw wobec przetwarzania Twoich danych osobowych \u2013 w przypadku, gdy podstaw\u0105 przetwarzania Twoich danych by\u0142 uzasadniony interes administratora lub dane by\u0142y przetwarzane w celu marketingu bezpo\u015bredniego.<br \/>\n&#8211; w zale\u017cno\u015bci od tego, co ma zastosowanie w danym przypadku i co nast\u0105pi najp\u00f3\u017aniej.<\/li>\n<\/ul>\n<p style=\"text-align: center;\"><strong>BEZPIECZE\u0143STWO DANYCH<\/strong><\/p>\n<p>Przetwarzaj\u0105c Twoje dane osobowe stosujemy \u015brodki organizacyjne i techniczne zgodne z w\u0142a\u015bciwymi przepisami prawa, w tym stosujemy szyfrowanie po\u0142\u0105czenia za pomoc\u0105 certyfikatu SSL.<\/p>\n<p style=\"text-align: center;\"><strong>TWOJE UPRAWNIENIA<\/strong><\/p>\n<p>Ponadto przys\u0142uguje Ci prawo \u017c\u0105dania:<\/p>\n<ul>\n<li>dost\u0119pu do Twoich danych osobowych,<\/li>\n<li>ich sprostowania,<\/li>\n<li>usuni\u0119cia lub<\/li>\n<li>ograniczenia przetwarzania,<\/li>\n<li>\u017c\u0105dania przeniesienia danych do innego administratora.<\/li>\n<\/ul>\n<p>A tak\u017ce prawo:<\/p>\n<ul>\n<li>wniesienia w dowolnym momencie <strong>sprzeciwu wobec przetwarzania<\/strong> Twoich danych:<br \/>\n&#8211; z przyczyn zwi\u0105zanych z Twoj\u0105 szczeg\u00f3ln\u0105 sytuacj\u0105 \u2013 wobec przetwarzania dotycz\u0105cych Ciebie danych osobowych, opartego na art. 6 ust. 1 lit. f RODO (tj. na prawnie uzasadnionych interesach realizowanych przez administratora), w tym profilowania na podstawie tych przepis\u00f3w,<br \/>\n&#8211; je\u017celi dane osobowe s\u0105 przetwarzane na potrzeby marketingu bezpo\u015bredniego, w tym profilowania, w zakresie, w jakim przetwarzanie jest zwi\u0105zane z takim marketingiem bezpo\u015brednim.<\/li>\n<\/ul>\n<p>Skontaktuj si\u0119 z nami, je\u015bli chcesz skorzysta\u0107 ze swoich praw.<\/p>\n<p>Je\u015bli uznasz, \u017ce Twoje dane s\u0105 przetwarzane niezgodnie z prawem, mo\u017cesz z\u0142o\u017cy\u0107 skarg\u0119 do organu nadzorczego.<\/p>\n<p style=\"text-align: center;\"><strong>CIASTECZKA <\/strong><\/p>\n<p>Nasz Serwis, jak wi\u0119kszo\u015b\u0107 witryn internetowych, korzysta z tzw. plik\u00f3w cookies (ciasteczek). Pliki te:<\/p>\n<ul>\n<li>s\u0105 zapisywane w pami\u0119ci Twojego urz\u0105dzenia (komputera, telefonu, itd.);<\/li>\n<li>umo\u017cliwiaj\u0105 Ci, m.in., korzystanie ze wszystkich funkcji Serwisu;<\/li>\n<li>nie powoduj\u0105 zmian w ustawieniach Twojego urz\u0105dzenia.<\/li>\n<\/ul>\n<p>Korzystaj\u0105c z odpowiednich opcji Twojej przegl\u0105darki, w ka\u017cdej chwili mo\u017cesz:<\/p>\n<ul>\n<li>usun\u0105\u0107 pliki cookies,<\/li>\n<li>blokowa\u0107 wykorzystanie plik\u00f3w cookies w przysz\u0142o\u015bci.<\/li>\n<\/ul>\n<p>W tym Serwisie ciasteczka wykorzystywane s\u0105 w celu:<\/p>\n<ul>\n<li>zapami\u0119tywania informacji o Twojej sesji,<\/li>\n<li>statystycznych,<\/li>\n<li>udost\u0119pniania funkcji Serwisu.<\/li>\n<\/ul>\n<p>Aby dowiedzie\u0107 si\u0119, jak zarz\u0105dza\u0107 plikami cookies, w tym jak wy\u0142\u0105czy\u0107 ich obs\u0142ug\u0119 w Twojej przegl\u0105darce, mo\u017cesz skorzysta\u0107 z pliku pomocy Twojej przegl\u0105darki. Z informacjami na ten temat mo\u017cesz zapozna\u0107 si\u0119 wciskaj\u0105c klawisz F1 w przegl\u0105darce. Ponadto odpowiednie wskaz\u00f3wki znajdziesz na nast\u0119puj\u0105cych podstronach, w zale\u017cno\u015bci od przegl\u0105darki, kt\u00f3rej u\u017cywasz:<\/p>\n<ul>\n<li><a href=\"https:\/\/support.mozilla.org\/pl\/kb\/W%C5%82%C4%85czanie%20i%20wy%C5%82%C4%85czanie%20obs%C5%82ugi%20ciasteczek\">Firefox<\/a><\/li>\n<li><a href=\"https:\/\/support.google.com\/chrome\/answer\/95647?hl=plX\">Chrome<\/a><\/li>\n<li><a href=\"https:\/\/support.apple.com\/kb\/PH5042?locale=en_US\">Safari<\/a><\/li>\n<li><a href=\"http:\/\/windows.microsoft.com\/pl-pl\/windows-10\/edge-privacy-faq\">Internet Explorer \/ Microsoft Edge<\/a><\/li>\n<\/ul>\n<p>Wi\u0119cej informacji o ciasteczkach znajdziesz w <a href=\"https:\/\/pl.wikipedia.org\/wiki\/HTTP_cookie\">Wikipedii<\/a>.<\/p>\n<p style=\"text-align: center;\"><strong>US\u0141UGI ZEWN\u0118TRZNE \/ ODBIORCY DANYCH<\/strong><\/p>\n<p>W zwi\u0105zku z naszym Serwisem korzystamy z us\u0142ug podmiot\u00f3w zewn\u0119trznych, kt\u00f3rym mog\u0105 by\u0107 przekazywane Twoje dane (wy\u0142\u0105cznie w celach wskazanych w niniejszej polityce).<\/p>\n<p>Poni\u017cej znajduje si\u0119 lista mo\u017cliwych odbiorc\u00f3w Twoich danych:<\/p>\n<ul>\n<li>biuro rachunkowe,<\/li>\n<li>dostawca p\u0142atno\u015bci,<\/li>\n<li>Podmiot zapewniaj\u0105cy system mailingowy,<\/li>\n<li>Hostingodawca,<\/li>\n<li>odpowiednie organy publiczne w zakresie, w jakim jeste\u015bmy zobowi\u0105zani do udost\u0119pnienia im danych.<\/li>\n<\/ul>\n<p style=\"text-align: center;\">\u00a0<strong>KONTAKT Z ADMINISTRATOREM <\/strong><\/p>\n<p>Chcesz skorzysta\u0107 ze swoich uprawnie\u0144 dotycz\u0105cych danych osobowych?<\/p>\n<p>A mo\u017ce po prostu chcesz zapyta\u0107 o co\u015b zwi\u0105zanego z nasz\u0105 Polityk\u0105 Prywatno\u015bci?<\/p>\n<p>Napisz na adres e-mail:<\/p>\n<p>zamowienia@witocamprent.pl<\/p>","protected":false},"excerpt":{"rendered":"<p>Polityka prywatno\u015bci Serwisu witocamprent.pl (&#8220;Serwis&#8221;) \u00a0 Drogi U\u017cytkowniku!\u00a0 Dbamy o Twoj\u0105 prywatno\u015b\u0107 i chcemy, aby\u015b w czasie korzystania z naszych us\u0142ug czu\u0142 si\u0119 komfortowo. Dlatego te\u017c poni\u017cej prezentujemy Ci najwa\u017cniejsze informacje o zasadach przetwarzania przez nas Twoich danych osobowych oraz plikach cookies, kt\u00f3re s\u0105 wykorzystywane przez nasz Serwis. Informacje te zosta\u0142y przygotowane z uwzgl\u0119dnieniem RODO, [&hellip;]<\/p>","protected":false},"author":1,"featured_media":0,"parent":0,"menu_order":0,"comment_status":"closed","ping_status":"open","template":"","meta":{"footnotes":""},"class_list":["post-3","page","type-page","status-publish","hentry"],"yoast_head":"<!-- This site is optimized with the Yoast SEO plugin v26.8 - https:\/\/yoast.com\/product\/yoast-seo-wordpress\/ -->\n<title>Polityka prywatno\u015bci - WITO CampRent<\/title>\n<meta name=\"robots\" content=\"index, follow, max-snippet:-1, max-image-preview:large, max-video-preview:-1\" \/>\n<link rel=\"canonical\" href=\"https:\/\/witocamprent.pl\/en\/polityka-prywatnosci\/\" \/>\n<meta property=\"og:locale\" content=\"en_US\" \/>\n<meta property=\"og:type\" content=\"article\" \/>\n<meta property=\"og:title\" content=\"Polityka prywatno\u015bci - WITO CampRent\" \/>\n<meta property=\"og:description\" content=\"Polityka prywatno\u015bci Serwisu witocamprent.pl (&#8220;Serwis&#8221;) \u00a0 Drogi U\u017cytkowniku!\u00a0 Dbamy o Twoj\u0105 prywatno\u015b\u0107 i chcemy, aby\u015b w czasie korzystania z naszych us\u0142ug czu\u0142 si\u0119 komfortowo. Dlatego te\u017c poni\u017cej prezentujemy Ci najwa\u017cniejsze informacje o zasadach przetwarzania przez nas Twoich danych osobowych oraz plikach cookies, kt\u00f3re s\u0105 wykorzystywane przez nasz Serwis. Informacje te zosta\u0142y przygotowane z uwzgl\u0119dnieniem RODO, [&hellip;]\" \/>\n<meta property=\"og:url\" content=\"https:\/\/witocamprent.pl\/en\/polityka-prywatnosci\/\" \/>\n<meta property=\"og:site_name\" content=\"WITO CampRent\" \/>\n<meta property=\"article:modified_time\" content=\"2023-03-16T08:30:08+00:00\" \/>\n<meta name=\"twitter:card\" content=\"summary_large_image\" \/>\n<meta name=\"twitter:label1\" content=\"Est. reading time\" \/>\n\t<meta name=\"twitter:data1\" content=\"5 minutes\" \/>\n<script type=\"application\/ld+json\" class=\"yoast-schema-graph\">{\"@context\":\"https:\/\/schema.org\",\"@graph\":[{\"@type\":\"WebPage\",\"@id\":\"https:\/\/witocamprent.pl\/polityka-prywatnosci\/\",\"url\":\"https:\/\/witocamprent.pl\/polityka-prywatnosci\/\",\"name\":\"Polityka prywatno\u015bci - WITO CampRent\",\"isPartOf\":{\"@id\":\"https:\/\/witocamprent.pl\/#website\"},\"datePublished\":\"2022-05-05T20:51:21+00:00\",\"dateModified\":\"2023-03-16T08:30:08+00:00\",\"breadcrumb\":{\"@id\":\"https:\/\/witocamprent.pl\/polityka-prywatnosci\/#breadcrumb\"},\"inLanguage\":\"en-US\",\"potentialAction\":[{\"@type\":\"ReadAction\",\"target\":[\"https:\/\/witocamprent.pl\/polityka-prywatnosci\/\"]}]},{\"@type\":\"BreadcrumbList\",\"@id\":\"https:\/\/witocamprent.pl\/polityka-prywatnosci\/#breadcrumb\",\"itemListElement\":[{\"@type\":\"ListItem\",\"position\":1,\"name\":\"Strona g\u0142\u00f3wna\",\"item\":\"https:\/\/witocamprent.pl\/\"},{\"@type\":\"ListItem\",\"position\":2,\"name\":\"Polityka prywatno\u015bci\"}]},{\"@type\":\"WebSite\",\"@id\":\"https:\/\/witocamprent.pl\/#website\",\"url\":\"https:\/\/witocamprent.pl\/\",\"name\":\"WITO CampRent\",\"description\":\"Wynajem camper&oacute;w\",\"potentialAction\":[{\"@type\":\"SearchAction\",\"target\":{\"@type\":\"EntryPoint\",\"urlTemplate\":\"https:\/\/witocamprent.pl\/?s={search_term_string}\"},\"query-input\":{\"@type\":\"PropertyValueSpecification\",\"valueRequired\":true,\"valueName\":\"search_term_string\"}}],\"inLanguage\":\"en-US\"}]}<\/script>\n<!-- \/ Yoast SEO plugin. -->","yoast_head_json":{"title":"Polityka prywatno\u015bci - WITO CampRent","robots":{"index":"index","follow":"follow","max-snippet":"max-snippet:-1","max-image-preview":"max-image-preview:large","max-video-preview":"max-video-preview:-1"},"canonical":"https:\/\/witocamprent.pl\/en\/polityka-prywatnosci\/","og_locale":"en_US","og_type":"article","og_title":"Polityka prywatno\u015bci - WITO CampRent","og_description":"Polityka prywatno\u015bci Serwisu witocamprent.pl (&#8220;Serwis&#8221;) \u00a0 Drogi U\u017cytkowniku!\u00a0 Dbamy o Twoj\u0105 prywatno\u015b\u0107 i chcemy, aby\u015b w czasie korzystania z naszych us\u0142ug czu\u0142 si\u0119 komfortowo. Dlatego te\u017c poni\u017cej prezentujemy Ci najwa\u017cniejsze informacje o zasadach przetwarzania przez nas Twoich danych osobowych oraz plikach cookies, kt\u00f3re s\u0105 wykorzystywane przez nasz Serwis. Informacje te zosta\u0142y przygotowane z uwzgl\u0119dnieniem RODO, [&hellip;]","og_url":"https:\/\/witocamprent.pl\/en\/polityka-prywatnosci\/","og_site_name":"WITO CampRent","article_modified_time":"2023-03-16T08:30:08+00:00","twitter_card":"summary_large_image","twitter_misc":{"Est. reading time":"5 minutes"},"schema":{"@context":"https:\/\/schema.org","@graph":[{"@type":"WebPage","@id":"https:\/\/witocamprent.pl\/polityka-prywatnosci\/","url":"https:\/\/witocamprent.pl\/polityka-prywatnosci\/","name":"Polityka prywatno\u015bci - WITO CampRent","isPartOf":{"@id":"https:\/\/witocamprent.pl\/#website"},"datePublished":"2022-05-05T20:51:21+00:00","dateModified":"2023-03-16T08:30:08+00:00","breadcrumb":{"@id":"https:\/\/witocamprent.pl\/polityka-prywatnosci\/#breadcrumb"},"inLanguage":"en-US","potentialAction":[{"@type":"ReadAction","target":["https:\/\/witocamprent.pl\/polityka-prywatnosci\/"]}]},{"@type":"BreadcrumbList","@id":"https:\/\/witocamprent.pl\/polityka-prywatnosci\/#breadcrumb","itemListElement":[{"@type":"ListItem","position":1,"name":"Strona g\u0142\u00f3wna","item":"https:\/\/witocamprent.pl\/"},{"@type":"ListItem","position":2,"name":"Polityka prywatno\u015bci"}]},{"@type":"WebSite","@id":"https:\/\/witocamprent.pl\/#website","url":"https:\/\/witocamprent.pl\/","name":"WITO CampRent","description":"Wynajem camper&oacute;w","potentialAction":[{"@type":"SearchAction","target":{"@type":"EntryPoint","urlTemplate":"https:\/\/witocamprent.pl\/?s={search_term_string}"},"query-input":{"@type":"PropertyValueSpecification","valueRequired":true,"valueName":"search_term_string"}}],"inLanguage":"en-US"}]}},"_links":{"self":[{"href":"https:\/\/witocamprent.pl\/en\/wp-json\/wp\/v2\/pages\/3","targetHints":{"allow":["GET"]}}],"collection":[{"href":"https:\/\/witocamprent.pl\/en\/wp-json\/wp\/v2\/pages"}],"about":[{"href":"https:\/\/witocamprent.pl\/en\/wp-json\/wp\/v2\/types\/page"}],"author":[{"embeddable":true,"href":"https:\/\/witocamprent.pl\/en\/wp-json\/wp\/v2\/users\/1"}],"replies":[{"embeddable":true,"href":"https:\/\/witocamprent.pl\/en\/wp-json\/wp\/v2\/comments?post=3"}],"version-history":[{"count":2,"href":"https:\/\/witocamprent.pl\/en\/wp-json\/wp\/v2\/pages\/3\/revisions"}],"predecessor-version":[{"id":11696,"href":"https:\/\/witocamprent.pl\/en\/wp-json\/wp\/v2\/pages\/3\/revisions\/11696"}],"wp:attachment":[{"href":"https:\/\/witocamprent.pl\/en\/wp-json\/wp\/v2\/media?parent=3"}],"curies":[{"name":"wp","href":"https:\/\/api.w.org\/{rel}","templated":true}]}}