{"id":11713,"date":"2023-06-01T19:42:37","date_gmt":"2023-06-01T18:42:37","guid":{"rendered":"https:\/\/witocamprent.pl\/?post_type=product&#038;p=11713"},"modified":"2026-01-27T06:26:33","modified_gmt":"2026-01-27T05:26:33","slug":"ford-benimar","status":"publish","type":"product","link":"https:\/\/witocamprent.pl\/en\/rent\/ford-benimar\/","title":{"rendered":"Ford Benimar Tesoro 463"},"content":{"rendered":"<h1><strong>Wynajmij Ford Benimar Tesoro 463<\/strong><\/h1>\n<p>Zastanawiasz si\u0119, jak po\u0142\u0105czy\u0107 komfort hotelu z wolno\u015bci\u0105 podr\u00f3\u017cy? Poznaj <strong>Benimar Tesoro 463<\/strong> \u2013 idealnego kampera na ka\u017cd\u0105 tras\u0119! To nie jest zwyk\u0142y pojazd \u2013 to Tw\u00f3j mobilny apartament na ko\u0142ach. Wybieraj\u0105c <strong>Ford Benimar<\/strong>, zyskujesz nie tylko wygod\u0119, ale i swobod\u0119 odkrywania \u015bwiata we w\u0142asnym tempie.<\/p>\n<p>&nbsp;<\/p>\n<h2><strong>Dlaczego warto wybra\u0107 Benimar Tesoro?<\/strong><\/h2>\n<p>Ten model, wyprodukowany w 2021 roku, to prawdziwa per\u0142a w\u015br\u00f3d kamper\u00f3w. <strong>Benimar Tesoro 463<\/strong> o d\u0142ugo\u015bci 7,43 m, szeroko\u015bci 2 m i wysoko\u015bci 3,10 m zapewnia przestronno\u015b\u0107 i wygod\u0119 dla ca\u0142ej rodziny. Silnik o mocy 170 KM, z manualn\u0105 skrzyni\u0105 bieg\u00f3w, to gwarancja pewno\u015bci na trasie. Dzi\u0119ki systemom bezpiecze\u0144stwa takim jak ABS, ESP i ASR, podr\u00f3\u017c jest nie tylko komfortowa, ale i bezpieczna.<\/p>\n<p><strong>ZAPRASZAMY DO ZAPOZNANIA SI\u0118 Z OFERT\u0104 WYNAJMU CAMPERA:<\/strong><\/p>\n<p><strong>Model :<\/strong><br \/>\nFord Benimar Tesoro 463<\/p>\n<p><strong>Rok Produkcji:<\/strong><br \/>\n2021<\/p>\n<p><strong>Wymiary:<\/strong><br \/>\nWysoko\u015b\u0107: 3,10m<br \/>\nD\u0142ugo\u015b\u0107: 7,43m<br \/>\nSzeroko\u015bc: 2,0m<\/p>\n<p><strong>Dane Techniczne:<\/strong><br \/>\n3500kg<br \/>\n170 HP<br \/>\nDiesel<br \/>\nManualna Skrzynia Bieg\u00f3w<br \/>\nABS, ESP, ASR<\/p>\n<h2>Co znajdziesz na pok\u0142adzie Benimar 463?<\/h2>\n<p><strong>Media:<\/strong><br \/>\nAkumulator<br \/>\nZbiornik wody szarej 105L<br \/>\nZbiornik wody czystej 105L<\/p>\n<p><strong>Wyposa\u017cenie Dodatkowe:<br \/>\n<\/strong><\/p>\n<ul>\n<li>Webasto &#8211; Ogrzewanie postojowe<\/li>\n<li>Kamera Cofania<\/li>\n<li>Komplet naczy\u0144, sztu\u0107c\u00f3w i akcesori\u00f3w kuchennych<\/li>\n<li>Telewizor<\/li>\n<li>Markiza<\/li>\n<li>Mata pod markiz\u0119<\/li>\n<li>4 szt krzese\u0142<\/li>\n<li>St\u00f3\u0142<\/li>\n<li>Baga\u017cnik na 4 rowery<\/li>\n<li>Butla gazowa<\/li>\n<li>Przy\u0142\u0105cze pr\u0105dowe<\/li>\n<\/ul>\n<p>&nbsp;<\/p>\n<p><strong>Wynajmij Benimar 463 ju\u017c teraz i ruszaj w tras\u0119 na sezon 2026!<\/strong><\/p>\n<h2><strong>Tabela op\u0142at dodatkowych:<\/strong><\/h2>\n<p>Plik dost\u0119pny w formie PDF jest tutaj:<a title=\"\" href=\"https:\/\/witocamprent.pl\/wp-content\/uploads\/2024\/11\/tabela-oplat-dodatkowych.pdf\"><img loading=\"lazy\" decoding=\"async\" class=\"aligncenter wp-image-15465\" title=\"\" src=\"https:\/\/witocamprent.pl\/wp-content\/uploads\/2024\/11\/pdf.png\" alt=\"\" width=\"80\" height=\"80\" srcset=\"https:\/\/witocamprent.pl\/wp-content\/uploads\/2024\/11\/pdf.png 225w, https:\/\/witocamprent.pl\/wp-content\/uploads\/2024\/11\/pdf-150x150.png 150w, https:\/\/witocamprent.pl\/wp-content\/uploads\/2024\/11\/pdf-12x12.png 12w, https:\/\/witocamprent.pl\/wp-content\/uploads\/2024\/11\/pdf-50x50.png 50w, https:\/\/witocamprent.pl\/wp-content\/uploads\/2024\/11\/pdf-100x100.png 100w\" sizes=\"auto, (max-width: 80px) 100vw, 80px\" \/><\/a><\/p>","protected":false},"excerpt":{"rendered":"[booking type=8]","protected":false},"featured_media":11783,"template":"","meta":[],"product_brand":[],"product_cat":[309],"product_tag":[],"class_list":{"0":"post-11713","1":"product","2":"type-product","3":"status-publish","4":"has-post-thumbnail","6":"product_cat-kampery","8":"first","9":"instock","10":"taxable","11":"shipping-taxable","12":"purchasable","13":"product-type-simple"},"yoast_head":"<!-- This site is optimized with the Yoast SEO plugin v26.8 - https:\/\/yoast.com\/product\/yoast-seo-wordpress\/ -->\n<title>Ford Benimar Tesoro 463 - WITO CampRent<\/title>\n<meta name=\"robots\" content=\"index, follow, max-snippet:-1, max-image-preview:large, max-video-preview:-1\" \/>\n<link rel=\"canonical\" href=\"https:\/\/witocamprent.pl\/en\/rent\/ford-benimar\/\" \/>\n<meta property=\"og:locale\" content=\"en_US\" \/>\n<meta property=\"og:type\" content=\"article\" \/>\n<meta property=\"og:title\" content=\"Ford Benimar Tesoro 463 - WITO CampRent\" \/>\n<meta property=\"og:url\" content=\"https:\/\/witocamprent.pl\/en\/rent\/ford-benimar\/\" \/>\n<meta property=\"og:site_name\" content=\"WITO CampRent\" \/>\n<meta property=\"article:modified_time\" content=\"2026-01-27T05:26:33+00:00\" \/>\n<meta property=\"og:image\" content=\"https:\/\/witocamprent.pl\/wp-content\/uploads\/2023\/06\/IMG_E1335-scaled.jpg\" \/>\n\t<meta property=\"og:image:width\" content=\"1920\" \/>\n\t<meta property=\"og:image:height\" content=\"2560\" \/>\n\t<meta property=\"og:image:type\" content=\"image\/jpeg\" \/>\n<meta name=\"twitter:card\" content=\"summary_large_image\" \/>\n<meta name=\"twitter:description\" content=\"[booking type=8]\" \/>\n<meta name=\"twitter:label1\" content=\"Est. reading time\" \/>\n\t<meta name=\"twitter:data1\" content=\"2 minutes\" \/>\n<script type=\"application\/ld+json\" class=\"yoast-schema-graph\">{\"@context\":\"https:\/\/schema.org\",\"@graph\":[{\"@type\":\"WebPage\",\"@id\":\"https:\/\/witocamprent.pl\/rent\/ford-benimar\/\",\"url\":\"https:\/\/witocamprent.pl\/rent\/ford-benimar\/\",\"name\":\"Ford Benimar Tesoro 463 - WITO CampRent\",\"isPartOf\":{\"@id\":\"https:\/\/witocamprent.pl\/#website\"},\"primaryImageOfPage\":{\"@id\":\"https:\/\/witocamprent.pl\/rent\/ford-benimar\/#primaryimage\"},\"image\":{\"@id\":\"https:\/\/witocamprent.pl\/rent\/ford-benimar\/#primaryimage\"},\"thumbnailUrl\":\"https:\/\/witocamprent.pl\/wp-content\/uploads\/2023\/06\/IMG_E1335-scaled.jpg\",\"datePublished\":\"2023-06-01T18:42:37+00:00\",\"dateModified\":\"2026-01-27T05:26:33+00:00\",\"breadcrumb\":{\"@id\":\"https:\/\/witocamprent.pl\/rent\/ford-benimar\/#breadcrumb\"},\"inLanguage\":\"en-US\",\"potentialAction\":[{\"@type\":\"ReadAction\",\"target\":[\"https:\/\/witocamprent.pl\/rent\/ford-benimar\/\"]}]},{\"@type\":\"ImageObject\",\"inLanguage\":\"en-US\",\"@id\":\"https:\/\/witocamprent.pl\/rent\/ford-benimar\/#primaryimage\",\"url\":\"https:\/\/witocamprent.pl\/wp-content\/uploads\/2023\/06\/IMG_E1335-scaled.jpg\",\"contentUrl\":\"https:\/\/witocamprent.pl\/wp-content\/uploads\/2023\/06\/IMG_E1335-scaled.jpg\",\"width\":1920,\"height\":2560},{\"@type\":\"BreadcrumbList\",\"@id\":\"https:\/\/witocamprent.pl\/rent\/ford-benimar\/#breadcrumb\",\"itemListElement\":[{\"@type\":\"ListItem\",\"position\":1,\"name\":\"Strona g\u0142\u00f3wna\",\"item\":\"https:\/\/witocamprent.pl\/\"},{\"@type\":\"ListItem\",\"position\":2,\"name\":\"Sklep\",\"item\":\"https:\/\/witocamprent.pl\/sklep\/\"},{\"@type\":\"ListItem\",\"position\":3,\"name\":\"Ford Benimar Tesoro 463\"}]},{\"@type\":\"WebSite\",\"@id\":\"https:\/\/witocamprent.pl\/#website\",\"url\":\"https:\/\/witocamprent.pl\/\",\"name\":\"WITO CampRent\",\"description\":\"Wynajem camper&oacute;w\",\"potentialAction\":[{\"@type\":\"SearchAction\",\"target\":{\"@type\":\"EntryPoint\",\"urlTemplate\":\"https:\/\/witocamprent.pl\/?s={search_term_string}\"},\"query-input\":{\"@type\":\"PropertyValueSpecification\",\"valueRequired\":true,\"valueName\":\"search_term_string\"}}],\"inLanguage\":\"en-US\"}]}<\/script>\n<!-- \/ Yoast SEO plugin. -->","yoast_head_json":{"title":"Ford Benimar Tesoro 463 - WITO CampRent","robots":{"index":"index","follow":"follow","max-snippet":"max-snippet:-1","max-image-preview":"max-image-preview:large","max-video-preview":"max-video-preview:-1"},"canonical":"https:\/\/witocamprent.pl\/en\/rent\/ford-benimar\/","og_locale":"en_US","og_type":"article","og_title":"Ford Benimar Tesoro 463 - WITO CampRent","og_url":"https:\/\/witocamprent.pl\/en\/rent\/ford-benimar\/","og_site_name":"WITO CampRent","article_modified_time":"2026-01-27T05:26:33+00:00","og_image":[{"width":1920,"height":2560,"url":"https:\/\/witocamprent.pl\/wp-content\/uploads\/2023\/06\/IMG_E1335-scaled.jpg","type":"image\/jpeg"}],"twitter_card":"summary_large_image","twitter_description":"[booking type=8]","twitter_misc":{"Est. reading time":"2 minutes"},"schema":{"@context":"https:\/\/schema.org","@graph":[{"@type":"WebPage","@id":"https:\/\/witocamprent.pl\/rent\/ford-benimar\/","url":"https:\/\/witocamprent.pl\/rent\/ford-benimar\/","name":"Ford Benimar Tesoro 463 - WITO CampRent","isPartOf":{"@id":"https:\/\/witocamprent.pl\/#website"},"primaryImageOfPage":{"@id":"https:\/\/witocamprent.pl\/rent\/ford-benimar\/#primaryimage"},"image":{"@id":"https:\/\/witocamprent.pl\/rent\/ford-benimar\/#primaryimage"},"thumbnailUrl":"https:\/\/witocamprent.pl\/wp-content\/uploads\/2023\/06\/IMG_E1335-scaled.jpg","datePublished":"2023-06-01T18:42:37+00:00","dateModified":"2026-01-27T05:26:33+00:00","breadcrumb":{"@id":"https:\/\/witocamprent.pl\/rent\/ford-benimar\/#breadcrumb"},"inLanguage":"en-US","potentialAction":[{"@type":"ReadAction","target":["https:\/\/witocamprent.pl\/rent\/ford-benimar\/"]}]},{"@type":"ImageObject","inLanguage":"en-US","@id":"https:\/\/witocamprent.pl\/rent\/ford-benimar\/#primaryimage","url":"https:\/\/witocamprent.pl\/wp-content\/uploads\/2023\/06\/IMG_E1335-scaled.jpg","contentUrl":"https:\/\/witocamprent.pl\/wp-content\/uploads\/2023\/06\/IMG_E1335-scaled.jpg","width":1920,"height":2560},{"@type":"BreadcrumbList","@id":"https:\/\/witocamprent.pl\/rent\/ford-benimar\/#breadcrumb","itemListElement":[{"@type":"ListItem","position":1,"name":"Strona g\u0142\u00f3wna","item":"https:\/\/witocamprent.pl\/"},{"@type":"ListItem","position":2,"name":"Sklep","item":"https:\/\/witocamprent.pl\/sklep\/"},{"@type":"ListItem","position":3,"name":"Ford Benimar Tesoro 463"}]},{"@type":"WebSite","@id":"https:\/\/witocamprent.pl\/#website","url":"https:\/\/witocamprent.pl\/","name":"WITO CampRent","description":"Wynajem camper&oacute;w","potentialAction":[{"@type":"SearchAction","target":{"@type":"EntryPoint","urlTemplate":"https:\/\/witocamprent.pl\/?s={search_term_string}"},"query-input":{"@type":"PropertyValueSpecification","valueRequired":true,"valueName":"search_term_string"}}],"inLanguage":"en-US"}]}},"_links":{"self":[{"href":"https:\/\/witocamprent.pl\/en\/wp-json\/wp\/v2\/product\/11713","targetHints":{"allow":["GET"]}}],"collection":[{"href":"https:\/\/witocamprent.pl\/en\/wp-json\/wp\/v2\/product"}],"about":[{"href":"https:\/\/witocamprent.pl\/en\/wp-json\/wp\/v2\/types\/product"}],"wp:featuredmedia":[{"embeddable":true,"href":"https:\/\/witocamprent.pl\/en\/wp-json\/wp\/v2\/media\/11783"}],"wp:attachment":[{"href":"https:\/\/witocamprent.pl\/en\/wp-json\/wp\/v2\/media?parent=11713"}],"wp:term":[{"taxonomy":"product_brand","embeddable":true,"href":"https:\/\/witocamprent.pl\/en\/wp-json\/wp\/v2\/product_brand?post=11713"},{"taxonomy":"product_cat","embeddable":true,"href":"https:\/\/witocamprent.pl\/en\/wp-json\/wp\/v2\/product_cat?post=11713"},{"taxonomy":"product_tag","embeddable":true,"href":"https:\/\/witocamprent.pl\/en\/wp-json\/wp\/v2\/product_tag?post=11713"}],"curies":[{"name":"wp","href":"https:\/\/api.w.org\/{rel}","templated":true}]}}