{"id":14650,"date":"2024-11-03T19:46:01","date_gmt":"2024-11-03T18:46:01","guid":{"rendered":"https:\/\/witocamprent.pl\/?post_type=product&#038;p=14650"},"modified":"2026-01-27T06:25:44","modified_gmt":"2026-01-27T05:25:44","slug":"ford-chausson-777ga-titanium-ultimate","status":"publish","type":"product","link":"https:\/\/witocamprent.pl\/en\/rent\/ford-chausson-777ga-titanium-ultimate\/","title":{"rendered":"Ford Chausson 777GA Titanium"},"content":{"rendered":"<h1><strong>Ford Chausson 777GA Titanium<br \/>\n<\/strong><\/h1>\n<p>Szukasz idealnego kampera, kt\u00f3ry po\u0142\u0105czy luksus z niezale\u017cno\u015bci\u0105? Poznaj <strong>Ford Chausson 777GA Titanium Ultimate<\/strong> \u2013 pojazd stworzony z my\u015bl\u0105 o tych, kt\u00f3rzy pragn\u0105 podr\u00f3\u017cowa\u0107 w pe\u0142nym komforcie i bez kompromis\u00f3w. Z tym modelem ka\u017cda trasa staje si\u0119 przyjemno\u015bci\u0105, a wakacje zaczynaj\u0105 si\u0119 ju\u017c od pierwszych kilometr\u00f3w!<\/p>\n<p>&nbsp;<\/p>\n<h2><strong>Dlaczego warto wybra\u0107 Ford Chausson 777GA Titanium?<\/strong><\/h2>\n<p>Rok produkcji 2024, przestronne wymiary (wysoko\u015b\u0107 2,95 m, d\u0142ugo\u015b\u0107 7,19 m, szeroko\u015b\u0107 2,35 m) oraz automatyczna skrzynia bieg\u00f3w sprawiaj\u0105, \u017ce jazda tym kamperem to czysta przyjemno\u015b\u0107. Moc 170 KM i silnik diesla gwarantuj\u0105 p\u0142ynno\u015b\u0107 i dynamik\u0119 na ka\u017cdej drodze. A z systemami bezpiecze\u0144stwa takimi jak ABS, ESP i ASR mo\u017cesz podr\u00f3\u017cowa\u0107 bez obaw, nawet na d\u0142u\u017cszych trasach.<\/p>\n<p><strong>ZAPRASZAMY DO ZAPOZNANIA SI\u0118 Z OFERT\u0104 WYNAJMU CAMPERA:<\/strong><\/p>\n<p><strong>Model :<\/strong><br \/>\nFord Chausson 777GA Titanium Ultimate 2.0l<\/p>\n<p><strong>Rok Produkcji:<\/strong><br \/>\n2024<\/p>\n<p><strong>Wymiary:<\/strong><br \/>\nWysoko\u015b\u0107: 2,95m<br \/>\nD\u0142ugo\u015b\u0107: 7,19m<br \/>\nSzeroko\u015bc: 2,35m<\/p>\n<p><strong>Dane Techniczne:<\/strong><br \/>\n3500kg<br \/>\n170 HP<br \/>\nDiesel<br \/>\nAutomatyczna Skrzynia Bieg\u00f3w<br \/>\nABS, ESP, ASR<\/p>\n<p><strong>Media:<\/strong><br \/>\nAkumulator<br \/>\nZbiornik wody szarej 100L<br \/>\nZbiornik wody czystej 95L<br \/>\nPanel Fotowoltaiczny<\/p>\n<p>&nbsp;<\/p>\n<h2>Co znajdziesz na pok\u0142adzie Ford Chausson?<\/h2>\n<p>Kamper <strong>Chausson 777<\/strong> to nie tylko luksus, ale tak\u017ce zaawansowana technologia. Dzi\u0119ki panelom fotowoltaicznym, kt\u00f3re dostarczaj\u0105 energi\u0119, mo\u017cesz cieszy\u0107 si\u0119 niezale\u017cno\u015bci\u0105 nawet w miejscach bez dost\u0119pu do pr\u0105du. Zbiorniki na wod\u0119 czyst\u0105\u00a0 i szar\u0105 zapewniaj\u0105 pe\u0142en komfort nawet podczas d\u0142ugich podr\u00f3\u017cy. <strong>Wyposa\u017cenie Dodatkowe:<br \/>\n<\/strong><\/p>\n<ul>\n<li>Webasto \u2013 Ogrzewanie postojowe<\/li>\n<li>Kamera Cofania<\/li>\n<li>Komplet naczy\u0144, sztu\u0107c\u00f3w i akcesori\u00f3w kuchennych<\/li>\n<li>Telewizor + Dekoder<\/li>\n<li>Markiza<\/li>\n<li>Mata pod markiz\u0119<\/li>\n<li>4 szt krzese\u0142<\/li>\n<li>St\u00f3\u0142<\/li>\n<li>Baga\u017cnik na 4 rowery<\/li>\n<li>Butla gazowa<\/li>\n<li>Przy\u0142\u0105cze pr\u0105dowe<\/li>\n<\/ul>\n<p>&nbsp;<\/p>\n<div class=\"flex max-w-full flex-col flex-grow\">\n<div class=\"min-h-[20px] text-message flex w-full flex-col items-end gap-2 whitespace-normal break-words [.text-message+&amp;]:mt-5\" dir=\"auto\" data-message-author-role=\"assistant\" data-message-id=\"81c7e182-6a2c-4499-8d79-14748751f81a\">\n<div class=\"flex w-full flex-col gap-1 empty:hidden first:pt-[3px]\">\n<div class=\"markdown prose w-full break-words dark:prose-invert light\">\n<h2><strong>Wynajmij Chausson 777 na wakacje 2026!<\/strong><\/h2>\n<p>Nie czekaj! <strong>Ford Chausson 777 Titanium<\/strong> to Tw\u00f3j klucz do niezapomnianych wakacji. Wynajmij go ju\u017c teraz i zaplanuj swoje przygody na sezon <strong>Wakacje 2025<\/strong>. Czeka na Ciebie niezawodno\u015b\u0107, komfort i pe\u0142na swoboda!<\/p>\n<h2><strong>Tabela op\u0142at dodatkowych:<\/strong><\/h2>\n<p>Plik dost\u0119pny w formie PDF jest tutaj:<a title=\"\" href=\"https:\/\/witocamprent.pl\/wp-content\/uploads\/2024\/11\/tabela-oplat-dodatkowych.pdf\"><img loading=\"lazy\" decoding=\"async\" class=\"aligncenter wp-image-15465\" src=\"https:\/\/witocamprent.pl\/wp-content\/uploads\/2024\/11\/pdf.png\" alt=\"\" width=\"80\" height=\"80\" srcset=\"https:\/\/witocamprent.pl\/wp-content\/uploads\/2024\/11\/pdf.png 225w, https:\/\/witocamprent.pl\/wp-content\/uploads\/2024\/11\/pdf-150x150.png 150w, https:\/\/witocamprent.pl\/wp-content\/uploads\/2024\/11\/pdf-12x12.png 12w, https:\/\/witocamprent.pl\/wp-content\/uploads\/2024\/11\/pdf-50x50.png 50w, https:\/\/witocamprent.pl\/wp-content\/uploads\/2024\/11\/pdf-100x100.png 100w\" sizes=\"auto, (max-width: 80px) 100vw, 80px\" \/><\/a><\/p>\n<\/div>\n<\/div>\n<\/div>\n<\/div>","protected":false},"excerpt":{"rendered":"[booking type=9]","protected":false},"featured_media":14653,"template":"","meta":[],"product_brand":[],"product_cat":[309],"product_tag":[],"class_list":{"0":"post-14650","1":"product","2":"type-product","3":"status-publish","4":"has-post-thumbnail","6":"product_cat-kampery","8":"first","9":"instock","10":"taxable","11":"shipping-taxable","12":"purchasable","13":"product-type-simple"},"yoast_head":"<!-- This site is optimized with the Yoast SEO plugin v26.8 - https:\/\/yoast.com\/product\/yoast-seo-wordpress\/ -->\n<title>Ford Chausson 777GA Titanium - WITO CampRent<\/title>\n<meta name=\"robots\" content=\"index, follow, max-snippet:-1, max-image-preview:large, max-video-preview:-1\" \/>\n<link rel=\"canonical\" href=\"https:\/\/witocamprent.pl\/en\/rent\/ford-chausson-777ga-titanium-ultimate\/\" \/>\n<meta property=\"og:locale\" content=\"en_US\" \/>\n<meta property=\"og:type\" content=\"article\" \/>\n<meta property=\"og:title\" content=\"Ford Chausson 777GA Titanium - WITO CampRent\" \/>\n<meta property=\"og:url\" content=\"https:\/\/witocamprent.pl\/en\/rent\/ford-chausson-777ga-titanium-ultimate\/\" \/>\n<meta property=\"og:site_name\" content=\"WITO CampRent\" \/>\n<meta property=\"article:modified_time\" content=\"2026-01-27T05:25:44+00:00\" \/>\n<meta property=\"og:image\" content=\"https:\/\/witocamprent.pl\/wp-content\/uploads\/2024\/11\/Zdjecie-WhatsApp-2024-11-03-o-19.34.39_4a80c532.jpg\" \/>\n\t<meta property=\"og:image:width\" content=\"1536\" \/>\n\t<meta property=\"og:image:height\" content=\"2048\" \/>\n\t<meta property=\"og:image:type\" content=\"image\/jpeg\" \/>\n<meta name=\"twitter:card\" content=\"summary_large_image\" \/>\n<meta name=\"twitter:description\" content=\"[booking type=9]\" \/>\n<meta name=\"twitter:label1\" content=\"Est. reading time\" \/>\n\t<meta name=\"twitter:data1\" content=\"3 minutes\" \/>\n<script type=\"application\/ld+json\" class=\"yoast-schema-graph\">{\"@context\":\"https:\/\/schema.org\",\"@graph\":[{\"@type\":\"WebPage\",\"@id\":\"https:\/\/witocamprent.pl\/rent\/ford-chausson-777ga-titanium-ultimate\/\",\"url\":\"https:\/\/witocamprent.pl\/rent\/ford-chausson-777ga-titanium-ultimate\/\",\"name\":\"Ford Chausson 777GA Titanium - WITO CampRent\",\"isPartOf\":{\"@id\":\"https:\/\/witocamprent.pl\/#website\"},\"primaryImageOfPage\":{\"@id\":\"https:\/\/witocamprent.pl\/rent\/ford-chausson-777ga-titanium-ultimate\/#primaryimage\"},\"image\":{\"@id\":\"https:\/\/witocamprent.pl\/rent\/ford-chausson-777ga-titanium-ultimate\/#primaryimage\"},\"thumbnailUrl\":\"https:\/\/witocamprent.pl\/wp-content\/uploads\/2024\/11\/Zdjecie-WhatsApp-2024-11-03-o-19.34.39_4a80c532.jpg\",\"datePublished\":\"2024-11-03T18:46:01+00:00\",\"dateModified\":\"2026-01-27T05:25:44+00:00\",\"breadcrumb\":{\"@id\":\"https:\/\/witocamprent.pl\/rent\/ford-chausson-777ga-titanium-ultimate\/#breadcrumb\"},\"inLanguage\":\"en-US\",\"potentialAction\":[{\"@type\":\"ReadAction\",\"target\":[\"https:\/\/witocamprent.pl\/rent\/ford-chausson-777ga-titanium-ultimate\/\"]}]},{\"@type\":\"ImageObject\",\"inLanguage\":\"en-US\",\"@id\":\"https:\/\/witocamprent.pl\/rent\/ford-chausson-777ga-titanium-ultimate\/#primaryimage\",\"url\":\"https:\/\/witocamprent.pl\/wp-content\/uploads\/2024\/11\/Zdjecie-WhatsApp-2024-11-03-o-19.34.39_4a80c532.jpg\",\"contentUrl\":\"https:\/\/witocamprent.pl\/wp-content\/uploads\/2024\/11\/Zdjecie-WhatsApp-2024-11-03-o-19.34.39_4a80c532.jpg\",\"width\":1536,\"height\":2048},{\"@type\":\"BreadcrumbList\",\"@id\":\"https:\/\/witocamprent.pl\/rent\/ford-chausson-777ga-titanium-ultimate\/#breadcrumb\",\"itemListElement\":[{\"@type\":\"ListItem\",\"position\":1,\"name\":\"Strona g\u0142\u00f3wna\",\"item\":\"https:\/\/witocamprent.pl\/\"},{\"@type\":\"ListItem\",\"position\":2,\"name\":\"Sklep\",\"item\":\"https:\/\/witocamprent.pl\/sklep\/\"},{\"@type\":\"ListItem\",\"position\":3,\"name\":\"Ford Chausson 777GA Titanium\"}]},{\"@type\":\"WebSite\",\"@id\":\"https:\/\/witocamprent.pl\/#website\",\"url\":\"https:\/\/witocamprent.pl\/\",\"name\":\"WITO CampRent\",\"description\":\"Wynajem camper&oacute;w\",\"potentialAction\":[{\"@type\":\"SearchAction\",\"target\":{\"@type\":\"EntryPoint\",\"urlTemplate\":\"https:\/\/witocamprent.pl\/?s={search_term_string}\"},\"query-input\":{\"@type\":\"PropertyValueSpecification\",\"valueRequired\":true,\"valueName\":\"search_term_string\"}}],\"inLanguage\":\"en-US\"}]}<\/script>\n<!-- \/ Yoast SEO plugin. -->","yoast_head_json":{"title":"Ford Chausson 777GA Titanium - WITO CampRent","robots":{"index":"index","follow":"follow","max-snippet":"max-snippet:-1","max-image-preview":"max-image-preview:large","max-video-preview":"max-video-preview:-1"},"canonical":"https:\/\/witocamprent.pl\/en\/rent\/ford-chausson-777ga-titanium-ultimate\/","og_locale":"en_US","og_type":"article","og_title":"Ford Chausson 777GA Titanium - WITO CampRent","og_url":"https:\/\/witocamprent.pl\/en\/rent\/ford-chausson-777ga-titanium-ultimate\/","og_site_name":"WITO CampRent","article_modified_time":"2026-01-27T05:25:44+00:00","og_image":[{"width":1536,"height":2048,"url":"https:\/\/witocamprent.pl\/wp-content\/uploads\/2024\/11\/Zdjecie-WhatsApp-2024-11-03-o-19.34.39_4a80c532.jpg","type":"image\/jpeg"}],"twitter_card":"summary_large_image","twitter_description":"[booking type=9]","twitter_misc":{"Est. reading time":"3 minutes"},"schema":{"@context":"https:\/\/schema.org","@graph":[{"@type":"WebPage","@id":"https:\/\/witocamprent.pl\/rent\/ford-chausson-777ga-titanium-ultimate\/","url":"https:\/\/witocamprent.pl\/rent\/ford-chausson-777ga-titanium-ultimate\/","name":"Ford Chausson 777GA Titanium - WITO CampRent","isPartOf":{"@id":"https:\/\/witocamprent.pl\/#website"},"primaryImageOfPage":{"@id":"https:\/\/witocamprent.pl\/rent\/ford-chausson-777ga-titanium-ultimate\/#primaryimage"},"image":{"@id":"https:\/\/witocamprent.pl\/rent\/ford-chausson-777ga-titanium-ultimate\/#primaryimage"},"thumbnailUrl":"https:\/\/witocamprent.pl\/wp-content\/uploads\/2024\/11\/Zdjecie-WhatsApp-2024-11-03-o-19.34.39_4a80c532.jpg","datePublished":"2024-11-03T18:46:01+00:00","dateModified":"2026-01-27T05:25:44+00:00","breadcrumb":{"@id":"https:\/\/witocamprent.pl\/rent\/ford-chausson-777ga-titanium-ultimate\/#breadcrumb"},"inLanguage":"en-US","potentialAction":[{"@type":"ReadAction","target":["https:\/\/witocamprent.pl\/rent\/ford-chausson-777ga-titanium-ultimate\/"]}]},{"@type":"ImageObject","inLanguage":"en-US","@id":"https:\/\/witocamprent.pl\/rent\/ford-chausson-777ga-titanium-ultimate\/#primaryimage","url":"https:\/\/witocamprent.pl\/wp-content\/uploads\/2024\/11\/Zdjecie-WhatsApp-2024-11-03-o-19.34.39_4a80c532.jpg","contentUrl":"https:\/\/witocamprent.pl\/wp-content\/uploads\/2024\/11\/Zdjecie-WhatsApp-2024-11-03-o-19.34.39_4a80c532.jpg","width":1536,"height":2048},{"@type":"BreadcrumbList","@id":"https:\/\/witocamprent.pl\/rent\/ford-chausson-777ga-titanium-ultimate\/#breadcrumb","itemListElement":[{"@type":"ListItem","position":1,"name":"Strona g\u0142\u00f3wna","item":"https:\/\/witocamprent.pl\/"},{"@type":"ListItem","position":2,"name":"Sklep","item":"https:\/\/witocamprent.pl\/sklep\/"},{"@type":"ListItem","position":3,"name":"Ford Chausson 777GA Titanium"}]},{"@type":"WebSite","@id":"https:\/\/witocamprent.pl\/#website","url":"https:\/\/witocamprent.pl\/","name":"WITO CampRent","description":"Wynajem camper&oacute;w","potentialAction":[{"@type":"SearchAction","target":{"@type":"EntryPoint","urlTemplate":"https:\/\/witocamprent.pl\/?s={search_term_string}"},"query-input":{"@type":"PropertyValueSpecification","valueRequired":true,"valueName":"search_term_string"}}],"inLanguage":"en-US"}]}},"_links":{"self":[{"href":"https:\/\/witocamprent.pl\/en\/wp-json\/wp\/v2\/product\/14650","targetHints":{"allow":["GET"]}}],"collection":[{"href":"https:\/\/witocamprent.pl\/en\/wp-json\/wp\/v2\/product"}],"about":[{"href":"https:\/\/witocamprent.pl\/en\/wp-json\/wp\/v2\/types\/product"}],"wp:featuredmedia":[{"embeddable":true,"href":"https:\/\/witocamprent.pl\/en\/wp-json\/wp\/v2\/media\/14653"}],"wp:attachment":[{"href":"https:\/\/witocamprent.pl\/en\/wp-json\/wp\/v2\/media?parent=14650"}],"wp:term":[{"taxonomy":"product_brand","embeddable":true,"href":"https:\/\/witocamprent.pl\/en\/wp-json\/wp\/v2\/product_brand?post=14650"},{"taxonomy":"product_cat","embeddable":true,"href":"https:\/\/witocamprent.pl\/en\/wp-json\/wp\/v2\/product_cat?post=14650"},{"taxonomy":"product_tag","embeddable":true,"href":"https:\/\/witocamprent.pl\/en\/wp-json\/wp\/v2\/product_tag?post=14650"}],"curies":[{"name":"wp","href":"https:\/\/api.w.org\/{rel}","templated":true}]}}